{"id":9344,"date":"2014-08-11T16:26:48","date_gmt":"2014-08-11T16:26:48","guid":{"rendered":"https:\/\/www.hri-research.org\/homeopathy-faqs\/homeopathy-is-not-science\/"},"modified":"2022-02-17T15:41:29","modified_gmt":"2022-02-17T15:41:29","slug":"homeopati-ar-riktig-vetenskap","status":"publish","type":"page","link":"https:\/\/www.hri-research.org\/sv\/homeopathy-faqs\/homeopati-ar-riktig-vetenskap\/","title":{"rendered":"Homeopati \u00e4r &#8221;riktig vetenskap&#8221;"},"content":{"rendered":"<p>Det finns kritiker som h\u00e4vdar att homeopati bara \u00e4r \u201cpseudovetenskap\u201d och att enbart icke-vetenskapsm\u00e4n \u00e4r intresserade I \u00e4mnet.<\/p>\n<p>Faktum \u00e4r att vetenskapsm\u00e4n fr\u00e5n v\u00e4lansedda universitet, forskningsinstitutioner och sjukhus v\u00e4rlden runt forskar om homeopati med samma forskningstekniker som anv\u00e4nds f\u00f6r att unders\u00f6ka konventionella medicinska behandlingar.<\/p>\n<p>Homeopatisk forskning \u00e4r ett relativt nytt omr\u00e5de men antal artiklar i \u201dpeer reviewed\u201d tidskrifter (vetenskapliga tidskrifter med kollegial granskning) har \u00f6kat markant de senaste 40 \u00e5ren.<\/p>\n<p>Att forskningen inom homeopati \u00e4r mindre \u00e4n inom konventionell medicin \u00e4r ingen \u00f6verraskning n\u00e4r man inser bristen p\u00e5 forskningspengar. I UK anv\u00e4nds t.ex. mindre \u00e4n 0.0085% av den totala budgeten f\u00f6r medicinsk forskning f\u00f6r forskning om komplement\u00e4ra och alternativa mediciner.<sup><a title=\"Lewith G, BMJ 2007\" href=\"http:\/\/www.ncbi.nlm.nih.gov\/pmc\/articles\/PMC2071985\/pdf\/bmj-335-7627-ltr-00951.pdf\">1<\/a><\/sup><\/p>\n<div class=\"highlight-box accent-border\">\n<p><img loading=\"lazy\" decoding=\"async\" class=\"alignnone wp-image-9345\" src=\"https:\/\/www.hri-research.org\/wp-content\/uploads\/2014\/08\/sv-chart5-520x296.png\" alt=\"\" width=\"450\" height=\"256\" srcset=\"https:\/\/www.hri-research.org\/wp-content\/uploads\/2014\/08\/sv-chart5-520x296.png 520w, https:\/\/www.hri-research.org\/wp-content\/uploads\/2014\/08\/sv-chart5-300x171.png 300w, https:\/\/www.hri-research.org\/wp-content\/uploads\/2014\/08\/sv-chart5-768x437.png 768w, https:\/\/www.hri-research.org\/wp-content\/uploads\/2014\/08\/sv-chart5-1024x583.png 1024w, https:\/\/www.hri-research.org\/wp-content\/uploads\/2014\/08\/sv-chart5-98x56.png 98w, https:\/\/www.hri-research.org\/wp-content\/uploads\/2014\/08\/sv-chart5-198x113.png 198w, https:\/\/www.hri-research.org\/wp-content\/uploads\/2014\/08\/sv-chart5-158x90.png 158w, https:\/\/www.hri-research.org\/wp-content\/uploads\/2014\/08\/sv-chart5-160x91.png 160w, https:\/\/www.hri-research.org\/wp-content\/uploads\/2014\/08\/sv-chart5.png 1176w\" sizes=\"auto, (max-width: 450px) 100vw, 450px\" \/><\/p>\n<\/div>\n<h3>International Research Conferences<\/h3>\n<p><span class=\"embed-youtube\" style=\"text-align:center; display: block;\"><iframe loading=\"lazy\" class=\"youtube-player\" width=\"520\" height=\"293\" src=\"https:\/\/www.youtube.com\/embed\/kMjv90O8Nuk?version=3&#038;rel=1&#038;showsearch=0&#038;showinfo=1&#038;iv_load_policy=1&#038;fs=1&#038;hl=sv-SE&#038;autohide=2&#038;wmode=transparent\" allowfullscreen=\"true\" style=\"border:0;\" sandbox=\"allow-scripts allow-same-origin allow-popups allow-presentation allow-popups-to-escape-sandbox\"><\/iframe><\/span><\/p>\n<h4><span class=\"no-underline\"><a href=\"http:\/\/www.hribarcelona2013.org\" target=\"_blank\" rel=\"noopener noreferrer\">Barcelona 2013 &#8211; Cutting Edge Research in Homeopathy<\/a><\/span><\/h4>\n<div class=\"icon-text-listing\">\n<div class=\"icon-text-listing-image\">\n<p><a href=\"http:\/\/www.hribarcelona2013.org\"><img loading=\"lazy\" decoding=\"async\" class=\"alignnone wp-image-745\" src=\"https:\/\/www.hri-research.org\/wp-content\/uploads\/2013\/05\/logo_med.jpg\" alt=\"\" width=\"150\" height=\"135\" srcset=\"https:\/\/www.hri-research.org\/wp-content\/uploads\/2013\/05\/logo_med.jpg 300w, https:\/\/www.hri-research.org\/wp-content\/uploads\/2013\/05\/logo_med-98x88.jpg 98w, https:\/\/www.hri-research.org\/wp-content\/uploads\/2013\/05\/logo_med-198x178.jpg 198w, https:\/\/www.hri-research.org\/wp-content\/uploads\/2013\/05\/logo_med-158x142.jpg 158w\" sizes=\"auto, (max-width: 150px) 100vw, 150px\" \/><\/a><\/p>\n<\/div>\n<div class=\"icon-text-listing-text\">\n<p>Invigningskonferensen for HRI internationella forskningskonferens h\u00f6lls i Barcelona i juni 2013. Programmet inkluderade presentationer fr\u00e5n <strong>5 professorer och 40 doktorer<\/strong> (b\u00e5de l\u00e4kare och akademiker) fr\u00e5n \u00f6ver 20 l\u00e4nder, ang\u00e5ende klinisk, experimentell och veterin\u00e4rforskning. Abstrakter, filmade presentationer och konferensens slutrapport kan ses\u00a0<a href=\"http:\/\/www.hribarcelona2013.org\" target=\"_blank\" rel=\"noopener noreferrer\">h\u00e4r<\/a>.<\/p>\n<\/div>\n<div class=\"clear\"><\/div><\/div>\n<h4><span class=\"no-underline\"><a href=\"http:\/\/www.HRIRome2015.org\" target=\"_blank\" rel=\"noopener noreferrer\">Rome 2015 &#8211; Cutting Edge Research in Homeopathy<\/a><\/span><\/h4>\n<div class=\"icon-text-listing\">\n<div class=\"icon-text-listing-image\">\n<p><a href=\"http:\/\/www.HRIRome2015.org\"><img loading=\"lazy\" decoding=\"async\" class=\"alignnone wp-image-1108\" src=\"https:\/\/www.hri-research.org\/wp-content\/uploads\/2014\/07\/rome_Logo_White.jpg\" alt=\"\" width=\"150\" height=\"209\" srcset=\"https:\/\/www.hri-research.org\/wp-content\/uploads\/2014\/07\/rome_Logo_White.jpg 160w, https:\/\/www.hri-research.org\/wp-content\/uploads\/2014\/07\/rome_Logo_White-98x136.jpg 98w, https:\/\/www.hri-research.org\/wp-content\/uploads\/2014\/07\/rome_Logo_White-158x220.jpg 158w\" sizes=\"auto, (max-width: 150px) 100vw, 150px\" \/><\/a><\/p>\n<\/div>\n<div class=\"icon-text-listing-text\">\nDen andra Internationella HRI Forskningskonferensen h\u00f6lls i Rom 5 -7 juni 2015, p\u00e5 samma tema Spjutspetsforskning. Programmet inneh\u00f6ll presentationer om klinisk, grundl\u00e4ggande och grundforskning med <strong>6 professorer och 28 doktorer<\/strong> (akademiker eller l\u00e4kare) fr\u00e5n 17 l\u00e4nder. Abstrakterna, de filmade presentationerna och konferensrapporten kan ses\u00a0<a href=\"http:\/\/www.hrirome2015.org\" target=\"_blank\" rel=\"noopener noreferrer\">h\u00e4r<\/a>.<\/p>\n<\/div>\n<div class=\"clear\"><\/div><\/div>\n<h4><span class=\"no-underline\"><a href=\"http:\/\/www.hrimalta2017.org\/\" target=\"_blank\" rel=\"noopener noreferrer\">Malta 2017 \u2013 Cutting Edge Research in Homeopathy<\/a><\/span><\/h4>\n<div class=\"icon-text-listing\">\n<div class=\"icon-text-listing-image\">\n<p><a href=\"http:\/\/www.hrimalta2017.org\/\" target=\"_blank\" rel=\"noopener noreferrer\"><img loading=\"lazy\" decoding=\"async\" class=\"alignnone wp-image-7776\" src=\"https:\/\/www.hri-research.org\/wp-content\/uploads\/2016\/12\/HRI-Malta-Secondary-Logo-520x706.jpg\" alt=\"\" width=\"150\" height=\"204\" srcset=\"https:\/\/www.hri-research.org\/wp-content\/uploads\/2016\/12\/HRI-Malta-Secondary-Logo-520x706.jpg 520w, https:\/\/www.hri-research.org\/wp-content\/uploads\/2016\/12\/HRI-Malta-Secondary-Logo-221x300.jpg 221w, https:\/\/www.hri-research.org\/wp-content\/uploads\/2016\/12\/HRI-Malta-Secondary-Logo-98x133.jpg 98w, https:\/\/www.hri-research.org\/wp-content\/uploads\/2016\/12\/HRI-Malta-Secondary-Logo-198x269.jpg 198w, https:\/\/www.hri-research.org\/wp-content\/uploads\/2016\/12\/HRI-Malta-Secondary-Logo-158x214.jpg 158w, https:\/\/www.hri-research.org\/wp-content\/uploads\/2016\/12\/HRI-Malta-Secondary-Logo-160x217.jpg 160w, https:\/\/www.hri-research.org\/wp-content\/uploads\/2016\/12\/HRI-Malta-Secondary-Logo.jpg 726w\" sizes=\"auto, (max-width: 150px) 100vw, 150px\" \/><\/a><\/p>\n<\/div>\n<div class=\"icon-text-listing-text\">\nHRI\u2019s tredje internationella forskningskonferens h\u00f6lls p\u00e5 Malta den 9-11 juni 2017.<br \/>\nProgrammet omfattade presentationer av 4 professorer och 31 doktorer (doktorander eller l\u00e4kare), fr\u00e5n 18 l\u00e4nder. Genom att utveckla det p\u00e5g\u00e5ende temat \u201dCutting Edge Research in Homeopathy\u201d skapade man ett m\u00e5ngsidigt program som t\u00e4ckte olika delomr\u00e5den inom homeopatiforskningen, inklusive klinisk forskning \u2013 kvantitativ och kvalitativ grundforskning, in vitro forskning, patogeniska pr\u00f6vningar och vetrin\u00e4rforskning. Abstrakt, filmade presentationer och konferensrapporten kan ses\u00a0<a href=\"http:\/\/www.hrimalta2017.org\" target=\"_blank\" rel=\"noopener noreferrer\">h\u00e4r<\/a>.<\/p>\n<\/div>\n<div class=\"icon-text-listing\"><div class=\"clear\"><\/div><\/div><div class=\"icon-text-listing-image\">\n<p><img loading=\"lazy\" decoding=\"async\" class=\"alignnone size-right_sidebar_thumb wp-image-9632\" src=\"https:\/\/www.hri-research.org\/wp-content\/uploads\/2018\/04\/HRI_LONDON_LOGO-160x204.jpg\" alt=\"\" width=\"160\" height=\"204\" srcset=\"https:\/\/www.hri-research.org\/wp-content\/uploads\/2018\/04\/HRI_LONDON_LOGO-160x204.jpg 160w, https:\/\/www.hri-research.org\/wp-content\/uploads\/2018\/04\/HRI_LONDON_LOGO-235x300.jpg 235w, https:\/\/www.hri-research.org\/wp-content\/uploads\/2018\/04\/HRI_LONDON_LOGO-98x125.jpg 98w, https:\/\/www.hri-research.org\/wp-content\/uploads\/2018\/04\/HRI_LONDON_LOGO-198x253.jpg 198w, https:\/\/www.hri-research.org\/wp-content\/uploads\/2018\/04\/HRI_LONDON_LOGO-158x202.jpg 158w, https:\/\/www.hri-research.org\/wp-content\/uploads\/2018\/04\/HRI_LONDON_LOGO.jpg 500w\" sizes=\"auto, (max-width: 160px) 100vw, 160px\" \/><\/p>\n<\/div>\n<div class=\"icon-text-listing-text\"><\/div>HRI\u2019s fj\u00e4rde internationella forskningskonferens h\u00f6lls p\u00e5 London den 14-16 juni 2019. Abstrakt, filmade presentationer och konferensrapporten kan ses <a href=\"http:\/\/www.hrilondon2019.org\" target=\"_blank\" rel=\"noopener noreferrer\">h\u00e4r<\/a>.<\/p>\n<div class=\"clear\"><\/div><\/div>\n<h3><strong>P\u00e5 vilket s\u00e4tt d\u00e5 \u00e4r homeopati \u201covetenskaplig\u201d?<\/strong><\/h3>\n<p>H\u00f6gkvalificerade forskare p\u00e5 respekterade institutioner forts\u00e4tter att bedriva h\u00f6gkvalitativt grundl\u00e4ggande forskning, klinisk forskning och veterin\u00e4rsforskning kring homeopati, och rapporterar sina resultat i granskade vetenskaplig litteratur. D\u00e4rf\u00f6r \u00e4r anledningen till resonemanget att det \u00e4r \u2019pseudovetenskap\u2019 att vi inte vet <em>hur<\/em> homeopati fungerar.<\/p>\n<p><a href=\"#\" class=\"expand-content button accent-bg\" id=\"69f4dfbf94e3c\"><span class=\"expand-content-more\">Referenser<\/span><span class=\"expand-content-less\">Mindre<\/span><\/a><\/p><div class=\"collapse-content\" id=\"panel-69f4dfbf94e3c\">\n<ol>\n<li>Lewith GT.Funding for CAM. <em>BMJ<\/em>., 2007;\u00a0<strong>335<\/strong>(7627):951. | <a title=\"Lewith G. BMJ 2007\" href=\"https:\/\/www.ncbi.nlm.nih.gov\/pmc\/articles\/PMC2071985\/pdf\/bmj-335-7627-ltr-00951.pdf\">Link<\/a><\/li>\n<\/ol>\n<\/div><!-- sv -->\n<p><a href=\"https:\/\/www.hri-research.org\/sv\/resources\/homeopathy-faqs\/\">Tillbaka till Homeopati FAQ<\/a><\/p>\n","protected":false},"excerpt":{"rendered":"<p>Det finns kritiker som h\u00e4vdar att homeopati bara \u00e4r \u201cpseudovetenskap\u201d och att enbart icke-vetenskapsm\u00e4n \u00e4r intresserade I \u00e4mnet. Faktum \u00e4r att vetenskapsm\u00e4n fr\u00e5n v\u00e4lansedda universitet, forskningsinstitutioner och sjukhus v\u00e4rlden runt forskar om homeopati med samma forskningstekniker som anv\u00e4nds f\u00f6r att unders\u00f6ka konventionella medicinska behandlingar. Homeopatisk forskning \u00e4r ett relativt nytt omr\u00e5de men antal artiklar i [&hellip;]<\/p>\n","protected":false},"author":1,"featured_media":0,"parent":9313,"menu_order":14,"comment_status":"closed","ping_status":"closed","template":"page-translated-faq.php","meta":{"footnotes":""},"class_list":["post-9344","page","type-page","status-publish","hentry"],"jetpack_sharing_enabled":true,"_links":{"self":[{"href":"https:\/\/www.hri-research.org\/sv\/wp-json\/wp\/v2\/pages\/9344","targetHints":{"allow":["GET"]}}],"collection":[{"href":"https:\/\/www.hri-research.org\/sv\/wp-json\/wp\/v2\/pages"}],"about":[{"href":"https:\/\/www.hri-research.org\/sv\/wp-json\/wp\/v2\/types\/page"}],"author":[{"embeddable":true,"href":"https:\/\/www.hri-research.org\/sv\/wp-json\/wp\/v2\/users\/1"}],"replies":[{"embeddable":true,"href":"https:\/\/www.hri-research.org\/sv\/wp-json\/wp\/v2\/comments?post=9344"}],"version-history":[{"count":0,"href":"https:\/\/www.hri-research.org\/sv\/wp-json\/wp\/v2\/pages\/9344\/revisions"}],"up":[{"embeddable":true,"href":"https:\/\/www.hri-research.org\/sv\/wp-json\/wp\/v2\/pages\/9313"}],"wp:attachment":[{"href":"https:\/\/www.hri-research.org\/sv\/wp-json\/wp\/v2\/media?parent=9344"}],"curies":[{"name":"wp","href":"https:\/\/api.w.org\/{rel}","templated":true}]}}