{"id":9342,"date":"2014-09-24T09:41:58","date_gmt":"2014-09-24T09:41:58","guid":{"rendered":"https:\/\/www.hri-research.org\/homeopathy-faqs\/conventional-medicine-is-proven-homeopathy-isnt\/"},"modified":"2022-02-17T15:39:58","modified_gmt":"2022-02-17T15:39:58","slug":"evidensbaserad-medicin","status":"publish","type":"page","link":"https:\/\/www.hri-research.org\/sv\/homeopathy-faqs\/evidensbaserad-medicin\/","title":{"rendered":"\u00c4r b\u00e5de skolmedicin och homeopati evidensbaserade?"},"content":{"rendered":"<p>Vare sig vi diskuterar konventionell eller homeopatisk medicin, \u00e4r forskning mycket mer en gr\u00e5zon \u00e4n vad vi skulle \u00f6nska.<\/p>\n<p><em>En analys av British Medical Journal (BMJ) Klinisk Evidens<\/em><a href=\"http:\/\/www.ncbi.nlm.nih.gov\/pubmed\/17991940\"><sup>1<\/sup><\/a> visar att endast <strong>11% av de 3000 vanligaste anv\u00e4nda behandlingar i brittiska sjukv\u00e5rden (NHS) \u00e4r k\u00e4nda att vara v\u00e4lg\u00f6rande.<\/strong><\/p>\n<p>&nbsp;<\/p>\n<p><img loading=\"lazy\" decoding=\"async\" class=\"alignnone size-page_width_image wp-image-9401\" src=\"https:\/\/www.hri-research.org\/wp-content\/uploads\/2017\/12\/sv-chart3-3-520x373.png\" alt=\"\" width=\"520\" height=\"373\" srcset=\"https:\/\/www.hri-research.org\/wp-content\/uploads\/2017\/12\/sv-chart3-3-520x373.png 520w, https:\/\/www.hri-research.org\/wp-content\/uploads\/2017\/12\/sv-chart3-3-300x215.png 300w, https:\/\/www.hri-research.org\/wp-content\/uploads\/2017\/12\/sv-chart3-3-768x550.png 768w, https:\/\/www.hri-research.org\/wp-content\/uploads\/2017\/12\/sv-chart3-3-1024x734.png 1024w, https:\/\/www.hri-research.org\/wp-content\/uploads\/2017\/12\/sv-chart3-3-98x70.png 98w, https:\/\/www.hri-research.org\/wp-content\/uploads\/2017\/12\/sv-chart3-3-198x142.png 198w, https:\/\/www.hri-research.org\/wp-content\/uploads\/2017\/12\/sv-chart3-3-158x113.png 158w, https:\/\/www.hri-research.org\/wp-content\/uploads\/2017\/12\/sv-chart3-3-160x115.png 160w, https:\/\/www.hri-research.org\/wp-content\/uploads\/2017\/12\/sv-chart3-3.png 1239w\" sizes=\"auto, (max-width: 520px) 100vw, 520px\" \/><\/p>\n<p>M\u00e4ngden av forskning som utf\u00f6rs inom konventionell medicin \u00e4r stor j\u00e4mf\u00f6rt med det relativt nya omr\u00e5det av homeopatisk forskning, men n\u00e4r man ser till den slutliga evidensbalansen \u2013 <a href=\"https:\/\/www.hri-research.org\/sv\/homeopathy-faqs\/there-is-no-scientific-evidence-homeopathy-works\/\">procenten av studier som \u00e4r positiva, negativa eller ofullst\u00e4ndiga<\/a> \u2013 \u00e4r de anm\u00e4rkningsv\u00e4rt lika mellan de tv\u00e5 disciplinerna.<\/p>\n<p>Forskningen m\u00e5ste forts\u00e4tta inom alla omr\u00e5den f\u00f6r att hj\u00e4lpa beslutsfattare, patienter, kliniker att fatta b\u00e4sta m\u00f6jliga beslut, men i nul\u00e4get kan inte m\u00e5nga beslut grundas p\u00e5 vetenskaplig evidens, eftersom datam\u00e4ngden helt enkelt \u00e4r otillr\u00e4cklig.<\/p>\n<p><a href=\"#\" class=\"expand-content button accent-bg\" id=\"69de954c2f8ff\"><span class=\"expand-content-more\">Referenser<\/span><span class=\"expand-content-less\">Mindre<\/span><\/a><\/p><div class=\"collapse-content\" id=\"panel-69de954c2f8ff\">\n<ol>\n<li>Garrow\u00a0J S. What to do about CAM? How much of orthodox medicine is evidence based?\u00a0<em>BMJ,<\/em>\u00a02007;\u00a0<strong>335<\/strong>: 951 | <a href=\"http:\/\/www.ncbi.nlm.nih.gov\/pubmed\/17991940\">PubMed<\/a><\/li>\n<\/ol>\n<\/div><!-- sv -->\n<h3><\/h3>\n<p><a href=\"https:\/\/www.hri-research.org\/sv\/resources\/homeopathy-faqs\/\">Tillbaka till Homeopati FAQ<\/a><\/p>\n<p>&nbsp;<\/p>\n","protected":false},"excerpt":{"rendered":"<p>Vare sig vi diskuterar konventionell eller homeopatisk medicin, \u00e4r forskning mycket mer en gr\u00e5zon \u00e4n vad vi skulle \u00f6nska. En analys av British Medical Journal (BMJ) Klinisk Evidens1 visar att endast 11% av de 3000 vanligaste anv\u00e4nda behandlingar i brittiska sjukv\u00e5rden (NHS) \u00e4r k\u00e4nda att vara v\u00e4lg\u00f6rande. &nbsp; M\u00e4ngden av forskning som utf\u00f6rs inom konventionell [&hellip;]<\/p>\n","protected":false},"author":4,"featured_media":0,"parent":9313,"menu_order":13,"comment_status":"closed","ping_status":"closed","template":"page-translated-faq.php","meta":{"footnotes":""},"class_list":["post-9342","page","type-page","status-publish","hentry"],"jetpack_sharing_enabled":true,"_links":{"self":[{"href":"https:\/\/www.hri-research.org\/sv\/wp-json\/wp\/v2\/pages\/9342","targetHints":{"allow":["GET"]}}],"collection":[{"href":"https:\/\/www.hri-research.org\/sv\/wp-json\/wp\/v2\/pages"}],"about":[{"href":"https:\/\/www.hri-research.org\/sv\/wp-json\/wp\/v2\/types\/page"}],"author":[{"embeddable":true,"href":"https:\/\/www.hri-research.org\/sv\/wp-json\/wp\/v2\/users\/4"}],"replies":[{"embeddable":true,"href":"https:\/\/www.hri-research.org\/sv\/wp-json\/wp\/v2\/comments?post=9342"}],"version-history":[{"count":0,"href":"https:\/\/www.hri-research.org\/sv\/wp-json\/wp\/v2\/pages\/9342\/revisions"}],"up":[{"embeddable":true,"href":"https:\/\/www.hri-research.org\/sv\/wp-json\/wp\/v2\/pages\/9313"}],"wp:attachment":[{"href":"https:\/\/www.hri-research.org\/sv\/wp-json\/wp\/v2\/media?parent=9342"}],"curies":[{"name":"wp","href":"https:\/\/api.w.org\/{rel}","templated":true}]}}