{"id":9340,"date":"2014-09-25T14:18:39","date_gmt":"2014-09-25T14:18:39","guid":{"rendered":"https:\/\/www.hri-research.org\/homeopathy-faqs\/homeopathy-shouldnt-be-used-because-you-cant-explain-how-it-works\/"},"modified":"2022-02-17T15:38:50","modified_gmt":"2022-02-17T15:38:50","slug":"att-forsta-hur-det-fungerar","status":"publish","type":"page","link":"https:\/\/www.hri-research.org\/sv\/homeopathy-faqs\/att-forsta-hur-det-fungerar\/","title":{"rendered":"Kan man anv\u00e4nda homeopatiska l\u00e4kemedel utan att veta hur de fungerar?"},"content":{"rendered":"<p><strong>Att k\u00e4nna till hur en medicin fungerar har aldrig tidigare varit en n\u00f6dv\u00e4ndig f\u00f6ruts\u00e4ttning f\u00f6r dess anv\u00e4ndning. Aspirin (acetylsalicylsyra) \u00e4r en av de mest anv\u00e4nda medicinerna i v\u00e4rlden,<\/strong><a title=\"Norn S. et al. [From willow bark to acetylsalicylic acid].[Article in Danish]. Dan Medicinhist Arbog. 2009;37:79-98\" href=\"http:\/\/www.ncbi.nlm.nih.gov\/pubmed\/20509453\" target=\"_blank\" rel=\"noopener noreferrer\"><sup>1<\/sup><\/a> <strong>\u00e4nd\u00e5 anv\u00e4ndes den i \u00f6ver 70 \u00e5r innan man 1971 kunde f\u00f6rklara hur det fungerade.<\/strong><a title=\"Bottling RM. Vane's discovery of the mechanism of action of aspirin changed our understanding of its clinical pharmacology. Pharmacol Rep. 2010; 62(3):518-25\" href=\"http:\/\/www.ncbi.nlm.nih.gov\/pubmed\/20631416\" target=\"_blank\" rel=\"noopener noreferrer\"><sup>2<\/sup><\/a>\u00a0 Det forskas fortfarande p\u00e5 Aspirin d\u00e5 den har ett stort antal biologiska effekter som \u00e4nnu inte till fullo kan f\u00f6rklaras.<\/p>\n<p><a href=\"https:\/\/www.hri-research.org\/wp-content\/uploads\/2015\/12\/Aspirin_shutterstock_244918909-e1450361898894.jpg\"><img loading=\"lazy\" decoding=\"async\" class=\"aligncenter size-page_width_image wp-image-4864\" src=\"https:\/\/www.hri-research.org\/wp-content\/uploads\/2015\/12\/Aspirin_shutterstock_244918909-520x347.jpg\" alt=\"Aspirin_shutterstock_244918909\" width=\"520\" height=\"347\" \/><\/a><a href=\"https:\/\/www.hri-research.org\/wp-content\/uploads\/2015\/12\/stock-photo-aspirin-pill-in-a-pure-blue-water-surrounded-with-air-bubbles-241436584.jpg\"><br \/>\n<\/a>Variationer av acetylsalicylsyra har anv\u00e4nts f\u00f6r att behandla sm\u00e4rta och feber sedan urminnes tider, med i b\u00f6rjan preparat gjorda fr\u00e5n dess biologiska k\u00e4llor \u2013 l\u00f6v och bark fr\u00e5n pil eller poppeltr\u00e4d.<a title=\"Norn S. et al. [From willow bark to acetylsalicylic acid].[Article in Danish]. Dan Medicinhist Arbog. 2009;37:79-98\" href=\"http:\/\/www.ncbi.nlm.nih.gov\/pubmed\/20509453\" target=\"_blank\" rel=\"noopener noreferrer\"><sup>1<\/sup><\/a><\/p>\n<p>1899 godk\u00e4ndes den syntetiska formen av den aktiva ingrediensen och \u201dAspirin\u201d som vi idag k\u00e4nner den lanserades.<\/p>\n<p>P\u00e5 samma s\u00e4tt har homeopatin en l\u00e5ng historia av traditionell anv\u00e4ndning. Det har lett till v\u00e5r kliniska kunskap av <em>vad <\/em>homeopatisk medicin kan g\u00f6ra innan vi har full f\u00f6rst\u00e5else <em>p\u00e5 vilket s\u00e4tt<\/em> dessa mediciner kan ha en biologisk effekt.<\/p>\n<p>Att hitta mekanismen bakom hur homeopatiska mediciner fungerar kommer att vara fascinerande och m\u00e5nga team runt om i v\u00e4rlden utf\u00f6r\u00a0<a href=\"https:\/\/www.hri-research.org\/resources\/homeopathy-the-debate\/essentialevidence\/experimental-research\/\">fundamental och grundl\u00e4ggande forskning<\/a> f\u00f6r att unders\u00f6ka denna viktiga fr\u00e5ga.<\/p>\n<p><span style=\"line-height: 1.5em;\"><p><a href=\"#\" class=\"expand-content button accent-bg\" id=\"69e0a5864c4bb\"><span class=\"expand-content-more\">Referenser<\/span><span class=\"expand-content-less\">Mindre<\/span><\/a><\/p><div class=\"collapse-content\" id=\"panel-69e0a5864c4bb\"><\/span><\/p>\n<p><span style=\"line-height: 1.5em;\">1. Norn S. et al. [From willow bark to acetylsalicylic acid].[Article in Danish]. <em>Dan Medicinhist Arbog<\/em>., 2009;<strong>37<\/strong>:79-98 |\u00a0<\/span><a href=\"http:\/\/www.ncbi.nlm.nih.gov\/pubmed\/20509453\" target=\"_blank\" rel=\"noopener noreferrer\">Abstract<\/a><\/p>\n<p>2. Bottling RM. Vane&#8217;s discovery of the mechanism of action of aspirin changed our understanding of its clinical pharmacology. <em>Pharmacol Rep.,<\/em> 2010; <strong>62<\/strong>(3):518-25 | <a href=\"http:\/\/www.ncbi.nlm.nih.gov\/pubmed\/20631416\" target=\"_blank\" rel=\"noopener noreferrer\">Abstract<\/a>\u00a0|\u00a0<a href=\"http:\/\/www.if-pan.krakow.pl\/pjp\/pdf\/2010\/3_518.pdf\" target=\"_blank\" rel=\"noopener noreferrer\">Full text<\/a><\/p>\n<\/div><!-- sv --><\/p>\n<p><a href=\"https:\/\/www.hri-research.org\/sv\/resources\/homeopathy-faqs\/\">Tillbaka till Homeopati FAQ<\/a><\/p>\n","protected":false},"excerpt":{"rendered":"<p>Att k\u00e4nna till hur en medicin fungerar har aldrig tidigare varit en n\u00f6dv\u00e4ndig f\u00f6ruts\u00e4ttning f\u00f6r dess anv\u00e4ndning. Aspirin (acetylsalicylsyra) \u00e4r en av de mest anv\u00e4nda medicinerna i v\u00e4rlden,1 \u00e4nd\u00e5 anv\u00e4ndes den i \u00f6ver 70 \u00e5r innan man 1971 kunde f\u00f6rklara hur det fungerade.2\u00a0 Det forskas fortfarande p\u00e5 Aspirin d\u00e5 den har ett stort antal biologiska [&hellip;]<\/p>\n","protected":false},"author":2,"featured_media":0,"parent":9313,"menu_order":12,"comment_status":"closed","ping_status":"closed","template":"page-translated-faq.php","meta":{"footnotes":""},"class_list":["post-9340","page","type-page","status-publish","hentry"],"jetpack_sharing_enabled":true,"_links":{"self":[{"href":"https:\/\/www.hri-research.org\/sv\/wp-json\/wp\/v2\/pages\/9340","targetHints":{"allow":["GET"]}}],"collection":[{"href":"https:\/\/www.hri-research.org\/sv\/wp-json\/wp\/v2\/pages"}],"about":[{"href":"https:\/\/www.hri-research.org\/sv\/wp-json\/wp\/v2\/types\/page"}],"author":[{"embeddable":true,"href":"https:\/\/www.hri-research.org\/sv\/wp-json\/wp\/v2\/users\/2"}],"replies":[{"embeddable":true,"href":"https:\/\/www.hri-research.org\/sv\/wp-json\/wp\/v2\/comments?post=9340"}],"version-history":[{"count":0,"href":"https:\/\/www.hri-research.org\/sv\/wp-json\/wp\/v2\/pages\/9340\/revisions"}],"up":[{"embeddable":true,"href":"https:\/\/www.hri-research.org\/sv\/wp-json\/wp\/v2\/pages\/9313"}],"wp:attachment":[{"href":"https:\/\/www.hri-research.org\/sv\/wp-json\/wp\/v2\/media?parent=9340"}],"curies":[{"name":"wp","href":"https:\/\/api.w.org\/{rel}","templated":true}]}}