{"id":9331,"date":"2014-07-25T16:15:35","date_gmt":"2014-07-25T16:15:35","guid":{"rendered":"https:\/\/www.hri-research.org\/homeopathy-faqs\/if-you-tested-homeopathy-against-conventional-medicine-youd-see-it-doesnt-work\/"},"modified":"2022-02-17T15:35:50","modified_gmt":"2022-02-17T15:35:50","slug":"homeopati-jamfort-med-skolmedicin","status":"publish","type":"page","link":"https:\/\/www.hri-research.org\/sv\/homeopathy-faqs\/homeopati-jamfort-med-skolmedicin\/","title":{"rendered":"\u00c4r kvaliteten p\u00e5 homeopatiforskningen tillr\u00e4ckligt h\u00f6g f\u00f6r lita p\u00e5?"},"content":{"rendered":"<p><strong>Studier som j\u00e4mf\u00f6rt effektiviteten av homeopati och konventionell medicin har visat att homeopati kan producera likv\u00e4rdiga resultat om inte b\u00e4ttre.<\/strong><\/p>\n<h3><span class=\"accent\">Individualiserad homeopatisk behandling<\/span><\/h3>\n<p><strong><a href=\"http:\/\/www.plosone.org\/article\/fetchObject.action?uri=info%3Adoi%2F10.1371%2Fjournal.pone.0118440&amp;representation=PDF\" target=\"_blank\" rel=\"noopener\">Depression<\/a><\/strong><br \/>\nEn nyligen publicerad randomiserad placebo-kontrollerad studie utv\u00e4rderade effektiviteten av individualiserad homeopatisk behandling, och effektiviteten av Fluoxetine (\u00e4ven kallad Prozac), f\u00f6r medel- och sv\u00e5ra depressioner hos kvinnor i menopaus.<sup><a href=\"http:\/\/www.plosone.org\/article\/fetchObject.action?uri=info%3Adoi%2F10.1371%2Fjournal.pone.0118440&amp;representation=PDF\" target=\"_blank\" rel=\"noopener\">1<\/a><\/sup><\/p>\n<p class=\"no-margin\">B\u00e5da behandlingarna visade sig vara s\u00e4kra och ha en effekt som skilde sig signifikant fr\u00e5n placebo. Homeopati gav st\u00f6rre klinisk f\u00f6rb\u00e4ttring g\u00e4llande depressionssymtom \u00e4n fluoxetine och f\u00f6rb\u00e4ttrade \u00e4ven patienternas klimakteriella symtom, till skillnad fr\u00e5n fluoxetine.<p><a href=\"#\" class=\"expand-content\" id=\"69f76b2160274\"><span class=\"expand-content-more\">Mer<\/span><span class=\"expand-content-less\">Mindre<\/span><\/a><\/p><div class=\"collapse-content\" id=\"panel-69f76b2160274\"><br \/>\nDenna studie, som utf\u00f6rdes p\u00e5 ett offentligt forskarsjukhus i Mexiko City, involverade 133 kvinnor. Ut\u00f6ver att j\u00e4mf\u00f6ra homeopati mot placebo, j\u00e4mf\u00f6rde de \u00e4ven fluoxetine (\u00e4ven kallat Prozac) mot placebo.<\/p>\n<p class=\"no-margin\">Enligt\u00a0<a href=\"https:\/\/www.nice.org.uk\/\" target=\"_blank\" rel=\"noopener\">NICE<\/a> kan en antidepressiv medicin definieras att \u201dge signifikant klinisk f\u00f6rb\u00e4ttring\u201d om den medf\u00f6r f\u00f6rb\u00e4ttring i \u201dHamilton Rating Scale for Depression) med 3 po\u00e4ng mer \u00e4n placebon som medicinen testas mot.<sup><a href=\"http:\/\/journals.plos.org\/plosmedicine\/article?id=10.1371\/journal.pmed.0050045\" target=\"_blank\" rel=\"noopener\">2<\/a><\/sup><\/p>\n<p class=\"no-margin\">Denna mexikanska studie visade efter en sex veckor l\u00e5ng behandling, att homeopati var mer effektivt \u00e4n placebo med <strong>5 po\u00e4ng<\/strong> p\u00e5 Hamiltonskalan; Fluoxetine var mer effektivt \u00e4n placebo med <strong>3,2 po\u00e4ng<\/strong>.<\/p>\n<p class=\"no-margin\">Observera att analys av data som tidigare l\u00e4mnats in till FDA fann att SSRI antidepressiva l\u00e4kemedel inte har b\u00e4ttre effekt \u00e4n placebo f\u00f6r <strong>milda till medelsv\u00e5ra<\/strong> depressioner, men har en st\u00f6rre effekt \u00e4n placebo f\u00f6r sv\u00e5rt deprimerade patienter.<sup><a href=\"http:\/\/journals.plos.org\/plosmedicine\/article?id=10.1371\/journal.pmed.0050045\" target=\"_blank\" rel=\"noopener\">2<\/a><\/sup> <\/div><!-- sv --><\/p>\n<p class=\"no-margin\"><strong><a href=\"http:\/\/www.ncbi.nlm.nih.gov\/pubmed\/22226309\" target=\"_blank\" rel=\"noopener\">\u00d6roninflammationer hos barn<\/a><\/strong><span class=\"accent\"><a href=\"http:\/\/www.ncbi.nlm.nih.gov\/pubmed\/22226309\" target=\"_blank\" rel=\"noopener\"><br \/>\n<\/a><\/span>En pragmatiskt randomiserad kontrollerad studie i Indien med 81 barn med \u00f6roninflammationer (akut otitis media) fann att individualiserad homeopatisk behandling var lika effektivt som konventionell behandling, som analgetika, antipyretika, antiinflammatoriska mediciner och antibiotika, tagna efter behov.<sup><a href=\"http:\/\/www.ncbi.nlm.nih.gov\/pubmed\/22226309\" target=\"_blank\" rel=\"noopener\">3<br \/>\n<\/a><\/sup><p><a href=\"#\" class=\"expand-content\" id=\"69f76b2160296\"><span class=\"expand-content-more\">Mer<\/span><span class=\"expand-content-less\">Mindre<\/span><\/a><\/p><div class=\"collapse-content\" id=\"panel-69f76b2160296\"> Denna randomiserade kontrollerade pilotstudie j\u00e4mf\u00f6rde individualiserad homeopati (anv\u00e4ndande LM potenser) med konventionell v\u00e5rd. Patienterna i b\u00e5da grupperna d\u00e4r ingen f\u00f6rb\u00e4ttring skett efter 3 dagar fick antibiotika f\u00f6rskrivet. Resultatet utv\u00e4rderades med hj\u00e4lp av Acute Otitis Media-Severity of Symptoms (AOM-SOS) skalan och examination av trumhinnan efter 21 dagar.<\/p>\n<p class=\"no-margin\">Resultatet f\u00f6r 80 av patienterna analyserades: 40 konventionella och 40 homeopatiska. I den konventionella gruppen tillfrisknade alla 40 (100%), i den homeopatiska gruppen tillfrisknade 38 (95%), med 2 patienter bortfallna ur de senare uppf\u00f6ljningarna. Efter den tredje dagen, var en patient tillfrisknad i den konventionella gruppen j\u00e4mf\u00f6rt med 4 i den homeopatiska gruppen. I den konventionella gruppen f\u00f6rskrevs antibiotika till 39 (97,5%); ingen antibiotika beh\u00f6vdes i den homeopatiska gruppen.<\/p>\n<p>\u00c4ven om den homeopatiska behandlingen var individualiserad utifr\u00e5n ett stort antal homeopatmedel, f\u00f6rskrevs 85% av patienterna bara en av sex olika homeopatiska mediciner.<\/p>\n<p>D\u00e5 det finns ett globalt behov av att reducera anv\u00e4ndandet av antibiotika, skulle HRI g\u00e4rna se denna studie upprepad i andra l\u00e4nder samt p\u00e5 en st\u00f6rre skala, f\u00f6r att se om liknande resultat kan uppn\u00e5s igen. Om s\u00e5 \u00e4r fallet kan individualiserad homeopatisk behandling utg\u00f6ra ett alternativ till antibiotika vid \u00f6roninflammationer hos barn.<\/div><!-- sv --><\/p>\n<p><strong><a href=\"http:\/\/www.biomedcentral.com\/1472-6882\/7\/7\" target=\"_blank\" rel=\"noopener\">\u00d6vre luftv\u00e4gsinfektioner<\/a><\/strong>\u00a0En multicentrerad internationell studie visade att homeopatisk behandling i prim\u00e4rv\u00e5rden inte var underl\u00e4gsen en konventionell behandling g\u00e4llande akuta \u00f6vre luftv\u00e4gsinfektioner och \u00f6ronbesv\u00e4r.<a href=\"http:\/\/www.biomedcentral.com\/1472-6882\/7\/7\" target=\"_blank\" rel=\"noopener\"><sup>4<\/sup><\/a> Studien utv\u00e4rderade 1577 patienter som mottagit antingen homeopatisk eller konventionell behandling p\u00e5 totalt 57 prim\u00e4rv\u00e5rdspraktiker i 8 olika l\u00e4nder (\u00d6sterrike, Tyskland, Nederl\u00e4nderna, Ryssland, Spanien, Ukraina, Storbritannien och USA).<\/p>\n<h3><span class=\"accent\">Icke-individualiserade homeopatiska l\u00e4kemedel<\/span><\/h3>\n<p><strong><a href=\"http:\/\/www.biopathica.co.uk\/Articles\/Dizziness\/19%20-%20Vertigo%20Treatment%20with%20a%20Homeopathic%20Complex%20Remedy.pdf\" target=\"_blank\" rel=\"noopener\">Yrsel<\/a><\/strong> Fyra kliniska studier(2 RCTs and 2 observationsstudier) j\u00e4mf\u00f6rde den homeopatmedlet \u201dVertigoheel\u201d med andra existerande behandlingar f\u00f6r yrsel. En metaanalys av de fyra studierna hittade att Vertigoheel inte var underl\u00e4gset betahistine eller dimenhydrinate, m\u00e4tt med antalet episoder av h\u00f6jdr\u00e4dsla, duration och intensitet.<sup><a href=\"http:\/\/www.biopathica.co.uk\/Articles\/Dizziness\/19%20-%20Vertigo%20Treatment%20with%20a%20Homeopathic%20Complex%20Remedy.pdf\" target=\"_blank\" rel=\"noopener\">5<\/a><\/sup><\/p>\n<h3><span class=\"accent\">Observationer hos patienter med multipla diagnoser<\/span><\/h3>\n<p class=\"no-margin\"><strong><a href=\"http:\/\/www.ncbi.nlm.nih.gov\/pubmed\/16036164\" target=\"_blank\" rel=\"noopener\">Kroniska tillst\u00e5nd i allm\u00e4n v\u00e5rd<\/a><\/strong><br \/>\nEn studie i Tyskland med 493 patienter behandlade av allm\u00e4nl\u00e4kare f\u00f6r kroniska tillst\u00e5nd visade att homeopati gav b\u00e4ttre kliniska resultat j\u00e4mf\u00f6rt med konventionell medicin, till liknande kostnad.<sup><a href=\"http:\/\/www.ncbi.nlm.nih.gov\/pubmed\/16036164\" target=\"_blank\" rel=\"noopener\">6<br \/>\n<\/a><\/sup><p><a href=\"#\" class=\"expand-content\" id=\"69f76b21602c7\"><span class=\"expand-content-more\">Mer<\/span><span class=\"expand-content-less\">Mindre<\/span><\/a><\/p><div class=\"collapse-content\" id=\"panel-69f76b21602c7\"> Ett tyskt h\u00e4lsof\u00f6rs\u00e4kringsf\u00f6retag bekostade en studie f\u00f6r att utv\u00e4rdera v\u00e4rdet av homeopati g\u00e4llande att behandla kroniska tillst\u00e5nd vanligen sedda hos allm\u00e4nl\u00e4kare, f\u00f6r att se om de fortsatt skulle bekosta homeopatiska behandlingar. \u00a0493 patienter (315 vuxna, 178 barn) behandlade av allm\u00e4nl\u00e4kare, mottog antingen konventionell medicin eller homeopati. Studien fann att patienter i den homeopatiska gruppen rapporterade en st\u00f6rre f\u00f6rb\u00e4ttring j\u00e4mf\u00f6rt med den konventionella medicingruppen (p=0,002). L\u00e4karens bed\u00f6mning visade \u00e4ven att barn som mottagit homeopatisk behandling hade en b\u00e4ttre klinisk respons j\u00e4mf\u00f6rt med de som mottagit konventionell medicin (p&lt;0,001). Det var ingen signifikant skillnad i kostnaden mellan de tv\u00e5 grupperna.<\/p>\n<p>Tillst\u00e5nden som behandlats inkluderade huvudv\u00e4rk, sm\u00e4rta i nedre delen av ryggen, depression, s\u00f6mnl\u00f6shet och bih\u00e5leinflammation hos vuxna, och atypisk dermatit, allergisk rhinit och astma hos barn. Studien publicerades 2005 och f\u00f6rs\u00e4kringsbolaget (Innungskrankenkasse Hamburg) forts\u00e4tter att bekosta homeopatisk behandling.<\/p>\n<p class=\"no-margin\">HRI \u00f6nskar att denna studie skulle upprepas i andra l\u00e4nder och i st\u00f6rre skala, att se om liknande resultat kan uppn\u00e5s igen.\u00a0<\/div><!-- sv --><\/p>\n<p><a href=\"#\" class=\"expand-content button accent-bg\" id=\"69f76b21602e5\"><span class=\"expand-content-more\">Referenser<\/span><span class=\"expand-content-less\">Mindre<\/span><\/a><\/p><div class=\"collapse-content\" id=\"panel-69f76b21602e5\">\n<ol>\n<li>Mac\u00edas-Cort\u00e9s ED et al. Individualized homeopathic treatment and fluoxetine for moderate to severe depression in peri- and postmenopausal women (HOMDEP-MENOP study): a randomized, double-dummy, double-blind, placebo-controlled trial. <em>PLoS One<\/em>, 2015 ;<strong>10<\/strong>(3):e0118440 | <a href=\"http:\/\/www.plosone.org\/article\/fetchObject.action?uri=info%3Adoi%2F10.1371%2Fjournal.pone.0118440&amp;representation=PDF\" target=\"_blank\" rel=\"noopener\">Full text<\/a><\/li>\n<li>Kirsch I, Deacon BJ, Huedo-Medina TB, Scoboria A, Moore TJ, et al. Initial Severity and Antidepressant Benefits: A Meta-Analysis of Data Submitted to the Food and Drug Administration. <em>PLoS Med,<\/em> 2008; <strong>5<\/strong>(2): e45 | <a href=\"http:\/\/journals.plos.org\/plosmedicine\/article?id=10.1371\/journal.pmed.0050045\" target=\"_blank\" rel=\"noopener\">Full text<\/a><\/li>\n<li>Sinha, MN\u00a0et al. Randomized controlled pilot study to compare Homeopathy and Conventional therapy in Acute Otitis Media. <em>Homeopat. J. Fac. Homeopat., <\/em>2012;\u00a0<strong>101:\u00a0<\/strong>5\u201312 | <a href=\"http:\/\/www.ncbi.nlm.nih.gov\/pubmed\/22226309\" target=\"_blank\" rel=\"noopener\">PubMed<\/a><\/li>\n<li>Haidvogl M. et al. Homeopathic and conventional treatment for acute respiratory and ear complaints: A comparative study on outcome in the primary care setting. <em>BMC Complement and Altern Med<\/em>, 2007; <strong>7<\/strong>:7 | <a href=\"http:\/\/www.biomedcentral.com\/1472-6882\/7\/7\" target=\"_blank\" rel=\"noopener\">Full text<\/a><\/li>\n<li>Schneider et al. Treatment of vertigo with a homeopathic complex remedy compared with usual treatments \u2013 a meta-analysis of clinical trials. <em>Arzneim.-Forschung<\/em>, 2005; <strong>55<\/strong>(1): 23-29 | <a href=\"http:\/\/www.biopathica.co.uk\/Articles\/Dizziness\/19%20-%20Vertigo%20Treatment%20with%20a%20Homeopathic%20Complex%20Remedy.pdf\" target=\"_blank\" rel=\"noopener\">PubMed<\/a><\/li>\n<li>Witt C, Keil T, Selim D, et al. Outcome and costs of homeopathic and conventional treatment strategies: a comparative cohort study in patients with chronic disorders. <em>Complement Ther Med<\/em>, 2005;<strong>13<\/strong>: 79-86 | <a href=\"http:\/\/www.ncbi.nlm.nih.gov\/pubmed\/16036164\" target=\"_blank\" rel=\"noopener\">PubMed<\/a> <\/div><!-- sv --><\/li>\n<\/ol>\n<p><a href=\"https:\/\/www.hri-research.org\/sv\/resources\/homeopathy-faqs\/\">Tillbaka till Homeopati FAQ<\/a><\/p>\n","protected":false},"excerpt":{"rendered":"<p>Studier som j\u00e4mf\u00f6rt effektiviteten av homeopati och konventionell medicin har visat att homeopati kan producera likv\u00e4rdiga resultat om inte b\u00e4ttre. Individualiserad homeopatisk behandling Depression En nyligen publicerad randomiserad placebo-kontrollerad studie utv\u00e4rderade effektiviteten av individualiserad homeopatisk behandling, och effektiviteten av Fluoxetine (\u00e4ven kallad Prozac), f\u00f6r medel- och sv\u00e5ra depressioner hos kvinnor i menopaus.1 B\u00e5da behandlingarna visade [&hellip;]<\/p>\n","protected":false},"author":1,"featured_media":0,"parent":9313,"menu_order":7,"comment_status":"closed","ping_status":"closed","template":"page-translated-faq.php","meta":{"footnotes":""},"class_list":["post-9331","page","type-page","status-publish","hentry"],"jetpack_sharing_enabled":true,"_links":{"self":[{"href":"https:\/\/www.hri-research.org\/sv\/wp-json\/wp\/v2\/pages\/9331","targetHints":{"allow":["GET"]}}],"collection":[{"href":"https:\/\/www.hri-research.org\/sv\/wp-json\/wp\/v2\/pages"}],"about":[{"href":"https:\/\/www.hri-research.org\/sv\/wp-json\/wp\/v2\/types\/page"}],"author":[{"embeddable":true,"href":"https:\/\/www.hri-research.org\/sv\/wp-json\/wp\/v2\/users\/1"}],"replies":[{"embeddable":true,"href":"https:\/\/www.hri-research.org\/sv\/wp-json\/wp\/v2\/comments?post=9331"}],"version-history":[{"count":0,"href":"https:\/\/www.hri-research.org\/sv\/wp-json\/wp\/v2\/pages\/9331\/revisions"}],"up":[{"embeddable":true,"href":"https:\/\/www.hri-research.org\/sv\/wp-json\/wp\/v2\/pages\/9313"}],"wp:attachment":[{"href":"https:\/\/www.hri-research.org\/sv\/wp-json\/wp\/v2\/media?parent=9331"}],"curies":[{"name":"wp","href":"https:\/\/api.w.org\/{rel}","templated":true}]}}