{"id":9327,"date":"2014-08-11T16:25:57","date_gmt":"2014-08-11T16:25:57","guid":{"rendered":"https:\/\/www.hri-research.org\/homeopathy-faqs\/the-best-studies-have-shown-homeopathy-is-just-placebo\/"},"modified":"2022-02-17T15:31:53","modified_gmt":"2022-02-17T15:31:53","slug":"fordelar-utover-placebo","status":"publish","type":"page","link":"https:\/\/www.hri-research.org\/sv\/homeopathy-faqs\/fordelar-utover-placebo\/","title":{"rendered":"\u00c4r f\u00f6rdelarna med homeopati fler \u00e4n bara placeboeffekt?"},"content":{"rendered":"<p>Ett vanligt argument mot homeopatiska mediciner \u00e4r att de \u201d<a href=\"https:\/\/www.hri-research.org\/sv\/resources\/homeopathy-the-debate\/theres-nothing-in-it-its-just-sugar-pills\/\">bara \u00e4r sockerpiller<\/a>\u201d\u00a0that don\u2019t contain any active ingredients, so any benefits patients report\u00a0are\u00a0due purely to the placebo effect i.e. people believe the pills are going to help and this belief alone\u00a0triggers a healing response.<\/p>\n<p>Alla medicinska behandlingar har sannolikt en vis grad av \u201dplaceboeffekt\u201d och i detta avseende \u00e4r homeopati inte annorlunda. Men teorin om att homeopatins effekter <em>enbart<\/em> beror p\u00e5 placeboeffekten st\u00f6ds inte av vetenskaplig evidens.<\/p>\n<p>Om homeopati enbart \u00e4r en placeboeffekt hur skulle man f\u00f6rklara:<\/p>\n<ol>\n<li><strong>Existensen av <a title=\"There isn\u2019t a single good quality RCT showing homeopathy works\" href=\"https:\/\/www.hri-research.org\/sv\/resources\/homeopathy-the-debate\/there-isnt-a-single-good-quality-rct-showing-homeopathy-works\/\">positiva h\u00f6gkvalitativa placebo-kontrollerade studier<\/a>?<\/strong><br \/>\nDessa studier \u00e4r designade specifikt f\u00f6r att urskilja \u00a0placeboeffekten fr\u00e5n den riktiga kliniska effekten av den pr\u00f6vade behandlingen.<\/li>\n<li><strong>Att homeopatiska mediciner har effekt i <a href=\"https:\/\/www.hri-research.org\/sv\/resources\/homeopathy-the-debate\/essentialevidence\/experimental-research\/\">laboratorie-experiment<\/a>?<a title=\"\u201cThere\u2019s nothing in it \u2013 it\u2019s just water\u201d\" href=\"https:\/\/www.hri-research.org\/resources\/homeopathy-the-debate\/theres-nothing-in-it-its-just-water\/\"><br \/>\n<\/a><\/strong>Effects have been seen on white blood cells, frogs and wheat plants to name just a few examples.<\/li>\n<li><strong>Det faktum att homeopati fungerar p\u00e5 <a href=\"https:\/\/www.hri-research.org\/sv\/resources\/homeopathy-the-debate\/hri-facts\/veterinary-research\/\">djur<\/a>?<br \/>\n<\/strong>En rigor\u00f6s studie visade att homeopatisk medicin kan f\u00f6rhindra E-Coli diarr\u00e9 hos griskultingar<span class=\"no-underline\"><a title=\"Camerlink I, Ellinger L, Bakker EJ, Lantinga EA (2010). Homeopathy as replacement to antibiotics in the case of Escherichia coli diarrhoea in neonatal piglets. Homeopathy, 99; 57\u201362\" href=\"http:\/\/www.ncbi.nlm.nih.gov\/pubmed\/20129177\" target=\"_blank\" rel=\"noopener noreferrer\"><sup>1<\/sup><\/a><\/span> \u2013 ett stort problem i kommersiell djurh\u00e5llning.<\/li>\n<\/ol>\n<p><span class=\"embed-youtube\" style=\"text-align:center; display: block;\"><iframe loading=\"lazy\" class=\"youtube-player\" width=\"520\" height=\"293\" src=\"https:\/\/www.youtube.com\/embed\/oACBheCzE9U?version=3&#038;rel=1&#038;showsearch=0&#038;showinfo=1&#038;iv_load_policy=1&#038;fs=1&#038;hl=sv-SE&#038;autohide=2&#038;wmode=transparent\" allowfullscreen=\"true\" style=\"border:0;\" sandbox=\"allow-scripts allow-same-origin allow-popups allow-presentation allow-popups-to-escape-sandbox\"><\/iframe><\/span><\/p>\n<p><a href=\"#\" class=\"expand-content button accent-bg\" id=\"69def267b6804\"><span class=\"expand-content-more\">Referenser<\/span><span class=\"expand-content-less\">Mindre<\/span><\/a><\/p><div class=\"collapse-content\" id=\"panel-69def267b6804\">\n<ol>\n<li>Camerlink I, Ellinger L, Bakker EJ, Lantinga EA. Homeopathy as replacement to antibiotics in the case of Escherichia coli diarrhoea in neonatal piglets. <em>Homeopathy<\/em>, 2010;<strong>99:<\/strong>\u00a057\u201362 | <a href=\"http:\/\/www.ncbi.nlm.nih.gov\/pubmed\/20129177\">PubMed<\/a><\/li>\n<\/ol>\n<h4><strong>L\u00e4s mer om Liknande uttalanden:<\/strong><\/h4>\n<p><span class=\"no-underline\">\u201c<a href=\"https:\/\/www.hri-research.org\/resources\/homeopathy-the-debate\/the-australian-report-on-homeopathy\/\">En rapport fr\u00e5n Australien har kommit fram till att homeopati inte har n\u00e5gon verkan och bara \u00e4r placebo<\/a>\u201d<\/span><\/p>\n<p><span class=\"no-underline\">&#8221;<a href=\"https:\/\/www.hri-research.org\/resources\/homeopathy-the-debate\/uk-select-committee-report\/\">En rapport fr\u00e5n brittisk parlamentet unders\u00f6kte bevisen och sa att det bara \u00e4r placebo<\/a>&#8221;<\/span><\/p>\n<\/div><!-- sv -->\n<p><a href=\"https:\/\/www.hri-research.org\/sv\/resources\/homeopathy-faqs\/\">Tillbaka till Homeopati FAQ<\/a><\/p>\n","protected":false},"excerpt":{"rendered":"<p>Ett vanligt argument mot homeopatiska mediciner \u00e4r att de \u201dbara \u00e4r sockerpiller\u201d\u00a0that don\u2019t contain any active ingredients, so any benefits patients report\u00a0are\u00a0due purely to the placebo effect i.e. people believe the pills are going to help and this belief alone\u00a0triggers a healing response. Alla medicinska behandlingar har sannolikt en vis grad av \u201dplaceboeffekt\u201d och i [&hellip;]<\/p>\n","protected":false},"author":1,"featured_media":0,"parent":9313,"menu_order":5,"comment_status":"closed","ping_status":"closed","template":"page-translated-faq.php","meta":{"footnotes":""},"class_list":["post-9327","page","type-page","status-publish","hentry"],"jetpack_sharing_enabled":true,"_links":{"self":[{"href":"https:\/\/www.hri-research.org\/sv\/wp-json\/wp\/v2\/pages\/9327","targetHints":{"allow":["GET"]}}],"collection":[{"href":"https:\/\/www.hri-research.org\/sv\/wp-json\/wp\/v2\/pages"}],"about":[{"href":"https:\/\/www.hri-research.org\/sv\/wp-json\/wp\/v2\/types\/page"}],"author":[{"embeddable":true,"href":"https:\/\/www.hri-research.org\/sv\/wp-json\/wp\/v2\/users\/1"}],"replies":[{"embeddable":true,"href":"https:\/\/www.hri-research.org\/sv\/wp-json\/wp\/v2\/comments?post=9327"}],"version-history":[{"count":0,"href":"https:\/\/www.hri-research.org\/sv\/wp-json\/wp\/v2\/pages\/9327\/revisions"}],"up":[{"embeddable":true,"href":"https:\/\/www.hri-research.org\/sv\/wp-json\/wp\/v2\/pages\/9313"}],"wp:attachment":[{"href":"https:\/\/www.hri-research.org\/sv\/wp-json\/wp\/v2\/media?parent=9327"}],"curies":[{"name":"wp","href":"https:\/\/api.w.org\/{rel}","templated":true}]}}