{"id":9325,"date":"2014-08-11T16:24:45","date_gmt":"2014-08-11T16:24:45","guid":{"rendered":"https:\/\/www.hri-research.org\/homeopathy-faqs\/theres-nothing-in-it-its-just-sugar-pills\/"},"modified":"2022-02-17T15:30:52","modified_gmt":"2022-02-17T15:30:52","slug":"inte-bara-sockerpiller","status":"publish","type":"page","link":"https:\/\/www.hri-research.org\/sv\/homeopathy-faqs\/inte-bara-sockerpiller\/","title":{"rendered":"Hur vet vi att homeopatiska l\u00e4kemedel inte bara \u00e4r &#8221;sockerpiller&#8221;?"},"content":{"rendered":"<p><strong>Laboratorieexperiment har visat att homeopatiska mediciner inte enbart \u00e4r sockerpiller.<\/strong><\/p>\n<p>Homeopatins kritiker pekar p\u00e5 det faktum att homeopatiska mediciner \u00e4r s\u00e5 h\u00f6gt utsp\u00e4dda att det finns \u201dinte finns n\u00e5gonting i dem\u201d.<\/p>\n<p>Detta kommer fr\u00e5n det faktum att v\u00e4tskorna som anv\u00e4nds f\u00f6r att tillverka homeopatiska mediciner \u00e4r utsp\u00e4dda ut\u00f6ver niv\u00e5n k\u00e4nd som Avogadros nummer (utsp\u00e4dd 10<sup>-23<\/sup>). Detta inneb\u00e4r att v\u00e4tskan \u00e4r s\u00e5 kraftigt utsp\u00e4dd att man inte kan f\u00f6rv\u00e4nta sig att n\u00e5gra molekyler fr\u00e5n originalsubstansen kvarst\u00e5r.<\/p>\n<p>Det \u00e4r dessa \u201dultrah\u00f6ga utsp\u00e4dningar\u201d (homeopatiska mediciner \u00f6ver 12 c eller 24x <a href=\"#\" class=\"definition\" title=\"Styrkan p\u00e5 en homeopatisk medicin\">potens<\/a>) som skapar kontroverser, eftersom de uppenbarligen inte kan fungera p\u00e5 samma s\u00e4tt som konventionella medicinska substanser m.a.o. genom att molekyler interagerar direkt med kroppens biokemi.<\/p>\n<p>Forskare runt om i v\u00e4rlden\u00a0<a title=\"How do homeopathic medicines work?\" href=\"https:\/\/www.hri-research.org\/hri-research\/how-do-homeopathic-medicines-work\/\" target=\"_blank\" rel=\"noopener noreferrer\">unders\u00f6ker verkningsmekanismen hos<\/a> dessa mediciner, som sannolikt \u00e4r baserade p\u00e5 fysik snarare \u00e4n kemi. \u00c4ven om flera olika teorier utforskas, kan man \u00e4nnu inte f\u00f6rklara hur homeopatiska mediciner fungerar.<\/p>\n<p>Vad vi vet \u00e4r att m\u00e5nga laboratoriestudier har visat\u00a0 att ultrah\u00f6gt utsp\u00e4dda homeopatiska mediciner har biologiska effekter som man inte skulle se om de \u201dbara var vatten\u201d eller\u201d enbart sockerpiller\u201d, t.ex:<\/p>\n<p class=\"no-margin\"><strong>Att tills\u00e4tta homeopatiskt histamin till basofiler (vita blodceller) kan trigga dessa att frig\u00f6ra histamin<br \/>\n<\/strong><p><a href=\"#\" class=\"expand-content\" id=\"69deba89c4fbf\"><span class=\"expand-content-more\">Mer<\/span><span class=\"expand-content-less\">Mindre<\/span><\/a><\/p><div class=\"collapse-content\" id=\"panel-69deba89c4fbf\">Som de personer som designade experimentet f\u00f6rklarar, \u201dN\u00e4r m\u00e4nskliga polymorfonukle\u00e4ra basofiler, en typ av vita blodkroppar med antikroppar av typen immuglobin E (IgE) p\u00e5 sin utsida, uts\u00e4tts f\u00f6r anti-IgE antikroppar, s\u00e5 uts\u00f6ndrar de histamin fr\u00e5n sina intracellul\u00e4ra granuler och f\u00f6r\u00e4ndrar sina f\u00e4rgningsfunktioner. Det senare kan demonstreras vid utsp\u00e4dningar av anti-IgE mellan 10<sup>-2<\/sup> till10<sup>-120<\/sup>; \u00f6ver det spannet f\u00f6rekommer det successiva toppar av degranulering mellan 40% till 60% av basofilerna, trots den kalkylerade fr\u00e5nvaron av anti-IgE molekyler vid de h\u00f6gsta utsp\u00e4dningarna.\u201d<\/p>\n<p class=\"no-margin\">28 forskningsrapporter har skrivits g\u00e4llande detta \u00e4mne, av vilka 23 st rapporterat positiva resultat. 11 publikationer var bed\u00f6mda som h\u00f6gkvalitativa, av vilka 8 rapporterade positiva resultat.<span class=\"no-underline\"><a title=\"Witt CM, Bluth M, Albrecht H, Weisshuhn TE, Baumgartner S, Willich SN. The in vitro evidence for an effect of high homeopathic potencies--a systematic review of the literature. Complement Ther Med. 2007 Jun;15(2):128-38.\" href=\"http:\/\/www.ncbi.nlm.nih.gov\/pubmed\/17544864\" target=\"_blank\" rel=\"noopener noreferrer\"><sup>1<\/sup><\/a><\/span><\/p>\n<p>Den tidigaste studien visade en inhibition av degranuleringen med ultramolekyl\u00e4r utsp\u00e4dning av anti-IgE,<span class=\"no-underline\"><sup><a title=\"Davenas E, Beauvais F, Amara J, et al. Human basophil de-granulation triggered by very dilute antiserum against IgE. Nature, 1988; 333: 816\u2013818.\" href=\"http:\/\/www.ncbi.nlm.nih.gov\/pubmed\/2455231\" target=\"_blank\" rel=\"noopener noreferrer\">2<\/a>\u00a0<\/sup><\/span>men dessa initiala resultat visade sig vara om\u00f6jliga att upprepa.<sup><a title=\"Ovelg\u00f6nne JH, Bol AW, Hop WC, van Wijk R. Mechanical agitation of very dilute antiserum against IgE has no effect on basophil staining properties. Experientia, 1992; 48: 504\u2013508. \" href=\"http:\/\/www.ncbi.nlm.nih.gov\/pubmed\/1376282\" target=\"_blank\" rel=\"noopener noreferrer\">3<\/a>,<a title=\"Hirst SJ, Hayes NA, Burridge J, et al. Human basophil degranulation is not triggered by very dilute antiserum against human IgE. Nature, 1993; 366: 525\u2013527. \" href=\"http:\/\/www.ncbi.nlm.nih.gov\/pubmed\/8255290\" target=\"_blank\" rel=\"noopener noreferrer\">4<\/a><\/sup><\/p>\n<p>Dock har f\u00f6ljande studier, vilka har anv\u00e4nt en modifierad metod och anv\u00e4nt sig av ultramolekyl\u00e4ra utsp\u00e4dningar av histamin, visat positiva resultat. Dessa fynd har reproducerats i ett flertal sj\u00e4lvst\u00e4ndiga laboratorier,<sup><a title=\"Belon P, Cumps J, Ennis M, et al. Inhibition of human basophil degranulation by successive histamine dilutions: results of a European multi-centre trial. Inflammation Research, 1999; 48 (Suppl 1): S17\u201318.\" href=\"http:\/\/www.ncbi.nlm.nih.gov\/pubmed\/10350142\" target=\"_blank\" rel=\"noopener noreferrer\">5<\/a>,<a title=\"Lorenz I, Schneider EM, Stolz P, et al. Sensitive flow cytometric method to test basophil activation influenced by homeopathic histamine dilution. Forschende Komplement\u00e4rmedizin, 2003; 10: 316\u2013324. \" href=\"http:\/\/www.ncbi.nlm.nih.gov\/pubmed\/14707480\" target=\"_blank\" rel=\"noopener noreferrer\">6<\/a><\/sup> s\u00e5v\u00e4l som i ett multi-center serier av experiment.<a title=\"Belon P, Cumps J, Ennis M, et al. Histamine dilutions modulate basophil activation. Inflammation Research, 2004; 53: 181\u2013188. \" href=\"http:\/\/www.ncbi.nlm.nih.gov\/pubmed\/15105967\" target=\"_blank\" rel=\"noopener noreferrer\"><sup>7<\/sup><\/a><\/p>\n<\/div><!-- sv --><\/p>\n<p class=\"no-margin\"><strong>Homeopatiskt thyroxin, vid den ultrah\u00f6ga graden av 30x utsp\u00e4dning, saktar ner tiden det tar f\u00f6r ett grodyngel att transformeras till en groda.\u00a0<\/strong><sup><a title=\"Harrer B. Replication of an experiment on extremely diluted thyroxine and\u2028highland amphibians. Homeopathy. 2013 Jan;102(1):25-303\" href=\"http:\/\/www.ncbi.nlm.nih.gov\/pubmed\/23290876\" target=\"_blank\" rel=\"noopener noreferrer\">8<br \/>\n<\/a><\/sup><p><a href=\"#\" class=\"expand-content\" id=\"69deba89c4fdd\"><span class=\"expand-content-more\">Mer<\/span><span class=\"expand-content-less\">Mindre<\/span><\/a><\/p><div class=\"collapse-content\" id=\"panel-69deba89c4fdd\">\u00a0Hos amfibier, stimulerar hormonet thyroxin metamorfos. Under n\u00e4stan 20 \u00e5r har olika team testat homeopatiska utsp\u00e4dningar av thyroxin p\u00e5 grodor genom att tills\u00e4tta det till badvattnet som grodynglen h\u00e5lls i. En sj\u00e4lvst\u00e4ndig metaanalys av dessa studier identifierade 22 experiment \u2013 15 utf\u00f6rda av det ursprungsteamet i \u00d6sterrike och 5 av sj\u00e4lvst\u00e4ndiga forskare.<sup><a title=\"Harrer B. Replication of an experiment on extremely diluted thyroxine and\u2028highland amphibians. Homeopathy. 2013 Jan;102(1):25-303\" href=\"http:\/\/www.ncbi.nlm.nih.gov\/pubmed\/23290876\" target=\"_blank\" rel=\"noopener noreferrer\">8<\/a>\u00a0<\/sup>Alla 22 experiment visade samma trend \u2013 att thyroxin 30x (utsp\u00e4dd \u00f6ver Avogadros gr\u00e4ns genom anv\u00e4ndandet av den homeopatiska tillverkningsprocessen) f\u00f6rsenar metamorfos, dock varierade de exakta resultaten. Denna effekt har nu observerats av 7 forskare fr\u00e5n \u00d6sterrike, Tyskland, Schweiz + Nederl\u00e4nderna.<\/p>\n<\/div><!-- sv --><\/p>\n<h3><span class=\"accent\">\u00c4r resultaten bara artefakter av \u201dd\u00e5lig vetenskap\u201d?<\/span><\/h3>\n<p>Detta argument h\u00e5ller inte f\u00f6r en ing\u00e5ende granskning d\u00e5 \u00e4ven experiment som h\u00e5ller en h\u00f6g metodologisk standard kan uppvisa att ultrah\u00f6ga utsp\u00e4dningar (\u00e4ven ben\u00e4mnt \u201dh\u00f6ga potenser\u201d) \u00e4r effektfulla.<a title=\"Witt CM, Bluth M, Albrecht H, Weisshuhn TE, Baumgartner S, Willich SN. The in vitro evidence for an effect of high homeopathic potencies--a systematic review of the literature. Complement Ther Med. 2007 Jun;15(2):128-38.\" href=\"http:\/\/www.ncbi.nlm.nih.gov\/pubmed\/17544864\" target=\"_blank\" rel=\"noopener noreferrer\"><sup>1<\/sup><\/a><\/p>\n<h3><span class=\"accent\">Varf\u00f6r \u00e4r dessa resultat inte accepterade av vissa forskare?<\/span><\/h3>\n<p>\u00c4n s\u00e5 l\u00e4nge, har inget positivt resultat varit stabilt nog f\u00f6r att kunna reproduceras av alla forskare alla g\u00e5nger. N\u00e4stan 75% av alla <em>in vitro <\/em>experiment g\u00e4llande ultrah\u00f6ga utsp\u00e4dningar visar att substansen har en effekt, och n\u00e4stan 75% av upprepande experiment har varit positiva.<a title=\"Witt CM, Bluth M, Albrecht H, Weisshuhn TE, Baumgartner S, Willich SN. The in vitro evidence for an effect of high homeopathic potencies--a systematic review of the literature. Complement Ther Med. 2007 Jun;15(2):128-38.\" href=\"http:\/\/www.ncbi.nlm.nih.gov\/pubmed\/17544864\" target=\"_blank\" rel=\"noopener noreferrer\"><sup>1<\/sup><\/a><\/p>\n<p>Allt eftersom forskare f\u00e5r mer erfarenhet n\u00e4r det g\u00e4ller att experimentera med ultrah\u00f6ga utsp\u00e4dningar, b\u00f6rjar de gradvis f\u00f6rst\u00e5 vilka faktorer som p\u00e5verkar resultaten och som en konsekvens av detta \u00f6kar reproducerbarheten\u00a0<sup><a title=\"Endler P, Thieves K, Reich C, Matthiessen P, Bonamin L, Scherr C, Baumgartner S. Repetitions of fundamental research models for homeopathically prepared dilutions beyond 10(-23): a bibliometric study. Homeopathy. 2010 Jan; 99(1):25-36. \" href=\"http:\/\/www.ncbi.nlm.nih.gov\/pubmed\/20129174\" target=\"_blank\" rel=\"noopener noreferrer\">9<\/a><\/sup>.\u00a0Experimenten med basofiler och grodor beskrivna ovan har hittills bevisat sig vara de mest upprepbara. Framsteg har ocks\u00e5 gjorts vad g\u00e4ller att hitta de mest reproducerbara <a href=\"https:\/\/www.hri-research.org\/wp-content\/uploads\/2014\/08\/HRI_ResearchArticle_16_Baumgartner_PlantModels.pdf\" target=\"_blank\" rel=\"noopener noreferrer\">v\u00e4xtbaserade studierna<\/a>.<\/p>\n<p>Dock \u00e4r det s\u00e5 att till dess att varje team f\u00e5r samma testresultat varje g\u00e5ng, kommer detta omr\u00e5de vara kontroversiellt. Detta \u00e4r den st\u00e4ndiga utmaningen vad g\u00e4ller grundl\u00e4ggande homeopatiska forskning.<\/p>\n<h3><span class=\"accent\">Nyckeln verkar ligga i exakt hur homeopatiska mediciner tillverkas<\/span><\/h3>\n<p>Homeopatiska mediciner tillverkas fr\u00e5n v\u00e4xt-, kemiska-, mineral- och animaliska k\u00e4llor. Ursprungsmaterialet sp\u00e4ds ut, sen skakas det intensivt (succuss). Antalet g\u00e5nger som detta upprepas best\u00e4mmer styrkan eller \u201dpotensen\u201d av medicinen t.ex. har en \u201d6c\u201d medicin blivit utsp\u00e4dd en del i 100 och sedan blivit succussat (skakats) och detta sex g\u00e5nger om.<\/p>\n<p>Om man bara sp\u00e4r ut substansen om och om igen f\u00e5r man till slut ett inaktivt prov som \u201dbara \u00e4r vatten\u201d; det \u00e4r den tillagda succussionen mellan varje steg av utsp\u00e4dning som verkar ge avtryck och information fr\u00e5n den ursprungssubstansen till vattnet\/alkoholen den sp\u00e4ds ut i.<\/p>\n<p>Denna id\u00e9 st\u00f6ds av experiment som visar att utsp\u00e4dningar som inte skakats \u00e4r inaktiva, men utsp\u00e4dningar som har skakats kan orsaka biologiska effekter, vilket antyder att denna aspekt av tillverkningsprocessen av homeopatiska mediciner \u00e4r essentiell.<sup><a href=\"https:\/\/www.researchgate.net\/publication\/277017581_Effectiveness_of_ultra_high_diluted_arsenic_is_a_function_of_succussion_number_as_evidenced_by_wheat_germination_test_and_droplet_evaporation_method\" target=\"_blank\" rel=\"noopener noreferrer\">10<\/a><\/sup><\/p>\n<p>Exakt vilka bio-kemiska f\u00f6r\u00e4ndringar som succussionen medf\u00f6r, och hur detta m\u00f6jligg\u00f6r vatten att ta \u00f6ver information av substansen som sp\u00e4ds ut, \u00e4r de stora fr\u00e5gorna som\u00a0<a title=\"How do homeopathic medicines work?\" href=\"https:\/\/www.hri-research.org\/hri-research\/how-do-homeopathic-medicines-work\/\" target=\"_blank\" rel=\"noopener noreferrer\">forskarna f\u00f6rs\u00f6ker f\u00f6rklara<\/a>.<\/p>\n<p><a href=\"#\" class=\"expand-content button accent-bg\" id=\"69deba89c502d\"><span class=\"expand-content-more\">Referenser<\/span><span class=\"expand-content-less\">Mindre<\/span><\/a><\/p><div class=\"collapse-content\" id=\"panel-69deba89c502d\">\n<ol>\n<li>Witt CM, Bluth M, Albrecht H, Weisshuhn TE, Baumgartner S, Willich SN.\u00a0The in vitro evidence for an effect of high homeopathic potencies&#8211;a systematic review of the literature.\u00a0<em>Complement Ther Med<\/em>., 2007;\u00a0<strong>15<\/strong>(2): 128-38 | <a href=\"http:\/\/www.ncbi.nlm.nih.gov\/pubmed\/17544864\" target=\"_blank\" rel=\"noopener noreferrer\">PubMed<\/a><\/li>\n<li>Davenas E, Beauvais F, Amara J, et al. Human basophil de-granulation triggered by very dilute antiserum against IgE. <em>Nature<\/em>, 1988; <strong>333<\/strong>: 816\u2013818 | <a href=\"http:\/\/www.ncbi.nlm.nih.gov\/pubmed\/2455231\" target=\"_blank\" rel=\"noopener noreferrer\">PubMed<\/a><\/li>\n<li>Ovelg\u00f6nne JH, Bol AW, Hop WC, van Wijk R. Mechanical agitation of very dilute antiserum against IgE has no effect on basophil staining properties. <em>Experientia,<\/em> 1992; <strong>48<\/strong>: 504\u2013508 | <a href=\"http:\/\/www.ncbi.nlm.nih.gov\/pubmed\/1376282\" target=\"_blank\" rel=\"noopener noreferrer\">PubMed<\/a><\/li>\n<li>Hirst SJ, Hayes NA, Burridge J, et al. Human basophil degranulation is not triggered by very dilute antiserum against human IgE. <em>Nature,<\/em> 1993;<strong>366<\/strong>: 525\u2013527 | <a href=\"http:\/\/www.ncbi.nlm.nih.gov\/pubmed\/8255290\" target=\"_blank\" rel=\"noopener noreferrer\">PubMed<\/a><\/li>\n<li>Belon P, Cumps J, Ennis M, et al. Inhibition of human basophil degranulation by successive histamine dilutions: results of a European multi-centre trial. <em>Inflammation Research,<\/em> 1999; <strong>48<\/strong> (Suppl 1): S17\u201318 | <a href=\"https:\/\/www.ncbi.nlm.nih.gov\/pubmed\/10350142\" target=\"_blank\" rel=\"noopener noreferrer\">PubMed<\/a><\/li>\n<li>Lorenz I, Schneider EM, Stolz P, et al. Sensitive flow cytometric method to test basophil activation influenced by homeopathic histamine dilution. <em>Forschende Komplement\u00e4rmedizin,<\/em> 2003; <strong>10<\/strong>: 316\u2013324 | <a href=\"http:\/\/www.ncbi.nlm.nih.gov\/pubmed\/14707480\" target=\"_blank\" rel=\"noopener noreferrer\">PubMed<\/a><\/li>\n<li>Belon P, Cumps J, Ennis M, et al. Histamine dilutions modulate basophil activation. <em>Inflammation Research,<\/em> 2004; <strong>53<\/strong>: 181\u2013188 | <a href=\"http:\/\/www.ncbi.nlm.nih.gov\/pubmed\/15105967\" target=\"_blank\" rel=\"noopener noreferrer\">PubMed<\/a><\/li>\n<li>Harrer B. Replication of an experiment on extremely diluted thyroxine and\u2028highland amphibians. <em>Homeopathy,<\/em>\u00a02013;<strong>102<\/strong>(1):25-303 | <a href=\"http:\/\/www.ncbi.nlm.nih.gov\/pubmed\/23290876\" target=\"_blank\" rel=\"noopener noreferrer\">PubMed<\/a><\/li>\n<li>Endler P, Thieves K, Reich C, Matthiessen P, Bonamin L, Scherr C, Baumgartner S. Repetitions of fundamental research models for homeopathically prepared dilutions beyond 10(-23): a bibliometric study.\u00a0<em>Homeopathy,<\/em>\u00a02010; <strong>99<\/strong>(1): 25-36 |\u00a0<a href=\"http:\/\/www.ncbi.nlm.nih.gov\/pubmed\/20129174\" target=\"_blank\" rel=\"noopener noreferrer\">PubMed<\/a>\u00a0|\u00a0<a href=\"https:\/\/www.hri-research.org\/wp-content\/uploads\/2014\/08\/Moebius-S_Endler-et-al_Improvements-seen-in-reproducibility-of-basic-research-results2010.pdf\" target=\"_blank\" rel=\"noopener noreferrer\">HRI Synopsis<\/a><\/li>\n<li>Betti L,\u00a0et al.\u00a0Effectiveness of ultra high diluted arsenic is a function of succussion number as evidenced by wheat germination test and droplet evaporation method.\u00a0<i>Int J High Dilution Res, 2013;<\/i>\u00a0<b>12 <\/b>(44):<b>\u00a0<\/b>127\u2013128 | <a href=\"https:\/\/www.researchgate.net\/publication\/277017581_Effectiveness_of_ultra_high_diluted_arsenic_is_a_function_of_succussion_number_as_evidenced_by_wheat_germination_test_and_droplet_evaporation_method\" target=\"_blank\" rel=\"noopener noreferrer\">Full text<\/a><\/li>\n<\/ol>\n<\/div><!-- sv -->\n<p><a href=\"https:\/\/www.hri-research.org\/sv\/resources\/homeopathy-faqs\/\">Tillbaka till Homeopati FAQ<\/a><\/p>\n","protected":false},"excerpt":{"rendered":"<p>Laboratorieexperiment har visat att homeopatiska mediciner inte enbart \u00e4r sockerpiller. Homeopatins kritiker pekar p\u00e5 det faktum att homeopatiska mediciner \u00e4r s\u00e5 h\u00f6gt utsp\u00e4dda att det finns \u201dinte finns n\u00e5gonting i dem\u201d. Detta kommer fr\u00e5n det faktum att v\u00e4tskorna som anv\u00e4nds f\u00f6r att tillverka homeopatiska mediciner \u00e4r utsp\u00e4dda ut\u00f6ver niv\u00e5n k\u00e4nd som Avogadros nummer (utsp\u00e4dd 10-23). [&hellip;]<\/p>\n","protected":false},"author":1,"featured_media":0,"parent":9313,"menu_order":4,"comment_status":"closed","ping_status":"closed","template":"page-translated-faq.php","meta":{"footnotes":""},"class_list":["post-9325","page","type-page","status-publish","hentry"],"jetpack_sharing_enabled":true,"_links":{"self":[{"href":"https:\/\/www.hri-research.org\/sv\/wp-json\/wp\/v2\/pages\/9325","targetHints":{"allow":["GET"]}}],"collection":[{"href":"https:\/\/www.hri-research.org\/sv\/wp-json\/wp\/v2\/pages"}],"about":[{"href":"https:\/\/www.hri-research.org\/sv\/wp-json\/wp\/v2\/types\/page"}],"author":[{"embeddable":true,"href":"https:\/\/www.hri-research.org\/sv\/wp-json\/wp\/v2\/users\/1"}],"replies":[{"embeddable":true,"href":"https:\/\/www.hri-research.org\/sv\/wp-json\/wp\/v2\/comments?post=9325"}],"version-history":[{"count":0,"href":"https:\/\/www.hri-research.org\/sv\/wp-json\/wp\/v2\/pages\/9325\/revisions"}],"up":[{"embeddable":true,"href":"https:\/\/www.hri-research.org\/sv\/wp-json\/wp\/v2\/pages\/9313"}],"wp:attachment":[{"href":"https:\/\/www.hri-research.org\/sv\/wp-json\/wp\/v2\/media?parent=9325"}],"curies":[{"name":"wp","href":"https:\/\/api.w.org\/{rel}","templated":true}]}}