{"id":9314,"date":"2014-07-25T15:59:06","date_gmt":"2014-07-25T15:59:06","guid":{"rendered":"https:\/\/www.hri-research.org\/homeopathy-faqs\/there-is-no-scientific-evidence-homeopathy-works\/"},"modified":"2024-06-28T08:50:32","modified_gmt":"2024-06-28T08:50:32","slug":"vetenskapliga-bevis-for-homeopati","status":"publish","type":"page","link":"https:\/\/www.hri-research.org\/sv\/homeopathy-faqs\/vetenskapliga-bevis-for-homeopati\/","title":{"rendered":"Vilka vetenskapliga bevis finns det f\u00f6r att homeopati fungerar?"},"content":{"rendered":"<p>De vetenskapliga bevisen f\u00f6r homeopati bygger p\u00e5 samma typ av kliniska pr\u00f6vningar som anv\u00e4nds f\u00f6r att testa konventionella medicinska behandlingar.<\/p>\n<p>I slutet av 2023 publicerades <strong>286 st. randomiserade kontrollerade studier (RCT) av homeopatisk medicin som behandlade 152 olika medicinska tillst\u00e5nd<\/strong>, i vetenskapliga tidskrifter med kollegial granskning och kvalificerade f\u00f6r v\u00e5r granskning.<\/p>\n<p>Av dessa var <strong><a href=\"https:\/\/www.hri-research.org\/resources\/homeopathy-faqs\/there-is-no-scientific-evidence-homeopathy-works\/placebo-controlled-trials-of-homeopathic-treatment\/\" target=\"_blank\" rel=\"noopener\">166 studier placebo-kontrollerade<\/a> som t\u00e4cker 100 olika medicinska tillst\u00e5nd:<\/strong><a href=\"https:\/\/www.hri-research.org\/resources\/homeopathy-faqs\/there-is-no-scientific-evidence-homeopathy-works\/placebo-controlled-trials-of-homeopathic-treatment\/\" target=\"_blank\" rel=\"noopener noreferrer\"><sup>1<\/sup><\/a><\/p>\n<ul>\n<li><strong>42% var positiva (70 f\u00f6rs\u00f6k)<\/strong> \u2013 behandlingen hade sannolikt v\u00e4lg\u00f6rande effekt.<\/li>\n<li><strong>3% var negativa (5 f\u00f6rs\u00f6k)<\/strong> \u2013 behandlingen saknade sannolikt effekt<\/li>\n<li><strong>55% var inte \u00f6vertygande (91 f\u00f6rs\u00f6k) <\/strong>\u2013 evidensen kunde varken p\u00e5visa effekt eller fr\u00e5nvaro av effekt.<\/li>\n<\/ul>\n<div class=\"highlight-box accent-border\">\n<h4 style=\"text-align: center;\"><strong>166 Homeopatiska RCT (slutet av 2023)<\/strong><\/h4>\n<p><strong><img loading=\"lazy\" decoding=\"async\" class=\"alignnone size-large wp-image-32641\" src=\"https:\/\/www.hri-research.org\/wp-content\/uploads\/2024\/06\/RCT-Data-2023-SV-e1719564514136-1024x630.png\" alt=\"\" width=\"520\" height=\"320\" srcset=\"https:\/\/www.hri-research.org\/wp-content\/uploads\/2024\/06\/RCT-Data-2023-SV-e1719564514136-1024x630.png 1024w, https:\/\/www.hri-research.org\/wp-content\/uploads\/2024\/06\/RCT-Data-2023-SV-e1719564514136-300x185.png 300w, https:\/\/www.hri-research.org\/wp-content\/uploads\/2024\/06\/RCT-Data-2023-SV-e1719564514136-768x473.png 768w, https:\/\/www.hri-research.org\/wp-content\/uploads\/2024\/06\/RCT-Data-2023-SV-e1719564514136-1536x945.png 1536w, https:\/\/www.hri-research.org\/wp-content\/uploads\/2024\/06\/RCT-Data-2023-SV-e1719564514136-2048x1260.png 2048w, https:\/\/www.hri-research.org\/wp-content\/uploads\/2024\/06\/RCT-Data-2023-SV-e1719564514136-98x60.png 98w, https:\/\/www.hri-research.org\/wp-content\/uploads\/2024\/06\/RCT-Data-2023-SV-e1719564514136-198x122.png 198w, https:\/\/www.hri-research.org\/wp-content\/uploads\/2024\/06\/RCT-Data-2023-SV-e1719564514136-158x97.png 158w, https:\/\/www.hri-research.org\/wp-content\/uploads\/2024\/06\/RCT-Data-2023-SV-e1719564514136-160x98.png 160w, https:\/\/www.hri-research.org\/wp-content\/uploads\/2024\/06\/RCT-Data-2023-SV-e1719564514136-520x320.png 520w\" sizes=\"auto, (max-width: 520px) 100vw, 520px\" \/>Figur A<\/strong><\/div>\n<p><span style=\"font-size: large;\">Hur kan detta j\u00e4mf\u00f6ras med resultatet av evidens f\u00f6r konventionell medicin?<\/span><\/p>\n<p style=\"text-align: left;\"><div class=\"highlight-box accent-border\">\n<p style=\"text-align: center;\"><strong>1128 systematiska granskningar av RCT:n fr\u00e5n konventionell medicin<\/strong><\/p>\n<p><strong><img loading=\"lazy\" decoding=\"async\" class=\"alignnone wp-image-15997\" src=\"https:\/\/www.hri-research.org\/wp-content\/uploads\/2020\/10\/RCTs_ConvMed_2019_SV-1024x686.jpg\" alt=\"\" width=\"490\" height=\"328\" srcset=\"https:\/\/www.hri-research.org\/wp-content\/uploads\/2020\/10\/RCTs_ConvMed_2019_SV-1024x686.jpg 1024w, https:\/\/www.hri-research.org\/wp-content\/uploads\/2020\/10\/RCTs_ConvMed_2019_SV-300x201.jpg 300w, https:\/\/www.hri-research.org\/wp-content\/uploads\/2020\/10\/RCTs_ConvMed_2019_SV-768x515.jpg 768w, https:\/\/www.hri-research.org\/wp-content\/uploads\/2020\/10\/RCTs_ConvMed_2019_SV-1536x1029.jpg 1536w, https:\/\/www.hri-research.org\/wp-content\/uploads\/2020\/10\/RCTs_ConvMed_2019_SV-2048x1372.jpg 2048w, https:\/\/www.hri-research.org\/wp-content\/uploads\/2020\/10\/RCTs_ConvMed_2019_SV-98x66.jpg 98w, https:\/\/www.hri-research.org\/wp-content\/uploads\/2020\/10\/RCTs_ConvMed_2019_SV-198x133.jpg 198w, https:\/\/www.hri-research.org\/wp-content\/uploads\/2020\/10\/RCTs_ConvMed_2019_SV-158x106.jpg 158w, https:\/\/www.hri-research.org\/wp-content\/uploads\/2020\/10\/RCTs_ConvMed_2019_SV-160x107.jpg 160w, https:\/\/www.hri-research.org\/wp-content\/uploads\/2020\/10\/RCTs_ConvMed_2019_SV-520x348.jpg 520w\" sizes=\"auto, (max-width: 490px) 100vw, 490px\" \/>Figur\u00a0B<\/strong><\/div><\/p>\n<p>En analys av 1128 systematiska granskningar av randomiserade kontrollerade studier av konventionell medicin hade p\u00e5fallande lika resultat<sup><a title=\"El Dib RP, Atallah AN, Andriolo RB. Mapping the Cochrane evidence for decision making in health care. J Eval Clin Pract. 2007 Aug; 13(4):689-92.\" href=\"https:\/\/pubmed.ncbi.nlm.nih.gov\/22747638\/\" target=\"_blank\" rel=\"noopener noreferrer\">2<\/a><\/sup>:<\/p>\n<ul>\n<li><strong>45% var positiva<\/strong> \u2013\u00a0 visade att behandlingen sannolikt hade gynnsam effekt.<\/li>\n<li><strong>10% var negativa<\/strong> \u2013\u00a0visade att behandlingen sannolikt saknade effekt.<\/li>\n<li><strong>45% var inte \u00f6vertygande<\/strong> &#8211; evidensen p\u00e5visade varken effekt eller fr\u00e5nvaro av effekt.<\/li>\n<\/ul>\n<p>\u00c4ven om procenten positiva, negativa och inte \u00f6vertygande resultat \u00e4r liknande inom homeopati och konventionell medicin, \u00e4r det viktigt att se att det finns en stor skillnad i antal utf\u00f6rda studier; figur A representerar 166 individuella studier om homeopati, medan figur B visar 1128 studier kring konventionell medicin, d\u00e4r varje studie analyserar ett flertal mindre f\u00f6rs\u00f6k.<\/p>\n<p>Detta p\u00e5visar behovet av mer forskning inom homeopati, s\u00e4rskilt vad g\u00e4ller h\u00f6gkvalitativa repetitioner av de mest\u00a0<a href=\"https:\/\/www.hri-research.org\/sv\/resources\/homeopathy-the-debate\/there-isnt-a-single-good-quality-rct-showing-homeopathy-works\/\">positiva studierna<\/a>.<\/p>\n<p>Detta p\u00e5visar behovet av mer forskning inom homeopati, s\u00e4rskilt vad g\u00e4ller h\u00f6gkvalitativa repetitioner av de mest positiva studierna. Skillnaden i antal studier \u00e4r inte heller f\u00f6rv\u00e5nande n\u00e4r man ser till de begr\u00e4nsade resurser som tilldelas forskning inom \u201dkomplement\u00e4r och alternativ medicin\u201d(CAM).\u00a0 I Storbritannien l\u00e4ggs t.ex. bara 0,0085 % av det totala medicinska forskningsanslaget p\u00e5 CAM.<sup><a title=\"George T Lewith, Funding for CAM, BMJ. Nov 10, 2007; 335(7627): 951.\" href=\"http:\/\/www.ncbi.nlm.nih.gov\/pmc\/articles\/PMC2071985\/\" target=\"_blank\" rel=\"noopener noreferrer\">3<\/a> <\/sup>Och i USA avs\u00e4tts &lt;0,4% av den beg\u00e4rda \u00e5rliga medicinska budgeten p\u00e5 51,1 miljarder USD till KAM f\u00f6r anv\u00e4ndning av National Center for Complementary and Integrative Health.<sup>4<\/sup><p><a href=\"#\" class=\"expand-content button accent-bg\" id=\"69e1c3e47aff9\"><span class=\"expand-content-more\">Referenser<\/span><span class=\"expand-content-less\">Mindre<\/span><\/a><\/p><div class=\"collapse-content\" id=\"panel-69e1c3e47aff9\">\n<ol>\n<li>Full list of randomised placebo controlled trials in Chart A | <a href=\"https:\/\/www.hri-research.org\/resources\/homeopathy-faqs\/there-is-no-scientific-evidence-homeopathy-works\/placebo-controlled-trials-of-homeopathic-treatment\/\" target=\"_blank\" rel=\"noopener noreferrer\">Link<\/a><\/li>\n<li>Boas PJFV, Spagnuolo RS, Kamegasawa A, et al. Systematic reviews showed insufficient evidence for clinical practice in 2004: what about in 2011? The next appeal for the evidence-based medicine age.\u00a0<em>J Eval Clin Pract,<\/em>\u00a02013;\u00a0<strong>19<\/strong>(4):633-7 | <a href=\"https:\/\/pubmed.ncbi.nlm.nih.gov\/22747638\/\" target=\"_blank\" rel=\"noopener noreferrer\">PubMed<\/a><\/li>\n<li>Lewith GT. Funding for CAM.\u00a0<em>BMJ<\/em>., 2007; <strong>335<\/strong>(7627): 951. | <a href=\"http:\/\/www.ncbi.nlm.nih.gov\/pmc\/articles\/PMC2071985\/\" target=\"_blank\" rel=\"noopener noreferrer\">PubMed<\/a><\/li>\n<li>The\u00a0<a href=\"https:\/\/officeofbudget.od.nih.gov\/\" target=\"_blank\" rel=\"noopener\">National Institutes of Health (NIH) Office of Budget<\/a>, states that in 2023 the NIH requested $51.1 billion for the next fiscal year. Funded by NIH, the National Center for Complementary and Integrative Health\u00a0<a href=\"https:\/\/www.nccih.nih.gov\/about\/budget\/nccih-funding-appropriations-history\" target=\"_blank\" rel=\"noopener\">(NCCIH) enacted budget for 2023<\/a>\u00a0was $170.3 million, of which $89.9 million was used on Research Grants. Thus, &lt;0.4% (0.33% = $170.3 million\/$51.1 billion) of the NIH budget was for Integrative Medicine.<\/li>\n<\/ol>\n<\/div><!-- sv --><\/p>\n<p><a href=\"https:\/\/www.hri-research.org\/sv\/resources\/homeopathy-faqs\/\">Tillbaka till Homeopati FAQ<\/a><\/p>\n<p>&nbsp;<\/p>\n<p>&nbsp;<\/p>\n","protected":false},"excerpt":{"rendered":"<p>De vetenskapliga bevisen f\u00f6r homeopati bygger p\u00e5 samma typ av kliniska pr\u00f6vningar som anv\u00e4nds f\u00f6r att testa konventionella medicinska behandlingar. I slutet av 2023 publicerades 286 st. randomiserade kontrollerade studier (RCT) av homeopatisk medicin som behandlade 152 olika medicinska tillst\u00e5nd, i vetenskapliga tidskrifter med kollegial granskning och kvalificerade f\u00f6r v\u00e5r granskning. Av dessa var 166 [&hellip;]<\/p>\n","protected":false},"author":1,"featured_media":0,"parent":9313,"menu_order":1,"comment_status":"closed","ping_status":"closed","template":"page-translated-faq.php","meta":{"footnotes":""},"class_list":["post-9314","page","type-page","status-publish","hentry"],"jetpack_sharing_enabled":true,"_links":{"self":[{"href":"https:\/\/www.hri-research.org\/sv\/wp-json\/wp\/v2\/pages\/9314","targetHints":{"allow":["GET"]}}],"collection":[{"href":"https:\/\/www.hri-research.org\/sv\/wp-json\/wp\/v2\/pages"}],"about":[{"href":"https:\/\/www.hri-research.org\/sv\/wp-json\/wp\/v2\/types\/page"}],"author":[{"embeddable":true,"href":"https:\/\/www.hri-research.org\/sv\/wp-json\/wp\/v2\/users\/1"}],"replies":[{"embeddable":true,"href":"https:\/\/www.hri-research.org\/sv\/wp-json\/wp\/v2\/comments?post=9314"}],"version-history":[{"count":0,"href":"https:\/\/www.hri-research.org\/sv\/wp-json\/wp\/v2\/pages\/9314\/revisions"}],"up":[{"embeddable":true,"href":"https:\/\/www.hri-research.org\/sv\/wp-json\/wp\/v2\/pages\/9313"}],"wp:attachment":[{"href":"https:\/\/www.hri-research.org\/sv\/wp-json\/wp\/v2\/media?parent=9314"}],"curies":[{"name":"wp","href":"https:\/\/api.w.org\/{rel}","templated":true}]}}