{"id":9313,"date":"2014-09-03T10:18:52","date_gmt":"2014-09-03T10:18:52","guid":{"rendered":"https:\/\/www.hri-research.org\/homeopathy-faqs\/"},"modified":"2024-08-27T14:13:09","modified_gmt":"2024-08-27T14:13:09","slug":"homeopathy-faqs","status":"publish","type":"page","link":"https:\/\/www.hri-research.org\/sv\/homeopathy-faqs\/","title":{"rendered":"Homeopatisk FAQ (fr\u00e5gor &#038; svar)"},"content":{"rendered":"<p>Homeopati \u00e4r kontroversiell.<\/p>\n<p>Offentliga personer alltifr\u00e5n politiker till komiker g\u00f6r regelbundet starka uttalanden om homeopati, men det \u00e4r i sj\u00e4lva verket v\u00e4ldigt f\u00e5 som har haft tillf\u00e4lle att sj\u00e4lva l\u00e4sa de fakta som finns kring homeopatisk forskning.<\/p>\n<p>H\u00e4r tar vi de vanligast f\u00f6rekommande p\u00e5st\u00e5enden om homeopati och ser hur sanna de \u00e4r enligt den vetenskapliga evidens vi har i nul\u00e4get.<\/p>\n<div class=\"icon-text-listing\">\n<div class=\"icon-text-listing-image\">\n<p><a href=\"https:\/\/www.hri-research.org\/sv\/homeopathy-faqs\/vetenskapliga-bevis-for-homeopati\/\" target=\"_blank\" rel=\"noopener noreferrer\"><img loading=\"lazy\" decoding=\"async\" class=\"alignnone wp-image-1894\" src=\"https:\/\/www.hri-research.org\/wp-content\/uploads\/2014\/09\/1-Theres-no-evidence_shutterstock_157506920-cropped.jpg\" alt=\"1-There's no evidence_shutterstock_157506920 cropped\" width=\"150\" height=\"114\" srcset=\"https:\/\/www.hri-research.org\/wp-content\/uploads\/2014\/09\/1-Theres-no-evidence_shutterstock_157506920-cropped.jpg 236w, https:\/\/www.hri-research.org\/wp-content\/uploads\/2014\/09\/1-Theres-no-evidence_shutterstock_157506920-cropped-98x74.jpg 98w, https:\/\/www.hri-research.org\/wp-content\/uploads\/2014\/09\/1-Theres-no-evidence_shutterstock_157506920-cropped-198x151.jpg 198w, https:\/\/www.hri-research.org\/wp-content\/uploads\/2014\/09\/1-Theres-no-evidence_shutterstock_157506920-cropped-158x120.jpg 158w, https:\/\/www.hri-research.org\/wp-content\/uploads\/2014\/09\/1-Theres-no-evidence_shutterstock_157506920-cropped-160x122.jpg 160w\" sizes=\"auto, (max-width: 150px) 100vw, 150px\" \/><\/a><\/p>\n<\/div>\n<div class=\"icon-text-listing-text\">\n<p>&nbsp;<\/p>\n<p><a style=\"text-decoration: none; font-size: medium; line-height: normal;\" href=\"https:\/\/www.hri-research.org\/sv\/homeopathy-faqs\/vetenskapliga-bevis-for-homeopati\/\" target=\"_blank\" rel=\"noopener noreferrer\">Vilka vetenskapliga bevis finns det f\u00f6r att homeopati fungerar?<\/a><\/p>\n<\/div>\n<div class=\"clear\"><\/div><\/div>\n<div class=\"icon-text-listing\">\n<div class=\"icon-text-listing-image\">\n<p><a href=\"https:\/\/www.hri-research.org\/sv\/homeopathy-faqs\/endast-de-basta-bevisen-beaktas\/\" target=\"_blank\" rel=\"noopener noreferrer\"><img loading=\"lazy\" decoding=\"async\" class=\"alignnone wp-image-3432\" src=\"https:\/\/www.hri-research.org\/wp-content\/uploads\/2014\/09\/Best-studies-show-it-doesnt-work_213243274-300x199.jpg\" alt=\"\" width=\"150\" height=\"100\" srcset=\"https:\/\/www.hri-research.org\/wp-content\/uploads\/2014\/09\/Best-studies-show-it-doesnt-work_213243274-300x199.jpg 300w, https:\/\/www.hri-research.org\/wp-content\/uploads\/2014\/09\/Best-studies-show-it-doesnt-work_213243274-98x65.jpg 98w, https:\/\/www.hri-research.org\/wp-content\/uploads\/2014\/09\/Best-studies-show-it-doesnt-work_213243274-198x131.jpg 198w, https:\/\/www.hri-research.org\/wp-content\/uploads\/2014\/09\/Best-studies-show-it-doesnt-work_213243274-158x104.jpg 158w, https:\/\/www.hri-research.org\/wp-content\/uploads\/2014\/09\/Best-studies-show-it-doesnt-work_213243274-160x106.jpg 160w, https:\/\/www.hri-research.org\/wp-content\/uploads\/2014\/09\/Best-studies-show-it-doesnt-work_213243274.jpg 500w\" sizes=\"auto, (max-width: 150px) 100vw, 150px\" \/><\/a><\/p>\n<\/div>\n<div class=\"icon-text-listing-text\">\n<p>&nbsp;<\/p>\n<p><a style=\"text-decoration: none; font-size: medium; line-height: normal;\" href=\"https:\/\/www.hri-research.org\/sv\/homeopathy-faqs\/endast-de-basta-bevisen-beaktas\/\">Vad visar de mest h\u00f6gkvalitativa studierna inom homeopati?<\/a><\/p>\n<\/div>\n<div class=\"clear\"><\/div><\/div>\n<div class=\"icon-text-listing\">\n<div class=\"icon-text-listing-image\">\n<p><a href=\"https:\/\/www.hri-research.org\/resources\/homeopathy-faqs\/real-world-results\/\"><img loading=\"lazy\" decoding=\"async\" class=\"alignnone wp-image-28801\" src=\"https:\/\/www.hri-research.org\/wp-content\/uploads\/2023\/08\/Observational_shutterstock_326027870-small-300x200-1.jpeg\" alt=\"\" width=\"150\" height=\"100\" srcset=\"https:\/\/www.hri-research.org\/wp-content\/uploads\/2023\/08\/Observational_shutterstock_326027870-small-300x200-1.jpeg 300w, https:\/\/www.hri-research.org\/wp-content\/uploads\/2023\/08\/Observational_shutterstock_326027870-small-300x200-1-98x65.jpeg 98w, https:\/\/www.hri-research.org\/wp-content\/uploads\/2023\/08\/Observational_shutterstock_326027870-small-300x200-1-198x132.jpeg 198w, https:\/\/www.hri-research.org\/wp-content\/uploads\/2023\/08\/Observational_shutterstock_326027870-small-300x200-1-158x105.jpeg 158w, https:\/\/www.hri-research.org\/wp-content\/uploads\/2023\/08\/Observational_shutterstock_326027870-small-300x200-1-160x107.jpeg 160w\" sizes=\"auto, (max-width: 150px) 100vw, 150px\" \/><\/a><\/p>\n<\/div>\n<div class=\"icon-text-listing-text\">\n<p>&nbsp;<\/p>\n<p><a style=\"text-decoration: none; font-size: medium; line-height: normal;\" href=\"https:\/\/www.hri-research.org\/resources\/homeopathy-faqs\/real-world-results\/\">Vad kan vi l\u00e4ra oss av resultaten fr\u00e5n den \u201dverkliga v\u00e4rlden\u201d?<\/a><\/p>\n<\/div>\n<div class=\"clear\"><\/div><\/div>\n<div class=\"icon-text-listing\">\n<div class=\"icon-text-listing-image\">\n<p><a href=\"https:\/\/www.hri-research.org\/resources\/homeopathy-faqs\/how-safe-is-homeopathy\/\"><img loading=\"lazy\" decoding=\"async\" class=\"alignnone wp-image-31162\" src=\"https:\/\/www.hri-research.org\/wp-content\/uploads\/2024\/03\/safety-e1709657826953.jpg\" alt=\"\" width=\"150\" height=\"100\" srcset=\"https:\/\/www.hri-research.org\/wp-content\/uploads\/2024\/03\/safety-e1709657826953.jpg 640w, https:\/\/www.hri-research.org\/wp-content\/uploads\/2024\/03\/safety-e1709657826953-300x200.jpg 300w, https:\/\/www.hri-research.org\/wp-content\/uploads\/2024\/03\/safety-e1709657826953-98x65.jpg 98w, https:\/\/www.hri-research.org\/wp-content\/uploads\/2024\/03\/safety-e1709657826953-198x132.jpg 198w, https:\/\/www.hri-research.org\/wp-content\/uploads\/2024\/03\/safety-e1709657826953-158x105.jpg 158w, https:\/\/www.hri-research.org\/wp-content\/uploads\/2024\/03\/safety-e1709657826953-160x107.jpg 160w, https:\/\/www.hri-research.org\/wp-content\/uploads\/2024\/03\/safety-e1709657826953-520x346.jpg 520w\" sizes=\"auto, (max-width: 150px) 100vw, 150px\" \/><\/a><\/p>\n<\/div>\n<div class=\"icon-text-listing-text\">\n<p>&nbsp;<\/p>\n<p><a style=\"text-decoration: none; font-size: medium; line-height: normal;\" href=\"https:\/\/www.hri-research.org\/resources\/homeopathy-faqs\/how-safe-is-homeopathy\/\">Hur s\u00e4ker \u00e4r homeopati?<\/a><\/p>\n<\/div>\n<div class=\"clear\"><\/div><\/div>\n<div class=\"icon-text-listing\">\n<div class=\"icon-text-listing-image\">\n<p><a href=\"https:\/\/www.hri-research.org\/resources\/homeopathy-faqs\/is-homeopathic-treatment-cost-effective\/\" target=\"_blank\" rel=\"noopener\"><img loading=\"lazy\" decoding=\"async\" class=\"alignnone wp-image-4351\" src=\"https:\/\/www.hri-research.org\/wp-content\/uploads\/2015\/11\/Funding_shutterstock_261057710-small.jpg\" alt=\"\" width=\"150\" height=\"100\" srcset=\"https:\/\/www.hri-research.org\/wp-content\/uploads\/2015\/11\/Funding_shutterstock_261057710-small.jpg 2401w, https:\/\/www.hri-research.org\/wp-content\/uploads\/2015\/11\/Funding_shutterstock_261057710-small-300x200.jpg 300w, https:\/\/www.hri-research.org\/wp-content\/uploads\/2015\/11\/Funding_shutterstock_261057710-small-1024x683.jpg 1024w, https:\/\/www.hri-research.org\/wp-content\/uploads\/2015\/11\/Funding_shutterstock_261057710-small-98x65.jpg 98w, https:\/\/www.hri-research.org\/wp-content\/uploads\/2015\/11\/Funding_shutterstock_261057710-small-198x132.jpg 198w, https:\/\/www.hri-research.org\/wp-content\/uploads\/2015\/11\/Funding_shutterstock_261057710-small-158x105.jpg 158w, https:\/\/www.hri-research.org\/wp-content\/uploads\/2015\/11\/Funding_shutterstock_261057710-small-160x107.jpg 160w, https:\/\/www.hri-research.org\/wp-content\/uploads\/2015\/11\/Funding_shutterstock_261057710-small-520x347.jpg 520w\" sizes=\"auto, (max-width: 150px) 100vw, 150px\" \/><\/a><\/p>\n<\/div>\n<div class=\"icon-text-listing-text\">\n<p>&nbsp;<\/p>\n<p><a style=\"text-decoration: none; font-size: medium; line-height: normal;\" href=\"https:\/\/www.hri-research.org\/resources\/homeopathy-faqs\/is-homeopathic-treatment-cost-effective\/\">\u00c4r homeopati kostnadseffektivt?<\/a><\/p>\n<\/div>\n<div class=\"clear\"><\/div><\/div>\n<div class=\"icon-text-listing\">\n<div class=\"icon-text-listing-image\">\n<p><a href=\"https:\/\/www.hri-research.org\/sv\/homeopathy-faqs\/homeopati-jamfort-med-skolmedicin\/\" target=\"_blank\" rel=\"noopener noreferrer\"><img loading=\"lazy\" decoding=\"async\" class=\"alignnone wp-image-3258\" src=\"https:\/\/www.hri-research.org\/wp-content\/uploads\/2014\/09\/Pills_184787189-300x300.jpg\" alt=\"\" width=\"150\" height=\"150\" srcset=\"https:\/\/www.hri-research.org\/wp-content\/uploads\/2014\/09\/Pills_184787189-300x300.jpg 300w, https:\/\/www.hri-research.org\/wp-content\/uploads\/2014\/09\/Pills_184787189-150x150.jpg 150w, https:\/\/www.hri-research.org\/wp-content\/uploads\/2014\/09\/Pills_184787189-98x98.jpg 98w, https:\/\/www.hri-research.org\/wp-content\/uploads\/2014\/09\/Pills_184787189-198x198.jpg 198w, https:\/\/www.hri-research.org\/wp-content\/uploads\/2014\/09\/Pills_184787189-158x158.jpg 158w, https:\/\/www.hri-research.org\/wp-content\/uploads\/2014\/09\/Pills_184787189-160x160.jpg 160w, https:\/\/www.hri-research.org\/wp-content\/uploads\/2014\/09\/Pills_184787189.jpg 500w\" sizes=\"auto, (max-width: 150px) 100vw, 150px\" \/><\/a><\/p>\n<\/div>\n<div class=\"icon-text-listing-text\">\n<p>&nbsp;<\/p>\n<p><a style=\"text-decoration: none; font-size: medium; line-height: normal;\" href=\"https:\/\/www.hri-research.org\/sv\/homeopathy-faqs\/homeopati-jamfort-med-skolmedicin\/\" target=\"_blank\" rel=\"noopener noreferrer\">\u00c4r kvaliteten p\u00e5 homeopatiforskningen tillr\u00e4ckligt h\u00f6g f\u00f6r lita p\u00e5?<\/a><\/p>\n<\/div>\n<div class=\"clear\"><\/div><\/div>\n<div class=\"icon-text-listing\">\n<div class=\"icon-text-listing-image\">\n<p><a href=\"https:\/\/www.hri-research.org\/sv\/homeopathy-faqs\/evidensbaserad-medicin\/\" target=\"_blank\" rel=\"noopener noreferrer\"><img loading=\"lazy\" decoding=\"async\" class=\"alignnone wp-image-3260\" src=\"https:\/\/www.hri-research.org\/wp-content\/uploads\/2014\/09\/shutterstock_110154518-300x293.jpg\" alt=\"\" width=\"150\" height=\"147\" srcset=\"https:\/\/www.hri-research.org\/wp-content\/uploads\/2014\/09\/shutterstock_110154518-300x293.jpg 300w, https:\/\/www.hri-research.org\/wp-content\/uploads\/2014\/09\/shutterstock_110154518-98x95.jpg 98w, https:\/\/www.hri-research.org\/wp-content\/uploads\/2014\/09\/shutterstock_110154518-198x193.jpg 198w, https:\/\/www.hri-research.org\/wp-content\/uploads\/2014\/09\/shutterstock_110154518-158x154.jpg 158w, https:\/\/www.hri-research.org\/wp-content\/uploads\/2014\/09\/shutterstock_110154518-160x156.jpg 160w, https:\/\/www.hri-research.org\/wp-content\/uploads\/2014\/09\/shutterstock_110154518.jpg 500w\" sizes=\"auto, (max-width: 150px) 100vw, 150px\" \/><\/a><\/p>\n<\/div>\n<div class=\"icon-text-listing-text\">\n<p>&nbsp;<\/p>\n<p><a style=\"text-decoration: none; font-size: medium; line-height: normal;\" href=\"https:\/\/www.hri-research.org\/sv\/homeopathy-faqs\/evidensbaserad-medicin\/\" target=\"_blank\" rel=\"noopener noreferrer\">\u00c4r b\u00e5de skolmedicin och homeopati evidensbaserade?<\/a><\/p>\n<\/div>\n<div class=\"clear\"><\/div><\/div>\n<div class=\"icon-text-listing\">\n<div class=\"icon-text-listing-image\">\n<p><a href=\"https:\/\/www.hri-research.org\/sv\/homeopathy-faqs\/inte-bara-sockerpiller\/\" target=\"_blank\" rel=\"noopener noreferrer\"><img loading=\"lazy\" decoding=\"async\" class=\"alignnone wp-image-1677 size-thumbnail\" src=\"https:\/\/www.hri-research.org\/wp-content\/uploads\/2014\/09\/10-Homeopathy-not-science-150x150.jpg\" alt=\"\" width=\"150\" height=\"150\" \/><\/a><\/p>\n<\/div>\n<div class=\"icon-text-listing-text\">\n<p>&nbsp;<\/p>\n<p><a style=\"text-decoration: none; font-size: medium; line-height: normal;\" href=\"https:\/\/www.hri-research.org\/sv\/homeopathy-faqs\/inte-bara-sockerpiller\/\" target=\"_blank\" rel=\"noopener noreferrer\">Hur vet vi att homeopatiska l\u00e4kemedel inte bara \u00e4r \u201dsockerpiller\u201d?<\/a><\/p>\n<\/div>\n<div class=\"clear\"><\/div><\/div>\n<div class=\"icon-text-listing\">\n<div class=\"icon-text-listing-image\">\n<p><a href=\"https:\/\/www.hri-research.org\/sv\/homeopathy-faqs\/fordelar-utover-placebo\/\" target=\"_blank\" rel=\"noopener noreferrer\"><img loading=\"lazy\" decoding=\"async\" class=\"wp-image-2494 size-thumbnail alignnone\" src=\"https:\/\/www.hri-research.org\/wp-content\/uploads\/2014\/10\/5-Placebo-resized-150x150.jpg\" alt=\"\" width=\"150\" height=\"150\" \/><\/a><\/p>\n<\/div>\n<div class=\"icon-text-listing-text\">\n<p>&nbsp;<\/p>\n<p><a style=\"text-decoration: none; font-size: medium; line-height: normal;\" href=\"https:\/\/www.hri-research.org\/sv\/homeopathy-faqs\/fordelar-utover-placebo\/\" target=\"_blank\" rel=\"noopener noreferrer\">\u00c4r f\u00f6rdelarna med homeopati fler \u00e4n bara placeboeffekt?<\/a><\/p>\n<\/div>\n<div class=\"clear\"><\/div><\/div>\n<div class=\"icon-text-listing\">\n<div class=\"icon-text-listing-image\">\n<p><a href=\"https:\/\/www.hri-research.org\/sv\/homeopathy-faqs\/varfor-anser-experter-att-det-ar-mojligt\/\" target=\"_blank\" rel=\"noopener noreferrer\"><img loading=\"lazy\" decoding=\"async\" class=\"alignnone wp-image-3270\" src=\"https:\/\/www.hri-research.org\/wp-content\/uploads\/2014\/09\/Dont-know-how-it-works-300x300.jpg\" alt=\"\" width=\"150\" height=\"150\" srcset=\"https:\/\/www.hri-research.org\/wp-content\/uploads\/2014\/09\/Dont-know-how-it-works-300x300.jpg 300w, https:\/\/www.hri-research.org\/wp-content\/uploads\/2014\/09\/Dont-know-how-it-works-150x150.jpg 150w, https:\/\/www.hri-research.org\/wp-content\/uploads\/2014\/09\/Dont-know-how-it-works-98x98.jpg 98w, https:\/\/www.hri-research.org\/wp-content\/uploads\/2014\/09\/Dont-know-how-it-works-198x198.jpg 198w, https:\/\/www.hri-research.org\/wp-content\/uploads\/2014\/09\/Dont-know-how-it-works-158x158.jpg 158w, https:\/\/www.hri-research.org\/wp-content\/uploads\/2014\/09\/Dont-know-how-it-works-160x160.jpg 160w, https:\/\/www.hri-research.org\/wp-content\/uploads\/2014\/09\/Dont-know-how-it-works.jpg 500w\" sizes=\"auto, (max-width: 150px) 100vw, 150px\" \/><\/a><\/p>\n<\/div>\n<div class=\"icon-text-listing-text\">\n<p>&nbsp;<\/p>\n<p><a style=\"text-decoration: none; font-size: medium; line-height: normal;\" href=\"https:\/\/www.hri-research.org\/sv\/homeopathy-faqs\/varfor-anser-experter-att-det-ar-mojligt\/\" target=\"_blank\" rel=\"noopener noreferrer\">Varf\u00f6r anser vetenskapsexperter att homeopati \u00e4r m\u00f6jligt?<\/a><\/p>\n<\/div>\n<div class=\"clear\"><\/div><\/div>\n<div class=\"icon-text-listing\">\n<div class=\"icon-text-listing-image\">\n<p><a href=\"https:\/\/www.hri-research.org\/sv\/homeopathy-faqs\/det-gar-att-lita-pa-homeopatiforskningen\/\" target=\"_blank\" rel=\"noopener noreferrer\"><img loading=\"lazy\" decoding=\"async\" class=\"alignnone wp-image-3263\" src=\"https:\/\/www.hri-research.org\/wp-content\/uploads\/2014\/09\/Bad-research_88836238-300x270.jpg\" alt=\"\" width=\"150\" height=\"135\" srcset=\"https:\/\/www.hri-research.org\/wp-content\/uploads\/2014\/09\/Bad-research_88836238-300x270.jpg 300w, https:\/\/www.hri-research.org\/wp-content\/uploads\/2014\/09\/Bad-research_88836238-98x88.jpg 98w, https:\/\/www.hri-research.org\/wp-content\/uploads\/2014\/09\/Bad-research_88836238-198x178.jpg 198w, https:\/\/www.hri-research.org\/wp-content\/uploads\/2014\/09\/Bad-research_88836238-158x142.jpg 158w, https:\/\/www.hri-research.org\/wp-content\/uploads\/2014\/09\/Bad-research_88836238-160x144.jpg 160w, https:\/\/www.hri-research.org\/wp-content\/uploads\/2014\/09\/Bad-research_88836238.jpg 500w\" sizes=\"auto, (max-width: 150px) 100vw, 150px\" \/><\/a><\/p>\n<\/div>\n<div class=\"icon-text-listing-text\">\n<p>&nbsp;<\/p>\n<p><a style=\"text-decoration: none; font-size: medium; line-height: normal;\" href=\"https:\/\/www.hri-research.org\/sv\/homeopathy-faqs\/det-gar-att-lita-pa-homeopatiforskningen\/\" target=\"_blank\" rel=\"noopener noreferrer\">\u00c4r kvaliteten p\u00e5 homeopatiforskningen tillr\u00e4ckligt h\u00f6g f\u00f6r lita p\u00e5?<\/a><\/p>\n<\/div>\n<div class=\"clear\"><\/div><\/div>\n<div class=\"icon-text-listing\">\n<div class=\"icon-text-listing-image\">\n<p><a href=\"https:\/\/www.hri-research.org\/sv\/homeopathy-faqs\/forsok-av-hog-kvalitet\/\" target=\"_blank\" rel=\"noopener noreferrer\"><img loading=\"lazy\" decoding=\"async\" class=\"alignnone wp-image-3256\" src=\"https:\/\/www.hri-research.org\/wp-content\/uploads\/2014\/09\/Clinical-trials_112772884-300x225.jpg\" alt=\"\" width=\"150\" height=\"113\" srcset=\"https:\/\/www.hri-research.org\/wp-content\/uploads\/2014\/09\/Clinical-trials_112772884-300x225.jpg 300w, https:\/\/www.hri-research.org\/wp-content\/uploads\/2014\/09\/Clinical-trials_112772884-98x73.jpg 98w, https:\/\/www.hri-research.org\/wp-content\/uploads\/2014\/09\/Clinical-trials_112772884-198x148.jpg 198w, https:\/\/www.hri-research.org\/wp-content\/uploads\/2014\/09\/Clinical-trials_112772884-158x118.jpg 158w, https:\/\/www.hri-research.org\/wp-content\/uploads\/2014\/09\/Clinical-trials_112772884-160x120.jpg 160w, https:\/\/www.hri-research.org\/wp-content\/uploads\/2014\/09\/Clinical-trials_112772884.jpg 500w\" sizes=\"auto, (max-width: 150px) 100vw, 150px\" \/><\/a><\/p>\n<\/div>\n<div class=\"icon-text-listing-text\">\n<p>&nbsp;<\/p>\n<p><a style=\"text-decoration: none; font-size: medium; line-height: normal;\" href=\"https:\/\/www.hri-research.org\/sv\/homeopathy-faqs\/forsok-av-hog-kvalitet\/\" target=\"_blank\" rel=\"noopener noreferrer\">Finns det h\u00f6gkvalitativa studier som visar att homeopati fungerar?<\/a><\/p>\n<\/div>\n<div class=\"clear\"><\/div><\/div>\n<p>&nbsp;<\/p>\n<div class=\"icon-text-listing\">\n<div class=\"icon-text-listing-image\">\n<p><a href=\"https:\/\/www.hri-research.org\/sv\/homeopathy-faqs\/liknande-botar-liknande\/\" target=\"_blank\" rel=\"noopener noreferrer\"><img loading=\"lazy\" decoding=\"async\" class=\"alignnone wp-image-1901\" src=\"https:\/\/www.hri-research.org\/wp-content\/uploads\/2014\/09\/9-Like-cures-like_shutterstock_197767424-300x200.jpg\" alt=\"9-Like cures like_shutterstock_197767424\" width=\"150\" height=\"100\" srcset=\"https:\/\/www.hri-research.org\/wp-content\/uploads\/2014\/09\/9-Like-cures-like_shutterstock_197767424-300x200.jpg 300w, https:\/\/www.hri-research.org\/wp-content\/uploads\/2014\/09\/9-Like-cures-like_shutterstock_197767424-98x65.jpg 98w, https:\/\/www.hri-research.org\/wp-content\/uploads\/2014\/09\/9-Like-cures-like_shutterstock_197767424-198x132.jpg 198w, https:\/\/www.hri-research.org\/wp-content\/uploads\/2014\/09\/9-Like-cures-like_shutterstock_197767424-158x105.jpg 158w, https:\/\/www.hri-research.org\/wp-content\/uploads\/2014\/09\/9-Like-cures-like_shutterstock_197767424-160x106.jpg 160w, https:\/\/www.hri-research.org\/wp-content\/uploads\/2014\/09\/9-Like-cures-like_shutterstock_197767424-520x346.jpg 520w, https:\/\/www.hri-research.org\/wp-content\/uploads\/2014\/09\/9-Like-cures-like_shutterstock_197767424.jpg 1000w\" sizes=\"auto, (max-width: 150px) 100vw, 150px\" \/><\/a><\/p>\n<\/div>\n<div class=\"icon-text-listing-text\">\n<p>&nbsp;<\/p>\n<p><a style=\"text-decoration: none; font-size: medium; line-height: normal;\" href=\"https:\/\/www.hri-research.org\/sv\/homeopathy-faqs\/liknande-botar-liknande\/\" target=\"_blank\" rel=\"noopener noreferrer\">Hur kan det homeopatiska konceptet \u201dliknande botar liknande\u201d st\u00e4mma?<\/a><\/p>\n<\/div>\n<div class=\"clear\"><\/div><\/div>\n<div class=\"icon-text-listing\">\n<div class=\"icon-text-listing-image\">\n<p><a href=\"https:\/\/www.hri-research.org\/sv\/homeopathy-faqs\/att-forsta-hur-det-fungerar\/\" target=\"_blank\" rel=\"noopener noreferrer\"><img loading=\"lazy\" decoding=\"async\" class=\"alignnone wp-image-3261\" src=\"https:\/\/www.hri-research.org\/wp-content\/uploads\/2014\/09\/Gears_102272059-smaller-300x200.jpeg\" alt=\"\" width=\"150\" height=\"100\" srcset=\"https:\/\/www.hri-research.org\/wp-content\/uploads\/2014\/09\/Gears_102272059-smaller-300x200.jpeg 300w, https:\/\/www.hri-research.org\/wp-content\/uploads\/2014\/09\/Gears_102272059-smaller-98x65.jpeg 98w, https:\/\/www.hri-research.org\/wp-content\/uploads\/2014\/09\/Gears_102272059-smaller-198x132.jpeg 198w, https:\/\/www.hri-research.org\/wp-content\/uploads\/2014\/09\/Gears_102272059-smaller-158x105.jpeg 158w, https:\/\/www.hri-research.org\/wp-content\/uploads\/2014\/09\/Gears_102272059-smaller-160x106.jpeg 160w, https:\/\/www.hri-research.org\/wp-content\/uploads\/2014\/09\/Gears_102272059-smaller-520x346.jpeg 520w, https:\/\/www.hri-research.org\/wp-content\/uploads\/2014\/09\/Gears_102272059-smaller.jpeg 591w\" sizes=\"auto, (max-width: 150px) 100vw, 150px\" \/><\/a><\/p>\n<\/div>\n<div class=\"icon-text-listing-text\">\n<p>&nbsp;<\/p>\n<p><a style=\"text-decoration: none; font-size: medium; line-height: normal;\" href=\"https:\/\/www.hri-research.org\/sv\/homeopathy-faqs\/att-forsta-hur-det-fungerar\/\" target=\"_blank\" rel=\"noopener noreferrer\">Kan man anv\u00e4nda homeopatiska l\u00e4kemedel utan att veta hur de fungerar?<\/a><\/p>\n<\/div>\n<div class=\"clear\"><\/div><\/div>\n<p>&nbsp;<\/p>\n<div class=\"icon-text-listing\">\n<div class=\"icon-text-listing-image\">\n<p><a href=\"https:\/\/www.hri-research.org\/sv\/homeopathy-faqs\/homeopati-ar-riktig-vetenskap\/\" target=\"_blank\" rel=\"noopener noreferrer\"><img loading=\"lazy\" decoding=\"async\" class=\"alignnone wp-image-1900 size-thumbnail\" src=\"https:\/\/www.hri-research.org\/wp-content\/uploads\/2014\/09\/8-Homeopathy-research-is-poor-quality-resized-150x150.jpeg\" alt=\"\" width=\"150\" height=\"150\" \/><\/a><\/p>\n<\/div>\n<div class=\"icon-text-listing-text\">\n<p>&nbsp;<\/p>\n<p><a style=\"text-decoration: none; font-size: medium; line-height: normal;\" href=\"https:\/\/www.hri-research.org\/sv\/homeopathy-faqs\/homeopati-ar-riktig-vetenskap\/\">Homeopati \u00e4r \u201driktig vetenskap\u201d<\/a><\/p>\n<\/div>\n<div class=\"clear\"><\/div><\/div>\n","protected":false},"excerpt":{"rendered":"<p>Homeopati \u00e4r kontroversiell. Offentliga personer alltifr\u00e5n politiker till komiker g\u00f6r regelbundet starka uttalanden om homeopati, men det \u00e4r i sj\u00e4lva verket v\u00e4ldigt f\u00e5 som har haft tillf\u00e4lle att sj\u00e4lva l\u00e4sa de fakta som finns kring homeopatisk forskning. H\u00e4r tar vi de vanligast f\u00f6rekommande p\u00e5st\u00e5enden om homeopati och ser hur sanna de \u00e4r enligt den vetenskapliga [&hellip;]<\/p>\n","protected":false},"author":4,"featured_media":21103,"parent":0,"menu_order":0,"comment_status":"closed","ping_status":"closed","template":"page-translated-faq.php","meta":{"footnotes":""},"class_list":["post-9313","page","type-page","status-publish","has-post-thumbnail","hentry"],"jetpack_sharing_enabled":true,"_links":{"self":[{"href":"https:\/\/www.hri-research.org\/sv\/wp-json\/wp\/v2\/pages\/9313","targetHints":{"allow":["GET"]}}],"collection":[{"href":"https:\/\/www.hri-research.org\/sv\/wp-json\/wp\/v2\/pages"}],"about":[{"href":"https:\/\/www.hri-research.org\/sv\/wp-json\/wp\/v2\/types\/page"}],"author":[{"embeddable":true,"href":"https:\/\/www.hri-research.org\/sv\/wp-json\/wp\/v2\/users\/4"}],"replies":[{"embeddable":true,"href":"https:\/\/www.hri-research.org\/sv\/wp-json\/wp\/v2\/comments?post=9313"}],"version-history":[{"count":0,"href":"https:\/\/www.hri-research.org\/sv\/wp-json\/wp\/v2\/pages\/9313\/revisions"}],"wp:featuredmedia":[{"embeddable":true,"href":"https:\/\/www.hri-research.org\/sv\/wp-json\/wp\/v2\/media\/21103"}],"wp:attachment":[{"href":"https:\/\/www.hri-research.org\/sv\/wp-json\/wp\/v2\/media?parent=9313"}],"curies":[{"name":"wp","href":"https:\/\/api.w.org\/{rel}","templated":true}]}}