{"id":8636,"date":"2014-08-11T16:26:48","date_gmt":"2014-08-11T16:26:48","guid":{"rendered":"https:\/\/www.hri-research.org\/homeopathy-faqs\/homeopathy-is-not-science\/"},"modified":"2022-02-16T14:30:49","modified_gmt":"2022-02-16T14:30:49","slug":"homeopatia-e-ciencia-real","status":"publish","type":"page","link":"https:\/\/www.hri-research.org\/pt-br\/homeopathy-faqs\/homeopatia-e-ciencia-real\/","title":{"rendered":"Homeopatia \u00e9 &#8216;ci\u00eancia real&#8217;"},"content":{"rendered":"<p>H\u00e1 cr\u00edticos que alegam que a homeopatia \u00e9 \u201cpseudoci\u00eancia\u201d e apenas os\u00a0\u201cn\u00e3o-cientistas\u201d est\u00e3o interessados no assunto.<\/p>\n<p>De fato, cientistas de universidades, institui\u00e7\u00f5es de pesquisa e hospitais altamente respeitados em todo o mundo est\u00e3o desenvolvendo pesquisa em homeopatia usando as mesmas t\u00e9cnicas de pesquisa usadas para investigar tratamentos m\u00e9dicos convencionais.<\/p>\n<p>A pesquisa em homeopatia \u00e9 um campo relativamente novo, mas o n\u00famero de artigos publicados em peri\u00f3dicos revisdos por especialistas aumentou significativamente nos \u00faltimos 40 anos.<\/p>\n<p>Essa desfasagem com rela\u00e7\u00e3o \u00e0 medicina convencional n\u00e3o surpreende se considerarmos a falta de recursos dispon\u00edveis. No Reino Unido, por exemplo, menos de 0,0085% do or\u00e7amento de pesquisas m\u00e9dicas \u00e9 gasto em trabalhos em medicina complementar e alternativa<sup><a title=\"Lewith G, BMJ 2007\" href=\"http:\/\/www.ncbi.nlm.nih.gov\/pmc\/articles\/PMC2071985\/pdf\/bmj-335-7627-ltr-00951.pdf\">1<\/a><\/sup>.<\/p>\n<div class=\"highlight-box accent-border\">\n<p><img loading=\"lazy\" decoding=\"async\" class=\"alignnone wp-image-8637\" src=\"https:\/\/www.hri-research.org\/wp-content\/uploads\/2014\/08\/pt-br-chart5-520x290.png\" alt=\"\" width=\"449\" height=\"251\" srcset=\"https:\/\/www.hri-research.org\/wp-content\/uploads\/2014\/08\/pt-br-chart5-520x290.png 520w, https:\/\/www.hri-research.org\/wp-content\/uploads\/2014\/08\/pt-br-chart5-300x168.png 300w, https:\/\/www.hri-research.org\/wp-content\/uploads\/2014\/08\/pt-br-chart5-768x429.png 768w, https:\/\/www.hri-research.org\/wp-content\/uploads\/2014\/08\/pt-br-chart5-1024x572.png 1024w, https:\/\/www.hri-research.org\/wp-content\/uploads\/2014\/08\/pt-br-chart5-98x55.png 98w, https:\/\/www.hri-research.org\/wp-content\/uploads\/2014\/08\/pt-br-chart5-198x111.png 198w, https:\/\/www.hri-research.org\/wp-content\/uploads\/2014\/08\/pt-br-chart5-158x88.png 158w, https:\/\/www.hri-research.org\/wp-content\/uploads\/2014\/08\/pt-br-chart5-160x89.png 160w, https:\/\/www.hri-research.org\/wp-content\/uploads\/2014\/08\/pt-br-chart5.png 1198w\" sizes=\"auto, (max-width: 449px) 100vw, 449px\" \/><\/p>\n<\/div>\n<h3>Confer\u00eancias Internacionais de Pesquisa<\/h3>\n<h4><span class=\"no-underline\"><a href=\"http:\/\/www.hribarcelona2013.org\" target=\"_blank\" rel=\"noopener noreferrer\">HRI Barcelona 2013 \u2013 Pesquisas de Vanguarda em Homeopatia<\/a><\/span><\/h4>\n<div class=\"icon-text-listing\">\n<div class=\"icon-text-listing-image\">\n<p><a href=\"http:\/\/www.hribarcelona2013.org\"><img loading=\"lazy\" decoding=\"async\" class=\"alignnone wp-image-745\" src=\"https:\/\/www.hri-research.org\/wp-content\/uploads\/2013\/05\/logo_med.jpg\" alt=\"\" width=\"150\" height=\"135\" srcset=\"https:\/\/www.hri-research.org\/wp-content\/uploads\/2013\/05\/logo_med.jpg 300w, https:\/\/www.hri-research.org\/wp-content\/uploads\/2013\/05\/logo_med-98x88.jpg 98w, https:\/\/www.hri-research.org\/wp-content\/uploads\/2013\/05\/logo_med-198x178.jpg 198w, https:\/\/www.hri-research.org\/wp-content\/uploads\/2013\/05\/logo_med-158x142.jpg 158w\" sizes=\"auto, (max-width: 150px) 100vw, 150px\" \/><\/a><\/p>\n<\/div>\n<div class=\"icon-text-listing-text\">\n<p>O primeiro Congresso Internacional de Pesquisas em Homeopatia do HRI foi realizado em Barcelona em 2013. O programa incluiu apresenta\u00e7\u00f5es de <strong>cinco professores e 50 m\u00e9dicos (PhDs ou pesquisadores) <\/strong>de mais de 20 pa\u00edses, abrangendo pesquisas cl\u00ednicas, experimentais e veterin\u00e1rias. Resumos, apresenta\u00e7\u00f5es filmadas e o relat\u00f3rio do congresso podem ser vistos em <a href=\"http:\/\/www.hribarcelona2013.org\" target=\"_blank\" rel=\"noopener noreferrer\">http:\/\/www.hribarcelona2013.org.<\/a><\/p>\n<\/div>\n<div class=\"clear\"><\/div><\/div>\n<h4><span class=\"no-underline\"><a href=\"http:\/\/www.HRIRome2015.org\" target=\"_blank\" rel=\"noopener noreferrer\">HRI Roma 2015 \u2013 Pesquisas de Vanguarda em Homeopatia<\/a><\/span><\/h4>\n<div class=\"icon-text-listing\">\n<div class=\"icon-text-listing-image\">\n<p><a href=\"http:\/\/www.HRIRome2015.org\"><img loading=\"lazy\" decoding=\"async\" class=\"alignnone wp-image-1108\" src=\"https:\/\/www.hri-research.org\/wp-content\/uploads\/2014\/07\/rome_Logo_White.jpg\" alt=\"\" width=\"150\" height=\"209\" srcset=\"https:\/\/www.hri-research.org\/wp-content\/uploads\/2014\/07\/rome_Logo_White.jpg 160w, https:\/\/www.hri-research.org\/wp-content\/uploads\/2014\/07\/rome_Logo_White-98x136.jpg 98w, https:\/\/www.hri-research.org\/wp-content\/uploads\/2014\/07\/rome_Logo_White-158x220.jpg 158w\" sizes=\"auto, (max-width: 150px) 100vw, 150px\" \/><\/a><\/p>\n<\/div>\n<div class=\"icon-text-listing-text\">\nO segundo Congresso Internacional de Pesquisas do HRI, realizado em Roma de 5 a 7 de junho de 2015, deu continuidade \u00e0 tem\u00e1tica das Pesquisas de Vanguarda. O programa incluiu apresenta\u00e7\u00f5es sobre pesquisas cl\u00ednicas, fundamentais e b\u00e1sica de <strong>seis professores e 28 m\u00e9dicos <\/strong>(PhDs ou pesquisadores) de 17 pa\u00edses. Os resumos, apresenta\u00e7\u00f5es filmadas e relat\u00f3rio podem ser vistos em <a href=\"http:\/\/www.hrirome2015.org\" target=\"_blank\" rel=\"noopener noreferrer\">http:\/\/www.hrirome2015.org<\/a>.<\/p>\n<\/div>\n<div class=\"clear\"><\/div><\/div>\n<h4><a href=\"https:\/\/hrimalta2017.org\" target=\"_blank\" rel=\"noopener noreferrer\"><span class=\"no-underline\">HRI Malta 2017 &#8211; <\/span><span class=\"no-underline\">Pesquisas de Vanguarda em Homeopatia<\/span><\/a><\/h4>\n<h4><\/h4>\n<div class=\"icon-text-listing\">\n<div class=\"icon-text-listing-image\">\n<p><a href=\"https:\/\/hrimalta2017.org\" target=\"_blank\" rel=\"noopener noreferrer\"><img loading=\"lazy\" decoding=\"async\" class=\"size-medium wp-image-7776 alignleft\" src=\"https:\/\/www.hri-research.org\/wp-content\/uploads\/2016\/12\/HRI-Malta-Secondary-Logo-221x300.jpg\" alt=\"\" width=\"150\" height=\"209\" \/><\/a><\/p>\n<\/div><div class=\"icon-text-listing-text\">\nO terceiro Congresso Internacional de Pesquisas do HRI, realizado em Malta de 9 a 11 de junho de 2017, deu continuidade \u00e0 tem\u00e1tica das Pesquisas de Vanguarda. O programa incluiu apresenta\u00e7\u00f5es sobre pesquisas cl\u00ednicas, fundamentais e b\u00e1sica de <strong>quatro professores e 28 m\u00e9dicos <\/strong>(PhDs ou pesquisadores) de 18 pa\u00edses. Os resumos, apresenta\u00e7\u00f5es filmadas e relat\u00f3rio podem ser vistos em <a href=\"http:\/\/www.hrimalta2017.org\" target=\"_blank\" rel=\"noopener noreferrer\">www.HRIMalta2017.org<\/a>.<\/div><div class=\"clear\"><\/div><\/div>\n<h4><span class=\"no-underline\"><a href=\"https:\/\/hrilondon2019.org\"><strong>HRI Londres 2019 &#8211; Pesquisas de Vanguarda em Homeopatia<\/strong><\/a><\/span><\/h4>\n<p><div class=\"icon-text-listing\"><div class=\"clear\"><\/div><\/div><div class=\"icon-text-listing-image\">\n<p><a href=\"http:\/\/www.hrilondon2019.org\" target=\"_blank\" rel=\"noopener noreferrer\"><img loading=\"lazy\" decoding=\"async\" class=\"alignnone wp-image-9632 size-right_sidebar_thumb\" src=\"https:\/\/www.hri-research.org\/wp-content\/uploads\/2018\/04\/HRI_LONDON_LOGO-160x204.jpg\" alt=\"\" width=\"160\" height=\"204\" srcset=\"https:\/\/www.hri-research.org\/wp-content\/uploads\/2018\/04\/HRI_LONDON_LOGO-160x204.jpg 160w, https:\/\/www.hri-research.org\/wp-content\/uploads\/2018\/04\/HRI_LONDON_LOGO-235x300.jpg 235w, https:\/\/www.hri-research.org\/wp-content\/uploads\/2018\/04\/HRI_LONDON_LOGO-98x125.jpg 98w, https:\/\/www.hri-research.org\/wp-content\/uploads\/2018\/04\/HRI_LONDON_LOGO-198x253.jpg 198w, https:\/\/www.hri-research.org\/wp-content\/uploads\/2018\/04\/HRI_LONDON_LOGO-158x202.jpg 158w, https:\/\/www.hri-research.org\/wp-content\/uploads\/2018\/04\/HRI_LONDON_LOGO.jpg 500w\" sizes=\"auto, (max-width: 160px) 100vw, 160px\" \/><\/a><\/p>\n<\/div><br \/>\n<div class=\"icon-text-listing-text\"><\/div>O terceiro Congresso Internacional de Pesquisas do HRI, realizado em Londres de 14 a 16 de junho de 2019, deu continuidade \u00e0 tem\u00e1tica das Pesquisas de Vanguarda. Os resumos, apresenta\u00e7\u00f5es filmadas e relat\u00f3rio podem ser vistos em\u00a0<a href=\"https:\/\/hrilondon2019.org\" target=\"_blank\" rel=\"noopener noreferrer\">www.HRILondon2019.org<\/a>.<\/p>\n<h3>Ent\u00e3o de que forma a homeopatia \u00e9 \u201cn\u00e3o cient\u00edfica\u201d?<\/h3>\n<p>Cientistas altamente qualificados de institui\u00e7\u00f5es respeitadas continuam realizando pesquisas b\u00e1sicas, cl\u00ednicas e veterin\u00e1rias de alta qualidade em homeopatia e publicam seus resultados na literatura cient\u00edfica revisada por especialistas. Portanto, a base para o argumento de que \u00e9 uma \u201cpseudoci\u00eancia\u201d \u00e9 de que n\u00e3o sabemos como a homeopatia funciona.<\/p>\n<p>Em geral, quando \u00e9 observado um fen\u00f4meno que n\u00e3o pode ser explicado pelo que a \u201cci\u00eancia\u201d j\u00e1 conhece, ele desencadeia investiga\u00e7\u00f5es cient\u00edficas in\u00e9ditas \u2013 e n\u00e3o \u00e9 descartado como \u201cn\u00e3o cient\u00edfico\u201d apenas porque ainda precisa ser compreendido.<\/p>\n<p><a href=\"#\" class=\"expand-content button accent-bg\" id=\"69f8adef327ae\"><span class=\"expand-content-more\">Refer\u00eancias<\/span><span class=\"expand-content-less\">Menos<\/span><\/a><\/p><div class=\"collapse-content\" id=\"panel-69f8adef327ae\">\n<ol>\n<li>Lewith GT.Funding for CAM. <em>BMJ<\/em>., 2007;\u00a0<strong>335<\/strong>(7627):951. | <a title=\"Lewith G. BMJ 2007\" href=\"https:\/\/www.ncbi.nlm.nih.gov\/pmc\/articles\/PMC2071985\/pdf\/bmj-335-7627-ltr-00951.pdf\">Link<\/a><\/li>\n<\/ol>\n<\/div><!-- pt-br -->\n<p><a href=\"https:\/\/www.hri-research.org\/pt-br\/resources\/homeopathy-faqs\/\">Voltar \u00e0s FAQs sobre homeopatia<\/a><\/p>\n","protected":false},"excerpt":{"rendered":"<p>H\u00e1 cr\u00edticos que alegam que a homeopatia \u00e9 \u201cpseudoci\u00eancia\u201d e apenas os\u00a0\u201cn\u00e3o-cientistas\u201d est\u00e3o interessados no assunto. De fato, cientistas de universidades, institui\u00e7\u00f5es de pesquisa e hospitais altamente respeitados em todo o mundo est\u00e3o desenvolvendo pesquisa em homeopatia usando as mesmas t\u00e9cnicas de pesquisa usadas para investigar tratamentos m\u00e9dicos convencionais. A pesquisa em homeopatia \u00e9 um [&hellip;]<\/p>\n","protected":false},"author":1,"featured_media":0,"parent":8581,"menu_order":14,"comment_status":"closed","ping_status":"closed","template":"page-translated-faq.php","meta":{"footnotes":""},"class_list":["post-8636","page","type-page","status-publish","hentry"],"jetpack_sharing_enabled":true,"_links":{"self":[{"href":"https:\/\/www.hri-research.org\/pt-br\/wp-json\/wp\/v2\/pages\/8636","targetHints":{"allow":["GET"]}}],"collection":[{"href":"https:\/\/www.hri-research.org\/pt-br\/wp-json\/wp\/v2\/pages"}],"about":[{"href":"https:\/\/www.hri-research.org\/pt-br\/wp-json\/wp\/v2\/types\/page"}],"author":[{"embeddable":true,"href":"https:\/\/www.hri-research.org\/pt-br\/wp-json\/wp\/v2\/users\/1"}],"replies":[{"embeddable":true,"href":"https:\/\/www.hri-research.org\/pt-br\/wp-json\/wp\/v2\/comments?post=8636"}],"version-history":[{"count":0,"href":"https:\/\/www.hri-research.org\/pt-br\/wp-json\/wp\/v2\/pages\/8636\/revisions"}],"up":[{"embeddable":true,"href":"https:\/\/www.hri-research.org\/pt-br\/wp-json\/wp\/v2\/pages\/8581"}],"wp:attachment":[{"href":"https:\/\/www.hri-research.org\/pt-br\/wp-json\/wp\/v2\/media?parent=8636"}],"curies":[{"name":"wp","href":"https:\/\/api.w.org\/{rel}","templated":true}]}}