{"id":8632,"date":"2014-09-24T09:41:58","date_gmt":"2014-09-24T09:41:58","guid":{"rendered":"https:\/\/www.hri-research.org\/homeopathy-faqs\/conventional-medicine-is-proven-homeopathy-isnt\/"},"modified":"2022-02-16T14:41:42","modified_gmt":"2022-02-16T14:41:42","slug":"medicina-baseada-em-evidencias","status":"publish","type":"page","link":"https:\/\/www.hri-research.org\/pt-br\/homeopathy-faqs\/medicina-baseada-em-evidencias\/","title":{"rendered":"A medicina convencional e a homeopatia s\u00e3o baseadas em evid\u00eancias?"},"content":{"rendered":"<p><em>Quer estejamos discutindo medicina convencional ou homeop\u00e1tica, a ci\u00eancia ainda \u00e9 uma \u00e1rea mais nebulosa do que gostar\u00edamos que fosse. Um artigo na prestigiada British Medical Journal (BMJ)<\/em><sup><a href=\"http:\/\/www.ncbi.nlm.nih.gov\/pubmed\/17991940\" target=\"_blank\" rel=\"noopener\">1<\/a><\/sup> analisando as evid\u00eancias cient\u00edficas embasando os tratamentos do <a href=\"#\" class=\"definition\" title=\"Servi\u00e7o Nacional de Sa\u00fade, o sistema nacional de sa\u00fade da Gr\u00e3-Bretanha e Irlanda do Norte\">NHS<\/a> constatou que <strong>50<\/strong><strong>% dos tratamentos comumente usados do NHS t\u00eam efic\u00e1cia desconhecida<\/strong>, e apenas 11% s\u00e3o reconhecidamente ben\u00e9ficos:<\/p>\n<div class=\"highlight-box accent-border\">\n<p><img loading=\"lazy\" decoding=\"async\" class=\"alignnone wp-image-20957\" src=\"https:\/\/www.hri-research.org\/wp-content\/uploads\/2022\/02\/HRI-Pie-charts-figures-1-5-BP-e1644577807761-520x339.png\" alt=\"\" width=\"490\" height=\"320\" srcset=\"https:\/\/www.hri-research.org\/wp-content\/uploads\/2022\/02\/HRI-Pie-charts-figures-1-5-BP-e1644577807761-520x339.png 520w, https:\/\/www.hri-research.org\/wp-content\/uploads\/2022\/02\/HRI-Pie-charts-figures-1-5-BP-e1644577807761-300x196.png 300w, https:\/\/www.hri-research.org\/wp-content\/uploads\/2022\/02\/HRI-Pie-charts-figures-1-5-BP-e1644577807761-768x501.png 768w, https:\/\/www.hri-research.org\/wp-content\/uploads\/2022\/02\/HRI-Pie-charts-figures-1-5-BP-e1644577807761-98x64.png 98w, https:\/\/www.hri-research.org\/wp-content\/uploads\/2022\/02\/HRI-Pie-charts-figures-1-5-BP-e1644577807761-198x129.png 198w, https:\/\/www.hri-research.org\/wp-content\/uploads\/2022\/02\/HRI-Pie-charts-figures-1-5-BP-e1644577807761-158x103.png 158w, https:\/\/www.hri-research.org\/wp-content\/uploads\/2022\/02\/HRI-Pie-charts-figures-1-5-BP-e1644577807761-160x104.png 160w, https:\/\/www.hri-research.org\/wp-content\/uploads\/2022\/02\/HRI-Pie-charts-figures-1-5-BP-e1644577807761.png 828w\" sizes=\"auto, (max-width: 490px) 100vw, 490px\" \/><\/p>\n<\/div>\n<p>&nbsp;<\/p>\n<p>O volume de pesquisas desenvolvido em medicina convencional \u00e9 vasto em compara\u00e7\u00e3o com o campo relativamente novo da homeopatia, mas quando observamos o equil\u00edbrio de evid\u00eancias entre ambas\u00a0\u2013 <a href=\"https:\/\/www.hri-research.org\/resources\/homeopathy-the-debate\/there-is-no-scientific-evidence-homeopathy-works\/\">porcentagem de testes positivos, negativos ou inconclusivos<\/a> \u2013 s\u00e3o extraordinariamente similares.<\/p>\n<p>As pesquisas devem continuar em todos os campos para ajudar autoridades p\u00fablicas, pacientes e m\u00e9dicos a tomar as melhores decis\u00f5es poss\u00edveis, mas no momento muitas decis\u00f5es n\u00e3o podem se basear em evid\u00eancias cient\u00edficas, pois n\u00e3o h\u00e1 dados suficientes.<\/p>\n<p><em style=\"line-height: 1.5em;\">Embora haja a percep\u00e7\u00e3o de que a tomada de decis\u00f5es na medicina se baseia em evid\u00eancias, \u201c<em>os n\u00fameros sugerem que&#8230; a maioria das decis\u00f5es sobre tratamentos ainda fica a crit\u00e9rio individual dos m\u00e9dicos e pacientes\u201d<\/em><\/em><sup style=\"line-height: 1.5em;\"><a title=\"Garrow JS BMJ 2007 335:951\" href=\"http:\/\/www.ncbi.nlm.nih.gov\/pubmed\/17991940\">1<\/a><\/sup>.<\/p>\n<p><a href=\"#\" class=\"expand-content button accent-bg\" id=\"69d132bd2962f\"><span class=\"expand-content-more\">Refer\u00eancias<\/span><span class=\"expand-content-less\">Menos<\/span><\/a><\/p><div class=\"collapse-content\" id=\"panel-69d132bd2962f\">\n<ol>\n<li>Garrow\u00a0J S. What to do about CAM? How much of orthodox medicine is evidence based?\u00a0<em>BMJ,<\/em> 2007;\u00a0<strong>335<\/strong>: 951 | <a href=\"http:\/\/www.ncbi.nlm.nih.gov\/pubmed\/17991940\">PubMed<\/a><\/li>\n<\/ol>\n<\/div><!-- pt-br -->\n<h3><\/h3>\n<p><a href=\"https:\/\/www.hri-research.org\/pt-br\/resources\/homeopathy-faqs\/\">Voltar \u00e0s FAQs sobre homeopatia<\/a><\/p>\n<p>&nbsp;<\/p>\n","protected":false},"excerpt":{"rendered":"<p>Quer estejamos discutindo medicina convencional ou homeop\u00e1tica, a ci\u00eancia ainda \u00e9 uma \u00e1rea mais nebulosa do que gostar\u00edamos que fosse. Um artigo na prestigiada British Medical Journal (BMJ)1 analisando as evid\u00eancias cient\u00edficas embasando os tratamentos do constatou que 50% dos tratamentos comumente usados do NHS t\u00eam efic\u00e1cia desconhecida, e apenas 11% s\u00e3o reconhecidamente ben\u00e9ficos: &nbsp; [&hellip;]<\/p>\n","protected":false},"author":4,"featured_media":0,"parent":8581,"menu_order":13,"comment_status":"closed","ping_status":"closed","template":"page-translated-faq.php","meta":{"footnotes":""},"class_list":["post-8632","page","type-page","status-publish","hentry"],"jetpack_sharing_enabled":true,"_links":{"self":[{"href":"https:\/\/www.hri-research.org\/pt-br\/wp-json\/wp\/v2\/pages\/8632","targetHints":{"allow":["GET"]}}],"collection":[{"href":"https:\/\/www.hri-research.org\/pt-br\/wp-json\/wp\/v2\/pages"}],"about":[{"href":"https:\/\/www.hri-research.org\/pt-br\/wp-json\/wp\/v2\/types\/page"}],"author":[{"embeddable":true,"href":"https:\/\/www.hri-research.org\/pt-br\/wp-json\/wp\/v2\/users\/4"}],"replies":[{"embeddable":true,"href":"https:\/\/www.hri-research.org\/pt-br\/wp-json\/wp\/v2\/comments?post=8632"}],"version-history":[{"count":0,"href":"https:\/\/www.hri-research.org\/pt-br\/wp-json\/wp\/v2\/pages\/8632\/revisions"}],"up":[{"embeddable":true,"href":"https:\/\/www.hri-research.org\/pt-br\/wp-json\/wp\/v2\/pages\/8581"}],"wp:attachment":[{"href":"https:\/\/www.hri-research.org\/pt-br\/wp-json\/wp\/v2\/media?parent=8632"}],"curies":[{"name":"wp","href":"https:\/\/api.w.org\/{rel}","templated":true}]}}