{"id":8628,"date":"2014-09-25T14:18:39","date_gmt":"2014-09-25T14:18:39","guid":{"rendered":"https:\/\/www.hri-research.org\/homeopathy-faqs\/homeopathy-shouldnt-be-used-because-you-cant-explain-how-it-works\/"},"modified":"2022-02-16T14:30:00","modified_gmt":"2022-02-16T14:30:00","slug":"entendendo-como-funciona","status":"publish","type":"page","link":"https:\/\/www.hri-research.org\/pt-br\/homeopathy-faqs\/entendendo-como-funciona\/","title":{"rendered":"Os medicamentos homeop\u00e1ticos podem ser usados sem que saibamos como funcionam?"},"content":{"rendered":"<p><strong>Saber como um medicamento funciona nunca foi pr\u00e9-requisito para o seu uso. A aspirina (\u00e1cido acetilsalic\u00edlico) \u00e9 um dos medicamentos mais amplamente usados no mundo<\/strong><a title=\"Norn S. et al. [From willow bark to acetylsalicylic acid].[Article in Danish]. Dan Medicinhist Arbog. 2009;37:79-98\" href=\"http:\/\/www.ncbi.nlm.nih.gov\/pubmed\/20509453\" target=\"_blank\" rel=\"noopener noreferrer\"><sup>1<\/sup><\/a><strong>, e ainda assim foi usado por mais de 70 anos antes da descoberta do seu mecanismo de a\u00e7\u00e3o em 1971.<\/strong><a title=\"Bottling RM. Vane's discovery of the mechanism of action of aspirin changed our understanding of its clinical pharmacology. Pharmacol Rep. 2010; 62(3):518-25\" href=\"http:\/\/www.ncbi.nlm.nih.gov\/pubmed\/20631416\" target=\"_blank\" rel=\"noopener noreferrer\"><sup>2<\/sup><\/a>\u00a0 O medicamento ainda \u00e9 pesquisado ativamente hoje em dia, j\u00e1 que tem in\u00fameros efeitos biol\u00f3gicos que ainda n\u00e3o foram totalmente compreendidos.<\/p>\n<p><a href=\"https:\/\/www.hri-research.org\/wp-content\/uploads\/2015\/12\/Aspirin_shutterstock_244918909-e1450361898894.jpg\"><img loading=\"lazy\" decoding=\"async\" class=\"aligncenter size-page_width_image wp-image-4864\" src=\"https:\/\/www.hri-research.org\/wp-content\/uploads\/2015\/12\/Aspirin_shutterstock_244918909-520x347.jpg\" alt=\"Aspirin_shutterstock_244918909\" width=\"520\" height=\"347\" \/><\/a><a href=\"https:\/\/www.hri-research.org\/wp-content\/uploads\/2015\/12\/stock-photo-aspirin-pill-in-a-pure-blue-water-surrounded-with-air-bubbles-241436584.jpg\"><br \/>\n<\/a>Varia\u00e7\u00f5es do \u00e1cido acetilsalic\u00edlico t\u00eam sido usadas para tratar dor e febres desde \u00e9pocas remotas, come\u00e7ando com prepara\u00e7\u00f5es feitas das suas formas naturais \u2013 as folhas e a casca do salgueiro ou \u00e1lamos<a title=\"Norn S. et al. [From willow bark to acetylsalicylic acid].[Article in Danish]. Dan Medicinhist Arbog. 2009;37:79-98\" href=\"http:\/\/www.ncbi.nlm.nih.gov\/pubmed\/20509453\" target=\"_blank\" rel=\"noopener noreferrer\"><sup>1<\/sup><\/a>.<\/p>\n<p>Em 1899 uma forma sintetizada artificialmente do ingrediente ativo passou por testes cl\u00ednicos e foi lan\u00e7ado o medicamento \u201caspirina\u201d como conhecemos hoje.<\/p>\n<p>Da mesma forma, a homeopatia tem uma longa hist\u00f3ria de uso tradicional. Isso fez com que a nossa compreens\u00e3o cl\u00ednica do que os medicamentos homeop\u00e1ticos podem fazer estivesse \u00e0 frente da nossa compreens\u00e3o te\u00f3rica de como esses medicamentos t\u00eam efeito biol\u00f3gico.<\/p>\n<p>Descobrir o mecanismo de a\u00e7\u00e3o dos medicamentos homeop\u00e1ticos ser\u00e1 fascinante, e muitas equipes ao redor do mundo est\u00e3o desenvolvendo pesquisas <a href=\"https:\/\/www.hri-research.org\/resources\/homeopathy-the-debate\/essentialevidence\/experimental-research\/\">fundamentais e b\u00e1sicas<\/a> para investigar essa importante quest\u00e3o.<\/p>\n<p><span style=\"line-height: 1.5em;\"><p><a href=\"#\" class=\"expand-content button accent-bg\" id=\"69f5e3ef6c6ee\"><span class=\"expand-content-more\">Refer\u00eancias<\/span><span class=\"expand-content-less\">Menos<\/span><\/a><\/p><div class=\"collapse-content\" id=\"panel-69f5e3ef6c6ee\"><\/span><\/p>\n<p><span style=\"line-height: 1.5em;\">1. Norn S. et al. [From willow bark to acetylsalicylic acid].[Article in Danish]. <em>Dan Medicinhist Arbog<\/em>., 2009;<strong>37<\/strong>:79-98 |\u00a0<\/span><a href=\"http:\/\/www.ncbi.nlm.nih.gov\/pubmed\/20509453\" target=\"_blank\" rel=\"noopener noreferrer\">Abstract<\/a><\/p>\n<p>2. Bottling RM. Vane&#8217;s discovery of the mechanism of action of aspirin changed our understanding of its clinical pharmacology. <em>Pharmacol Rep.,<\/em> 2010; <strong>62<\/strong>(3):518-25 | <a href=\"http:\/\/www.ncbi.nlm.nih.gov\/pubmed\/20631416\" target=\"_blank\" rel=\"noopener noreferrer\">Abstract<\/a>\u00a0|\u00a0<a href=\"http:\/\/www.if-pan.krakow.pl\/pjp\/pdf\/2010\/3_518.pdf\" target=\"_blank\" rel=\"noopener noreferrer\">Full text<\/a><\/p>\n<\/div><!-- pt-br --><\/p>\n<p><a href=\"https:\/\/www.hri-research.org\/pt-br\/resources\/homeopathy-faqs\/\">Voltar \u00e0s FAQs sobre homeopatia<\/a><\/p>\n","protected":false},"excerpt":{"rendered":"<p>Saber como um medicamento funciona nunca foi pr\u00e9-requisito para o seu uso. A aspirina (\u00e1cido acetilsalic\u00edlico) \u00e9 um dos medicamentos mais amplamente usados no mundo1, e ainda assim foi usado por mais de 70 anos antes da descoberta do seu mecanismo de a\u00e7\u00e3o em 1971.2\u00a0 O medicamento ainda \u00e9 pesquisado ativamente hoje em dia, j\u00e1 [&hellip;]<\/p>\n","protected":false},"author":2,"featured_media":0,"parent":8581,"menu_order":12,"comment_status":"closed","ping_status":"closed","template":"page-translated-faq.php","meta":{"footnotes":""},"class_list":["post-8628","page","type-page","status-publish","hentry"],"jetpack_sharing_enabled":true,"_links":{"self":[{"href":"https:\/\/www.hri-research.org\/pt-br\/wp-json\/wp\/v2\/pages\/8628","targetHints":{"allow":["GET"]}}],"collection":[{"href":"https:\/\/www.hri-research.org\/pt-br\/wp-json\/wp\/v2\/pages"}],"about":[{"href":"https:\/\/www.hri-research.org\/pt-br\/wp-json\/wp\/v2\/types\/page"}],"author":[{"embeddable":true,"href":"https:\/\/www.hri-research.org\/pt-br\/wp-json\/wp\/v2\/users\/2"}],"replies":[{"embeddable":true,"href":"https:\/\/www.hri-research.org\/pt-br\/wp-json\/wp\/v2\/comments?post=8628"}],"version-history":[{"count":0,"href":"https:\/\/www.hri-research.org\/pt-br\/wp-json\/wp\/v2\/pages\/8628\/revisions"}],"up":[{"embeddable":true,"href":"https:\/\/www.hri-research.org\/pt-br\/wp-json\/wp\/v2\/pages\/8581"}],"wp:attachment":[{"href":"https:\/\/www.hri-research.org\/pt-br\/wp-json\/wp\/v2\/media?parent=8628"}],"curies":[{"name":"wp","href":"https:\/\/api.w.org\/{rel}","templated":true}]}}