{"id":8624,"date":"2014-08-11T16:17:10","date_gmt":"2014-08-11T16:17:10","guid":{"rendered":"https:\/\/www.hri-research.org\/homeopathy-faqs\/the-idea-of-like-cures-like-makes-no-sense\/"},"modified":"2022-02-16T14:29:29","modified_gmt":"2022-02-16T14:29:29","slug":"similar-cura-similar","status":"publish","type":"page","link":"https:\/\/www.hri-research.org\/pt-br\/homeopathy-faqs\/similar-cura-similar\/","title":{"rendered":"Como o conceito homeop\u00e1tico &#8220;similar cura similar&#8221; pode fazer sentido?"},"content":{"rendered":"<p>A homeopatia baseia-se no princ\u00edpio fundamental de que \u201csemelhante cura semelhante\u201d, isto \u00e9, uma subst\u00e2ncia que causa determinados sintomas se tomada em dosagens altas, pode ser usada, em dosagens m\u00ednimas, para tratar indiv\u00edduos que apresentem os sintomas que esta subst\u00e2ncia desencadeia em altas dosagens.<\/p>\n<p>A ideia de que uma subst\u00e2ncia possa ser prejudicial em grandes quantidades mas ben\u00e9fica em pequenas quantidades n\u00e3o \u00e9 nova para a ci\u00eancia; de fato, esse conceito\u00a0existe h\u00e1 d\u00e9cadas e est\u00e1 cada vez mais bem documentado em campos como biologia e toxicologia.<\/p>\n<p>H\u00e1 v\u00e1rios exemplos de \u201csemelhante cura semelhante\u201d na medicina convencional, como, por exemplo:<\/p>\n<ul>\n<li>O <strong>digitalis <\/strong>em dosagens altas causa <a href=\"#\" class=\"definition\" title=\"a frequ\u00eancia card\u00edaca \u00e9 irregular ou tem ritmo anormal\">arritmias<\/a>, mas esse medicamento \u00e9 usado rotineiramente em dosagens baixas para tratar essa condi\u00e7\u00e3o;<\/li>\n<li>A <strong>ritalina<\/strong>, um medicamento estimulante \u00e0 base de anfetamina, \u00e9 usado para tratar d\u00e9ficits de aten\u00e7\u00e3o;<\/li>\n<li>Pequenas dosagens de <strong>al\u00e9rgenos<\/strong>, como o p\u00f3len, s\u00e3o usadas para dessensibilizar pacientes al\u00e9rgicos.<\/li>\n<\/ul>\n<p>No entanto, uma diferen\u00e7a importante na homeopatia \u00e9 que as dosagens medicinais dadas s\u00e3o t\u00e3o pequenas que efeitos colaterais t\u00f3xicos s\u00e3o evitados.<\/p>\n<p>Medicamentos homeop\u00e1ticos de baixa pot\u00eancia (pot\u00eancias at\u00e9 12c ou 30x) conter\u00e3o mol\u00e9culas da subst\u00e2ncia original de que s\u00e3o feitos. Por essa raz\u00e3o, na maioria dos pa\u00edses, rem\u00e9dios feitos de subst\u00e2ncias t\u00f3xicas s\u00f3 est\u00e3o dispon\u00edveis em dosagens mais altas, da \u201cprimeira dilui\u00e7\u00e3o segura\u201d para cima.<\/p>\n<p>S\u00e3o as pot\u00eancias mais altas, que n\u00e3o cont\u00eam mol\u00e9culas, que s\u00e3o mais\u00a0<a title=\"\u201cN\u00e3o h\u00e1 nada ali, \u00e9 s\u00f3 \u00e1gua\u201d\" href=\"https:\/\/www.hri-research.org\/pt-br\/resources\/homeopathy-faqs\/theres-nothing-in-it-its-just-sugar-pills\/\">controversas,<\/a>\u00a0e isto acontece, enquanto n\u00e3o se entender o seu mecanismo de a\u00e7\u00e3o.<\/p>\n<p><a href=\"https:\/\/www.hri-research.org\/pt-br\/resources\/homeopathy-faqs\/\">Voltar \u00e0s FAQs sobre homeopatia<\/a><\/p>\n","protected":false},"excerpt":{"rendered":"<p>A homeopatia baseia-se no princ\u00edpio fundamental de que \u201csemelhante cura semelhante\u201d, isto \u00e9, uma subst\u00e2ncia que causa determinados sintomas se tomada em dosagens altas, pode ser usada, em dosagens m\u00ednimas, para tratar indiv\u00edduos que apresentem os sintomas que esta subst\u00e2ncia desencadeia em altas dosagens. A ideia de que uma subst\u00e2ncia possa ser prejudicial em grandes [&hellip;]<\/p>\n","protected":false},"author":1,"featured_media":0,"parent":8581,"menu_order":11,"comment_status":"closed","ping_status":"closed","template":"page-translated-faq.php","meta":{"footnotes":""},"class_list":["post-8624","page","type-page","status-publish","hentry"],"jetpack_sharing_enabled":true,"_links":{"self":[{"href":"https:\/\/www.hri-research.org\/pt-br\/wp-json\/wp\/v2\/pages\/8624","targetHints":{"allow":["GET"]}}],"collection":[{"href":"https:\/\/www.hri-research.org\/pt-br\/wp-json\/wp\/v2\/pages"}],"about":[{"href":"https:\/\/www.hri-research.org\/pt-br\/wp-json\/wp\/v2\/types\/page"}],"author":[{"embeddable":true,"href":"https:\/\/www.hri-research.org\/pt-br\/wp-json\/wp\/v2\/users\/1"}],"replies":[{"embeddable":true,"href":"https:\/\/www.hri-research.org\/pt-br\/wp-json\/wp\/v2\/comments?post=8624"}],"version-history":[{"count":0,"href":"https:\/\/www.hri-research.org\/pt-br\/wp-json\/wp\/v2\/pages\/8624\/revisions"}],"up":[{"embeddable":true,"href":"https:\/\/www.hri-research.org\/pt-br\/wp-json\/wp\/v2\/pages\/8581"}],"wp:attachment":[{"href":"https:\/\/www.hri-research.org\/pt-br\/wp-json\/wp\/v2\/media?parent=8624"}],"curies":[{"name":"wp","href":"https:\/\/api.w.org\/{rel}","templated":true}]}}