{"id":8621,"date":"2014-11-07T17:37:25","date_gmt":"2014-11-07T17:37:25","guid":{"rendered":"https:\/\/www.hri-research.org\/homeopathy-faqs\/the-best-studies-have-shown-homeopathy-doesnt-work\/"},"modified":"2022-02-16T14:29:00","modified_gmt":"2022-02-16T14:29:00","slug":"considerando-apenas-as-melhores-evidencias","status":"publish","type":"page","link":"https:\/\/www.hri-research.org\/pt-br\/homeopathy-faqs\/considerando-apenas-as-melhores-evidencias\/","title":{"rendered":"O que demonstram os estudos de mais alta qualidade em homeopatia?"},"content":{"rendered":"<p>Com \u201cmelhores estudos\u201d as pessoas geralmente querem dizer revis\u00f5es sistem\u00e1ticas abrangentes, que analisem os resultados de todos os ensaios randomizados controlados (RCTs) dispon\u00edveis sobre um dado assunto.<\/p>\n<p>Os dados mais recentes e consistentes sobre a efic\u00e1cia da homeopatia s\u00e3o os de uma metan\u00e1lise de 2014 de ensaios cl\u00ednicos randomizados, duplo-cegos e controlados por placebo, que constataram que <strong>os medicamentos homeop\u00e1ticos, quando prescritos durante tratamentos individualizados, t\u00eam de 1,5 a 2,0 vezes mais probabilidade de terem efeitos ben\u00e9ficos do que o placebo<\/strong>.<a href=\"http:\/\/www.systematicreviewsjournal.com\/content\/3\/1\/142\" target=\"_blank\" rel=\"noopener noreferrer\"><sup>1<\/sup><\/a><\/p>\n<p><a href=\"https:\/\/www.hri-research.org\/wp-content\/uploads\/2018\/02\/HRI_ResearchArticle_29_RobertsTournier_IndividualisedHomeopathyReview.pdf\" target=\"_blank\" rel=\"noopener noreferrer\">Este estudo<\/a> \u00e9 uma das \u00faltimas quatro revis\u00f5es sistem\u00e1ticas abrangentes realizadas pelo Dr. Robert Mathie\u00a0entre 2014 e 2019. Como explica o Dr. Mathie, <strong>se avaliamos todos os tipos de tratamentos homeop\u00e1ticos em conjunto, os resultados deste programa de trabalho s\u00e3o &#8220;claramente positivos&#8221; para a homeopatia<\/strong>.<\/p>\n<p>Isso reafirma a necessidade de<strong> realizar mais pesquisas<\/strong> para consolidar e atualizar a base de evid\u00eancias na homeopatia. Contudo, essas revis\u00f5es sistem\u00e1ticas e metan\u00e1lises ajudaram a identificar \u00e1reas mais promissoras, ajudando os pesquisadores a identificarem onde concentrar seus esfor\u00e7os para informar aos respons\u00e1veis pelas tomadas de decis\u00f5es e aos pacientes sobre o potencial dos tratamentos homeop\u00e1ticos.<\/p>\n<p>Para mais informa\u00e7\u00f5es sobre as \u00faltimas revis\u00f5es sistem\u00e1ticas, al\u00e9m de revis\u00f5es sistem\u00e1ticas hist\u00f3ricas sobre a homeopatia (1991 &#8211; 2005), consulte <a href=\"https:\/\/www.hri-research.org\/resources\/essentialevidence\/clinical-trials-overview\/\" target=\"_blank\" rel=\"noopener noreferrer\">Vis\u00e3o geral dos ensaios cl\u00ednicos.<\/a><\/p>\n<h3><span class=\"accent\"><strong>Se h\u00e1 cinco estudos positivos e apenas um estudo negativo, por que algumas pessoas ainda se recusam a aceitar o que as evid\u00eancias dizem?<\/strong><\/span><\/h3>\n<p>A quest\u00e3o parece ser de \u201c<a href=\"https:\/\/www.hri-research.org\/wp-content\/uploads\/2018\/02\/HRI_RIF_PLAUSIBILITY-BIAS.pdf\" target=\"_blank\" rel=\"noopener noreferrer\">vi\u00e9s de plausibilidade<\/a>\u201d, isto \u00e9, aqueles que det\u00e9m uma cren\u00e7a anterior de que a homeopatia \u00e9 imposs\u00edvel ver\u00e3o os resultados de pesquisas de modo diferente daqueles que acreditam que a homeopatia pode funcionar ou de fato funciona.<\/p>\n<p><span style=\"line-height: 1.5em;\">J\u00e1 em 1991, os autores do primeiro desses estudos importantes expressaram isso muito claramente no seu pr\u00f3prio trabalho:<sup><a title=\"Kleijnen, J., Knipschild, P. &amp; ter Riet, G. Clinical trials of homeopathy. BMJ 1991; 302: 960\" href=\"http:\/\/www.ncbi.nlm.nih.gov\/pubmed\/1825800\" target=\"_blank\" rel=\"noopener noreferrer\">2<\/a><\/sup><\/span><\/p>\n<blockquote><p><em>\u201cA quantidade de evid\u00eancias positivas mesmo entre os melhores estudos foi surpreendente para n\u00f3s. Com base nessas evid\u00eancias, estar\u00edamos preparados para aceitar que a homeopatia pode ser eficaz, desde que o mecanismo de a\u00e7\u00e3o fosse mais plaus\u00edvel\u201d.<\/em><\/p><\/blockquote>\n<p>Vale ressaltar que nenhuma das revis\u00f5es do Dr. Mathie foi aceita para inclus\u00e3o na <a href=\"https:\/\/www.hri-research.org\/resources\/homeopathy-the-debate\/the-australian-report-on-homeopathy\/\" target=\"_blank\" rel=\"noopener noreferrer\">Revis\u00e3o de estudos sobre homeopatia de 2015 do NHMRC<\/a> porque foram publicadas numa data posterior e porque n\u00e3o fornecem nenhuma prova cientificamente comprovada sobre a efic\u00e1cia dos produtos homeop\u00e1ticos em nenhuma doen\u00e7a. No entanto, \u00e9 dif\u00edcil entender por que a declara\u00e7\u00e3o de <a href=\"https:\/\/www.hri-research.org\/2017\/09\/easac-statement-on-homeopathy\/\" target=\"_blank\" rel=\"noopener noreferrer\">posicionamento da EASAC de 2017<\/a> sobre a homeopatia n\u00e3o menciona essas quatro revis\u00f5es, sendo os dados mais relevantes e consistentes sobre o assunto naquele momento<em>.<\/em><\/p>\n<p><a href=\"#\" class=\"expand-content button accent-bg\" id=\"69d2f2d8208ee\"><span class=\"expand-content-more\">Refer\u00eancias<\/span><span class=\"expand-content-less\">Menos<\/span><\/a><\/p><div class=\"collapse-content\" id=\"panel-69d2f2d8208ee\">\n<p>1. Mathie RT et al. Randomised placebo-controlled trials of individualised homeopathic treatment: systematic review and meta-analysis.\u00a0<em>Systematic Reviews<\/em>, 2014;\u00a0<strong>3<\/strong>: 142\u2028 |\u00a0<a href=\"http:\/\/www.systematicreviewsjournal.com\/content\/3\/1\/142\" target=\"_blank\" rel=\"noopener noreferrer\">Full text<\/a><\/p>\n<p>2. Kleijnen J, Knipschild P, ter Riet G. Clinical trials of homeopathy. <em>BMJ, <\/em>1991<em>;\u00a0<\/em><strong>302:\u00a0<\/strong>960 | <a href=\"http:\/\/www.ncbi.nlm.nih.gov\/pubmed\/1825800\" target=\"_blank\" rel=\"noopener noreferrer\">PubMed<\/a><\/p>\n<\/div><!-- pt-br -->\n<p><a href=\"https:\/\/www.hri-research.org\/pt-br\/resources\/homeopathy-faqs\/\" target=\"_blank\" rel=\"noopener noreferrer\">Voltar \u00e0s FAQs sobre homeopatia<\/a><\/p>\n","protected":false},"excerpt":{"rendered":"<p>Com \u201cmelhores estudos\u201d as pessoas geralmente querem dizer revis\u00f5es sistem\u00e1ticas abrangentes, que analisem os resultados de todos os ensaios randomizados controlados (RCTs) dispon\u00edveis sobre um dado assunto. Os dados mais recentes e consistentes sobre a efic\u00e1cia da homeopatia s\u00e3o os de uma metan\u00e1lise de 2014 de ensaios cl\u00ednicos randomizados, duplo-cegos e controlados por placebo, que [&hellip;]<\/p>\n","protected":false},"author":2,"featured_media":0,"parent":8581,"menu_order":9,"comment_status":"closed","ping_status":"closed","template":"page-translated-faq.php","meta":{"footnotes":""},"class_list":["post-8621","page","type-page","status-publish","hentry"],"jetpack_sharing_enabled":true,"_links":{"self":[{"href":"https:\/\/www.hri-research.org\/pt-br\/wp-json\/wp\/v2\/pages\/8621","targetHints":{"allow":["GET"]}}],"collection":[{"href":"https:\/\/www.hri-research.org\/pt-br\/wp-json\/wp\/v2\/pages"}],"about":[{"href":"https:\/\/www.hri-research.org\/pt-br\/wp-json\/wp\/v2\/types\/page"}],"author":[{"embeddable":true,"href":"https:\/\/www.hri-research.org\/pt-br\/wp-json\/wp\/v2\/users\/2"}],"replies":[{"embeddable":true,"href":"https:\/\/www.hri-research.org\/pt-br\/wp-json\/wp\/v2\/comments?post=8621"}],"version-history":[{"count":0,"href":"https:\/\/www.hri-research.org\/pt-br\/wp-json\/wp\/v2\/pages\/8621\/revisions"}],"up":[{"embeddable":true,"href":"https:\/\/www.hri-research.org\/pt-br\/wp-json\/wp\/v2\/pages\/8581"}],"wp:attachment":[{"href":"https:\/\/www.hri-research.org\/pt-br\/wp-json\/wp\/v2\/media?parent=8621"}],"curies":[{"name":"wp","href":"https:\/\/api.w.org\/{rel}","templated":true}]}}