{"id":8605,"date":"2014-08-11T16:25:57","date_gmt":"2014-08-11T16:25:57","guid":{"rendered":"https:\/\/www.hri-research.org\/homeopathy-faqs\/the-best-studies-have-shown-homeopathy-is-just-placebo\/"},"modified":"2022-02-16T14:25:59","modified_gmt":"2022-02-16T14:25:59","slug":"beneficios-alem-do-placebo","status":"publish","type":"page","link":"https:\/\/www.hri-research.org\/pt-br\/homeopathy-faqs\/beneficios-alem-do-placebo\/","title":{"rendered":"Os benef\u00edcios da homeopatia v\u00e3o al\u00e9m dos simples efeitos placebo?"},"content":{"rendered":"<p>Argumenta-se com frequ\u00eancia que os medicamentos homeop\u00e1ticos s\u00e3o <a href=\"https:\/\/www.hri-research.org\/pt-br\/resources\/homeopathy-faqs\/theres-nothing-in-it-its-just-sugar-pills\/\">\u201cs\u00f3 p\u00edlulas de a\u00e7\u00facar\u201d<\/a>\u00a0que n\u00e3o cont\u00eam ingredientes ativos, de modo que quaisquer benef\u00edcios relatados por pacientes s\u00e3o devidos puramente ao efeito placebo, isto \u00e9, as pessoas acreditam que as p\u00edlulas v\u00e3o ajudar e, essa cren\u00e7a por si s\u00f3, desencadeia uma rea\u00e7\u00e3o curativa.<\/p>\n<p>Em qualquer tratamento m\u00e9dico \u00e9 prov\u00e1vel que haja algum \u201cefeito placebo\u201d e a esse respeito a homeopatia n\u00e3o \u00e9 diferente, mas a teoria de que os efeitos da homeopatia s\u00e3o <strong><em>apenas<\/em><\/strong> efeito placebo n\u00e3o \u00e9 confirmada pelas evid\u00eancias cient\u00edficas.<\/p>\n<p>Se a homeopatia \u00e9 mesmo s\u00f3 um efeito placebo, como se explica:<\/p>\n<ol>\n<li><strong>A exist\u00eancia de\u00a0<a title=\"There isn\u2019t a single good quality RCT showing homeopathy works\" href=\"https:\/\/www.hri-research.org\/pt-br\/resources\/homeopathy-faqs\/there-isnt-a-single-good-quality-rct-showing-homeopathy-works\/\">testes positivos de alta qualidade controlados por placebo<\/a>?<\/strong><br \/>\nEsses ensaios foram concebidos especificamente para separar o efeito placebo do efeito cl\u00ednico real do tratamento que est\u00e1 sendo testado.<\/li>\n<li><strong>Que os medicamentos homeop\u00e1ticos tenham efeitos em <a href=\"https:\/\/www.hri-research.org\/resources\/homeopathy-the-debate\/essentialevidence\/experimental-research\/\">experimentos laboratoriais<\/a>?<a title=\"\u201cThere\u2019s nothing in it \u2013 it\u2019s just water\u201d\" href=\"https:\/\/www.hri-research.org\/resources\/homeopathy-the-debate\/theres-nothing-in-it-its-just-water\/\"><br \/>\n<\/a><\/strong>Foram observados efeitos em gl\u00f3bulos brancos, r\u00e3s e trigo, para mencionar apenas alguns exemplos.<\/li>\n<li><strong>O fato de que a homeopatia pode funcionar em <a href=\"https:\/\/www.hri-research.org\/resources\/homeopathy-the-debate\/hri-facts\/veterinary-research\/\">animais<\/a>?<br \/>\n<\/strong>Um estudo de pesquisa rigoroso constatou que a homeopatia pode prevenir a diarreia por <em>E. coli <\/em>em leit\u00f5es<span class=\"no-underline\"><a title=\"Camerlink I, Ellinger L, Bakker EJ, Lantinga EA (2010). Homeopathy as replacement to antibiotics in the case of Escherichia coli diarrhoea in neonatal piglets. Homeopathy, 99; 57\u201362\" href=\"http:\/\/www.ncbi.nlm.nih.gov\/pubmed\/20129177\" target=\"_blank\" rel=\"noopener noreferrer\"><sup>1<\/sup><\/a><\/span> \u2013 um grande problema na suinocultura comercial.<\/li>\n<\/ol>\n<p><span class=\"embed-youtube\" style=\"text-align:center; display: block;\"><iframe loading=\"lazy\" class=\"youtube-player\" width=\"520\" height=\"293\" src=\"https:\/\/www.youtube.com\/embed\/PjCK5saKiBs?version=3&#038;rel=1&#038;showsearch=0&#038;showinfo=1&#038;iv_load_policy=1&#038;fs=1&#038;hl=pt-BR&#038;autohide=2&#038;wmode=transparent\" allowfullscreen=\"true\" style=\"border:0;\" sandbox=\"allow-scripts allow-same-origin allow-popups allow-presentation allow-popups-to-escape-sandbox\"><\/iframe><\/span><\/p>\n<h4>Find out more about similar statements:<\/h4>\n<p><span class=\"no-underline\">\u201c<a href=\"https:\/\/www.hri-research.org\/resources\/homeopathy-the-debate\/the-australian-report-on-homeopathy\/\">Um relat\u00f3rio da Austr\u00e1lia acabou de constatar que a homeopatia n\u00e3o funciona para nada e \u00e9 s\u00f3 placebo<\/a>\u201d<\/span><\/p>\n<p><span class=\"no-underline\">&#8220;<a href=\"https:\/\/www.hri-research.org\/resources\/homeopathy-the-debate\/uk-select-committee-report\/\">Um relat\u00f3rio parlamentar do Reino Unido analisou as evid\u00eancias e disse que \u00e9 s\u00f3 placebo<\/a>&#8220;<\/span><\/p>\n<p><a href=\"#\" class=\"expand-content button accent-bg\" id=\"69d42a2056d83\"><span class=\"expand-content-more\">Refer\u00eancias<\/span><span class=\"expand-content-less\">Menos<\/span><\/a><\/p><div class=\"collapse-content\" id=\"panel-69d42a2056d83\">\n<ol>\n<li>Camerlink I, Ellinger L, Bakker EJ, Lantinga EA. Homeopathy as replacement to antibiotics in the case of Escherichia coli diarrhoea in neonatal piglets. <em>Homeopathy<\/em>, 2010;<strong>99:<\/strong>\u00a057\u201362 | <a href=\"http:\/\/www.ncbi.nlm.nih.gov\/pubmed\/20129177\">PubMed<\/a><\/li>\n<\/ol>\n<\/div><!-- pt-br -->\n<p><a href=\"https:\/\/www.hri-research.org\/pt-br\/resources\/homeopathy-faqs\/\">Voltar \u00e0s FAQs sobre homeopatia<\/a><\/p>\n","protected":false},"excerpt":{"rendered":"<p>Argumenta-se com frequ\u00eancia que os medicamentos homeop\u00e1ticos s\u00e3o \u201cs\u00f3 p\u00edlulas de a\u00e7\u00facar\u201d\u00a0que n\u00e3o cont\u00eam ingredientes ativos, de modo que quaisquer benef\u00edcios relatados por pacientes s\u00e3o devidos puramente ao efeito placebo, isto \u00e9, as pessoas acreditam que as p\u00edlulas v\u00e3o ajudar e, essa cren\u00e7a por si s\u00f3, desencadeia uma rea\u00e7\u00e3o curativa. Em qualquer tratamento m\u00e9dico \u00e9 [&hellip;]<\/p>\n","protected":false},"author":1,"featured_media":0,"parent":8581,"menu_order":5,"comment_status":"closed","ping_status":"closed","template":"page-translated-faq.php","meta":{"footnotes":""},"class_list":["post-8605","page","type-page","status-publish","hentry"],"jetpack_sharing_enabled":true,"_links":{"self":[{"href":"https:\/\/www.hri-research.org\/pt-br\/wp-json\/wp\/v2\/pages\/8605","targetHints":{"allow":["GET"]}}],"collection":[{"href":"https:\/\/www.hri-research.org\/pt-br\/wp-json\/wp\/v2\/pages"}],"about":[{"href":"https:\/\/www.hri-research.org\/pt-br\/wp-json\/wp\/v2\/types\/page"}],"author":[{"embeddable":true,"href":"https:\/\/www.hri-research.org\/pt-br\/wp-json\/wp\/v2\/users\/1"}],"replies":[{"embeddable":true,"href":"https:\/\/www.hri-research.org\/pt-br\/wp-json\/wp\/v2\/comments?post=8605"}],"version-history":[{"count":0,"href":"https:\/\/www.hri-research.org\/pt-br\/wp-json\/wp\/v2\/pages\/8605\/revisions"}],"up":[{"embeddable":true,"href":"https:\/\/www.hri-research.org\/pt-br\/wp-json\/wp\/v2\/pages\/8581"}],"wp:attachment":[{"href":"https:\/\/www.hri-research.org\/pt-br\/wp-json\/wp\/v2\/media?parent=8605"}],"curies":[{"name":"wp","href":"https:\/\/api.w.org\/{rel}","templated":true}]}}