{"id":8602,"date":"2014-08-11T16:24:45","date_gmt":"2014-08-11T16:24:45","guid":{"rendered":"https:\/\/www.hri-research.org\/homeopathy-faqs\/theres-nothing-in-it-its-just-sugar-pills\/"},"modified":"2022-02-16T14:36:31","modified_gmt":"2022-02-16T14:36:31","slug":"nao-sao-apenas-pilulas-de-acucar","status":"publish","type":"page","link":"https:\/\/www.hri-research.org\/pt-br\/homeopathy-faqs\/nao-sao-apenas-pilulas-de-acucar\/","title":{"rendered":"Como saber se os medicamentos homeop\u00e1ticos n\u00e3o s\u00e3o &#8220;apenas p\u00edlulas de a\u00e7\u00facar&#8221;?"},"content":{"rendered":"<p><strong>Experimentos laboratoriais demonstraram que os medicamentos homeop\u00e1ticos n\u00e3o s\u00e3o s\u00f3 p\u00edlulas de a\u00e7\u00facar.<\/strong><\/p>\n<p>Os cr\u00edticos da homeopatia destacam o fato que os medicamentos homeop\u00e1ticos s\u00e3o t\u00e3o altamente dilu\u00eddos que n\u00e3o h\u00e1 \u201cnada neles\u201d.<\/p>\n<p>Isso vem do fato que as subst\u00e2ncias usadas para fazer alguns medicamentos homeop\u00e1ticos s\u00e3o dilu\u00eddas al\u00e9m do limiar conhecido como n\u00famero de Avogrado (dilui\u00e7\u00e3o 10<sup>-23<\/sup>). Isso significa que a subst\u00e2ncia \u00e9 t\u00e3o altamente dilu\u00edda que n\u00e3o esperar\u00edamos a perman\u00eancia de nenhuma mol\u00e9cula da subst\u00e2ncia original.<\/p>\n<p>S\u00e3o essas \u201cultra dilui\u00e7\u00f5es\u201d (medicamentos homeop\u00e1ticos acima da <a href=\"#\" class=\"definition\" title=\"\u2018the strength of a homeopathic medicine\u2019\">pot\u00eancia<\/a>\u00a012c ou 30x) que promovem controv\u00e9rsia, uma vez que elas claramente n\u00e3o podem funcionar da mesma maneira que os medicamentos convencionais, isto \u00e9, por meio da intera\u00e7\u00e3o direta das mol\u00e9culas com a bioqu\u00edmica do corpo.<\/p>\n<p>Pesquisadores ao redor do mundo est\u00e3o <a href=\"https:\/\/www.hri-research.org\/hri-research\/how-do-homeopathic-medicines-work\/\" target=\"_blank\" rel=\"noopener noreferrer\">investigando o mecanismo de a\u00e7\u00e3o<\/a> desses medicamentos, que provavelmente se baseia na f\u00edsica e n\u00e3o na qu\u00edmica. Embora haja diversas teorias sendo exploradas, ainda n\u00e3o compreendemos como os medicamentos homeop\u00e1ticos funcionam.<\/p>\n<p>O que de fato sabemos \u00e9 que muitos estudos laboratoriais mostraram efeitos biol\u00f3gicos apresentados por medicamentos homeop\u00e1ticos ultra dilu\u00eddos que n\u00e3o observar\u00edamos se eles fossem \u201cs\u00f3 \u00e1gua\u201d ou \u201cs\u00f3 p\u00edlulas de a\u00e7\u00facar\u201d, por exemplo.<\/p>\n<p class=\"no-margin\"><strong>A adi\u00e7\u00e3o de histamina homeop\u00e1tica a bas\u00f3filos (gl\u00f3bulos brancos) pode lev\u00e1-los a liberar histamina<br \/>\n<\/strong><p><a href=\"#\" class=\"expand-content\" id=\"69d5a2e23d3ef\"><span class=\"expand-content-more\">Mais<\/span><span class=\"expand-content-less\">Menos<\/span><\/a><\/p><div class=\"collapse-content\" id=\"panel-69d5a2e23d3ef\">\u00a0Como as pessoas que originalmente conceberam esse experimento explicam, \u201cquando bas\u00f3filos polimorfonucleares humanos, um tipo de gl\u00f3bulo branco com anticorpos do tipo imunoglobulina E (IgE) na superf\u00edcie, s\u00e3o expostos a anticorpos anti-IgE, liberam histamina dos seus gr\u00e2nulos intracelulares e alteram suas propriedades de oxida\u00e7\u00e3o. Isso pode ser demonstrado a dilui\u00e7\u00f5es de anti-IgE variando de 10<sup>-2<\/sup> a 10<sup>-120<\/sup>; acima dessa faixa h\u00e1 picos sucessivos de desgranula\u00e7\u00e3o de 40 a 60% dos bas\u00f3filos, apesar da aus\u00eancia calculada de mol\u00e9culas anti-IgE nas dilui\u00e7\u00f5es mais altas.\u201d<\/p>\n<p>Vinte e oito trabalhos cient\u00edficos foram publicados sobre esse tema, 23 dos quais reportaram resultados positivos. Onze publica\u00e7\u00f5es foram consideradas como sendo de alta qualidade, oito das quais reportaram resultados positivos<span class=\"no-underline\"><a title=\"Witt CM, Bluth M, Albrecht H, Weisshuhn TE, Baumgartner S, Willich SN. The in vitro evidence for an effect of high homeopathic potencies--a systematic review of the literature. Complement Ther Med. 2007 Jun;15(2):128-38.\" href=\"http:\/\/www.ncbi.nlm.nih.gov\/pubmed\/17544864\"><sup>1<\/sup><\/a>.<\/span><\/p>\n<p>O primeiro estudo reportou inibi\u00e7\u00e3o de desgranula\u00e7\u00e3o com dilui\u00e7\u00f5es ultramoleculares de anti-IgE<span class=\"no-underline\"><sup><a title=\"Davenas E, Beauvais F, Amara J, et al. Human basophil de-granulation triggered by very dilute antiserum against IgE. Nature, 1988; 333: 816\u2013818.\" href=\"http:\/\/www.ncbi.nlm.nih.gov\/pubmed\/2455231\" target=\"_blank\" rel=\"noopener noreferrer\">2<\/a><\/sup><\/span>, mas esses experimentos iniciais provaram n\u00e3o ser reprodut\u00edveis<sup><a title=\"Ovelg\u00f6nne JH, Bol AW, Hop WC, van Wijk R. Mechanical agitation of very dilute antiserum against IgE has no effect on basophil staining properties. Experientia, 1992; 48: 504\u2013508. \" href=\"http:\/\/www.ncbi.nlm.nih.gov\/pubmed\/1376282\" target=\"_blank\" rel=\"noopener noreferrer\">3<\/a>,<a title=\"Hirst SJ, Hayes NA, Burridge J, et al. Human basophil degranulation is not triggered by very dilute antiserum against human IgE. Nature, 1993; 366: 525\u2013527. \" href=\"http:\/\/www.ncbi.nlm.nih.gov\/pubmed\/8255290\" target=\"_blank\" rel=\"noopener noreferrer\">4<\/a><\/sup><\/p>\n<p>No entanto, estudos posteriores usando um m\u00e9todo modificado e dilui\u00e7\u00f5es ultramoledulares de histamina apresentaram resultados positivos. Essas constata\u00e7\u00f5es foram reproduzidas em v\u00e1rios laborat\u00f3rios independentes<sup><a title=\"Belon P, Cumps J, Ennis M, et al. Inhibition of human basophil degranulation by successive histamine dilutions: results of a European multi-centre trial. Inflammation Research, 1999; 48 (Suppl 1): S17\u201318.\" href=\"http:\/\/www.ncbi.nlm.nih.gov\/pubmed\/10350142\" target=\"_blank\" rel=\"noopener noreferrer\">5<\/a>,<a title=\"Lorenz I, Schneider EM, Stolz P, et al. Sensitive flow cytometric method to test basophil activation influenced by homeopathic histamine dilution. Forschende Komplement\u00e4rmedizin, 2003; 10: 316\u2013324. \" href=\"http:\/\/www.ncbi.nlm.nih.gov\/pubmed\/14707480\" target=\"_blank\" rel=\"noopener noreferrer\">6<\/a><\/sup>, assim como em uma s\u00e9rie de experimentos multic\u00eantricos<a title=\"Belon P, Cumps J, Ennis M, et al. Histamine dilutions modulate basophil activation. Inflammation Research, 2004; 53: 181\u2013188. \" href=\"http:\/\/www.ncbi.nlm.nih.gov\/pubmed\/15105967\" target=\"_blank\" rel=\"noopener noreferrer\"><sup>7<\/sup><\/a>.<\/p>\n<\/div><!-- pt-br --><\/p>\n<p class=\"no-margin\"><strong>A tiroxina homeop\u00e1tica altamente dilu\u00edda 30x, desacelera a taxa de transforma\u00e7\u00e3o de girinos em r\u00e3s<\/strong><strong>\u00a0<\/strong><sup><a title=\"Harrer B. Replication of an experiment on extremely diluted thyroxine and\u2028highland amphibians. Homeopathy. 2013 Jan;102(1):25-303\" href=\"http:\/\/www.ncbi.nlm.nih.gov\/pubmed\/23290876\" target=\"_blank\" rel=\"noopener noreferrer\">8<br \/>\n<\/a><\/sup><p><a href=\"#\" class=\"expand-content\" id=\"69d5a2e23d452\"><span class=\"expand-content-more\">Mais<\/span><span class=\"expand-content-less\">Menos<\/span><\/a><\/p><div class=\"collapse-content\" id=\"panel-69d5a2e23d452\">\u00a0Em anf\u00edbios, o horm\u00f4nio tiroxina estimula a metamorfose. Ao longo de quase 20 anos, v\u00e1rias equipes testaram dilui\u00e7\u00f5es homeop\u00e1ticas de tiroxina em r\u00e3s acrescentando-as \u00e0 agua na qual os girinos s\u00e3o mantidos. Uma meta-an\u00e1lise independente desses testes identificou 22 experimentos \u2013 15 realizados pela equipe original na \u00c1ustria e cinco por pesquisadores independentes<sup><a title=\"Harrer B. Replication of an experiment on extremely diluted thyroxine and\u2028highland amphibians. Homeopathy. 2013 Jan;102(1):25-303\" href=\"http:\/\/www.ncbi.nlm.nih.gov\/pubmed\/23290876\" target=\"_blank\" rel=\"noopener noreferrer\">8<\/a><\/sup>. Todos os 22 experimentos constataram a mesma tend\u00eancia \u2013 que a tiroxina 30x (dilu\u00edda al\u00e9m do limite de Avogrado usando o processo homeop\u00e1tico de produ\u00e7\u00e3o) inibia a metamorfose, embora os resultados exatos variassem. Esse efeito agora foi observado por sete pesquisadores da \u00c1ustria, Alemanha, Su\u00ed\u00e7a e Pa\u00edses Baixos.<\/p>\n<\/div><!-- pt-br --><\/p>\n<h3><span class=\"accent\">Esses resultados s\u00e3o apenas artefatos da \u201cm\u00e1 ci\u00eancia\u201d?<\/span><\/h3>\n<p>Esse argumento n\u00e3o resiste a qualquer escrut\u00ednio, porque mesmo experimentos com altos padr\u00f5es metodol\u00f3gicos podem demonstrar efeitos de subst\u00e2ncias altamente dilu\u00eddas\u00a0 (tamb\u00e9m conhecidas como \u201caltas pot\u00eancias\u201d).<a title=\"Witt CM, Bluth M, Albrecht H, Weisshuhn TE, Baumgartner S, Willich SN. The in vitro evidence for an effect of high homeopathic potencies--a systematic review of the literature. Complement Ther Med. 2007 Jun;15(2):128-38.\" href=\"http:\/\/www.ncbi.nlm.nih.gov\/pubmed\/17544864\" target=\"_blank\" rel=\"noopener noreferrer\"><sup>1<\/sup><\/a><\/p>\n<h3><span class=\"accent\">Porque esses resultados n\u00e3o s\u00e3o aceitos por alguns cientistas?<\/span><\/h3>\n<p>At\u00e9 o momento, n\u00e3o houve resultados positivos suficientemente est\u00e1veis para serem reproduzidos sempre por todos os pesquisadores. Em quase 75% dos experimentos <em>in vitro<\/em> subst\u00e2ncias ultradilu\u00eddas mostram algum efeito, e cerca de 75% das reprodu\u00e7\u00f5es foram positivas<a title=\"Witt CM, Bluth M, Albrecht H, Weisshuhn TE, Baumgartner S, Willich SN. The in vitro evidence for an effect of high homeopathic potencies--a systematic review of the literature. Complement Ther Med. 2007 Jun;15(2):128-38.\" href=\"http:\/\/www.ncbi.nlm.nih.gov\/pubmed\/17544864\" target=\"_blank\" rel=\"noopener noreferrer\"><sup>1<\/sup><\/a>.<\/p>\n<p>\u00c0 medida que os cientistas adquirem experi\u00eancia com experimentos usando subst\u00e2ncias ultradilu\u00eddas, est\u00e3o gradativamente compreendendo quais fatores influenciam os resultados e, consequentemente, a reprodutibilidade est\u00e1 aumentando<sup><a title=\"Endler P, Thieves K, Reich C, Matthiessen P, Bonamin L, Scherr C, Baumgartner S. Repetitions of fundamental research models for homeopathically prepared dilutions beyond 10(-23): a bibliometric study. Homeopathy. 2010 Jan; 99(1):25-36. \" href=\"http:\/\/www.ncbi.nlm.nih.gov\/pubmed\/20129174\" target=\"_blank\" rel=\"noopener noreferrer\">9<\/a><\/sup>. Os experimentos com bas\u00f3filos e r\u00e3s descritos acima provaram ser os mais reprodut\u00edveis at\u00e9 agora, e tamb\u00e9m est\u00e1 sendo feito progresso na busca dos experimentos mais reprodut\u00edveis\u00a0<a href=\"https:\/\/www.hri-research.org\/wp-content\/uploads\/2014\/08\/HRI_ResearchArticle_16_Baumgartner_PlantModels.pdf\" target=\"_blank\" rel=\"noopener noreferrer\">baseados em plantas<\/a>.<\/p>\n<p>No entanto, at\u00e9 que seja atingido um experimento no qual todas as equipes sempre obtenham exatamente o mesmo efeito, esse campo permanecer\u00e1 controverso. Esse \u00e9 o desafio cont\u00ednuo para os pesquisadores da ci\u00eancia homeop\u00e1tica b\u00e1sica.<\/p>\n<h3><span class=\"accent\">A chave parece estar exatamente em como os medicamentos homeop\u00e1ticos s\u00e3o feitos<\/span><\/h3>\n<p>Os medicamentos homeop\u00e1ticos s\u00e3o feitos a partir de plantas, qu\u00edmicos, minerais ou animais. O material original \u00e9 dilu\u00eddo e ent\u00e3o agitado vigorosamente (sucussionado). O n\u00famero de vezes em que isso \u00e9 repetido determina a for\u00e7a ou \u201cpot\u00eancia\u201d do rem\u00e9dio. Por exemplo, um rem\u00e9dio \u201c6c\u201d deve ter sido dilu\u00eddo uma parte em 100 e ent\u00e3o sucussionado, seis vezes.<\/p>\n<p>Se apenas diluirmos a subst\u00e2ncia sucessivamente, \u00e9 claro que eventualmente, teremos uma amostra inativa que, de fato, \u00e9 \u201cs\u00f3 \u00e1gua\u201d; \u00e9 a adi\u00e7\u00e3o do processo de sucuss\u00e3o entre cada etapa de dilui\u00e7\u00e3o que parece imprimir informa\u00e7\u00f5es da subst\u00e2ncia original na \u00e1gua ou no \u00e1lcool usado para dilui\u00e7\u00e3o.<\/p>\n<p>Essa ideia \u00e9 confirmada por experimentos que mostram que dilui\u00e7\u00f5es n\u00e3o sucussionadas s\u00e3o inativas, mas dilui\u00e7\u00f5es sucussionadas podem causar efeitos biol\u00f3gicos, sugerindo que esse aspeto do processo de manufatura \u00e9 essencial na produ\u00e7\u00e3o de medicamentos homeop\u00e1ticos<sup><a href=\"https:\/\/www.researchgate.net\/publication\/277017581_Effectiveness_of_ultra_high_diluted_arsenic_is_a_function_of_succussion_number_as_evidenced_by_wheat_germination_test_and_droplet_evaporation_method\" target=\"_blank\" rel=\"noopener noreferrer\">10<\/a><\/sup>.<\/p>\n<p>Exatamente quais mudan\u00e7as s\u00e3o causadas pela sucuss\u00e3o e como isso permite que a \u00e1gua capte informa\u00e7\u00f5es sobre as subst\u00e2ncias dilu\u00eddas nela s\u00e3o as grandes perguntas que os pesquisadores\u00a0<a title=\"How do homeopathic medicines work?\" href=\"https:\/\/www.hri-research.org\/hri-research\/how-do-homeopathic-medicines-work\/\" target=\"_blank\" rel=\"noopener noreferrer\">est\u00e3o tentando responder<\/a>.<\/p>\n<p><a href=\"#\" class=\"expand-content button accent-bg\" id=\"69d5a2e23d487\"><span class=\"expand-content-more\">Refer\u00eancias<\/span><span class=\"expand-content-less\">Menos<\/span><\/a><\/p><div class=\"collapse-content\" id=\"panel-69d5a2e23d487\">\n<ol>\n<li>Witt CM, Bluth M, Albrecht H, Weisshuhn TE, Baumgartner S, Willich SN.\u00a0The in vitro evidence for an effect of high homeopathic potencies&#8211;a systematic review of the literature.\u00a0<em>Complement Ther Med<\/em>., 2007;\u00a0<strong>15<\/strong>(2): 128-38 | <a href=\"http:\/\/www.ncbi.nlm.nih.gov\/pubmed\/17544864\" target=\"_blank\" rel=\"noopener noreferrer\">PubMed<\/a><\/li>\n<li>Davenas E, Beauvais F, Amara J, et al. Human basophil de-granulation triggered by very dilute antiserum against IgE. <em>Nature<\/em>, 1988; <strong>333<\/strong>: 816\u2013818 | <a href=\"http:\/\/www.ncbi.nlm.nih.gov\/pubmed\/2455231\" target=\"_blank\" rel=\"noopener noreferrer\">PubMed<\/a><\/li>\n<li>Ovelg\u00f6nne JH, Bol AW, Hop WC, van Wijk R. Mechanical agitation of very dilute antiserum against IgE has no effect on basophil staining properties. <em>Experientia,<\/em> 1992; <strong>48<\/strong>: 504\u2013508 | <a href=\"http:\/\/www.ncbi.nlm.nih.gov\/pubmed\/1376282\" target=\"_blank\" rel=\"noopener noreferrer\">PubMed<\/a><\/li>\n<li>Hirst SJ, Hayes NA, Burridge J, et al. Human basophil degranulation is not triggered by very dilute antiserum against human IgE. <em>Nature,<\/em> 1993;<strong>366<\/strong>: 525\u2013527 | <a href=\"http:\/\/www.ncbi.nlm.nih.gov\/pubmed\/8255290\" target=\"_blank\" rel=\"noopener noreferrer\">PubMed<\/a><\/li>\n<li>Belon P, Cumps J, Ennis M, et al. Inhibition of human basophil degranulation by successive histamine dilutions: results of a European multi-centre trial. <em>Inflammation Research,<\/em> 1999; <strong>48<\/strong> (Suppl 1): S17\u201318 | <a href=\"https:\/\/www.ncbi.nlm.nih.gov\/pubmed\/10350142\" target=\"_blank\" rel=\"noopener noreferrer\">PubMed<\/a><\/li>\n<li>Lorenz I, Schneider EM, Stolz P, et al. Sensitive flow cytometric method to test basophil activation influenced by homeopathic histamine dilution. <em>Forschende Komplement\u00e4rmedizin,<\/em> 2003; <strong>10<\/strong>: 316\u2013324 | <a href=\"http:\/\/www.ncbi.nlm.nih.gov\/pubmed\/14707480\" target=\"_blank\" rel=\"noopener noreferrer\">PubMed<\/a><\/li>\n<li>Belon P, Cumps J, Ennis M, et al. Histamine dilutions modulate basophil activation. <em>Inflammation Research,<\/em> 2004; <strong>53<\/strong>: 181\u2013188 | <a href=\"http:\/\/www.ncbi.nlm.nih.gov\/pubmed\/15105967\" target=\"_blank\" rel=\"noopener noreferrer\">PubMed<\/a><\/li>\n<li>Harrer B. Replication of an experiment on extremely diluted thyroxine and\u2028highland amphibians. <em>Homeopathy,<\/em>\u00a02013;<strong>102<\/strong>(1):25-303 | <a href=\"http:\/\/www.ncbi.nlm.nih.gov\/pubmed\/23290876\" target=\"_blank\" rel=\"noopener noreferrer\">PubMed<\/a><\/li>\n<li>Endler P, Thieves K, Reich C, Matthiessen P, Bonamin L, Scherr C, Baumgartner S. Repetitions of fundamental research models for homeopathically prepared dilutions beyond 10(-23): a bibliometric study.\u00a0<em>Homeopathy,<\/em>\u00a02010; <strong>99<\/strong>(1): 25-36 |\u00a0<a href=\"http:\/\/www.ncbi.nlm.nih.gov\/pubmed\/20129174\" target=\"_blank\" rel=\"noopener noreferrer\">PubMed<\/a>\u00a0|\u00a0<a href=\"https:\/\/www.hri-research.org\/wp-content\/uploads\/2014\/08\/Moebius-S_Endler-et-al_Improvements-seen-in-reproducibility-of-basic-research-results2010.pdf\" target=\"_blank\" rel=\"noopener noreferrer\">HRI Synopsis<\/a><\/li>\n<li>Betti L,\u00a0et al.\u00a0Effectiveness of ultra high diluted arsenic is a function of succussion number as evidenced by wheat germination test and droplet evaporation method.\u00a0<i>Int J High Dilution Res, 2013;<\/i>\u00a0<b>12 <\/b>(44):<b>\u00a0<\/b>127\u2013128 | <a href=\"https:\/\/www.researchgate.net\/publication\/277017581_Effectiveness_of_ultra_high_diluted_arsenic_is_a_function_of_succussion_number_as_evidenced_by_wheat_germination_test_and_droplet_evaporation_method\" target=\"_blank\" rel=\"noopener noreferrer\">Full text<\/a><\/li>\n<\/ol>\n<\/div><!-- pt-br -->\n<p><a href=\"https:\/\/www.hri-research.org\/pt-br\/resources\/homeopathy-faqs\/\">Voltar \u00e0s FAQs sobre homeopatia<\/a><\/p>\n","protected":false},"excerpt":{"rendered":"<p>Experimentos laboratoriais demonstraram que os medicamentos homeop\u00e1ticos n\u00e3o s\u00e3o s\u00f3 p\u00edlulas de a\u00e7\u00facar. Os cr\u00edticos da homeopatia destacam o fato que os medicamentos homeop\u00e1ticos s\u00e3o t\u00e3o altamente dilu\u00eddos que n\u00e3o h\u00e1 \u201cnada neles\u201d. Isso vem do fato que as subst\u00e2ncias usadas para fazer alguns medicamentos homeop\u00e1ticos s\u00e3o dilu\u00eddas al\u00e9m do limiar conhecido como n\u00famero de [&hellip;]<\/p>\n","protected":false},"author":1,"featured_media":0,"parent":8581,"menu_order":4,"comment_status":"closed","ping_status":"closed","template":"page-translated-faq.php","meta":{"footnotes":""},"class_list":["post-8602","page","type-page","status-publish","hentry"],"jetpack_sharing_enabled":true,"_links":{"self":[{"href":"https:\/\/www.hri-research.org\/pt-br\/wp-json\/wp\/v2\/pages\/8602","targetHints":{"allow":["GET"]}}],"collection":[{"href":"https:\/\/www.hri-research.org\/pt-br\/wp-json\/wp\/v2\/pages"}],"about":[{"href":"https:\/\/www.hri-research.org\/pt-br\/wp-json\/wp\/v2\/types\/page"}],"author":[{"embeddable":true,"href":"https:\/\/www.hri-research.org\/pt-br\/wp-json\/wp\/v2\/users\/1"}],"replies":[{"embeddable":true,"href":"https:\/\/www.hri-research.org\/pt-br\/wp-json\/wp\/v2\/comments?post=8602"}],"version-history":[{"count":0,"href":"https:\/\/www.hri-research.org\/pt-br\/wp-json\/wp\/v2\/pages\/8602\/revisions"}],"up":[{"embeddable":true,"href":"https:\/\/www.hri-research.org\/pt-br\/wp-json\/wp\/v2\/pages\/8581"}],"wp:attachment":[{"href":"https:\/\/www.hri-research.org\/pt-br\/wp-json\/wp\/v2\/media?parent=8602"}],"curies":[{"name":"wp","href":"https:\/\/api.w.org\/{rel}","templated":true}]}}