{"id":8597,"date":"2014-07-25T16:05:55","date_gmt":"2014-07-25T16:05:55","guid":{"rendered":"https:\/\/www.hri-research.org\/homeopathy-faqs\/scientists-say-homeopathy-is-impossible\/"},"modified":"2022-02-16T14:24:41","modified_gmt":"2022-02-16T14:24:41","slug":"por-que-os-especialistas-consideram-que-e-possivel","status":"publish","type":"page","link":"https:\/\/www.hri-research.org\/pt-br\/homeopathy-faqs\/por-que-os-especialistas-consideram-que-e-possivel\/","title":{"rendered":"Por que os cientistas especializados consideram que a homeopatia \u00e9 poss\u00edvel?"},"content":{"rendered":"<p><strong>Nem todos os cientistas acreditam que a homeopatia \u00e9 imposs\u00edvel. O Prof. Luc Montagnier, que ganhou um pr\u00eamio Nobel em 2008 pelo papel exercido na descoberta do HIV, diz que os homeopatas est\u00e3o certos em usar essas altas dilui\u00e7\u00f5es.<\/strong><\/p>\n<p>Em uma entrevista para a revista Science, quando perguntado: <em>\u201cO senhor pensa que h\u00e1 algo na homeopatia&#8230;?<\/em>\u201d; ele respondeu: <em>\u201c&#8230;o que posso dizer agora \u00e9 que as altas dilui\u00e7\u00f5es est\u00e3o certas. Altas dilui\u00e7\u00f5es de alguma coisa n\u00e3o s\u00e3o nada. S\u00e3o estruturas aquosas que mimetizam as mol\u00e9culas originais\u201d<\/em><sup><a title=\"Martin Enserink &quot;French Nobelist Escapes &quot;Intellectual Terror&quot; to Pursue Radical Ideas in China&quot;, Science 24 Dec 2010 330 (6012): 1732 \" href=\"http:\/\/www.scribd.com\/doc\/47426344\/Luc-Montagnier-French-Nobelist-on-homeopathy\" target=\"_blank\" rel=\"noopener noreferrer\">1<\/a><\/sup><\/p>\n<p><a href=\"#\" class=\"expand-content\" id=\"69d3b5f2abf19\"><span class=\"expand-content-more\">Mais<\/span><span class=\"expand-content-less\">Menos<\/span><\/a><\/p><div class=\"collapse-content\" id=\"panel-69d3b5f2abf19\">O Prof. Luc Montagnier \u00e9 um virologista franc\u00eas. Sua pesquisa atual est\u00e1 inteiramente concentrada em investigar as propriedades eletromagn\u00e9ticas de subst\u00e2ncias biol\u00f3gicas (por exemplo: DNA e bact\u00e9rias) preparadas em altas dilui\u00e7\u00f5es usando as mesmas t\u00e9cnicas de produ\u00e7\u00e3o dos medicamentos homeop\u00e1ticos, isto \u00e9, dilui\u00e7\u00e3o em s\u00e9rie, alternando com sucuss\u00e3o (agita\u00e7\u00e3o). Nas entrevistas em 2011 ele discutiu seu trabalho e as raz\u00f5es para mudar-se para a China aos 78 anos de idade, as quais inclu\u00edam o \u201cmedo com rela\u00e7\u00e3o a esse tema\u201d na Europa.<\/p>\n<\/div><!-- pt-br -->\n<p><strong>A ci\u00eancia \u00e9 um campo em constante evolu\u00e7\u00e3o, e o que a comunidade cient\u00edfica afirma ser \u201cimposs\u00edvel\u201d em uma \u00e9poca com frequ\u00eancia prova ser \u201cfato\u201d em outra.<\/strong><\/p>\n<p>Para considerar apenas um exemplo famoso de viragem de 180 graus da medicina, em 1982, quando o Dr. Barry Mashall e o Dr. Robin Warren inicialmente conceberam a teoria de que a infe\u00e7\u00e3o bacteriana era uma causa subjacente das \u00falceras estomacais, a ideia deles foi ridicularizada.<sup><span class=\"no-underline\"><a title=\"Pincock, S. Nobel Prize winners Robin Warren and Barry Marshall. The Lancet, 2005; 366(9495):1429\" href=\"http:\/\/www.thelancet.com\/journals\/lancet\/article\/PIIS0140-6736(05)67587-3\/fulltext\" target=\"_blank\" rel=\"noopener noreferrer\">2<\/a><\/span>\u00a0\u00a0<\/sup><\/p>\n<p>Os cientistas diziam que era imposs\u00edvel que bact\u00e9rias sobrevivessem no ambiente \u00e1cido do est\u00f4mago, muito menos florescessem nele, mas anos mais tarde Marshall e Warren foram vingados quando foi finalmente aceito que eles estavam certos \u2013 A infe\u00e7\u00e3o por <em>Helicobacter pylori <\/em>\u00e9 de fato a causa mais comum das \u00falceras estomacais.<\/p>\n<p>Em 2005 eles receberam o pr\u00eamio Nobel de Medicina.\u00a0 Na cerim\u00f4nia do Nobel, os m\u00e9dicos foram elogiados pela \u201ctenacidade e disposi\u00e7\u00e3o para desafiar dogmas vigentes\u201d.<\/p>\n<p>Embora os cientistas continuem a investigar a natureza do efeito biol\u00f3gico dos medicamentos homeop\u00e1ticos, talvez devamos ser mais cautelosos quanto ao uso da palavra \u201cimposs\u00edvel\u201d no que se refere \u00e0 qualquer faceta da ci\u00eancia m\u00e9dica.<\/p>\n<p><a href=\"#\" class=\"expand-content button accent-bg\" id=\"69d3b5f2abf42\"><span class=\"expand-content-more\">Refer\u00eancias<\/span><span class=\"expand-content-less\">Menos<\/span><\/a><\/p><div class=\"collapse-content\" id=\"panel-69d3b5f2abf42\">\n<ol>\n<li>Martin Enserink\u00a0&#8220;French Nobelist Escapes &#8220;Intellectual Terror&#8221; to Pursue Radical Ideas in China&#8221;. <em>Science,\u00a0<\/em>2010;\u00a0<strong>330<\/strong>(6012): 1732 | <a href=\"http:\/\/dx.doi.org\/10.1126\/science.330.6012.1732\" target=\"_blank\" rel=\"noopener noreferrer\">Sciencemag<\/a>\u00a0|\u00a0<a href=\"http:\/\/www.scribd.com\/doc\/47426344\/Luc-Montagnier-French-Nobelist-on-homeopathy\" target=\"_blank\" rel=\"noopener noreferrer\">FullText<\/a><\/li>\n<li>Pincock S. Nobel Prize winners Robin Warren and Barry Marshall. <em>Lancet,<\/em> 2005; <strong>366<\/strong>(9495):1429 | <a href=\"http:\/\/www.thelancet.com\/journals\/lancet\/article\/PIIS0140-6736(05)67587-3\/fulltext\" target=\"_blank\" rel=\"noopener noreferrer\">FullText<\/a><\/li>\n<\/ol>\n<\/div><!-- pt-br -->\n<p><a href=\"https:\/\/www.hri-research.org\/pt-br\/resources\/homeopathy-faqs\/\">Voltar \u00e0s FAQs sobre homeopatia<\/a><\/p>\n","protected":false},"excerpt":{"rendered":"<p>Nem todos os cientistas acreditam que a homeopatia \u00e9 imposs\u00edvel. O Prof. Luc Montagnier, que ganhou um pr\u00eamio Nobel em 2008 pelo papel exercido na descoberta do HIV, diz que os homeopatas est\u00e3o certos em usar essas altas dilui\u00e7\u00f5es. Em uma entrevista para a revista Science, quando perguntado: \u201cO senhor pensa que h\u00e1 algo na [&hellip;]<\/p>\n","protected":false},"author":1,"featured_media":0,"parent":8581,"menu_order":3,"comment_status":"closed","ping_status":"closed","template":"page-translated-faq.php","meta":{"footnotes":""},"class_list":["post-8597","page","type-page","status-publish","hentry"],"jetpack_sharing_enabled":true,"_links":{"self":[{"href":"https:\/\/www.hri-research.org\/pt-br\/wp-json\/wp\/v2\/pages\/8597","targetHints":{"allow":["GET"]}}],"collection":[{"href":"https:\/\/www.hri-research.org\/pt-br\/wp-json\/wp\/v2\/pages"}],"about":[{"href":"https:\/\/www.hri-research.org\/pt-br\/wp-json\/wp\/v2\/types\/page"}],"author":[{"embeddable":true,"href":"https:\/\/www.hri-research.org\/pt-br\/wp-json\/wp\/v2\/users\/1"}],"replies":[{"embeddable":true,"href":"https:\/\/www.hri-research.org\/pt-br\/wp-json\/wp\/v2\/comments?post=8597"}],"version-history":[{"count":0,"href":"https:\/\/www.hri-research.org\/pt-br\/wp-json\/wp\/v2\/pages\/8597\/revisions"}],"up":[{"embeddable":true,"href":"https:\/\/www.hri-research.org\/pt-br\/wp-json\/wp\/v2\/pages\/8581"}],"wp:attachment":[{"href":"https:\/\/www.hri-research.org\/pt-br\/wp-json\/wp\/v2\/media?parent=8597"}],"curies":[{"name":"wp","href":"https:\/\/api.w.org\/{rel}","templated":true}]}}