{"id":8590,"date":"2014-08-11T13:40:50","date_gmt":"2014-08-11T13:40:50","guid":{"rendered":"https:\/\/www.hri-research.org\/homeopathy-faqs\/there-isnt-a-single-good-quality-rct-showing-homeopathy-works\/"},"modified":"2022-02-16T14:24:11","modified_gmt":"2022-02-16T14:24:11","slug":"ensaios-de-boa-qualidade","status":"publish","type":"page","link":"https:\/\/www.hri-research.org\/pt-br\/homeopathy-faqs\/ensaios-de-boa-qualidade\/","title":{"rendered":"Existem ensaios de boa qualidade que demonstram a efic\u00e1cia da homeopatia?"},"content":{"rendered":"<p>Muitas pessoas acreditam que todos os ensaios randomizados controlados (RCTs) testando a homeopatia foram negativos. Isso n\u00e3o \u00e9 verdade.<\/p>\n<p>Constam abaixo alguns exemplos de <a href=\"#\" class=\"definition\" title=\"o tipo de teste usado geralmente para testar a efic\u00e1cia de medicamentosconvencionais e ainda considerado por alguns como sendo o \u201cpadr\u00e3o ouro\u201d\">RCTs<\/a> e revis\u00f5es <a href=\"#\" class=\"definition\" title=\"estudos analisando os resultados combinados de ensaios m\u00faltiplossimilares para obter conclus\u00f5es mais firmes\">sistem\u00e1ticas\/meta-an\u00e1lises<\/a> de alta qualidade, positivos testando v\u00e1rios tipos de homeopatia.<\/p>\n<ul>\n<li><strong>Tratamento homeop\u00e1tico individualizado de diarreia em crian\u00e7as. <\/strong>Uma meta-an\u00e1lise de tr\u00eas ensaios randomizados controlados por placebo realizados por Jacobs et al. 2003 mostrou que o tratamento homeop\u00e1tico reduzia a dura\u00e7\u00e3o da diarreia (p=0,008)<sup><a title=\"Jacobs, J., Jonas, W. B., Jim\u00e9nez-P\u00e9rez, M. &amp; Crothers, D. Homeopathy for childhood diarrhea: combined results and metaanalysis from three randomized, controlled clinical trials. Pediatr. Infect. Dis. J. 22, 229\u2013234 (2003).\" href=\"http:\/\/www.ncbi.nlm.nih.gov\/pubmed\/12634583\" target=\"_blank\" rel=\"noopener noreferrer\">1<\/a><\/sup><\/li>\n<li><strong>Tratamento homeop\u00e1tico individualizado de infe\u00e7\u00f5es do ouvido (otite m\u00e9dia) em crian\u00e7as<\/strong><sup><a title=\"Jacobs J, Springer DA, Crothers D. Homeopathic treatment of acute otitis media in children: a preliminary randomized placebo-controlled trial. Pediatr Infect Dis J. 2001; 20(2): 177-83\" href=\"http:\/\/www.ncbi.nlm.nih.gov\/pubmed\/11224838\" target=\"_blank\" rel=\"noopener noreferrer\">2<\/a>,<a title=\"Sinha, M. N. et al. Randomized controlled pilot study to compare Homeopathy and Conventional therapy in Acute Otitis Media. Homeopat. J. Fac. Homeopat. 101, 5\u201312 (2012).\" href=\"http:\/\/www.ncbi.nlm.nih.gov\/pubmed\/22226309\" target=\"_blank\" rel=\"noopener noreferrer\">3<\/a><\/sup><\/li>\n<li><strong>O medicamento homeop\u00e1tico <em>Galphimia glauca <\/em>para a febre do feno <\/strong>(rinite al\u00e9rgica)<sup><a title=\"Wiesenauer and L\u00fcdtke. A meta analysis of the homeopathic treatment of pollinosis with Galphimia glauca. Forsch. Komplement\u00e4rmed. 1996; 3: 230-234.\" href=\"https:\/\/www.karger.com\/Article\/Pdf\/210233\" target=\"_blank\" rel=\"noopener noreferrer\">4<\/a><\/sup><\/li>\n<li><strong>O medicamento <a href=\"#\" class=\"definition\" title=\"um subtipo de homeopatia no qual o medicamento homeop\u00e1tico usado \u00e9 feito da mesma subst\u00e2ncia que est\u00e1 causando os sintomas que est\u00e3o sendo tratados\">isop\u00e1tico<\/a> <em>Pollen 30c <\/em>para a febre do feno<\/strong><a title=\"Reilly, D. T., Taylor, M. A., et al. (1986). &quot;Is homoeopathy a placebo response? Controlled trial of homoeopathic potency, with pollen in hayfever as model.&quot; Lancet 2(8512): 881-886.\" href=\"http:\/\/www.ncbi.nlm.nih.gov\/pubmed\/2876326\" target=\"_blank\" rel=\"noopener noreferrer\"><sup>5<\/sup><\/a><\/li>\n<li><strong>O <a href=\"#\" class=\"definition\" title=\"produto contendo medicamentos homeop\u00e1ticos m\u00faltiplos\">medicamento homeop\u00e1tico complexo<\/a> <em>Vertigoheel<sup>\u00ae<\/sup><\/em>para vertigem<\/strong><a title=\"Schneider et al. Treatment of vertigo with a homeopathic complex remedy compared with usual treatments \u2013 a meta-analysis of clinical trials, Arzneim.-Forschung 2005, 55(1) 23-29.\" href=\"http:\/\/www.biopathica.co.uk\/Articles\/Dizziness\/19%20-%20Vertigo%20Treatment%20with%20a%20Homeopathic%20Complex%20Remedy.pdf\" target=\"_blank\" rel=\"noopener noreferrer\"><sup>6<\/sup><\/a><\/li>\n<\/ul>\n<p>Mais pesquisas s\u00e3o necess\u00e1rias para confirmar as constata\u00e7\u00f5es desses estudos promissores, particularmente repeti\u00e7\u00f5es em larga escala por outras equipes de pesquisa.<\/p>\n<p>Para saber mais sobre as \u00e1reas promissoras de pesquisas cl\u00ednicas, consulte <a href=\"https:\/\/www.hri-research.org\/wp-content\/uploads\/2014\/08\/HRI_ResearchArticle_21_TournierRoberts_TargetedResearch.pdf\" target=\"_blank\" rel=\"noopener noreferrer\">\u201cA homeopatia em ensaios \u2013 a necessidade de pesquisas direcionadas\u201d<\/a> de Tournier e Roberts, 2013.<\/p>\n<h3><span class=\"accent\"><strong>A quest\u00e3o da \u201cescolha seletiva\u201d<\/strong><\/span><\/h3>\n<p style=\"text-align: left;\"><a href=\"https:\/\/www.hri-research.org\/wp-content\/uploads\/2015\/12\/Cherries_shutterstock_213948859-e1450362194674.jpg\"><img loading=\"lazy\" decoding=\"async\" class=\"alignright size-thumbnail wp-image-4866\" src=\"https:\/\/www.hri-research.org\/wp-content\/uploads\/2015\/12\/Cherries_shutterstock_213948859-150x150.jpg\" alt=\"Cherries_shutterstock_213948859\" width=\"150\" height=\"150\" \/><\/a>\u201cEscolha seletiva\u201d \u00e9 a pr\u00e1tica de publicar ou citar somente os ensaios positivos de um dado tratamento, e ao mesmo tempo ignorar ensaios negativos confilituantes. Isso pode levar a distor\u00e7\u00f5es das evid\u00eancias, e \u00e9 por isso que tem havido um movimento recente para for\u00e7ar as institui\u00e7\u00f5es de pesquisas e empresas farmac\u00eauticas a divulgar todos os resultados de ensaios \u2013 tanto positivos quanto negativos \u2013 de modo que o equil\u00edbrio das evid\u00eancias possa ser considerado na \u00edntegra.<\/p>\n<p>Quando estudos positivos s\u00f3lidos s\u00e3o apresentados a cr\u00edticos da homeopatia eles frequentemente dizem que isso \u00e9 escolha seletiva, j\u00e1 que h\u00e1 outros testes negativos da homeopatia.\u00a0 Contudo, esses ensaios negativos s\u00f3 s\u00e3o relevantes se avaliarem o mesmo tratamento homeop\u00e1tico para a mesma condi\u00e7\u00e3o.<\/p>\n<p>No caso dos estudos listados acima, at\u00e9 onde temos conhecimento n\u00e3o h\u00e1 outras repeti\u00e7\u00f5es desses ensaios\u00a0\u00a0 que tenham tido resultados negativos, ent\u00e3o as evid\u00eancias s\u00e3o irrefut\u00e1veis.<\/p>\n<h3><strong><span class=\"accent\">A necessidade de replica\u00e7\u00e3o dos estudos existentes<\/span><br \/>\n<\/strong><\/h3>\n<p>Como as pesquisas em homeopatia s\u00e3o um campo relativamente novo e h\u00e1 financiamento muito limitado para apoiar novos ensaios, poucos estudos de alta qualidade foram desenvolvidos, muito menos repetidos \u2013 algo que o HRI est\u00e1 interessado em mudar.<\/p>\n<p>\u00c0 medida que e quando mais estudos avaliando esses mesmos tratamentos homeop\u00e1ticos sejam disponibilizados, a base de evid\u00eancias ser\u00e1 atualizada quando essas constata\u00e7\u00f5es forem confirmadas ou contraditadas por novas constata\u00e7\u00f5es.<\/p>\n<p><a href=\"#\" class=\"expand-content button accent-bg\" id=\"69d5a47f71b11\"><span class=\"expand-content-more\">Refer\u00eancias<\/span><span class=\"expand-content-less\">Menos<\/span><\/a><\/p><div class=\"collapse-content\" id=\"panel-69d5a47f71b11\">\n<ol>\n<li>Jacobs J, Jonas WB, Jim\u00e9nez-P\u00e9rez M &amp; Crothers D. Homeopathy for childhood diarrhea: combined results and metaanalysis from three randomized, controlled clinical trials. <em>Pediatr. Infect. Dis. J.,<\/em>\u00a02003;<strong>22:<\/strong>229\u2013234 |\u00a0<a href=\"http:\/\/www.ncbi.nlm.nih.gov\/pubmed\/12634583\" target=\"_blank\" rel=\"noopener noreferrer\">PubMed<\/a><\/li>\n<li>Jacobs J, Springer DA, Crothers D. Homeopathic treatment of acute otitis media in children: a preliminary randomized placebo-controlled trial. <em>Pediatr Infect Dis J<\/em>., 2001; <strong>20<\/strong>(2): 177-83 | <a href=\"http:\/\/www.ncbi.nlm.nih.gov\/pubmed\/11224838\" target=\"_blank\" rel=\"noopener noreferrer\">PubMed<\/a><\/li>\n<li>Sinha MN,\u00a0<em>et al.<\/em> Randomized controlled pilot study to compare Homeopathy and Conventional therapy in Acute Otitis Media. <em>Homeopat. J. Fac. Homeopat., <\/em>2012; <strong>101:<\/strong>\u00a05\u201312 | <a href=\"http:\/\/www.ncbi.nlm.nih.gov\/pubmed\/22226309\" target=\"_blank\" rel=\"noopener noreferrer\">PubMed<\/a><\/li>\n<li>Wiesenauer M &amp; L\u00fcdtke R. A meta analysis of the homeopathic treatment of pollinosis with Galphimia glauca. <em>Forsch. Komplement\u00e4rmed.,<\/em> 1996; <strong>3<\/strong>: 230-234 | <a href=\"https:\/\/www.karger.com\/Article\/Pdf\/210233\" target=\"_blank\" rel=\"noopener noreferrer\">Link<\/a><\/li>\n<li>Reilly DT, Taylor MA, et al. Is homoeopathy a placebo response? Controlled trial of homoeopathic potency, with pollen in hayfever as model. <em>Lancet, <\/em>1986; <strong>2<\/strong>(8512): 881-886 | <a href=\"http:\/\/www.ncbi.nlm.nih.gov\/pubmed\/2876326\" target=\"_blank\" rel=\"noopener noreferrer\">PubMed<\/a><\/li>\n<li>Schneider B, et al. Treatment of vertigo with a homeopathic complex remedy compared with usual treatments \u2013 a meta-analysis of clinical trials, <em>Arzneim.-Forschung<\/em>, 2005;\u00a0<strong>55<\/strong>(1): 23-29 |\u00a0<a href=\"http:\/\/www.biopathica.co.uk\/Articles\/Dizziness\/19%20-%20Vertigo%20Treatment%20with%20a%20Homeopathic%20Complex%20Remedy.pdf\" target=\"_blank\" rel=\"noopener noreferrer\">PubMed<br \/>\n<\/a><\/div><!-- pt-br --><\/li>\n<\/ol>\n<p><a href=\"https:\/\/www.hri-research.org\/pt-br\/resources\/homeopathy-faqs\/\">Voltar \u00e0s FAQs sobre homeopatia<\/a><\/p>\n","protected":false},"excerpt":{"rendered":"<p>Muitas pessoas acreditam que todos os ensaios randomizados controlados (RCTs) testando a homeopatia foram negativos. Isso n\u00e3o \u00e9 verdade. Constam abaixo alguns exemplos de e revis\u00f5es de alta qualidade, positivos testando v\u00e1rios tipos de homeopatia. Tratamento homeop\u00e1tico individualizado de diarreia em crian\u00e7as. Uma meta-an\u00e1lise de tr\u00eas ensaios randomizados controlados por placebo realizados por Jacobs et [&hellip;]<\/p>\n","protected":false},"author":1,"featured_media":0,"parent":8581,"menu_order":2,"comment_status":"closed","ping_status":"closed","template":"page-translated-faq.php","meta":{"footnotes":""},"class_list":["post-8590","page","type-page","status-publish","hentry"],"jetpack_sharing_enabled":true,"_links":{"self":[{"href":"https:\/\/www.hri-research.org\/pt-br\/wp-json\/wp\/v2\/pages\/8590","targetHints":{"allow":["GET"]}}],"collection":[{"href":"https:\/\/www.hri-research.org\/pt-br\/wp-json\/wp\/v2\/pages"}],"about":[{"href":"https:\/\/www.hri-research.org\/pt-br\/wp-json\/wp\/v2\/types\/page"}],"author":[{"embeddable":true,"href":"https:\/\/www.hri-research.org\/pt-br\/wp-json\/wp\/v2\/users\/1"}],"replies":[{"embeddable":true,"href":"https:\/\/www.hri-research.org\/pt-br\/wp-json\/wp\/v2\/comments?post=8590"}],"version-history":[{"count":0,"href":"https:\/\/www.hri-research.org\/pt-br\/wp-json\/wp\/v2\/pages\/8590\/revisions"}],"up":[{"embeddable":true,"href":"https:\/\/www.hri-research.org\/pt-br\/wp-json\/wp\/v2\/pages\/8581"}],"wp:attachment":[{"href":"https:\/\/www.hri-research.org\/pt-br\/wp-json\/wp\/v2\/media?parent=8590"}],"curies":[{"name":"wp","href":"https:\/\/api.w.org\/{rel}","templated":true}]}}