{"id":8581,"date":"2014-09-03T10:18:52","date_gmt":"2014-09-03T10:18:52","guid":{"rendered":"https:\/\/www.hri-research.org\/homeopathy-faqs\/"},"modified":"2024-08-27T14:05:31","modified_gmt":"2024-08-27T14:05:31","slug":"homeopathy-faqs","status":"publish","type":"page","link":"https:\/\/www.hri-research.org\/pt-br\/homeopathy-faqs\/","title":{"rendered":"FAQs sobre homeopatia"},"content":{"rendered":"<p>A homeopatia \u00e9 controversa.<\/p>\n<p>Figuras p\u00fablicas, de pol\u00edticos a comediantes, com frequ\u00eancia fazem declara\u00e7\u00f5es fortes contra a homeopatia, mas muito poucas pessoas de fato tiveram oportunidade de ler por si pr\u00f3prias os fatos sobre pesquisas relativas a homeopatia.<\/p>\n<p>Aqui vamos considerar as declara\u00e7\u00f5es mais comumente repetidas sobre homeopatia e ver at\u00e9 que ponto s\u00e3o precisas, de acordo com as evid\u00eancias cient\u00edficas que temos at\u00e9 o momento.<\/p>\n<div class=\"icon-text-listing\">\n<div class=\"icon-text-listing-image\">\n<p><a href=\"https:\/\/www.hri-research.org\/pt-br\/homeopathy-faqs\/evidencias-cientificas-para-a-homeopatia\/\" target=\"_blank\" rel=\"noopener noreferrer\"><img loading=\"lazy\" decoding=\"async\" class=\"alignnone wp-image-1894\" src=\"https:\/\/www.hri-research.org\/wp-content\/uploads\/2014\/09\/1-Theres-no-evidence_shutterstock_157506920-cropped.jpg\" alt=\"1-There's no evidence_shutterstock_157506920 cropped\" width=\"150\" height=\"114\" srcset=\"https:\/\/www.hri-research.org\/wp-content\/uploads\/2014\/09\/1-Theres-no-evidence_shutterstock_157506920-cropped.jpg 236w, https:\/\/www.hri-research.org\/wp-content\/uploads\/2014\/09\/1-Theres-no-evidence_shutterstock_157506920-cropped-98x74.jpg 98w, https:\/\/www.hri-research.org\/wp-content\/uploads\/2014\/09\/1-Theres-no-evidence_shutterstock_157506920-cropped-198x151.jpg 198w, https:\/\/www.hri-research.org\/wp-content\/uploads\/2014\/09\/1-Theres-no-evidence_shutterstock_157506920-cropped-158x120.jpg 158w, https:\/\/www.hri-research.org\/wp-content\/uploads\/2014\/09\/1-Theres-no-evidence_shutterstock_157506920-cropped-160x122.jpg 160w\" sizes=\"auto, (max-width: 150px) 100vw, 150px\" \/><\/a><\/p>\n<\/div>\n<div class=\"icon-text-listing-text\">\n<p>&nbsp;<\/p>\n<p><a style=\"text-decoration: none; font-size: medium; line-height: normal;\" href=\"https:\/\/www.hri-research.org\/pt-br\/homeopathy-faqs\/evidencias-cientificas-para-a-homeopatia\/\" target=\"_blank\" rel=\"noopener noreferrer\">Quais s\u00e3o as evid\u00eancias cient\u00edficas de que a homeopatia funciona?<\/a><\/p>\n<\/div>\n<div class=\"clear\"><\/div><\/div>\n<div class=\"icon-text-listing\">\n<div class=\"icon-text-listing-image\">\n<p><a href=\"https:\/\/www.hri-research.org\/pt-br\/homeopathy-faqs\/considerando-apenas-as-melhores-evidencias\/\" target=\"_blank\" rel=\"noopener noreferrer\"><img loading=\"lazy\" decoding=\"async\" class=\"alignnone wp-image-3432\" src=\"https:\/\/www.hri-research.org\/wp-content\/uploads\/2014\/09\/Best-studies-show-it-doesnt-work_213243274-300x199.jpg\" alt=\"\" width=\"150\" height=\"100\" srcset=\"https:\/\/www.hri-research.org\/wp-content\/uploads\/2014\/09\/Best-studies-show-it-doesnt-work_213243274-300x199.jpg 300w, https:\/\/www.hri-research.org\/wp-content\/uploads\/2014\/09\/Best-studies-show-it-doesnt-work_213243274-98x65.jpg 98w, https:\/\/www.hri-research.org\/wp-content\/uploads\/2014\/09\/Best-studies-show-it-doesnt-work_213243274-198x131.jpg 198w, https:\/\/www.hri-research.org\/wp-content\/uploads\/2014\/09\/Best-studies-show-it-doesnt-work_213243274-158x104.jpg 158w, https:\/\/www.hri-research.org\/wp-content\/uploads\/2014\/09\/Best-studies-show-it-doesnt-work_213243274-160x106.jpg 160w, https:\/\/www.hri-research.org\/wp-content\/uploads\/2014\/09\/Best-studies-show-it-doesnt-work_213243274.jpg 500w\" sizes=\"auto, (max-width: 150px) 100vw, 150px\" \/><\/a><\/p>\n<\/div>\n<div class=\"icon-text-listing-text\">\n<p>&nbsp;<\/p>\n<p><a style=\"text-decoration: none; font-size: medium; line-height: normal;\" href=\"https:\/\/www.hri-research.org\/pt-br\/homeopathy-faqs\/considerando-apenas-as-melhores-evidencias\/\" target=\"_blank\" rel=\"noopener noreferrer\">O que demonstram os estudos de mais alta qualidade em homeopatia?<\/a><\/p>\n<\/div>\n<div class=\"clear\"><\/div><\/div>\n<div class=\"icon-text-listing\">\n<div class=\"icon-text-listing-image\">\n<p><a href=\"https:\/\/www.hri-research.org\/pt-br\/homeopathy-faqs\/resultados-do-mundo-real\/\"><img loading=\"lazy\" decoding=\"async\" class=\"alignnone wp-image-28809\" src=\"https:\/\/www.hri-research.org\/wp-content\/uploads\/2023\/08\/Observational_shutterstock_326027870-small-300x200-1-98x65.jpeg\" alt=\"\" width=\"150\" height=\"100\" srcset=\"https:\/\/www.hri-research.org\/wp-content\/uploads\/2023\/08\/Observational_shutterstock_326027870-small-300x200-1-98x65.jpeg 98w, https:\/\/www.hri-research.org\/wp-content\/uploads\/2023\/08\/Observational_shutterstock_326027870-small-300x200-1-198x132.jpeg 198w, https:\/\/www.hri-research.org\/wp-content\/uploads\/2023\/08\/Observational_shutterstock_326027870-small-300x200-1-158x105.jpeg 158w, https:\/\/www.hri-research.org\/wp-content\/uploads\/2023\/08\/Observational_shutterstock_326027870-small-300x200-1-160x107.jpeg 160w, https:\/\/www.hri-research.org\/wp-content\/uploads\/2023\/08\/Observational_shutterstock_326027870-small-300x200-1.jpeg 300w\" sizes=\"auto, (max-width: 150px) 100vw, 150px\" \/><\/a><\/p>\n<\/div>\n<div class=\"icon-text-listing-text\">\n<p>&nbsp;<\/p>\n<p><a style=\"text-decoration: none; font-size: medium; line-height: normal;\" href=\"https:\/\/www.hri-research.org\/pt-br\/homeopathy-faqs\/resultados-do-mundo-real\/\" target=\"_blank\" rel=\"noopener noreferrer\">O que podemos aprender com os resultados do &#8220;mundo real&#8221;?<\/a><\/p>\n<\/div>\n<div class=\"clear\"><\/div><\/div>\n<div class=\"icon-text-listing\">\n<div class=\"icon-text-listing-image\">\n<p><a href=\"https:\/\/www.hri-research.org\/resources\/homeopathy-faqs\/how-safe-is-homeopathy\/\"><img loading=\"lazy\" decoding=\"async\" class=\"alignnone wp-image-31162\" src=\"https:\/\/www.hri-research.org\/wp-content\/uploads\/2024\/03\/safety-e1709657826953.jpg\" alt=\"\" width=\"150\" height=\"100\" srcset=\"https:\/\/www.hri-research.org\/wp-content\/uploads\/2024\/03\/safety-e1709657826953.jpg 640w, https:\/\/www.hri-research.org\/wp-content\/uploads\/2024\/03\/safety-e1709657826953-300x200.jpg 300w, https:\/\/www.hri-research.org\/wp-content\/uploads\/2024\/03\/safety-e1709657826953-98x65.jpg 98w, https:\/\/www.hri-research.org\/wp-content\/uploads\/2024\/03\/safety-e1709657826953-198x132.jpg 198w, https:\/\/www.hri-research.org\/wp-content\/uploads\/2024\/03\/safety-e1709657826953-158x105.jpg 158w, https:\/\/www.hri-research.org\/wp-content\/uploads\/2024\/03\/safety-e1709657826953-160x107.jpg 160w, https:\/\/www.hri-research.org\/wp-content\/uploads\/2024\/03\/safety-e1709657826953-520x346.jpg 520w\" sizes=\"auto, (max-width: 150px) 100vw, 150px\" \/><\/a><\/p>\n<\/div>\n<div class=\"icon-text-listing-text\">\n<p>&nbsp;<\/p>\n<p><a style=\"text-decoration: none; font-size: medium; line-height: normal;\" href=\"https:\/\/www.hri-research.org\/resources\/homeopathy-faqs\/how-safe-is-homeopathy\/\" target=\"_blank\" rel=\"noopener\">Qu\u00e3o segura \u00e9 a homeopatia?<\/a><\/p>\n<\/div>\n<div class=\"clear\"><\/div><\/div>\n<div class=\"icon-text-listing\">\n<div class=\"icon-text-listing-image\">\n<p><a href=\"https:\/\/www.hri-research.org\/resources\/homeopathy-faqs\/is-homeopathic-treatment-cost-effective\/\" target=\"_blank\" rel=\"noopener\"><img loading=\"lazy\" decoding=\"async\" class=\"alignnone wp-image-4351\" src=\"https:\/\/www.hri-research.org\/wp-content\/uploads\/2015\/11\/Funding_shutterstock_261057710-small.jpg\" alt=\"\" width=\"150\" height=\"100\" srcset=\"https:\/\/www.hri-research.org\/wp-content\/uploads\/2015\/11\/Funding_shutterstock_261057710-small.jpg 2401w, https:\/\/www.hri-research.org\/wp-content\/uploads\/2015\/11\/Funding_shutterstock_261057710-small-300x200.jpg 300w, https:\/\/www.hri-research.org\/wp-content\/uploads\/2015\/11\/Funding_shutterstock_261057710-small-1024x683.jpg 1024w, https:\/\/www.hri-research.org\/wp-content\/uploads\/2015\/11\/Funding_shutterstock_261057710-small-98x65.jpg 98w, https:\/\/www.hri-research.org\/wp-content\/uploads\/2015\/11\/Funding_shutterstock_261057710-small-198x132.jpg 198w, https:\/\/www.hri-research.org\/wp-content\/uploads\/2015\/11\/Funding_shutterstock_261057710-small-158x105.jpg 158w, https:\/\/www.hri-research.org\/wp-content\/uploads\/2015\/11\/Funding_shutterstock_261057710-small-160x107.jpg 160w, https:\/\/www.hri-research.org\/wp-content\/uploads\/2015\/11\/Funding_shutterstock_261057710-small-520x347.jpg 520w\" sizes=\"auto, (max-width: 150px) 100vw, 150px\" \/><\/a><\/p>\n<\/div>\n<div class=\"icon-text-listing-text\">\n<p>&nbsp;<\/p>\n<p><a style=\"text-decoration: none; font-size: medium; line-height: normal;\" href=\"https:\/\/www.hri-research.org\/resources\/homeopathy-faqs\/is-homeopathic-treatment-cost-effective\/\">A homeopatia \u00e9 econ\u00f4mica?<\/a><\/p>\n<\/div>\n<div class=\"clear\"><\/div><\/div>\n<div class=\"icon-text-listing\">\n<div class=\"icon-text-listing-image\">\n<p><a href=\"https:\/\/www.hri-research.org\/pt-br\/homeopathy-faqs\/homeopatia-comparada-a-medicina-convencional\/\" target=\"_blank\" rel=\"noopener noreferrer\"><img loading=\"lazy\" decoding=\"async\" class=\"alignnone wp-image-3258\" src=\"https:\/\/www.hri-research.org\/wp-content\/uploads\/2014\/09\/Pills_184787189-300x300.jpg\" alt=\"\" width=\"150\" height=\"150\" srcset=\"https:\/\/www.hri-research.org\/wp-content\/uploads\/2014\/09\/Pills_184787189-300x300.jpg 300w, https:\/\/www.hri-research.org\/wp-content\/uploads\/2014\/09\/Pills_184787189-150x150.jpg 150w, https:\/\/www.hri-research.org\/wp-content\/uploads\/2014\/09\/Pills_184787189-98x98.jpg 98w, https:\/\/www.hri-research.org\/wp-content\/uploads\/2014\/09\/Pills_184787189-198x198.jpg 198w, https:\/\/www.hri-research.org\/wp-content\/uploads\/2014\/09\/Pills_184787189-158x158.jpg 158w, https:\/\/www.hri-research.org\/wp-content\/uploads\/2014\/09\/Pills_184787189-160x160.jpg 160w, https:\/\/www.hri-research.org\/wp-content\/uploads\/2014\/09\/Pills_184787189.jpg 500w\" sizes=\"auto, (max-width: 150px) 100vw, 150px\" \/><\/a><\/p>\n<\/div>\n<div class=\"icon-text-listing-text\">\n<p>&nbsp;<\/p>\n<p><a style=\"text-decoration: none; font-size: medium; line-height: normal;\" href=\"https:\/\/www.hri-research.org\/pt-br\/homeopathy-faqs\/homeopatia-comparada-a-medicina-convencional\/\" target=\"_blank\" rel=\"noopener noreferrer\">Como a homeopatia se compara \u00e0 medicina convencional?<\/a><\/p>\n<\/div>\n<div class=\"clear\"><\/div><\/div>\n<div class=\"icon-text-listing\">\n<div class=\"icon-text-listing-image\">\n<p><a href=\"https:\/\/www.hri-research.org\/pt-br\/homeopathy-faqs\/medicina-baseada-em-evidencias\/\" target=\"_blank\" rel=\"noopener noreferrer\"><img loading=\"lazy\" decoding=\"async\" class=\"alignnone wp-image-3260\" src=\"https:\/\/www.hri-research.org\/wp-content\/uploads\/2014\/09\/shutterstock_110154518-300x293.jpg\" alt=\"\" width=\"150\" height=\"147\" srcset=\"https:\/\/www.hri-research.org\/wp-content\/uploads\/2014\/09\/shutterstock_110154518-300x293.jpg 300w, https:\/\/www.hri-research.org\/wp-content\/uploads\/2014\/09\/shutterstock_110154518-98x95.jpg 98w, https:\/\/www.hri-research.org\/wp-content\/uploads\/2014\/09\/shutterstock_110154518-198x193.jpg 198w, https:\/\/www.hri-research.org\/wp-content\/uploads\/2014\/09\/shutterstock_110154518-158x154.jpg 158w, https:\/\/www.hri-research.org\/wp-content\/uploads\/2014\/09\/shutterstock_110154518-160x156.jpg 160w, https:\/\/www.hri-research.org\/wp-content\/uploads\/2014\/09\/shutterstock_110154518.jpg 500w\" sizes=\"auto, (max-width: 150px) 100vw, 150px\" \/><\/a><\/p>\n<\/div>\n<div class=\"icon-text-listing-text\">\n<p>&nbsp;<\/p>\n<p><a style=\"text-decoration: none; font-size: medium; line-height: normal;\" href=\"https:\/\/www.hri-research.org\/pt-br\/homeopathy-faqs\/medicina-baseada-em-evidencias\/\" target=\"_blank\" rel=\"noopener noreferrer\">A medicina convencional e a homeopatia s\u00e3o baseadas em evid\u00eancias?<\/a><\/p>\n<\/div>\n<div class=\"clear\"><\/div><\/div>\n<div class=\"icon-text-listing\">\n<div class=\"icon-text-listing-image\">\n<p><a href=\"https:\/\/www.hri-research.org\/pt-br\/homeopathy-faqs\/nao-sao-apenas-pilulas-de-acucar\/\" target=\"_blank\" rel=\"noopener noreferrer\"><img loading=\"lazy\" decoding=\"async\" class=\"alignnone wp-image-1677 size-thumbnail\" src=\"https:\/\/www.hri-research.org\/wp-content\/uploads\/2014\/09\/10-Homeopathy-not-science-150x150.jpg\" alt=\"\" width=\"150\" height=\"150\" \/><\/a><\/p>\n<\/div>\n<div class=\"icon-text-listing-text\">\n<p>&nbsp;<\/p>\n<p><a style=\"text-decoration: none; font-size: medium; line-height: normal;\" href=\"https:\/\/www.hri-research.org\/pt-br\/homeopathy-faqs\/nao-sao-apenas-pilulas-de-acucar\/\" target=\"_blank\" rel=\"noopener noreferrer\">Como saber se os medicamentos homeop\u00e1ticos n\u00e3o s\u00e3o \u201capenas p\u00edlulas de a\u00e7\u00facar\u201d?<\/a><\/p>\n<\/div>\n<div class=\"clear\"><\/div><\/div>\n<div class=\"icon-text-listing\">\n<div class=\"icon-text-listing-image\">\n<p><a href=\"https:\/\/www.hri-research.org\/pt-br\/homeopathy-faqs\/beneficios-alem-do-placebo\/\" target=\"_blank\" rel=\"noopener noreferrer\"><img loading=\"lazy\" decoding=\"async\" class=\"wp-image-2494 size-thumbnail alignnone\" src=\"https:\/\/www.hri-research.org\/wp-content\/uploads\/2014\/10\/5-Placebo-resized-150x150.jpg\" alt=\"\" width=\"150\" height=\"150\" \/><\/a><\/p>\n<\/div>\n<div class=\"icon-text-listing-text\">\n<p>&nbsp;<\/p>\n<p><a style=\"text-decoration: none; font-size: medium; line-height: normal;\" href=\"https:\/\/www.hri-research.org\/pt-br\/homeopathy-faqs\/beneficios-alem-do-placebo\/\" target=\"_blank\" rel=\"noopener noreferrer\">Os benef\u00edcios da homeopatia v\u00e3o al\u00e9m dos simples efeitos placebo?<\/a><\/p>\n<\/div>\n<div class=\"clear\"><\/div><\/div>\n<div class=\"icon-text-listing\">\n<div class=\"icon-text-listing-image\">\n<p><a href=\"https:\/\/www.hri-research.org\/pt-br\/homeopathy-faqs\/por-que-os-especialistas-consideram-que-e-possivel\/\" target=\"_blank\" rel=\"noopener noreferrer\"><img loading=\"lazy\" decoding=\"async\" class=\"alignnone wp-image-3270\" src=\"https:\/\/www.hri-research.org\/wp-content\/uploads\/2014\/09\/Dont-know-how-it-works-300x300.jpg\" alt=\"\" width=\"150\" height=\"150\" srcset=\"https:\/\/www.hri-research.org\/wp-content\/uploads\/2014\/09\/Dont-know-how-it-works-300x300.jpg 300w, https:\/\/www.hri-research.org\/wp-content\/uploads\/2014\/09\/Dont-know-how-it-works-150x150.jpg 150w, https:\/\/www.hri-research.org\/wp-content\/uploads\/2014\/09\/Dont-know-how-it-works-98x98.jpg 98w, https:\/\/www.hri-research.org\/wp-content\/uploads\/2014\/09\/Dont-know-how-it-works-198x198.jpg 198w, https:\/\/www.hri-research.org\/wp-content\/uploads\/2014\/09\/Dont-know-how-it-works-158x158.jpg 158w, https:\/\/www.hri-research.org\/wp-content\/uploads\/2014\/09\/Dont-know-how-it-works-160x160.jpg 160w, https:\/\/www.hri-research.org\/wp-content\/uploads\/2014\/09\/Dont-know-how-it-works.jpg 500w\" sizes=\"auto, (max-width: 150px) 100vw, 150px\" \/><\/a><\/p>\n<\/div>\n<div class=\"icon-text-listing-text\">\n<p>&nbsp;<\/p>\n<p>&nbsp;<\/p>\n<p><a style=\"text-decoration: none; font-size: medium; line-height: normal;\" href=\"https:\/\/www.hri-research.org\/pt-br\/homeopathy-faqs\/por-que-os-especialistas-consideram-que-e-possivel\/\" target=\"_blank\" rel=\"noopener noreferrer\">Por que os cientistas especializados consideram que a homeopatia \u00e9 poss\u00edvel?<\/a><\/p>\n<\/div>\n<div class=\"clear\"><\/div><\/div>\n<div class=\"icon-text-listing\">\n<div class=\"icon-text-listing-image\">\n<p><a href=\"https:\/\/www.hri-research.org\/pt-br\/homeopathy-faqs\/a-pesquisa-em-homeopatia-e-de-confianca\/\" target=\"_blank\" rel=\"noopener noreferrer\"><img loading=\"lazy\" decoding=\"async\" class=\"alignnone wp-image-3263\" src=\"https:\/\/www.hri-research.org\/wp-content\/uploads\/2014\/09\/Bad-research_88836238-300x270.jpg\" alt=\"\" width=\"150\" height=\"135\" srcset=\"https:\/\/www.hri-research.org\/wp-content\/uploads\/2014\/09\/Bad-research_88836238-300x270.jpg 300w, https:\/\/www.hri-research.org\/wp-content\/uploads\/2014\/09\/Bad-research_88836238-98x88.jpg 98w, https:\/\/www.hri-research.org\/wp-content\/uploads\/2014\/09\/Bad-research_88836238-198x178.jpg 198w, https:\/\/www.hri-research.org\/wp-content\/uploads\/2014\/09\/Bad-research_88836238-158x142.jpg 158w, https:\/\/www.hri-research.org\/wp-content\/uploads\/2014\/09\/Bad-research_88836238-160x144.jpg 160w, https:\/\/www.hri-research.org\/wp-content\/uploads\/2014\/09\/Bad-research_88836238.jpg 500w\" sizes=\"auto, (max-width: 150px) 100vw, 150px\" \/><\/a><\/p>\n<\/div>\n<div class=\"icon-text-listing-text\">\n<p>&nbsp;<\/p>\n<p><a style=\"text-decoration: none; font-size: medium; line-height: normal;\" href=\"https:\/\/www.hri-research.org\/pt-br\/homeopathy-faqs\/a-pesquisa-em-homeopatia-e-de-confianca\/\" target=\"_blank\" rel=\"noopener noreferrer\">A pesquisa em homeopatia tem a qualidade suficiente para ser confi\u00e1vel?<\/a><\/p>\n<\/div>\n<div class=\"clear\"><\/div><\/div>\n<div class=\"icon-text-listing\">\n<div class=\"icon-text-listing-image\">\n<p><a href=\"https:\/\/www.hri-research.org\/pt-br\/homeopathy-faqs\/ensaios-de-boa-qualidade\/\" target=\"_blank\" rel=\"noopener noreferrer\"><img loading=\"lazy\" decoding=\"async\" class=\"alignnone wp-image-3256\" src=\"https:\/\/www.hri-research.org\/wp-content\/uploads\/2014\/09\/Clinical-trials_112772884-300x225.jpg\" alt=\"\" width=\"150\" height=\"113\" srcset=\"https:\/\/www.hri-research.org\/wp-content\/uploads\/2014\/09\/Clinical-trials_112772884-300x225.jpg 300w, https:\/\/www.hri-research.org\/wp-content\/uploads\/2014\/09\/Clinical-trials_112772884-98x73.jpg 98w, https:\/\/www.hri-research.org\/wp-content\/uploads\/2014\/09\/Clinical-trials_112772884-198x148.jpg 198w, https:\/\/www.hri-research.org\/wp-content\/uploads\/2014\/09\/Clinical-trials_112772884-158x118.jpg 158w, https:\/\/www.hri-research.org\/wp-content\/uploads\/2014\/09\/Clinical-trials_112772884-160x120.jpg 160w, https:\/\/www.hri-research.org\/wp-content\/uploads\/2014\/09\/Clinical-trials_112772884.jpg 500w\" sizes=\"auto, (max-width: 150px) 100vw, 150px\" \/><\/a><\/p>\n<\/div>\n<div class=\"icon-text-listing-text\">\n<p>&nbsp;<\/p>\n<p><a style=\"text-decoration: none; font-size: medium; line-height: normal;\" href=\"https:\/\/www.hri-research.org\/pt-br\/homeopathy-faqs\/ensaios-de-boa-qualidade\/\" target=\"_blank\" rel=\"noopener noreferrer\">Existem ensaios de boa qualidade que demonstram a efic\u00e1cia da homeopatia?<\/a><\/p>\n<\/div>\n<div class=\"clear\"><\/div><\/div>\n<div class=\"icon-text-listing\">\n<div class=\"icon-text-listing-image\">\n<p><a href=\"https:\/\/www.hri-research.org\/pt-br\/homeopathy-faqs\/similar-cura-similar\/\" target=\"_blank\" rel=\"noopener noreferrer\"><img loading=\"lazy\" decoding=\"async\" class=\"alignnone wp-image-1901\" src=\"https:\/\/www.hri-research.org\/wp-content\/uploads\/2014\/09\/9-Like-cures-like_shutterstock_197767424-300x200.jpg\" alt=\"9-Like cures like_shutterstock_197767424\" width=\"150\" height=\"100\" srcset=\"https:\/\/www.hri-research.org\/wp-content\/uploads\/2014\/09\/9-Like-cures-like_shutterstock_197767424-300x200.jpg 300w, https:\/\/www.hri-research.org\/wp-content\/uploads\/2014\/09\/9-Like-cures-like_shutterstock_197767424-98x65.jpg 98w, https:\/\/www.hri-research.org\/wp-content\/uploads\/2014\/09\/9-Like-cures-like_shutterstock_197767424-198x132.jpg 198w, https:\/\/www.hri-research.org\/wp-content\/uploads\/2014\/09\/9-Like-cures-like_shutterstock_197767424-158x105.jpg 158w, https:\/\/www.hri-research.org\/wp-content\/uploads\/2014\/09\/9-Like-cures-like_shutterstock_197767424-160x106.jpg 160w, https:\/\/www.hri-research.org\/wp-content\/uploads\/2014\/09\/9-Like-cures-like_shutterstock_197767424-520x346.jpg 520w, https:\/\/www.hri-research.org\/wp-content\/uploads\/2014\/09\/9-Like-cures-like_shutterstock_197767424.jpg 1000w\" sizes=\"auto, (max-width: 150px) 100vw, 150px\" \/><\/a><\/p>\n<\/div>\n<div class=\"icon-text-listing-text\">\n<p>&nbsp;<\/p>\n<p><a style=\"text-decoration: none; font-size: medium; line-height: normal;\" href=\"https:\/\/www.hri-research.org\/pt-br\/homeopathy-faqs\/similar-cura-similar\/\" target=\"_blank\" rel=\"noopener noreferrer\">Como o conceito homeop\u00e1tico \u201csimilar cura similar\u201d pode fazer sentido?<\/a><\/p>\n<\/div>\n<div class=\"clear\"><\/div><\/div>\n<div class=\"icon-text-listing\">\n<div class=\"icon-text-listing-image\">\n<p><a href=\"https:\/\/www.hri-research.org\/pt-br\/homeopathy-faqs\/entendendo-como-funciona\/\" target=\"_blank\" rel=\"noopener noreferrer\"><img loading=\"lazy\" decoding=\"async\" class=\"alignnone wp-image-3261\" src=\"https:\/\/www.hri-research.org\/wp-content\/uploads\/2014\/09\/Gears_102272059-smaller-300x200.jpeg\" alt=\"\" width=\"150\" height=\"100\" srcset=\"https:\/\/www.hri-research.org\/wp-content\/uploads\/2014\/09\/Gears_102272059-smaller-300x200.jpeg 300w, https:\/\/www.hri-research.org\/wp-content\/uploads\/2014\/09\/Gears_102272059-smaller-98x65.jpeg 98w, https:\/\/www.hri-research.org\/wp-content\/uploads\/2014\/09\/Gears_102272059-smaller-198x132.jpeg 198w, https:\/\/www.hri-research.org\/wp-content\/uploads\/2014\/09\/Gears_102272059-smaller-158x105.jpeg 158w, https:\/\/www.hri-research.org\/wp-content\/uploads\/2014\/09\/Gears_102272059-smaller-160x106.jpeg 160w, https:\/\/www.hri-research.org\/wp-content\/uploads\/2014\/09\/Gears_102272059-smaller-520x346.jpeg 520w, https:\/\/www.hri-research.org\/wp-content\/uploads\/2014\/09\/Gears_102272059-smaller.jpeg 591w\" sizes=\"auto, (max-width: 150px) 100vw, 150px\" \/><\/a><\/p>\n<\/div>\n<div class=\"icon-text-listing-text\">\n<p>&nbsp;<\/p>\n<p><a style=\"text-decoration: none; font-size: medium; line-height: normal;\" href=\"https:\/\/www.hri-research.org\/pt-br\/homeopathy-faqs\/entendendo-como-funciona\/\" target=\"_blank\" rel=\"noopener noreferrer\">Os medicamentos homeop\u00e1ticos podem ser usados sem que saibamos como funcionam?<\/a><\/p>\n<\/div>\n<div class=\"clear\"><\/div><\/div>\n<div class=\"icon-text-listing\">\n<div class=\"icon-text-listing-image\">\n<p><a href=\"https:\/\/www.hri-research.org\/pt-br\/homeopathy-faqs\/homeopatia-e-ciencia-real\/\" target=\"_blank\" rel=\"noopener noreferrer\"><img loading=\"lazy\" decoding=\"async\" class=\"wp-image-1900 size-thumbnail alignnone\" src=\"https:\/\/www.hri-research.org\/wp-content\/uploads\/2014\/09\/8-Homeopathy-research-is-poor-quality-resized-150x150.jpeg\" alt=\"\" width=\"150\" height=\"150\" \/><\/a><\/p>\n<\/div>\n<div class=\"icon-text-listing-text\">\n<p>&nbsp;<\/p>\n<p><a style=\"text-decoration: none; font-size: medium; line-height: normal;\" href=\"https:\/\/www.hri-research.org\/pt-br\/homeopathy-faqs\/homeopatia-e-ciencia-real\/\" target=\"_blank\" rel=\"noopener noreferrer\">Homeopatia \u00e9 \u2018ci\u00eancia real\u2019<\/a><\/p>\n<\/div>\n<div class=\"clear\"><\/div><\/div>\n","protected":false},"excerpt":{"rendered":"<p>A homeopatia \u00e9 controversa. Figuras p\u00fablicas, de pol\u00edticos a comediantes, com frequ\u00eancia fazem declara\u00e7\u00f5es fortes contra a homeopatia, mas muito poucas pessoas de fato tiveram oportunidade de ler por si pr\u00f3prias os fatos sobre pesquisas relativas a homeopatia. Aqui vamos considerar as declara\u00e7\u00f5es mais comumente repetidas sobre homeopatia e ver at\u00e9 que ponto s\u00e3o precisas, [&hellip;]<\/p>\n","protected":false},"author":4,"featured_media":21100,"parent":0,"menu_order":0,"comment_status":"closed","ping_status":"closed","template":"page-translated-faq.php","meta":{"footnotes":""},"class_list":["post-8581","page","type-page","status-publish","has-post-thumbnail","hentry"],"jetpack_sharing_enabled":true,"_links":{"self":[{"href":"https:\/\/www.hri-research.org\/pt-br\/wp-json\/wp\/v2\/pages\/8581","targetHints":{"allow":["GET"]}}],"collection":[{"href":"https:\/\/www.hri-research.org\/pt-br\/wp-json\/wp\/v2\/pages"}],"about":[{"href":"https:\/\/www.hri-research.org\/pt-br\/wp-json\/wp\/v2\/types\/page"}],"author":[{"embeddable":true,"href":"https:\/\/www.hri-research.org\/pt-br\/wp-json\/wp\/v2\/users\/4"}],"replies":[{"embeddable":true,"href":"https:\/\/www.hri-research.org\/pt-br\/wp-json\/wp\/v2\/comments?post=8581"}],"version-history":[{"count":0,"href":"https:\/\/www.hri-research.org\/pt-br\/wp-json\/wp\/v2\/pages\/8581\/revisions"}],"wp:featuredmedia":[{"embeddable":true,"href":"https:\/\/www.hri-research.org\/pt-br\/wp-json\/wp\/v2\/media\/21100"}],"wp:attachment":[{"href":"https:\/\/www.hri-research.org\/pt-br\/wp-json\/wp\/v2\/media?parent=8581"}],"curies":[{"name":"wp","href":"https:\/\/api.w.org\/{rel}","templated":true}]}}