{"id":31848,"date":"2024-04-30T12:52:35","date_gmt":"2024-04-30T12:52:35","guid":{"rendered":"https:\/\/www.hri-research.org\/?page_id=31848"},"modified":"2024-04-30T15:43:38","modified_gmt":"2024-04-30T15:43:38","slug":"o-quao-segura-e-a-homeopatia","status":"publish","type":"page","link":"https:\/\/www.hri-research.org\/pt-br\/homeopathy-faqs\/o-quao-segura-e-a-homeopatia\/","title":{"rendered":"O qu\u00e3o segura \u00e9 a homeopatia?"},"content":{"rendered":"<p><span style=\"font-weight: 400;\">At\u00e9 o momento, j\u00e1 foram realizados <\/span><a href=\"https:\/\/www.hri-research.org\/wp-content\/uploads\/2024\/04\/HRI_Summary-of-studies-assessing-safety-of-homeopathic-medicine-PT-BR.pdf\" target=\"_blank\" rel=\"noopener\"><b>12 estudos relevantes<\/b><\/a><b> avaliando a seguran\u00e7a do medicamento homeop\u00e1tico, 11 dos quais consideraram a homeopatia uma interven\u00e7\u00e3o de baixo risco<\/b><span style=\"font-weight: 400;\">: Editorial<sup><a href=\"https:\/\/www.ncbi.nlm.nih.gov\/pmc\/articles\/PMC1279671\/\" target=\"_blank\" rel=\"noopener\">2<\/a><\/sup><\/span><span style=\"font-weight: 400;\">, uma auditoria<sup><a href=\"https:\/\/pubmed.ncbi.nlm.nih.gov\/15532700\/\" target=\"_blank\" rel=\"noopener\">3<\/a><\/sup><\/span><span style=\"font-weight: 400;\">, um estudo prospectivo<sup><a href=\"https:\/\/pubmed.ncbi.nlm.nih.gov\/16226201\/\" target=\"_blank\" rel=\"noopener\">4<\/a><\/sup><\/span><span style=\"font-weight: 400;\">, um estudo transversal<sup><a href=\"https:\/\/pubmed.ncbi.nlm.nih.gov\/18801188\/\" target=\"_blank\" rel=\"noopener\">5<\/a><\/sup><\/span><span style=\"font-weight: 400;\">, um relat\u00f3rio da Organiza\u00e7\u00e3o<sup><a href=\"https:\/\/www.omeopatia.org\/upload\/Image\/my_news\/safety%20homeo.pdf\" target=\"_blank\" rel=\"noopener\">6<\/a><\/sup><\/span><span style=\"font-weight: 400;\"> e uma revis\u00e3o da literatura<sup><a href=\"https:\/\/pubmed.ncbi.nlm.nih.gov\/32610325\/\" target=\"_blank\" rel=\"noopener\">11<\/a><\/sup><\/span><span style=\"font-weight: 400;\">, todos conclu\u00edram que a homeopatia \u00e9 &#8220;segura&#8221;. Al\u00e9m disso, <\/span><b>cinco das seis <a href=\"#\" class=\"definition\" title=\"que realizam uma an\u00e1lise rigorosa de v\u00e1rios estudos\">revis\u00f5es sistem\u00e1ticas<\/a><\/b><b> conclu\u00edram a favor da seguran\u00e7a relativa do tratamento homeop\u00e1tico, descrevendo os efeitos adversos como leves a moderados e transit\u00f3rios<\/b>.<sup><a href=\"https:\/\/pubmed.ncbi.nlm.nih.gov\/10939781\/\" target=\"_blank\" rel=\"noopener\">1<\/a>,<a href=\"https:\/\/link.springer.com\/book\/10.1007\/978-3-642-20638-2\" target=\"_blank\" rel=\"noopener\">7<\/a>,<a href=\"https:\/\/pubmed.ncbi.nlm.nih.gov\/22692862\/\" target=\"_blank\" rel=\"noopener\">9<\/a>,<a href=\"https:\/\/pubmed.ncbi.nlm.nih.gov\/27261996\/\" target=\"_blank\" rel=\"noopener\">10<\/a>,<a href=\"https:\/\/www.sciencedirect.com\/science\/article\/abs\/pii\/S1550830720303797?via%3Dihub\" target=\"_blank\" rel=\"noopener\">12<\/a><\/sup><span style=\"font-weight: 400;\"> A sexta revis\u00e3o sistem\u00e1tica<sup><a href=\"https:\/\/pubmed.ncbi.nlm.nih.gov\/23163497\/\" target=\"_blank\" rel=\"noopener\">8<\/a><\/sup><\/span><span style=\"font-weight: 400;\">\u00a0\u00e9 o \u00fanico artigo publicado que chegou a uma conclus\u00e3o negativa, significativamente diferente das outras revis\u00f5es; geralmente, isso se deve a uma falha na metodologia.<sup><a href=\"https:\/\/pubmed.ncbi.nlm.nih.gov\/23521335\/\" target=\"_blank\" rel=\"noopener\">13<\/a>,<a href=\"https:\/\/pubmed.ncbi.nlm.nih.gov\/23521332\/\" target=\"_blank\" rel=\"noopener\">14<\/a>,<a href=\"https:\/\/www.ncbi.nlm.nih.gov\/pmc\/articles\/PMC3644864\/\" target=\"_blank\" rel=\"noopener\">15<\/a>,<a href=\"https:\/\/onlinelibrary.wiley.com\/doi\/full\/10.1111\/ijcp.12109\" target=\"_blank\" rel=\"noopener\">16<\/a><\/sup><\/span><\/p>\n<p>A revis\u00e3o sistem\u00e1tica e a meta-an\u00e1lise mais recentes, que avaliaram a seguran\u00e7a dos medicamentos homeop\u00e1ticos<sup><a href=\"https:\/\/www.sciencedirect.com\/science\/article\/abs\/pii\/S1550830720303797?via%3Dihub\" target=\"_blank\" rel=\"noopener\">12<\/a><\/sup>, conclu\u00edram que:<\/p>\n<blockquote><p>\u201c\u2026 a propor\u00e7\u00e3o de pacientes que apresentaram efeitos adversos foi significativamente maior quando receberam medicamentos convencionais e fitoter\u00e1picos, em compara\u00e7\u00e3o com os pacientes que receberam homeopatia.\u201d<\/p><\/blockquote>\n<p><a href=\"#\" class=\"expand-content button accent-bg\" id=\"69f1ae4d229da\"><span class=\"expand-content-more\">Ref\u00earencias<\/span><span class=\"expand-content-less\">Menos<\/span><\/a><\/p><div class=\"collapse-content\" id=\"panel-69f1ae4d229da\">\n<ol>\n<li>Dantas F, Rampes H. Do homeopathic medicines provoke adverse effects? A systematic review.\u00a0<em>Br Homeopath J,<\/em>\u00a02000;\u00a0<strong>89\u00a0<\/strong>(Suppl 1): S35-8<\/li>\n<li>Kirby BJ. Safety of homeopathic products. <em>J R Soc Med<\/em>, 2002; <strong>95<\/strong>:221-2<\/li>\n<li>Thompson E et al. A preliminary audit investigating remedy reactions including adverse events in routine homeopathic practice. <em>Homeopathy,<\/em> 2004; <strong>93<\/strong>:203-9<\/li>\n<li>Endrizzi C et al Harm in homeopathy: aggravations, adverse drug events or medication errors? <em>Homeopathy<\/em>, 2005; <strong>94<\/strong>:233-40<\/li>\n<li>Marian F et al. Patient satisfaction and side effects in primary care: an observational study comparing homeopathy and conventional medicine<em>. BMC Complement Altern Med<\/em>, 2008; <strong>18<\/strong>:52<\/li>\n<li>The Safety of Homeopathy. Report prepared by the European Council for Classical Homeopathy (ECCH). Jan 2009<\/li>\n<li>Homeopathy in Healthcare: Effectiveness, Appropriateness, Safety, Costs. Gudrun Bornh\u00f6fft &amp; Peter F. Mathiessen (Editors), 2011<\/li>\n<li>Posadzki P et al. Adverse effects of homeopathy: A systematic review of published case reports and case series.\u2019 <em>Int J Clin Pract<\/em>, 2012; <strong>66<\/strong> :1178\u20131188<\/li>\n<li>Jong MC et al. Adverse drug reactions to anthroposophic and homeopathic solutions for injection: a systematic evaluation of German pharmacovigilance databases. <em>Pharmacoepidemiology and Drug Safety<\/em>, 2012; <strong>21<\/strong>:1295-301<\/li>\n<li>Stub T et al. Adverse effects of homeopathy, what do we know? A systematic review and meta-analysis of randomized controlled trials. <em>Complement Ther Med<\/em>, 2016; <strong>26<\/strong>: 146-63<\/li>\n<li>Habs M and Koller M. Material risks of homeopathic medicinal products: a regulatory frameworks, results of preclinical toxicology, and clinical meta-analyses and their implications. <em>Complementary Medicine Research<\/em>, 2021; <strong>28<\/strong>:64-84<\/li>\n<li>Stub T et al. Adverse effects in homeopathy. A systematic review and meta-analysis of observational studies. <em>Explore (NY)<\/em>, 2022; <strong>18<\/strong> :114-128<\/li>\n<li>Tournier A, Roberts ER, Viksveen P. Adverse effects of homeopathy: a systematic review of published case reports and case series &#8211; comment by Tournier et al. <em>Int J Clin Pract<\/em>, 2013; <strong>67<\/strong>: 388-9<\/li>\n<li>Walach H, Lewith G, Jonas W. Can you kill your enemy by giving homeopathy? Lack of rigour and lack of logic in the systematic review by Edzard Ernst and colleagues on adverse effects of homeopathy. <em>Int J Clin Pract<\/em>, 2013; <strong>67<\/strong>: 385-6<\/li>\n<li>Posadzki P, Ernst E. Adverse effects of homeopathy: a systematic review of published case reports and case series &#8211; response by Posadzki and Ernst. <em>Int J Clin Pract,<\/em> 2013; <strong>67<\/strong>: 389<\/li>\n<li>Grimes DR. Can you kill your enemy by giving homeopathy? Response by D. R. Grimes. <em>Int J Clin Pract<\/em>, 2013; <strong>67<\/strong>: 387<\/div><!-- pt-br --><\/li>\n<\/ol>\n","protected":false},"excerpt":{"rendered":"<p>At\u00e9 o momento, j\u00e1 foram realizados 12 estudos relevantes avaliando a seguran\u00e7a do medicamento homeop\u00e1tico, 11 dos quais consideraram a homeopatia uma interven\u00e7\u00e3o de baixo risco: Editorial2, uma auditoria3, um estudo prospectivo4, um estudo transversal5, um relat\u00f3rio da Organiza\u00e7\u00e3o6 e uma revis\u00e3o da literatura11, todos conclu\u00edram que a homeopatia \u00e9 &#8220;segura&#8221;. Al\u00e9m disso, cinco das [&hellip;]<\/p>\n","protected":false},"author":835,"featured_media":0,"parent":8581,"menu_order":0,"comment_status":"closed","ping_status":"closed","template":"","meta":{"footnotes":""},"class_list":["post-31848","page","type-page","status-publish","hentry"],"jetpack_sharing_enabled":true,"_links":{"self":[{"href":"https:\/\/www.hri-research.org\/pt-br\/wp-json\/wp\/v2\/pages\/31848","targetHints":{"allow":["GET"]}}],"collection":[{"href":"https:\/\/www.hri-research.org\/pt-br\/wp-json\/wp\/v2\/pages"}],"about":[{"href":"https:\/\/www.hri-research.org\/pt-br\/wp-json\/wp\/v2\/types\/page"}],"author":[{"embeddable":true,"href":"https:\/\/www.hri-research.org\/pt-br\/wp-json\/wp\/v2\/users\/835"}],"replies":[{"embeddable":true,"href":"https:\/\/www.hri-research.org\/pt-br\/wp-json\/wp\/v2\/comments?post=31848"}],"version-history":[{"count":0,"href":"https:\/\/www.hri-research.org\/pt-br\/wp-json\/wp\/v2\/pages\/31848\/revisions"}],"up":[{"embeddable":true,"href":"https:\/\/www.hri-research.org\/pt-br\/wp-json\/wp\/v2\/pages\/8581"}],"wp:attachment":[{"href":"https:\/\/www.hri-research.org\/pt-br\/wp-json\/wp\/v2\/media?parent=31848"}],"curies":[{"name":"wp","href":"https:\/\/api.w.org\/{rel}","templated":true}]}}