{"id":31788,"date":"2024-04-26T13:58:23","date_gmt":"2024-04-26T13:58:23","guid":{"rendered":"https:\/\/www.hri-research.org\/?page_id=31788"},"modified":"2024-04-26T13:58:23","modified_gmt":"2024-04-26T13:58:23","slug":"o-tratamento-homeopatico-e-economico","status":"publish","type":"page","link":"https:\/\/www.hri-research.org\/pt-br\/homeopathy-faqs\/o-tratamento-homeopatico-e-economico\/","title":{"rendered":"O tratamento homeop\u00e1tico \u00e9 econ\u00f4mico?"},"content":{"rendered":"<p>As pesquisas em economia da sa\u00fade t\u00eam como objetivo estabelecer uma base cient\u00edfica para a aloca\u00e7\u00e3o eficiente de recursos financeiros e de sa\u00fade limitados, al\u00e9m de garantir a presta\u00e7\u00e3o de um atendimento de alta qualidade aos pacientes. Os m\u00e9todos aplicados na economia da sa\u00fade para analisar a rela\u00e7\u00e3o custo-benef\u00edcio dos tratamentos m\u00e9dicos convencionais tamb\u00e9m podem ser aplicados \u00e0 homeopatia.<\/p>\n<p>Uma <a href=\"#\" class=\"definition\" title=\"Estudos que analisam os resultados combinados de v\u00e1rios estudos semelhantes para chegar a conclus\u00f5es mais s\u00f3lidas\">revis\u00e3o sistem\u00e1tica<\/a> publicada em 2024 d\u00e1 uma vis\u00e3o geral das an\u00e1lises de custo-efetividade da homeopatia<sup>1<\/sup>. Em todos os 21 estudos inclu\u00eddos na revis\u00e3o, <strong>a homeopatia mostrou uma efic\u00e1cia cl\u00ednica semelhante ou melhor em compara\u00e7\u00e3o com os grupos de controle, com uma clara tend\u00eancia positiva do custo-efetividade e um aumento estatisticamente significativo na qualidade dos estudos ao longo dos anos.<\/strong><\/p>\n<p><a href=\"#\" class=\"expand-content\" id=\"69ded57404436\"><span class=\"expand-content-more\">Mais<\/span><span class=\"expand-content-less\">Menos<\/span><\/a><\/p><div class=\"collapse-content\" id=\"panel-69ded57404436\">A revis\u00e3o<sup>1<\/sup> feita por Thomas Ostermann (Universidade de Witten\/Herdecke, Alemanha) incluiu 15 estudos analisados em uma revis\u00e3o<sup>2<\/sup> anterior de 2014, al\u00e9m de 6 estudos adicionais. Os resultados desses 21 estudos mostraram uma clara tend\u00eancia positiva, conforme resumido na tabela abaixo:<\/p>\n<p><img loading=\"lazy\" decoding=\"async\" class=\"alignnone wp-image-31789 size-full\" src=\"https:\/\/www.hri-research.org\/wp-content\/uploads\/2024\/04\/Cost-effectiveness-PT-BR.png\" alt=\"\" width=\"1260\" height=\"274\" srcset=\"https:\/\/www.hri-research.org\/wp-content\/uploads\/2024\/04\/Cost-effectiveness-PT-BR.png 1260w, https:\/\/www.hri-research.org\/wp-content\/uploads\/2024\/04\/Cost-effectiveness-PT-BR-300x65.png 300w, https:\/\/www.hri-research.org\/wp-content\/uploads\/2024\/04\/Cost-effectiveness-PT-BR-1024x223.png 1024w, https:\/\/www.hri-research.org\/wp-content\/uploads\/2024\/04\/Cost-effectiveness-PT-BR-768x167.png 768w, https:\/\/www.hri-research.org\/wp-content\/uploads\/2024\/04\/Cost-effectiveness-PT-BR-98x21.png 98w, https:\/\/www.hri-research.org\/wp-content\/uploads\/2024\/04\/Cost-effectiveness-PT-BR-198x43.png 198w, https:\/\/www.hri-research.org\/wp-content\/uploads\/2024\/04\/Cost-effectiveness-PT-BR-158x34.png 158w, https:\/\/www.hri-research.org\/wp-content\/uploads\/2024\/04\/Cost-effectiveness-PT-BR-160x35.png 160w, https:\/\/www.hri-research.org\/wp-content\/uploads\/2024\/04\/Cost-effectiveness-PT-BR-520x113.png 520w\" sizes=\"auto, (max-width: 1260px) 100vw, 1260px\" \/><sup>(*2 desses estudos demonstraram ser econ\u00f4micos atrav\u00e9s da raz\u00e3o de custo-efetividade incremental.)<\/sup><\/p>\n<p>Dois pesquisadores independentes analisaram a <strong>qualidade dos estudos usando o CHEC<\/strong>, criado especificamente para uso em an\u00e1lises econ\u00f4micas. Os resultados do CHEC <strong>variaram entre 2 e 16<\/strong> (sendo a pontua\u00e7\u00e3o m\u00e1xima 19): os estudos publicados antes de 2009 obtiveram uma pontua\u00e7\u00e3o m\u00e9dia mais baixa (6,7 \u00b1 3,4) do que os publicados durante ou depois de 2009 (9,4 \u00b1 4,3).<\/p>\n<p>Vale a pena observar que <strong>os dois estudos publicados mais recentemente inclu\u00eddos na revis\u00e3o<\/strong><sup>3,4<\/sup><strong> est\u00e3o entre aqueles com a classifica\u00e7\u00e3o de qualidade mais alta<\/strong>. Al\u00e9m de um projeto de estudo bem escolhido, ambos utilizaram an\u00e1lises econ\u00f4micas de \u00faltima gera\u00e7\u00e3o. Os autores da revis\u00e3o atualizada destacam a import\u00e2ncia de manter esse n\u00edvel de excel\u00eancia em futuras an\u00e1lises econ\u00f4micas sobre a homeopatia.<\/p>\n<\/div><!-- pt-br -->\n<p>Uma an\u00e1lise de custo-efetividade individual da mais alta qualidade<sup>4<\/sup> (CHEC: 89%) avaliou o impacto de um medicamento homeop\u00e1tico &#8220;de venda livre&#8221;, o <em>SilAtro-5-90<\/em> . Um ensaio cl\u00ednico de 2017 constatou que <strong>o uso do <a href=\"#\" class=\"definition\" title=\"O produto cont\u00e9m cinco medicamentos homeop\u00e1ticos diferentes comumente usados para tratar amigdalite aguda e recorrente.\">SilAtro-5-90<\/a>\u00a0junto com medicamentos convencionais reduziu a recorr\u00eancia de amigdalite aguda<\/strong><sup>5<\/sup>; uma an\u00e1lise econ\u00f4mica realizada posteriormente constatou que o <strong><em>SilAtro-5-90<\/em> reduziu tamb\u00e9m os custos<\/strong> (especialmente quando a cirurgia foi evitada), em compara\u00e7\u00e3o com o tratamento apenas com medicamentos convencionais.<sup>4<\/sup><\/p>\n<p><a href=\"#\" class=\"expand-content\" id=\"69ded5740445f\"><span class=\"expand-content-more\">Mais<\/span><span class=\"expand-content-less\">Menos<\/span><\/a><\/p><div class=\"collapse-content\" id=\"panel-69ded5740445f\">\n<p>Um ensaio cl\u00ednico randomizado pragm\u00e1tico acompanhou 256 crian\u00e7as e adultos (com idades entre 6 e 60 anos) diagnosticados com amigdalite recorrente moderada, durante dois anos. Observou-se que incluir <em>SilAtro-5-90<\/em> foi clinicamente eficaz, reduzindo o n\u00famero de infec\u00e7\u00f5es agudas de garganta, sintomas espec\u00edficos de amigdalite e a necessidade de antibi\u00f3ticos, em compara\u00e7\u00e3o ao tratamento exclusivamente convencional.<sup>5<\/sup> Uma an\u00e1lise econ\u00f4mica posterior, baseada no * por infec\u00e7\u00e3o aguda de garganta mostrou que:<sup>4<\/sup><\/p>\n<ul>\n<li><strong>em crian\u00e7as menores de 12 anos, o tratamento adicional com <em>SilAtro-5-90<\/em> \u00e9 sempre vantajoso <\/strong>(independentemente da gravidade da amigdalite recorrente), reduzindo o n\u00famero de infec\u00e7\u00f5es agudas de garganta a um custo menor do que com o uso apenas do tratamento convencional.<\/li>\n<li><strong>em adultos e crian\u00e7as com 12 anos de idade ou mais com amigdalite recorrente &#8220;grave<\/strong>&#8221; (mais de tr\u00eas infec\u00e7\u00f5es agudas de garganta por ano),<strong> o <em>SilAtro-5-90<\/em> ajudou a evitar a dispendiosa cirurgia de amigdalectomia<\/strong>.<\/li>\n<\/ul>\n<\/div><!-- pt-br -->\n<p>\u00c9 evidente que \u00e9 necess\u00e1rio realizar mais pesquisas de alta qualidade sobre esse assunto. Com base nessas descobertas promissoras, ser\u00e1 poss\u00edvel determinar de forma mais categ\u00f3rica se a homeopatia poder\u00e1 desempenhar um papel na gest\u00e3o dos custos de sa\u00fade no futuro, mantendo n\u00edveis de efic\u00e1cia cl\u00ednica compar\u00e1veis aos tratamentos j\u00e1 existentes.<\/p>\n<p><a href=\"#\" class=\"expand-content button accent-bg\" id=\"69ded5740450a\"><span class=\"expand-content-more\">Refer\u00eancias<\/span><span class=\"expand-content-less\">Menos<\/span><\/a><\/p><div class=\"collapse-content\" id=\"panel-69ded5740450a\">\n<ol>\n<li>Ostermann T, Burkart J, De Jaegere S, et al. Overview and quality assessment of health economic evaluations for homeopathic therapy: an updated systematic review. <em>Expert Rev Pharmacoecon Outcomes Res<\/em>, 2024;<strong>24<\/strong>:117-142 [<a href=\"https:\/\/pubmed.ncbi.nlm.nih.gov\/37795998\/\">PubMed<\/a>] [<a href=\"https:\/\/www.tandfonline.com\/doi\/full\/10.1080\/14737167.2023.2266136\">FullText<\/a>]<\/li>\n<li>Viksveen P, Dymitr Z, Simoens S. Economic evaluations of homeopathy: a review. <em>Eur J Health Econ<\/em>, 2014;<strong>15<\/strong>:157-74 [<a href=\"https:\/\/pubmed.ncbi.nlm.nih.gov\/23397477\/\">PubMed<\/a>]<\/li>\n<li>Kass B, Icke K, Witt CM, Reinhold T. Effectiveness and cost-effectiveness of treatment with additional enrolment to a homeopathic integrated care contract in Germany. <em>BMC Health Serv Res,<\/em> 2020;<strong>20<\/strong>:872 [<a href=\"https:\/\/pubmed.ncbi.nlm.nih.gov\/32933511\/\" target=\"_blank\" rel=\"noopener\">PubMed<\/a>] [<a href=\"https:\/\/bmchealthservres.biomedcentral.com\/articles\/10.1186\/s12913-020-05706-4\" target=\"_blank\" rel=\"noopener\">FullText<\/a>]<\/li>\n<li>Ostermann T, Park A-L, De Jaegere S, Fetz K, Klement P, Raak C, McDaid D. Cost-effectiveness analysis for SilAtro-5-90 adjuvant treatment in the management of recurrent tonsilitis, compared with usual care only. <em>Cost Eff Resour Alloc, <\/em>2021;<strong>19<\/strong>:60 [<a href=\"https:\/\/resource-allocation.biomedcentral.com\/articles\/10.1186\/s12962-021-00313-4\">FullText<\/a>]<\/li>\n<li>Palm J, Kishchuk VV, Ulied A, Perotti Fern\u00e1ndez J, De Jaegere S et al. Effectiveness of an add-on treatment with the homeopathic medication SilAtro-5-90 in recurrent tonsillitis: An international, pragmatic, randomized, controlled clinical trial. <em>Complement Ther Clin Pract<\/em>, 2017; <strong>28<\/strong>:181-191 [<a href=\"https:\/\/pubmed.ncbi.nlm.nih.gov\/28779928\/\">PubMed<\/a>]<\/div><!-- pt-br --><\/li>\n<\/ol>\n<p><a href=\"https:\/\/www.hri-research.org\/pt-br\/resources\/homeopathy-faqs\/\">Voltar \u00e0s FAQs sobre homeopatia<\/a><\/p>\n","protected":false},"excerpt":{"rendered":"<p>As pesquisas em economia da sa\u00fade t\u00eam como objetivo estabelecer uma base cient\u00edfica para a aloca\u00e7\u00e3o eficiente de recursos financeiros e de sa\u00fade limitados, al\u00e9m de garantir a presta\u00e7\u00e3o de um atendimento de alta qualidade aos pacientes. Os m\u00e9todos aplicados na economia da sa\u00fade para analisar a rela\u00e7\u00e3o custo-benef\u00edcio dos tratamentos m\u00e9dicos convencionais tamb\u00e9m podem [&hellip;]<\/p>\n","protected":false},"author":835,"featured_media":0,"parent":8581,"menu_order":0,"comment_status":"closed","ping_status":"closed","template":"","meta":{"footnotes":""},"class_list":["post-31788","page","type-page","status-publish","hentry"],"jetpack_sharing_enabled":true,"_links":{"self":[{"href":"https:\/\/www.hri-research.org\/pt-br\/wp-json\/wp\/v2\/pages\/31788","targetHints":{"allow":["GET"]}}],"collection":[{"href":"https:\/\/www.hri-research.org\/pt-br\/wp-json\/wp\/v2\/pages"}],"about":[{"href":"https:\/\/www.hri-research.org\/pt-br\/wp-json\/wp\/v2\/types\/page"}],"author":[{"embeddable":true,"href":"https:\/\/www.hri-research.org\/pt-br\/wp-json\/wp\/v2\/users\/835"}],"replies":[{"embeddable":true,"href":"https:\/\/www.hri-research.org\/pt-br\/wp-json\/wp\/v2\/comments?post=31788"}],"version-history":[{"count":0,"href":"https:\/\/www.hri-research.org\/pt-br\/wp-json\/wp\/v2\/pages\/31788\/revisions"}],"up":[{"embeddable":true,"href":"https:\/\/www.hri-research.org\/pt-br\/wp-json\/wp\/v2\/pages\/8581"}],"wp:attachment":[{"href":"https:\/\/www.hri-research.org\/pt-br\/wp-json\/wp\/v2\/media?parent=31788"}],"curies":[{"name":"wp","href":"https:\/\/api.w.org\/{rel}","templated":true}]}}