{"id":15062,"date":"2020-09-09T13:59:51","date_gmt":"2020-09-09T13:59:51","guid":{"rendered":"https:\/\/www.hri-research.org\/?page_id=15062"},"modified":"2022-02-15T15:13:14","modified_gmt":"2022-02-15T15:13:14","slug":"vergelijk-je-homeopathie-met-conventionele-geneeskunde-dan-zou-je-zien-dat-het-niet-werkt","status":"publish","type":"page","link":"https:\/\/www.hri-research.org\/nl\/homeopathie-faqs\/vergelijk-je-homeopathie-met-conventionele-geneeskunde-dan-zou-je-zien-dat-het-niet-werkt\/","title":{"rendered":"Hoe verhoudt homeopathie zich tot conventionele geneeskunde?"},"content":{"rendered":"<p><strong>Onderzoeken die de effectiviteit van homeopathie vergelijken met conventionele geneeskunde laten zien dat homeopathie even goede, of zelfs betere resultaten kan behalen dan conventionele geneeskunde.<\/strong><\/p>\n<h3><span class=\"accent\">Ge\u00efndividualiseerde homeopathische behandeling<\/span><\/h3>\n<p><strong><a href=\"http:\/\/www.plosone.org\/article\/fetchObject.action?uri=info%3Adoi%2F10.1371%2Fjournal.pone.0118440&amp;representation=PDF\" target=\"_blank\" rel=\"noopener noreferrer\">Depressie<\/a><\/strong><br \/>\nEen recent uitgevoerde RCT (gerandomiseerd, placebo-gecontroleerd onderzoek) beoordeelde de effectiviteit van de ge\u00efndividualiseerde homeopathische behandeling tegen de effectiviteit van Fluoxetine (oftewel Prozac), voorgeschreven bij gematigde tot ernstige depressie bij vrouwen in de menopauze.<sup><a href=\"http:\/\/www.plosone.org\/article\/fetchObject.action?uri=info%3Adoi%2F10.1371%2Fjournal.pone.0118440&amp;representation=PDF\" target=\"_blank\" rel=\"noopener noreferrer\">1<\/a><\/sup><\/p>\n<p>Beide behandelingen werden als veilig beoordeeld en beide hadden een duidelijk betere werking dan placebo. Homeopathie zorgde voor een grotere verbetering van de symptomen van depressie dan fluoxetine en ook verbeterden de symptomen van de menopauze, wat de behandeling met fluoxetine niet deed.<p><a href=\"#\" class=\"expand-content\" id=\"69e4a0c5ae143\"><span class=\"expand-content-more\">More<\/span><span class=\"expand-content-less\">Less<\/span><\/a><\/p><div class=\"collapse-content\" id=\"panel-69e4a0c5ae143\">Bij deze studie, uitgevoerd in een openbaar ziekenhuis in Mexico City, waren 133 vrouwen betrokken. Aanvullend aan de vergelijking van homeopathie met placebo werd ook fluoxetine (oftewel Prozac) met placebo vergeleken.<\/p>\n<p>Volgens <a href=\"https:\/\/www.nice.org.uk\/\" target=\"_blank\" rel=\"noopener noreferrer\">NICE<\/a> (National Institute for Clinical Excellence) kan een middel tegen depressiviteit worden gedefinieerd als \u2018geeft een aanzienlijke verbetering van de ziektelast\u2019 wanneer het een verbetering op de \u2018Hamilton depressie schaal\u2019 laat zien van 3 punten meer dan placebo waar het tegen getest wordt.<sup><a href=\"http:\/\/journals.plos.org\/plosmedicine\/article?id=10.1371\/journal.pmed.0050045\" target=\"_blank\" rel=\"noopener noreferrer\">2<\/a><\/sup><\/p>\n<p>In de Mexicaanse studie was homeopathie na een behandeltijd van 6 weken effectiever (<strong>5 punten<\/strong> op de Hamilton schaal) dan placebo. Fluoxetine was <strong>3.2 punten<\/strong> effectiever dan placebo.<\/p>\n<p>NB Analyse van de gegevens die eerder naar de FDA waren gestuurd lieten zien dat SSRI antidepressiva niet beter scoorden dan een placebo bij <strong>milde tot matige<\/strong> depressie, maar dat ze een beter effect behaalden dan placebo bij ernstig depressieve pati\u00ebnten.<sup><a href=\"http:\/\/journals.plos.org\/plosmedicine\/article?id=10.1371\/journal.pmed.0050045\" target=\"_blank\" rel=\"noopener noreferrer\">2<\/a><\/sup><\/div><!-- nl --><\/p>\n<p class=\"no-margin\"><strong><a href=\"http:\/\/www.ncbi.nlm.nih.gov\/pubmed\/22226309\" target=\"_blank\" rel=\"noopener noreferrer\">Oorontsteking bij kinderen<\/a><\/strong><span class=\"accent\"><a href=\"http:\/\/www.ncbi.nlm.nih.gov\/pubmed\/22226309\" target=\"_blank\" rel=\"noopener noreferrer\"><br \/>\n<\/a><\/span>Een praktijkonderzoek (RCT) in India waarbij 81 kinderen waren betrokken met oorontstekingen (acute otitis media) liet zien dat ge\u00efndividualiseerde homeopathische behandeling net zo effectief was als conventionele behandeling. Deze laatste bestond uit pijnstillers, koortswerende en ontstekingsremmende medicijnen en indien nodig antibiotica, indien nodig .<sup><a href=\"http:\/\/www.ncbi.nlm.nih.gov\/pubmed\/22226309\" target=\"_blank\" rel=\"noopener noreferrer\">3<br \/>\n<\/a><\/sup><p><a href=\"#\" class=\"expand-content\" id=\"69e4a0c5ae16b\"><span class=\"expand-content-more\">More<\/span><span class=\"expand-content-less\">Less<\/span><\/a><\/p><div class=\"collapse-content\" id=\"panel-69e4a0c5ae16b\">Deze gerandomiseerde, gecontroleerde pilot studie vergeleek ge\u00efndividualiseerde homeopathie (met gebruik van Q potenties) met conventionele zorg. Pati\u00ebnten in beide groepen die op de derde dag geen verbetering lieten zien kregen antibiotica. De uitkomsten werden gemeten met de \u2018Acute Otitis Media Schaal Voor Ernst En Frequentie (AOM-SOS) en onderzoek van de trommelvliezen gedurende 21 dagen.<\/p>\n<p>Een analyse van de resultaten van 80 pati\u00ebnten werden geanalyseerd. Daarvan waren er 40 conventioneel en 40 homeopathisch behandeld. In de conventioneel behandelde groep waren alle 40 (100%) pati\u00ebnten genezen. In de homeopathisch behandelde groep waren 38 (95%) pati\u00ebnten genezen en 2 pati\u00ebnten kwamen niet meer terug bij de laatste twee follow-ups. Op de derde dag was er al \u00e9\u00e9n pati\u00ebnt in de conventionele groep genezen, tegen 4 pati\u00ebnten in de Homeopathie-groep. In de conventionele groep werden antibiotica voorgeschreven bij 39 pati\u00ebnten (97,5%); daarentegen was er <strong>in de Homeopathie groep niemand die antibiotica nodig had gehad<\/strong>.<\/p>\n<p>Alhoewel bij een homeopathische behandeling een groot aantal middelen op individuele basis kan worden voorgeschreven, kreeg 85% van de homeopathische pati\u00ebnten \u00e9\u00e9n van slechts zes verschillende homeopathische middelen.<\/p>\n<p>Wereldwijd wordt er op aangedrongen het gebruik van antibiotica terug te dringen. HRI zou graag zien dat deze studie in andere landen wordt herhaald en dan ook op grotere schaal, om te zien of vergelijkbare resultaten opnieuw worden behaald. Als dat zo is, zou een op het individu afgestemde homeopathische behandeling een alternatief kunnen zijn voor antibiotica bij oorontstekingen bij kinderen.<span style=\"font-family: -apple-system, BlinkMacSystemFont, 'Segoe UI', Roboto, Oxygen-Sans, Ubuntu, Cantarell, 'Helvetica Neue', sans-serif;\"><\/div><!-- nl --><\/span><\/p>\n<p><strong><a href=\"http:\/\/www.biomedcentral.com\/1472-6882\/7\/7\" target=\"_blank\" rel=\"noopener noreferrer\">Bovenste luchtwegklachten<br \/>\n<\/a><\/strong>Een studie over meerdere gezondheidscentra vond dat homeopathische behandeling in eerstelijns gezondheidszorg niet onderdeed voor conventionele behandeling van bovenste luchtwegklachten en oorproblemen.<a href=\"http:\/\/www.biomedcentral.com\/1472-6882\/7\/7\" target=\"_blank\" rel=\"noopener noreferrer\"><sup>4<\/sup><\/a> De studie omvatte 1577 pati\u00ebnten die ofwel homeopathische behandeling, ofwel conventionele behandeling ondergingen. In totaal betrof het 57 eerstelijns gezondheidscentra in 8 landen (Oostenrijk, Duitsland, Nederland, Rusland, Oekra\u00efne, het VK en de USA).<\/p>\n<h3><span class=\"accent\">Niet-ge\u00efndividualiseerde homeopathische producten<\/span><\/h3>\n<p><strong><a href=\"http:\/\/www.biopathica.co.uk\/Articles\/Dizziness\/19%20-%20Vertigo%20Treatment%20with%20a%20Homeopathic%20Complex%20Remedy.pdf\" target=\"_blank\" rel=\"noopener noreferrer\">Vertigo<br \/>\n<\/a><\/strong>Vier praktijkonderzoeken (2 RCT\u2019s en 2 observationele) studies vergeleken het homeopathische medicinale product \u2018Vertigoheel\u2019 met andere middelen tegen vertigo (draaierigheid) op de markt. Een meta-analyse van de vier studies liet zien dat Vertigoheel niet onderdeed voor betahistine of dimenhydrinaat, qua aantal aanvallen van duizeligheid, de duur en de intensiteit ervan.<sup><a href=\"http:\/\/www.biopathica.co.uk\/Articles\/Dizziness\/19%20-%20Vertigo%20Treatment%20with%20a%20Homeopathic%20Complex%20Remedy.pdf\" target=\"_blank\" rel=\"noopener noreferrer\">5<\/a><\/sup><\/p>\n<h3 class=\"no-margin\"><span class=\"accent\">Observatie van resultaten bij pati\u00ebnten met meerdere kwalen<\/span><\/h3>\n<p class=\"no-margin\"><strong><a href=\"http:\/\/www.ncbi.nlm.nih.gov\/pubmed\/16036164\" target=\"_blank\" rel=\"noopener noreferrer\">Chronische klachten in de huisartsenpraktijk<\/a><\/strong><br \/>\nEen studie in Duitsland waarbij 493 pati\u00ebnten in huisartsenpraktijken werden behandeld voor chronische klachten liet zien, dat homeopathie betere resultaten bereikte dan conventionele behandelingen, en tegen vergelijkbare kosten.<sup><a href=\"http:\/\/www.ncbi.nlm.nih.gov\/pubmed\/16036164\" target=\"_blank\" rel=\"noopener noreferrer\">6<br \/>\n<\/a><\/sup><p><a href=\"#\" class=\"expand-content\" id=\"69e4a0c5ae17f\"><span class=\"expand-content-more\">More<\/span><span class=\"expand-content-less\">Less<\/span><\/a><\/p><div class=\"collapse-content\" id=\"panel-69e4a0c5ae17f\">Een Duitse zorgverzekeraar gaf opdracht om een studie uit te voeren naar de waarde van homeopathie bij de behandeling van chronische aandoeningen die veel voorkomen in de huisartsenpraktijk, om te kunnen bepalen of die zorgverzekeraar homeopathie moesten blijven vergoeden. 493 pati\u00ebnten (315 volwassenen, 178 kinderen), behandeld door huisartsen, ontvingen ofwel conventionele, ofwel homeopathische geneesmiddelen. De uitkomst van de studie was dat pati\u00ebnten in de homeopathie-groep meer verbetering ondervonden dan de conventionele middelengroep (p=0,002). De beoordeling van de huisartsen gaf te zien dat kinderen die homeopathische middelen hadden gekregen een sterkere verbetering op hun ziekte te zien gaven dan degenen die conventionele middelen hadden gekregen. Er was geen significant verschil in kosten tussen beide groepen.<\/p>\n<p>Aandoeningen zie werden behandeld waren hoofdpijn, lage rug klachten, depressie, slapeloosheid en sinusitis bij volwassenen, en atopisch eczeem, allergische rinitis en astma bij kinderen. De studie is gepubliceerd in 2005 en de verzekeraar (Innungskrankenkasse in Hamburg) dekt de kosten van homeopathische behandeling tot op de dag van vandaag.<\/p>\n<p>HRI zou graag zien dat deze studie werd herhaald in andere landen en op een grotere schaal, om te zien of er nog steeds vergelijkbare resultaten worden behaald.<\/div><!-- nl --><\/p>\n<p><a href=\"#\" class=\"expand-content button accent-bg\" id=\"69e4a0c5ae19a\"><span class=\"expand-content-more\">Referenties<\/span><span class=\"expand-content-less\">Less<\/span><\/a><\/p><div class=\"collapse-content\" id=\"panel-69e4a0c5ae19a\">\n<ol>\n<li>Mac\u00edas-Cort\u00e9s ED et al. Individualized homeopathic treatment and fluoxetine for moderate to severe depression in peri- and postmenopausal women (HOMDEP-MENOP study): a randomized, double-dummy, double-blind, placebo-controlled trial. <em>PLoS One<\/em>, 2015 ;<strong>10<\/strong>(3):e0118440 | <a href=\"http:\/\/www.plosone.org\/article\/fetchObject.action?uri=info%3Adoi%2F10.1371%2Fjournal.pone.0118440&amp;representation=PDF\" target=\"_blank\" rel=\"noopener noreferrer\">Full text<\/a><\/li>\n<li>Kirsch I, Deacon BJ, Huedo-Medina TB, Scoboria A, Moore TJ, et al. Initial Severity and Antidepressant Benefits: A Meta-Analysis of Data Submitted to the Food and Drug Administration. <em>PLoS Med,<\/em> 2008; <strong>5<\/strong>(2): e45 | <a href=\"http:\/\/journals.plos.org\/plosmedicine\/article?id=10.1371\/journal.pmed.0050045\" target=\"_blank\" rel=\"noopener noreferrer\">Full text<\/a><\/li>\n<li>Sinha, MN\u00a0et al. Randomized controlled pilot study to compare Homeopathy and Conventional therapy in Acute Otitis Media. <em>Homeopat. J. Fac. Homeopat., <\/em>2012;\u00a0<strong>101:\u00a0<\/strong>5\u201312 | <a href=\"http:\/\/www.ncbi.nlm.nih.gov\/pubmed\/22226309\" target=\"_blank\" rel=\"noopener noreferrer\">PubMed<\/a><\/li>\n<li>Haidvogl M. et al. Homeopathic and conventional treatment for acute respiratory and ear complaints: A comparative study on outcome in the primary care setting. <em>BMC Complement and Altern Med<\/em>, 2007; <strong>7<\/strong>:7 | <a href=\"http:\/\/www.biomedcentral.com\/1472-6882\/7\/7\" target=\"_blank\" rel=\"noopener noreferrer\">Full text<\/a><\/li>\n<li>Schneider et al. Treatment of vertigo with a homeopathic complex remedy compared with usual treatments \u2013 a meta-analysis of clinical trials. <em>Arzneim.-Forschung<\/em>, 2005; <strong>55<\/strong>(1): 23-29 | <a href=\"http:\/\/www.biopathica.co.uk\/Articles\/Dizziness\/19%20-%20Vertigo%20Treatment%20with%20a%20Homeopathic%20Complex%20Remedy.pdf\" target=\"_blank\" rel=\"noopener noreferrer\">PubMed<\/a><\/li>\n<li>Witt C, Keil T, Selim D, et al. Outcome and costs of homeopathic and conventional treatment strategies: a comparative cohort study in patients with chronic disorders. <em>Complement Ther Med<\/em>, 2005;<strong>13<\/strong>: 79-86 | <a href=\"http:\/\/www.ncbi.nlm.nih.gov\/pubmed\/16036164\" target=\"_blank\" rel=\"noopener noreferrer\">PubMed<\/a> <\/div><!-- nl --><\/li>\n<\/ol>\n<p><a href=\"https:\/\/www.hri-research.org\/nl\/homeopathie-faqs\/\">Terug naar Homeopathie FAQs<\/a><\/p>\n","protected":false},"excerpt":{"rendered":"<p>Onderzoeken die de effectiviteit van homeopathie vergelijken met conventionele geneeskunde laten zien dat homeopathie even goede, of zelfs betere resultaten kan behalen dan conventionele geneeskunde. Ge\u00efndividualiseerde homeopathische behandeling Depressie Een recent uitgevoerde RCT (gerandomiseerd, placebo-gecontroleerd onderzoek) beoordeelde de effectiviteit van de ge\u00efndividualiseerde homeopathische behandeling tegen de effectiviteit van Fluoxetine (oftewel Prozac), voorgeschreven bij gematigde tot [&hellip;]<\/p>\n","protected":false},"author":835,"featured_media":0,"parent":15012,"menu_order":7,"comment_status":"closed","ping_status":"closed","template":"page-translated-faq.php","meta":{"footnotes":""},"class_list":["post-15062","page","type-page","status-publish","hentry"],"jetpack_sharing_enabled":true,"_links":{"self":[{"href":"https:\/\/www.hri-research.org\/nl\/wp-json\/wp\/v2\/pages\/15062","targetHints":{"allow":["GET"]}}],"collection":[{"href":"https:\/\/www.hri-research.org\/nl\/wp-json\/wp\/v2\/pages"}],"about":[{"href":"https:\/\/www.hri-research.org\/nl\/wp-json\/wp\/v2\/types\/page"}],"author":[{"embeddable":true,"href":"https:\/\/www.hri-research.org\/nl\/wp-json\/wp\/v2\/users\/835"}],"replies":[{"embeddable":true,"href":"https:\/\/www.hri-research.org\/nl\/wp-json\/wp\/v2\/comments?post=15062"}],"version-history":[{"count":0,"href":"https:\/\/www.hri-research.org\/nl\/wp-json\/wp\/v2\/pages\/15062\/revisions"}],"up":[{"embeddable":true,"href":"https:\/\/www.hri-research.org\/nl\/wp-json\/wp\/v2\/pages\/15012"}],"wp:attachment":[{"href":"https:\/\/www.hri-research.org\/nl\/wp-json\/wp\/v2\/media?parent=15062"}],"curies":[{"name":"wp","href":"https:\/\/api.w.org\/{rel}","templated":true}]}}