{"id":15048,"date":"2020-09-09T13:56:26","date_gmt":"2020-09-09T13:56:26","guid":{"rendered":"https:\/\/www.hri-research.org\/?page_id=15048"},"modified":"2022-02-15T15:12:15","modified_gmt":"2022-02-15T15:12:15","slug":"homeopathie-is-alleen-maar-een-placebo-effect","status":"publish","type":"page","link":"https:\/\/www.hri-research.org\/nl\/homeopathie-faqs\/homeopathie-is-alleen-maar-een-placebo-effect\/","title":{"rendered":"Heeft homeopathie meer voordelen dan alleen placebo-effecten?"},"content":{"rendered":"<p>Vaak wordt gesteld dat homeopathische medicijnen \u2018<a href=\"https:\/\/www.hri-research.org\/nl\/homeopathie-faqs\/er-zit-niets-in-het-zijn-alleen-suikerkorrels\/\" target=\"_blank\" rel=\"noopener noreferrer\">alleen maar suikerkorrels<\/a>\u2019 zijn, die geen enkel werkend ingredi\u00ebnt meer bevatten, dus verbeteringen die pati\u00ebnten melden moeten wel toegeschreven worden als placebo effecten. Als pati\u00ebnten melden dat ze er op verbeteren moet dat wel placebo zijn. Dat wil zeggen, mensen geloven dat de korrels zullen helpen en dat geloof is op zich genoeg om genezing te bewerkstelligen.<\/p>\n<p>Placebo effecten blijken in zekere mate op te treden bij elke medische behandeling en homeopathie is daar geen uitzondering op. Echter, de stelling dat effecten van homeopathie <em>alleen maar<\/em> zijn toe te wijzen aan een placebo effect, wordt niet ondersteund door wetenschappelijk bewijs.<\/p>\n<p><span style=\"font-family: -apple-system, BlinkMacSystemFont, 'Segoe UI', Roboto, Oxygen-Sans, Ubuntu, Cantarell, 'Helvetica Neue', sans-serif;\">Als homeopathie echt alleen maar een placebo effect is, hoe kun je dan deze dingen verklaren:<\/span><\/p>\n<ol>\n<li><strong>Het bestaan van <\/strong><a href=\"https:\/\/www.hri-research.org\/nl\/homeopathie-faqs\/er-is-geen-enkel-goed-uitgevoerd-onderzoek-dat-laat-zien-dat-homeopathie-werkt\/\" target=\"_blank\" rel=\"noopener noreferrer\"><strong>onderzoeken van hoge kwaliteit, met een positieve uitkomst<\/strong><\/a><strong>?<\/strong><br \/>\nDeze onderzoeken zijn specifiek ontworpen om het placebo effect uit te sluiten van het werkelijke klinische effect van een behandeling.<\/li>\n<li><strong>Homeopathische medicijnen die effect hebben in <\/strong><a href=\"https:\/\/www.hri-research.org\/resources\/homeopathy-the-debate\/essentialevidence\/experimental-research\/\" target=\"_blank\" rel=\"noopener noreferrer\"><strong>laboratorium opstellingen<\/strong><\/a><strong>?<br \/>\n<\/strong>Er zijn effecten gevonden op witte bloedlichaampjes, kikkers en tarweplanten, om er maar een paar te noemen.<\/li>\n<li><strong>Het feit dat homeopathie in <\/strong><a href=\"https:\/\/www.hri-research.org\/resources\/homeopathy-the-debate\/hri-facts\/veterinary-research\/\" target=\"_blank\" rel=\"noopener noreferrer\"><strong>dieren<\/strong><\/a><strong> werkzaam is?<\/strong><br \/>\neen grondige studie toonde aan dat homeopathische medicijnen diarree, als gevolg van <em> coli<\/em> bij biggen kan voorkomen<span class=\"no-underline\"><a title=\"Camerlink I, Ellinger L, Bakker EJ, Lantinga EA (2010). Homeopathy as replacement to antibiotics in the case of Escherichia coli diarrhoea in neonatal piglets. Homeopathy, 99; 57\u201362\" href=\"http:\/\/www.ncbi.nlm.nih.gov\/pubmed\/20129177\" target=\"_blank\" rel=\"noopener noreferrer\"><sup>1<\/sup><\/a><\/span> \u2013 een groot issue bij commerci\u00eble varkenshouderijen.<\/li>\n<\/ol>\n<p><span class=\"embed-youtube\" style=\"text-align:center; display: block;\"><iframe loading=\"lazy\" class=\"youtube-player\" width=\"520\" height=\"293\" src=\"https:\/\/www.youtube.com\/embed\/vC0RR4Pugw0?version=3&#038;rel=1&#038;showsearch=0&#038;showinfo=1&#038;iv_load_policy=1&#038;fs=1&#038;hl=nl-NL&#038;autohide=2&#038;wmode=transparent\" allowfullscreen=\"true\" style=\"border:0;\" sandbox=\"allow-scripts allow-same-origin allow-popups allow-presentation allow-popups-to-escape-sandbox\"><\/iframe><\/span><\/p>\n<p>Lees meer in de volgende verklaringen:<\/p>\n<p><span class=\"no-underline\">\u201c<a href=\"https:\/\/www.hri-research.org\/resources\/homeopathy-the-debate\/the-australian-report-on-homeopathy\/\" target=\"_blank\" rel=\"noopener noreferrer\">Een rapport uit Australi\u00eb vond juist dat homeopathie nergens voor werkte en slechts een placebo is<\/a>\u201d<\/span><\/p>\n<p><span class=\"no-underline\">&#8220;<a href=\"https:\/\/www.hri-research.org\/resources\/homeopathy-the-debate\/uk-select-committee-report\/\" target=\"_blank\" rel=\"noopener noreferrer\">Een parlementair rapport in Groot-Brittanni\u00eb keek naar de bewijzen en verklaarde dat het niet meer dan placebo is<\/a>&#8220;<\/span><\/p>\n<p><a href=\"#\" class=\"expand-content button accent-bg\" id=\"69d42a2911db2\"><span class=\"expand-content-more\">Referenties<\/span><span class=\"expand-content-less\">Less<\/span><\/a><\/p><div class=\"collapse-content\" id=\"panel-69d42a2911db2\">\n<ol>\n<li>Camerlink I, Ellinger L, Bakker EJ, Lantinga EA. Homeopathy as replacement to antibiotics in the case of Escherichia coli diarrhoea in neonatal piglets. <em>Homeopathy<\/em>, 2010;<strong>99:<\/strong>\u00a057\u201362 | <a href=\"http:\/\/www.ncbi.nlm.nih.gov\/pubmed\/20129177\">PubMed<\/a><\/li>\n<\/ol>\n<\/div><!-- nl -->\n<p><a href=\"https:\/\/www.hri-research.org\/nl\/homeopathie-faqs\/\">Terug naar Homeopathie FAQs<\/a><\/p>\n","protected":false},"excerpt":{"rendered":"<p>Vaak wordt gesteld dat homeopathische medicijnen \u2018alleen maar suikerkorrels\u2019 zijn, die geen enkel werkend ingredi\u00ebnt meer bevatten, dus verbeteringen die pati\u00ebnten melden moeten wel toegeschreven worden als placebo effecten. Als pati\u00ebnten melden dat ze er op verbeteren moet dat wel placebo zijn. Dat wil zeggen, mensen geloven dat de korrels zullen helpen en dat geloof [&hellip;]<\/p>\n","protected":false},"author":835,"featured_media":0,"parent":15012,"menu_order":5,"comment_status":"closed","ping_status":"closed","template":"page-translated-faq.php","meta":{"footnotes":""},"class_list":["post-15048","page","type-page","status-publish","hentry"],"jetpack_sharing_enabled":true,"_links":{"self":[{"href":"https:\/\/www.hri-research.org\/nl\/wp-json\/wp\/v2\/pages\/15048","targetHints":{"allow":["GET"]}}],"collection":[{"href":"https:\/\/www.hri-research.org\/nl\/wp-json\/wp\/v2\/pages"}],"about":[{"href":"https:\/\/www.hri-research.org\/nl\/wp-json\/wp\/v2\/types\/page"}],"author":[{"embeddable":true,"href":"https:\/\/www.hri-research.org\/nl\/wp-json\/wp\/v2\/users\/835"}],"replies":[{"embeddable":true,"href":"https:\/\/www.hri-research.org\/nl\/wp-json\/wp\/v2\/comments?post=15048"}],"version-history":[{"count":0,"href":"https:\/\/www.hri-research.org\/nl\/wp-json\/wp\/v2\/pages\/15048\/revisions"}],"up":[{"embeddable":true,"href":"https:\/\/www.hri-research.org\/nl\/wp-json\/wp\/v2\/pages\/15012"}],"wp:attachment":[{"href":"https:\/\/www.hri-research.org\/nl\/wp-json\/wp\/v2\/media?parent=15048"}],"curies":[{"name":"wp","href":"https:\/\/api.w.org\/{rel}","templated":true}]}}