{"id":5471,"date":"2014-08-11T16:17:10","date_gmt":"2014-08-11T16:17:10","guid":{"rendered":"https:\/\/www.hri-research.org\/it\/homeopathy-faqs\/the-idea-of-like-cures-like-makes-no-sense\/"},"modified":"2022-02-16T12:47:01","modified_gmt":"2022-02-16T12:47:01","slug":"il-simile-cura-il-simile","status":"publish","type":"page","link":"https:\/\/www.hri-research.org\/it\/homeopathy-faqs\/il-simile-cura-il-simile\/","title":{"rendered":"Che senso ha il concetto omeopatico &#8220;il simile cura il simile&#8221;?"},"content":{"rendered":"<p>L\u2019omeopatia si basa sul principio fondamentale che \u201cil simile cura il simile \u201d ovvero una sostanza che pu\u00f2 causare dei sintomi, se assunta in dosi elevate, pu\u00f2 essere utilizzata in piccole dosi per trattare sintomi simili.<\/p>\n<p>L\u2019idea che una sostanza possa essere nociva \u00a0in elevate quantit\u00e0, ma benefica in piccole quantit\u00e0, non \u00e8 nuova alla scienza, infatti questo concetto (\u201c<a href=\"http:\/\/en.wikipedia.org\/wiki\/Hormesis\" target=\"_blank\" rel=\"noopener\">ormesi<\/a>\u201d) esiste da decenni ed \u00e8 documentato dettagliatamente in campi come la biologia e la tossicologia.<\/p>\n<p>Esistono degli esempi di \u201cil simile cura il simile \u201canche nella medicina convenzionale, come:<\/p>\n<ul>\n<li><span class=\"accent\"><strong>La Digitale<\/strong><\/span> ad alte dosi causa <a href=\"#\" class=\"definition\" title=\"il battito cardiaco \u00e8 irregolare o presenta un ritmo anomalo\">aritmie<\/a>, ma questo stesso farmaco \u00e8 somministrato di norma a basse dosi per trattare questa patologia.<\/li>\n<li><strong><span class=\"accent\">Il Ritalin<\/span>, <\/strong>un farmaco stimolante a base di anfetamina, \u00e8 usato per trattare il Disturbo da Deficit dell\u2019attenzione e Iperattivit\u00e0 (ADHD).<\/li>\n<li>Piccole dosi di <span class=\"accent\"><strong>allergeni<\/strong><\/span> come il polline sono usate per desensibilizzare i pazienti allergici.<\/li>\n<\/ul>\n<p>Tuttavia, nell\u2019omeopatia, una differenza importante \u00e8 che le dosi medicinali somministrate sono cos\u00ec piccole da evitare gli effetti tossici secondari.<\/p>\n<p>I medicinali omeopatici a bassa potenza (sino a 12c o 24x potenze) contengono delle molecole della sostanza originale di cui sono fatte. Per questa ragione, in molti paesi, i rimedi a base di \u00a0sostanze tossiche sono solo disponibili a potenze pi\u00f9 elevate, dalla \u201cprima diluzione sicura\u201d in su.<\/p>\n<p>Ma ci\u00f2 che \u00e8 pi\u00f9\u00a0<a href=\"https:\/\/www.hri-research.org\/it\/resources\/homeopathy-faqs\/theres-nothing-in-it-its-just-sugar-pills\/\">controverso<\/a> sono le potenze pi\u00f9 elevate che non contengono le molecole, in quanto, non si comprende \u00a0ancora il loro meccanismo di azione.<\/p>\n<p><a href=\"https:\/\/www.hri-research.org\/it\/resources\/homeopathy-faqs\/\">Ritorna alle FAQs sull\u2019Omeopatia<\/a><\/p>\n","protected":false},"excerpt":{"rendered":"<p>L\u2019omeopatia si basa sul principio fondamentale che \u201cil simile cura il simile \u201d ovvero una sostanza che pu\u00f2 causare dei sintomi, se assunta in dosi elevate, pu\u00f2 essere utilizzata in piccole dosi per trattare sintomi simili. L\u2019idea che una sostanza possa essere nociva \u00a0in elevate quantit\u00e0, ma benefica in piccole quantit\u00e0, non \u00e8 nuova alla [&hellip;]<\/p>\n","protected":false},"author":1,"featured_media":0,"parent":5406,"menu_order":11,"comment_status":"closed","ping_status":"closed","template":"page-translated-faq.php","meta":{"footnotes":""},"class_list":["post-5471","page","type-page","status-publish","hentry"],"jetpack_sharing_enabled":true,"_links":{"self":[{"href":"https:\/\/www.hri-research.org\/it\/wp-json\/wp\/v2\/pages\/5471","targetHints":{"allow":["GET"]}}],"collection":[{"href":"https:\/\/www.hri-research.org\/it\/wp-json\/wp\/v2\/pages"}],"about":[{"href":"https:\/\/www.hri-research.org\/it\/wp-json\/wp\/v2\/types\/page"}],"author":[{"embeddable":true,"href":"https:\/\/www.hri-research.org\/it\/wp-json\/wp\/v2\/users\/1"}],"replies":[{"embeddable":true,"href":"https:\/\/www.hri-research.org\/it\/wp-json\/wp\/v2\/comments?post=5471"}],"version-history":[{"count":0,"href":"https:\/\/www.hri-research.org\/it\/wp-json\/wp\/v2\/pages\/5471\/revisions"}],"up":[{"embeddable":true,"href":"https:\/\/www.hri-research.org\/it\/wp-json\/wp\/v2\/pages\/5406"}],"wp:attachment":[{"href":"https:\/\/www.hri-research.org\/it\/wp-json\/wp\/v2\/media?parent=5471"}],"curies":[{"name":"wp","href":"https:\/\/api.w.org\/{rel}","templated":true}]}}