{"id":5456,"date":"2014-08-11T16:13:13","date_gmt":"2014-08-11T16:13:13","guid":{"rendered":"https:\/\/www.hri-research.org\/it\/homeopathy-faqs\/research-done-in-homeopathy-is-poor-quality-so-you-cant-trust-the-results\/"},"modified":"2024-04-26T14:08:29","modified_gmt":"2024-04-26T14:08:29","slug":"la-ricerca-sullomeopatia-e-affidabile","status":"publish","type":"page","link":"https:\/\/www.hri-research.org\/it\/homeopathy-faqs\/la-ricerca-sullomeopatia-e-affidabile\/","title":{"rendered":"La ricerca sull&#8217;omeopatia \u00e8 di qualit\u00e0 sufficiente per essere considerata affidabile?"},"content":{"rendered":"<p><span style=\"font-weight: 400;\">La qualit\u00e0 della ricerca omeopatica \u00e8 paragonabile a quella della ricerca medica convenzionale.<\/span><\/p>\n<p>Un solo studio ha comparato la qualit\u00e0 della ricerca in omeopatia con quella in medicina convenzionale. Complessivamente, gli studi sull\u2019omeopatia sono stati considerati di migliore \u00a0qualit\u00e0 rispetto agli studi della medicina convenzionale ai quali venivano comparati.<sup><a title=\"Shang A, Huwiler-Muntener K, Nartey L, et al. Are the clinical effects of homoeopathy placebo effects? Comparative study of placebo-controlled trials of homoeopathy and allopathy. Lancet, 2005; 366: 726\u201332\" href=\"http:\/\/www.ncbi.nlm.nih.gov\/pubmed\/16125589\" target=\"_blank\" rel=\"noopener\">1<\/a><\/sup><img loading=\"lazy\" decoding=\"async\" class=\"alignnone wp-image-5946 size-page_width_image\" src=\"https:\/\/www.hri-research.org\/wp-content\/uploads\/2014\/08\/itpie4-520x340.png\" width=\"520\" height=\"340\" srcset=\"https:\/\/www.hri-research.org\/wp-content\/uploads\/2014\/08\/itpie4-520x340.png 520w, https:\/\/www.hri-research.org\/wp-content\/uploads\/2014\/08\/itpie4-300x196.png 300w, https:\/\/www.hri-research.org\/wp-content\/uploads\/2014\/08\/itpie4-768x502.png 768w, https:\/\/www.hri-research.org\/wp-content\/uploads\/2014\/08\/itpie4-98x64.png 98w, https:\/\/www.hri-research.org\/wp-content\/uploads\/2014\/08\/itpie4-198x129.png 198w, https:\/\/www.hri-research.org\/wp-content\/uploads\/2014\/08\/itpie4-158x103.png 158w, https:\/\/www.hri-research.org\/wp-content\/uploads\/2014\/08\/itpie4-160x105.png 160w, https:\/\/www.hri-research.org\/wp-content\/uploads\/2014\/08\/itpie4.png 777w\" sizes=\"auto, (max-width: 520px) 100vw, 520px\" \/><\/p>\n<p>I ricercatori hanno confrontato 110 studi in omeopatia con \u00a0110 studi in medicina convenzionale: <strong>21 studi in omeopatia e 9 studi in \u00a0\u00a0medicina convenzionale sono stati valutati di \u201cmigliore qualit\u00e0\u201d (<\/strong>19% degli studi in omeopatia e 8% degli studi in medicina convenzionale).<\/p>\n<p><span style=\"font-weight: 400;\">Inoltre, nel 2016 uno studio meticoloso pubblicato sulla prestigiosa rivista <\/span><i><span style=\"font-weight: 400;\">Systematic Reviews <\/span><\/i><span style=\"font-weight: 400;\">ha scoperto che <\/span><b>solo il 6% degli studi clinici randomizzati (Randomised Clinical Trials, RCT) di medicina tradizionale \u00e8 di alta qualit\u00e0<\/b><span style=\"font-weight: 400;\">.<\/span><a href=\"https:\/\/pubmed.ncbi.nlm.nih.gov\/27160280\/\" target=\"_blank\" rel=\"noopener\"><sup><span style=\"font-weight: 400;\">2<\/span><\/sup><\/a><span style=\"font-weight: 400;\"><br \/>\n<\/span><\/p>\n<p><a href=\"#\" class=\"expand-content\" id=\"69db0cc38aa0f\"><span class=\"expand-content-more\">Di pi\u00f9<\/span><span class=\"expand-content-less\">Meno<\/span><\/a><\/p><div class=\"collapse-content\" id=\"panel-69db0cc38aa0f\">\n<p><span style=\"font-weight: 400;\">La qualit\u00e0 degli studi clinici viene comunemente determinata misurando il \u201crischio di bias\u201d (Risk of Bias, ROB), ovvero la probabilit\u00e0 che lo studio sia stato progettato con delle caratteristiche o che sia stato realizzato in un modo che ne alteri i risultati. Il rischio di bias viene valutato comparando lo studio con una checklist ideale. Basso rischio di bias = alta qualit\u00e0; rischio di bias moderato = qualit\u00e0 media e alto rischio di bias = scarsa qualit\u00e0. Analizzando un campione con 100 revisioni Cochrane di medicina convenzionale si \u00e8 scoperto che solo il 6% degli studi clinici randomizzati inclusi era stato classificato con un basso rischio di bias.<\/span><\/div><!-- it -->\n<p><span style=\"font-weight: 400;\">Nonostante questi studi siano importanti in quanto ci ricordano che l\u2019aumento degli standard della ricerca in biomedicina costituisce una problematica continua, qualsivoglia pretesa che la ricerca omeopatica sia di scarsa qualit\u00e0 rispetto alla medicina convenzionale risulta infondata. <\/span><\/p>\n<p><a href=\"#\" class=\"expand-content button accent-bg\" id=\"69db0cc38aa4f\"><span class=\"expand-content-more\">Referenze<\/span><span class=\"expand-content-less\">Meno<\/span><\/a><\/p><div class=\"collapse-content\" id=\"panel-69db0cc38aa4f\">\n<ol>\n<li>Shang A, Huwiler-Muntener K, Nartey L, et al. Are the clinical effects of homoeopathy placebo effects? Comparative study of placebo-controlled trials of homoeopathy and allopathy. <em>Lancet<\/em>, 2005; <strong>366<\/strong>: 726\u201332 | <a href=\"http:\/\/www.ncbi.nlm.nih.gov\/pubmed\/16125589\" target=\"_blank\" rel=\"noopener\">PubMed<\/a><\/li>\n<li><span style=\"font-weight: 400;\">J\u00f8rgensen L et al. 2016, <\/span><i><span style=\"font-weight: 400;\">Systematic Reviews<\/span><\/i><span style=\"font-weight: 400;\">, <\/span><b>10<\/b><span style=\"font-weight: 400;\">; 5:80 |\u00a0<\/span><a href=\"https:\/\/pubmed.ncbi.nlm.nih.gov\/27160280\/\">PubMed<\/a><\/li>\n<\/ol>\n<\/div><!-- it -->\n<p><a href=\"https:\/\/www.hri-research.org\/it\/resources\/homeopathy-faqs\/\">Ritorna alle FAQs sull\u2019Omeopatia<\/a><\/p>\n","protected":false},"excerpt":{"rendered":"<p>La qualit\u00e0 della ricerca omeopatica \u00e8 paragonabile a quella della ricerca medica convenzionale. Un solo studio ha comparato la qualit\u00e0 della ricerca in omeopatia con quella in medicina convenzionale. Complessivamente, gli studi sull\u2019omeopatia sono stati considerati di migliore \u00a0qualit\u00e0 rispetto agli studi della medicina convenzionale ai quali venivano comparati.1 I ricercatori hanno confrontato 110 studi [&hellip;]<\/p>\n","protected":false},"author":1,"featured_media":0,"parent":5406,"menu_order":8,"comment_status":"closed","ping_status":"closed","template":"page-translated-faq.php","meta":{"footnotes":""},"class_list":["post-5456","page","type-page","status-publish","hentry"],"jetpack_sharing_enabled":true,"_links":{"self":[{"href":"https:\/\/www.hri-research.org\/it\/wp-json\/wp\/v2\/pages\/5456","targetHints":{"allow":["GET"]}}],"collection":[{"href":"https:\/\/www.hri-research.org\/it\/wp-json\/wp\/v2\/pages"}],"about":[{"href":"https:\/\/www.hri-research.org\/it\/wp-json\/wp\/v2\/types\/page"}],"author":[{"embeddable":true,"href":"https:\/\/www.hri-research.org\/it\/wp-json\/wp\/v2\/users\/1"}],"replies":[{"embeddable":true,"href":"https:\/\/www.hri-research.org\/it\/wp-json\/wp\/v2\/comments?post=5456"}],"version-history":[{"count":0,"href":"https:\/\/www.hri-research.org\/it\/wp-json\/wp\/v2\/pages\/5456\/revisions"}],"up":[{"embeddable":true,"href":"https:\/\/www.hri-research.org\/it\/wp-json\/wp\/v2\/pages\/5406"}],"wp:attachment":[{"href":"https:\/\/www.hri-research.org\/it\/wp-json\/wp\/v2\/media?parent=5456"}],"curies":[{"name":"wp","href":"https:\/\/api.w.org\/{rel}","templated":true}]}}