{"id":5431,"date":"2014-08-11T16:24:45","date_gmt":"2014-08-11T16:24:45","guid":{"rendered":"https:\/\/www.hri-research.org\/it\/homeopathy-faqs\/theres-nothing-in-it-its-just-sugar-pills\/"},"modified":"2022-02-16T12:41:30","modified_gmt":"2022-02-16T12:41:30","slug":"non-solo-confettini-di-zucchero","status":"publish","type":"page","link":"https:\/\/www.hri-research.org\/it\/homeopathy-faqs\/non-solo-confettini-di-zucchero\/","title":{"rendered":"Come facciamo a sapere che I farmaci omeopatici non sono &#8220;solo confettini di zucchero&#8221;?"},"content":{"rendered":"<h3><span class=\"accent\">Esperimenti di laboratorio hanno dimostrato che le medicine omeopatiche non sono solo delle pillole di zucchero.<\/span><\/h3>\n<p>I critici dell\u2019omeopatia sottolineano \u00a0che le medicine omeopatiche sono talmente diluite da \u201cnon avere nulla dentro\u201d.<\/p>\n<p>Ci\u00f2 deriva dal fatto che i liquidi usati per produrre alcuni medicinali omeopatici sono diluiti oltre il numero di Avogadro (diluzione 10<sup>-23<\/sup>). Ci\u00f2 significa che il liquido \u00e8 talmente diluito che non ci si aspetta di trovare alcuna molecola della sostanza originale.<\/p>\n<p>Sono queste \u201cultradiluzioni\u201d (medicinali omeopatici \u00a0con <a href=\"#\" class=\"definition\" title=\"la forza della medicina omeopatica\">potenza<\/a> al di sopra di 12c o 24x) che destano polemiche, perch\u00e9 non possono chiaramente agire come i farmaci convenzionali, ovvero mediante l\u2019interazione diretta delle molecole con il corpo attraverso processi chimici.<\/p>\n<p>In tutto il mondo, i ricercatori stanno <a href=\"https:\/\/www.hri-research.org\/it\/hri-research\/how-do-homeopathic-medicines-work\/\" target=\"_blank\" rel=\"noopener noreferrer\">studiando il meccanismo d\u2019azione<\/a> di queste medicine, che sembra sia basato pi\u00f9 sulla fisica che sulla chimica. Sebbene si stiano esplorando\u00a0 diverse teorie, ad oggi, non <strong>\u00e8<\/strong> noto come agisca l\u00b4omeopatia.<\/p>\n<p>Quello che si sa \u00e8 che diversi studi di laboratorio hanno dimostrato che \u00a0i medicinali omeopatici \u00a0ad altissima diluzione hanno degli effetti biologici che non si potrebbero riscontrare se questi \u00a0\u00a0fossero \u201csolo acqua\u201d o \u201csolo pillole di zucchero\u201d, per esempio:<\/p>\n<p class=\"no-margin\"><strong>L\u2019aggiunta dell\u2019istamina omeopatica ai leucociti basofili pu\u00f2 indurli a rilasciare il loro stock interno di istamina.<br \/>\n<\/strong><p><a href=\"#\" class=\"expand-content\" id=\"69dba956c29a4\"><span class=\"expand-content-more\">Di pi\u00f9<\/span><span class=\"expand-content-less\">Meno<\/span><\/a><\/p><div class=\"collapse-content\" id=\"panel-69dba956c29a4\"> Come spiegano i ricercatori responsabili \u00a0di \u00a0questo esperimento, \u201cQuando i basofili polimorfonucleati, un tipo di globuli bianchi che presentano sulla loro superficie degli anticorpi dell\u2019immunoglobulina E (IgE), sono esposti agli anticorpi anti-IgE, rilasciano istamina dai loro granuli intracellulari e cambiano le loro propriet\u00e0 di colorazione. Ci\u00f2 pu\u00f2 essere dimostrato con diluzioni di anti-IgE comprese tra 10<sup>-2<\/sup> e 10<sup>-120<\/sup>; in \u00a0questa gamma, ci sono picchi successivi di degranulazione dei basofili dal 40 al 60%, nonostante l\u2019assenza calcolata di molecole \u00a0anti-IgE alla massima diluzione\u201d<\/p>\n<p>Su questo tema sono stati pubblicati 28 articoli scientifici, 23 dei quali hanno fornito dei risultati positivi. 11 pubblicazioni sono state giudicate di elevata \u00a0qualit\u00e0, di cui 8 hanno fornito dei risultati positivi.<sup><a title=\"Witt CM, Bluth M, Albrecht H, Weisshuhn TE, Baumgartner S, Willich SN. The in vitro evidence for an effect of high homeopathic potencies--a systematic review of the literature. Complement Ther Med. 2007 Jun;15(2):128-38.\" href=\"http:\/\/www.ncbi.nlm.nih.gov\/pubmed\/17544864\" target=\"_blank\" rel=\"noopener noreferrer\">1<\/a><\/sup><\/p>\n<p>Il primo studio ha indicato l\u2019inibizione della degranulazione con diluzioni ultramolecolari di anti-IgE,<span class=\"no-underline\"><sup><a title=\"Davenas E, Beauvais F, Amara J, et al. Human basophil de-granulation triggered by very dilute antiserum against IgE. Nature, 1988; 333: 816\u2013818.\" href=\"http:\/\/www.ncbi.nlm.nih.gov\/pubmed\/2455231\" target=\"_blank\" rel=\"noopener noreferrer\">2<\/a>\u00a0<\/sup><\/span>ma questi esperimenti iniziali si sono dimostrati non riproducibili.<sup><a title=\"Ovelg\u00f6nne JH, Bol AW, Hop WC, van Wijk R. Mechanical agitation of very dilute antiserum against IgE has no effect on basophil staining properties. Experientia, 1992; 48: 504\u2013508. \" href=\"http:\/\/www.ncbi.nlm.nih.gov\/pubmed\/1376282\" target=\"_blank\" rel=\"noopener noreferrer\">3<\/a>,<a title=\"Hirst SJ, Hayes NA, Burridge J, et al. Human basophil degranulation is not triggered by very dilute antiserum against human IgE. Nature, 1993; 366: 525\u2013527. \" href=\"http:\/\/www.ncbi.nlm.nih.gov\/pubmed\/8255290\" target=\"_blank\" rel=\"noopener noreferrer\">4<\/a><\/sup><\/p>\n<p>Tuttavia, successivi studi realizzati con un metodo diverso e utilizzando le diluzioni ultramolecolari di istamina, hanno fornito dei risultati positivi. Questi risultati sono stati riprodotti da vari laboratori indipendenti\u00a0<sup><a title=\"Belon P, Cumps J, Ennis M, et al. Inhibition of human basophil degranulation by successive histamine dilutions: results of a European multi-centre trial. Inflammation Research, 1999; 48 (Suppl 1): S17\u201318.\" href=\"http:\/\/www.ncbi.nlm.nih.gov\/pubmed\/10350142\" target=\"_blank\" rel=\"noopener noreferrer\">5<\/a>,<a title=\"Lorenz I, Schneider EM, Stolz P, et al. Sensitive flow cytometric method to test basophil activation influenced by homeopathic histamine dilution. Forschende Komplement\u00e4rmedizin, 2003; 10: 316\u2013324. \" href=\"http:\/\/www.ncbi.nlm.nih.gov\/pubmed\/14707480\" target=\"_blank\" rel=\"noopener noreferrer\">6<\/a><\/sup> e anche in serie di esperimenti multicentrici.<sup><a title=\"Belon P, Cumps J, Ennis M, et al. Histamine dilutions modulate basophil activation. Inflammation Research, 2004; 53: 181\u2013188. \" href=\"http:\/\/www.ncbi.nlm.nih.gov\/pubmed\/15105967\" target=\"_blank\" rel=\"noopener noreferrer\">7<\/a><\/sup><\/p>\n<\/div><!-- it --><\/p>\n<p class=\"no-margin\"><strong>La tirossina omeopatica, a ultradiluzione di 30x, ritarda il tasso di sviluppo dei girini in rane\u00a0<\/strong><sup><a title=\"Harrer B. Replication of an experiment on extremely diluted thyroxine and\u2028highland amphibians. Homeopathy. 2013 Jan;102(1):25-303\" href=\"http:\/\/www.ncbi.nlm.nih.gov\/pubmed\/23290876\" target=\"_blank\" rel=\"noopener noreferrer\">8<br \/>\n<\/a><\/sup><p><a href=\"#\" class=\"expand-content\" id=\"69dba956c29c2\"><span class=\"expand-content-more\">Di pi\u00f9<\/span><span class=\"expand-content-less\">Meno<\/span><\/a><\/p><div class=\"collapse-content\" id=\"panel-69dba956c29c2\"> Negli anfibi l\u2019ormone tirossina stimola la metamorfosi. Per pi\u00f9 di 20 anni, vari gruppi hanno testato le diluzioni omeopatiche della tirossina nelle rane aggiungendola all\u2019acqua in cui si trovano immersi i girini. Una meta-analisi indipendente di questi studi ha identificato 22 esperimenti \u2013 15 realizzati dal gruppo originale in Austria e 5 da ricercatori indipendenti.<sup><a title=\"Harrer B. Replication of an experiment on extremely diluted thyroxine and\u2028highland amphibians. Homeopathy. 2013 Jan;102(1):25-303\" href=\"http:\/\/www.ncbi.nlm.nih.gov\/pubmed\/23290876\" target=\"_blank\" rel=\"noopener noreferrer\">8<\/a>\u00a0<\/sup>Tutti i 22 esperimenti hanno riscontrato la stessa tendenza \u2013 cio\u00e8 che la tirossina 30x (diluita oltre il numero di Avogadro, \u00a0utilizzando il processo di produzione omeopatica) inibisce la metamorfosi, sebbene i risultati varino. Questo effetto \u00e8 stato ora osservato da 7 ricercatori in Austria, Germania, Svizzera e Olanda..<\/p>\n<\/div><!-- it --><\/p>\n<h3><span class=\"accent\">Questi risultati sono solo prodotti della \u201ccattiva scienza\u201d?<\/span><\/h3>\n<p>Questo ragionamento \u00a0non regge ad un esame in quanto, anche \u00a0esperimenti con elevati standard metodologici sono in grado di dimostrare che le altissime diluzioni (conosciute anche come \u201calte potenze\u201d) hanno degli effetti.<sup><a title=\"Witt CM, Bluth M, Albrecht H, Weisshuhn TE, Baumgartner S, Willich SN. The in vitro evidence for an effect of high homeopathic potencies--a systematic review of the literature. Complement Ther Med. 2007 Jun;15(2):128-38.\" href=\"http:\/\/www.ncbi.nlm.nih.gov\/pubmed\/17544864\" target=\"_blank\" rel=\"noopener noreferrer\">1<\/a><\/sup><\/p>\n<h3><span class=\"accent\">Perch\u00e9 questi risultati non sono accettati da alcuni scienziati?<\/span><\/h3>\n<p>Ad \u00a0oggi, nessun risultato positivo \u00e8 stato abbastanza stabile da essere riprodotto ogni volta da tutti i ricercatori. In quasi il 75% degli esperimenti <em>in vitro<\/em> con ultradiluzioni si \u00e8 osservato un effetto, e quasi il 75% delle repliche sono state positive.<sup><a title=\"Witt CM, Bluth M, Albrecht H, Weisshuhn TE, Baumgartner S, Willich SN. The in vitro evidence for an effect of high homeopathic potencies--a systematic review of the literature. Complement Ther Med. 2007 Jun;15(2):128-38.\" href=\"http:\/\/www.ncbi.nlm.nih.gov\/pubmed\/17544864\" target=\"_blank\" rel=\"noopener noreferrer\">1<\/a><\/sup><\/p>\n<p>Considerando che gli scienziati stanno acquisendo una \u00a0sempre maggiore esperienza negli esperimenti con le ultradiluzioni, si sta \u00a0gradualmente comprendendo quali \u00a0siano i fattori che influenzano i risultati e, di conseguenza, si stanno facendo dei progressi con\u00a0 la riproducibilit\u00e0 di questi esperimenti\u00a0<sup><a title=\"Endler P, Thieves K, Reich C, Matthiessen P, Bonamin L, Scherr C, Baumgartner S. Repetitions of fundamental research models for homeopathically prepared dilutions beyond 10(-23): a bibliometric study. Homeopathy. 2010 Jan; 99(1):25-36. \" href=\"http:\/\/www.ncbi.nlm.nih.gov\/pubmed\/20129174\" target=\"_blank\" rel=\"noopener noreferrer\">9<\/a><\/sup>. Gli esperimenti condotti \u00a0su leucociti basofili e sulle rane, sopra descritti, si sono dimostrati i maggiormente riproducibili sino ad ora, e si stanno facendo anche dei progressi nell\u2019identificazione degli <a href=\"https:\/\/www.hri-research.org\/wp-content\/uploads\/2014\/08\/HRI_ResearchArticle_16_Baumgartner_PlantModels.pdf\" target=\"_blank\" rel=\"noopener noreferrer\">esperimenti maggiormente riproducibili nelle piante<\/a>.<\/p>\n<p>Tuttavia, sino a quando non si realizzer\u00e0 un esperimento in cui ogni gruppo sar\u00e0 in grado di ottenere esattamente ogni volta lo stesso effetto, questa area di ricerca rester\u00e0 controversa. Questa \u00e8 la sfida dei \u00a0ricercatori della scienza di base dell\u2019omeopatia oggi giorno.<\/p>\n<h3><span class=\"accent\">La chiave sembra essere in come vengono esattamente prodotte le medicine omeopatiche.<\/span><\/h3>\n<p>Le medicine omeopatiche sono prodotte dalle piante, e da fonti chimiche, minerali o animali. Il materiale originale viene diluito, poi agitato vigorosamente (succussato). Il numero di volte \u00a0in cui ci\u00f2 viene ripetuto determina la forza o \u201cpotenza\u201d del rimedio, e dunque, un rimedio a \u201c6c\u201d sar\u00e0 stato diluito 1 parte su \u00a0100 e successivamente succussato, questo ciclo viene ripetuto sei volte.<\/p>\n<p>Se si dilusice pi\u00f9 volte la sostanza, naturalmente \u00a0si ottiene un campione inattivo che \u00e8 chiaramente \u201csolo acqua\u201d; \u00e8 la succussione che segue \u00a0dopo ogni fase della diluzione che sembra lasciare l\u2019impronta della sostanza originalenell\u2019acqua\/alcol in cui \u00e8 diluita.<\/p>\n<p>Quest\u2019idea \u00e8 supportata da esperimenti che dimostrano che le diluzioni non succussate sono inattive, al contrario \u00a0le diluzioni succussate possono indurre effetti biologici, e ci\u00f2 fa pensare che questo aspetto del processo produttivo sia essenziale nella produzione \u00a0dei medicinali omeopatici.<sup><a href=\"https:\/\/www.researchgate.net\/publication\/277017581_Effectiveness_of_ultra_high_diluted_arsenic_is_a_function_of_succussion_number_as_evidenced_by_wheat_germination_test_and_droplet_evaporation_method\" target=\"_blank\" rel=\"noopener noreferrer\">10<\/a><\/sup><\/p>\n<p>Le questioni pi\u00f9 importanti a cui i <a href=\"https:\/\/www.hri-research.org\/it\/hri-research\/how-do-homeopathic-medicines-work\/\" target=\"_blank\" rel=\"noopener noreferrer\">ricercatori cercano di dare una risposta<\/a> sono: quali cambiamenti fisico -chimici induce la succussione, e come permette all\u2019acqua di catturare le informazioni delle sostanze in essa diluite.<\/p>\n<p><a href=\"#\" class=\"expand-content button accent-bg\" id=\"69dba956c29e1\"><span class=\"expand-content-more\">Referenze<\/span><span class=\"expand-content-less\">Meno<\/span><\/a><\/p><div class=\"collapse-content\" id=\"panel-69dba956c29e1\">\n<ol>\n<li>Witt CM, Bluth M, Albrecht H, Weisshuhn TE, Baumgartner S, Willich SN.\u00a0The in vitro evidence for an effect of high homeopathic potencies&#8211;a systematic review of the literature.\u00a0<em>Complement Ther Med<\/em>., 2007;\u00a0<strong>15<\/strong>(2): 128-38 | <a href=\"http:\/\/www.ncbi.nlm.nih.gov\/pubmed\/17544864\" target=\"_blank\" rel=\"noopener noreferrer\">PubMed<\/a><\/li>\n<li>Davenas E, Beauvais F, Amara J, et al. Human basophil de-granulation triggered by very dilute antiserum against IgE. <em>Nature<\/em>, 1988; <strong>333<\/strong>: 816\u2013818 | <a href=\"http:\/\/www.ncbi.nlm.nih.gov\/pubmed\/2455231\" target=\"_blank\" rel=\"noopener noreferrer\">PubMed<\/a><\/li>\n<li>Ovelg\u00f6nne JH, Bol AW, Hop WC, van Wijk R. Mechanical agitation of very dilute antiserum against IgE has no effect on basophil staining properties. <em>Experientia,<\/em> 1992; <strong>48<\/strong>: 504\u2013508 | <a href=\"http:\/\/www.ncbi.nlm.nih.gov\/pubmed\/1376282\" target=\"_blank\" rel=\"noopener noreferrer\">PubMed<\/a><\/li>\n<li>Hirst SJ, Hayes NA, Burridge J, et al. Human basophil degranulation is not triggered by very dilute antiserum against human IgE. <em>Nature,<\/em> 1993;<strong>366<\/strong>: 525\u2013527 | <a href=\"http:\/\/www.ncbi.nlm.nih.gov\/pubmed\/8255290\" target=\"_blank\" rel=\"noopener noreferrer\">PubMed<\/a><\/li>\n<li>Belon P, Cumps J, Ennis M, et al. Inhibition of human basophil degranulation by successive histamine dilutions: results of a European multi-centre trial. <em>Inflammation Research,<\/em> 1999; <strong>48<\/strong> (Suppl 1): S17\u201318 | <a href=\"https:\/\/www.ncbi.nlm.nih.gov\/pubmed\/10350142\" target=\"_blank\" rel=\"noopener noreferrer\">PubMed<\/a><\/li>\n<li>Lorenz I, Schneider EM, Stolz P, et al. Sensitive flow cytometric method to test basophil activation influenced by homeopathic histamine dilution. <em>Forschende Komplement\u00e4rmedizin,<\/em> 2003; <strong>10<\/strong>: 316\u2013324 | <a href=\"http:\/\/www.ncbi.nlm.nih.gov\/pubmed\/14707480\" target=\"_blank\" rel=\"noopener noreferrer\">PubMed<\/a><\/li>\n<li>Belon P, Cumps J, Ennis M, et al. Histamine dilutions modulate basophil activation. <em>Inflammation Research,<\/em> 2004; <strong>53<\/strong>: 181\u2013188 | <a href=\"http:\/\/www.ncbi.nlm.nih.gov\/pubmed\/15105967\" target=\"_blank\" rel=\"noopener noreferrer\">PubMed<\/a><\/li>\n<li>Harrer B. Replication of an experiment on extremely diluted thyroxine and\u2028highland amphibians. <em>Homeopathy,<\/em>\u00a02013;<strong>102<\/strong>(1):25-303 | <a href=\"http:\/\/www.ncbi.nlm.nih.gov\/pubmed\/23290876\" target=\"_blank\" rel=\"noopener noreferrer\">PubMed<\/a><\/li>\n<li>Endler P, Thieves K, Reich C, Matthiessen P, Bonamin L, Scherr C, Baumgartner S. Repetitions of fundamental research models for homeopathically prepared dilutions beyond 10(-23): a bibliometric study.\u00a0<em>Homeopathy,<\/em>\u00a02010; <strong>99<\/strong>(1): 25-36 |\u00a0<a href=\"http:\/\/www.ncbi.nlm.nih.gov\/pubmed\/20129174\" target=\"_blank\" rel=\"noopener noreferrer\">PubMed<\/a>\u00a0|\u00a0<a href=\"https:\/\/www.hri-research.org\/wp-content\/uploads\/2014\/08\/Moebius-S_Endler-et-al_Improvements-seen-in-reproducibility-of-basic-research-results2010.pdf\" target=\"_blank\" rel=\"noopener noreferrer\">HRI Synopsis<\/a><\/li>\n<li>Betti L,\u00a0et al.\u00a0Effectiveness of ultra high diluted arsenic is a function of succussion number as evidenced by wheat germination test and droplet evaporation method.\u00a0<i>Int J High Dilution Res, 2013;<\/i>\u00a0<b>12 <\/b>(44):<b>\u00a0<\/b>127\u2013128 | <a href=\"https:\/\/www.researchgate.net\/publication\/277017581_Effectiveness_of_ultra_high_diluted_arsenic_is_a_function_of_succussion_number_as_evidenced_by_wheat_germination_test_and_droplet_evaporation_method\" target=\"_blank\" rel=\"noopener noreferrer\">Full text<\/a><\/li>\n<\/ol>\n<\/div><!-- it -->\n<p><a href=\"https:\/\/www.hri-research.org\/it\/resources\/homeopathy-faqs\/\">Ritorna alle FAQs sull\u2019Omeopatia<\/a><\/p>\n","protected":false},"excerpt":{"rendered":"<p>Esperimenti di laboratorio hanno dimostrato che le medicine omeopatiche non sono solo delle pillole di zucchero. I critici dell\u2019omeopatia sottolineano \u00a0che le medicine omeopatiche sono talmente diluite da \u201cnon avere nulla dentro\u201d. Ci\u00f2 deriva dal fatto che i liquidi usati per produrre alcuni medicinali omeopatici sono diluiti oltre il numero di Avogadro (diluzione 10-23). Ci\u00f2 [&hellip;]<\/p>\n","protected":false},"author":1,"featured_media":0,"parent":5406,"menu_order":4,"comment_status":"closed","ping_status":"closed","template":"page-translated-faq.php","meta":{"footnotes":""},"class_list":["post-5431","page","type-page","status-publish","hentry"],"jetpack_sharing_enabled":true,"_links":{"self":[{"href":"https:\/\/www.hri-research.org\/it\/wp-json\/wp\/v2\/pages\/5431","targetHints":{"allow":["GET"]}}],"collection":[{"href":"https:\/\/www.hri-research.org\/it\/wp-json\/wp\/v2\/pages"}],"about":[{"href":"https:\/\/www.hri-research.org\/it\/wp-json\/wp\/v2\/types\/page"}],"author":[{"embeddable":true,"href":"https:\/\/www.hri-research.org\/it\/wp-json\/wp\/v2\/users\/1"}],"replies":[{"embeddable":true,"href":"https:\/\/www.hri-research.org\/it\/wp-json\/wp\/v2\/comments?post=5431"}],"version-history":[{"count":0,"href":"https:\/\/www.hri-research.org\/it\/wp-json\/wp\/v2\/pages\/5431\/revisions"}],"up":[{"embeddable":true,"href":"https:\/\/www.hri-research.org\/it\/wp-json\/wp\/v2\/pages\/5406"}],"wp:attachment":[{"href":"https:\/\/www.hri-research.org\/it\/wp-json\/wp\/v2\/media?parent=5431"}],"curies":[{"name":"wp","href":"https:\/\/api.w.org\/{rel}","templated":true}]}}