{"id":5422,"date":"2014-08-11T13:40:50","date_gmt":"2014-08-11T13:40:50","guid":{"rendered":"https:\/\/www.hri-research.org\/it\/homeopathy-faqs\/there-isnt-a-single-good-quality-rct-showing-homeopathy-works\/"},"modified":"2022-02-16T12:38:22","modified_gmt":"2022-02-16T12:38:22","slug":"studi-di-elevata-qualita","status":"publish","type":"page","link":"https:\/\/www.hri-research.org\/it\/homeopathy-faqs\/studi-di-elevata-qualita\/","title":{"rendered":"Esistono studi di elevata qualit\u00e0 che dimostrino che l&#8217;omeopatia funziona?"},"content":{"rendered":"<p>Molti credono che tutti gli studi di elevata qualit\u00e0, \u00a0randomizzati e controllati (RCT) che abbiano testato l\u2019omeopatia abbiano fornito risultati negativi. Ci\u00f2 non \u00e8 vero. Di seguito, riportiamo esempi di studi controllati randomizzati (<a href=\"#\" class=\"definition\" title=\"RCT (Studio Controllato Randomizzato): tipo di studio clinico solitamente  utilizzato per testare l\u2019efficacia dei farmaci convenzionali e considerato da alcuni come il \u201cgold standard\u201d\">RCT<\/a>) di elevata qualit\u00e0 con risultati positivi e <a href=\"#\" class=\"definition\" title=\"studi che analizzano i risultati aggregati di vari studisimilial fine di ottenere delle conclusioni pi\u00f9 robuste in merito all\u00b4efficacia del trattamento stesso\">revisioni sistematiche\/meta-analisi<\/a> che hanno testato vari tipi di omeopatia:<\/p>\n<ul>\n<li><strong>Trattamento omeopatico individualizzato per la diarreanel bambino<\/strong>. Una meta-analisi di tre studi randomizzati controllati con \u00a0placebo , condotti da Jacobs et al. \u00a0nel 2003, ha dimostrato che il trattamento omeopatico ha ridotto la durata della diarrea\u00a0(p=0.008).<sup><a title=\"Jacobs, J., Jonas, W. B., Jim\u00e9nez-P\u00e9rez, M. &amp; Crothers, D. Homeopathy for childhood diarrhea: combined results and metaanalysis from three randomized, controlled clinical trials. Pediatr. Infect. Dis. J. 22, 229\u2013234 (2003).\" href=\"http:\/\/www.ncbi.nlm.nih.gov\/pubmed\/12634583\" target=\"_blank\" rel=\"noopener noreferrer\">1<\/a><\/sup><\/li>\n<li><strong>Trattamento omeopatico individualizzato \u00a0per l\u00b4otite media \u00a0nel bambino<\/strong>\u00a0<sup><a title=\"Jacobs J, Springer DA, Crothers D. Homeopathic treatment of acute otitis media in children: a preliminary randomized placebo-controlled trial. Pediatr Infect Dis J. 2001; 20(2): 177-83\" href=\"http:\/\/www.ncbi.nlm.nih.gov\/pubmed\/11224838\" target=\"_blank\" rel=\"noopener noreferrer\">2<\/a>,<a title=\"Sinha, M. N. et al. Randomized controlled pilot study to compare Homeopathy and Conventional therapy in Acute Otitis Media. Homeopat. J. Fac. Homeopat. 101, 5\u201312 (2012).\" href=\"http:\/\/www.ncbi.nlm.nih.gov\/pubmed\/22226309\" target=\"_blank\" rel=\"noopener noreferrer\">3<\/a><\/sup><\/li>\n<li><strong>Il farmaco omeopatico<\/strong><strong>\u00a0<\/strong><em><strong>Galphimia glauca<\/strong><\/em><strong>\u00a0per il raffreddore\u00a0 da fieno<\/strong>\u00a0(rinite allergica)<sup><a title=\"Wiesenauer and L\u00fcdtke. A meta analysis of the homeopathic treatment of pollinosis with Galphimia glauca. Forsch. Komplement\u00e4rmed. 1996; 3: 230-234.\" href=\"https:\/\/www.karger.com\/Article\/Pdf\/210233\" target=\"_blank\" rel=\"noopener noreferrer\">4<\/a><\/sup><\/li>\n<li><strong><strong>Il farmaco <a href=\"#\" class=\"definition\" title=\"un sottotipo di omeopatia in cui il medicinale omeopatico  utilizzato \u00e8 rappresentato dalla stessa sostanza che produce i sintomi da trattare.\">isopatico<\/a><strong>\u00a0<\/strong><em><strong>Pollen 30c per il raffreddore da fieno<\/strong><\/em><\/strong><\/strong><sup><a title=\"Reilly, D. T., Taylor, M. A., et al. (1986). &quot;Is homoeopathy a placebo response? Controlled trial of homoeopathic potency, with pollen in hayfever as model.&quot; Lancet 2(8512): 881-886.\" href=\"http:\/\/www.ncbi.nlm.nih.gov\/pubmed\/2876326\" target=\"_blank\" rel=\"noopener noreferrer\">5<\/a><\/sup><\/li>\n<li><strong><strong>Il <a href=\"#\" class=\"definition\" title=\"prodotto contenente vari rimedi omeopatici\">medicinale omeopatico complesso<\/a><strong>\u00a0<\/strong><em><strong>Vertigoheel<\/strong><\/em><strong>\u00a0<\/strong><strong>per le vertigini<\/strong><\/strong>.<\/strong><sup><a title=\"Schneider et al. Treatment of vertigo with a homeopathic complex remedy compared with usual treatments \u2013 a meta-analysis of clinical trials, Arzneim.-Forschung 2005, 55(1) 23-29.\" href=\"http:\/\/www.biopathica.co.uk\/Articles\/Dizziness\/19%20-%20Vertigo%20Treatment%20with%20a%20Homeopathic%20Complex%20Remedy.pdf\" target=\"_blank\" rel=\"noopener noreferrer\">6<\/a><\/sup><\/li>\n<\/ul>\n<p>Ci vogliono ulteriori studi per confermare i risultati di questi promettenti studi, soprattutto, ripetizioni su larga scala realizzate da altri gruppi di ricerca.<\/p>\n<p>Per accedere a ulteriori informazioni sulle pi\u00f9 promettenti aree di ricerca clinica, consultare &#8220;<a href=\"https:\/\/www.hri-research.org\/wp-content\/uploads\/2014\/08\/HRI_ResearchArticle_21_TournierRoberts_TargetedResearch.pdf\" target=\"_blank\" rel=\"noopener noreferrer\">Homeopathy on trial \u2013 The need for targeted research<\/a>&#8220;, by Tournier &amp; Roberts, 2013.<\/p>\n<h3><span class=\"accent\">Il problema del \u2018cherry picking\u2019 o uso selettivo<\/span><\/h3>\n<p style=\"text-align: left;\"><a href=\"https:\/\/www.hri-research.org\/wp-content\/uploads\/2015\/12\/Cherries_shutterstock_213948859-e1450362194674.jpg\"><img loading=\"lazy\" decoding=\"async\" class=\"alignright size-thumbnail wp-image-4866\" src=\"https:\/\/www.hri-research.org\/wp-content\/uploads\/2015\/12\/Cherries_shutterstock_213948859-150x150.jpg\" alt=\"Cherries_shutterstock_213948859\" width=\"150\" height=\"150\" \/><\/a>Il &#8216;Cherry picking&#8217; \u00e8 la pratica di pubblicare o citare solo gli studi positivi su un determinato trattamento, ignorando invece gli studi contrastanti negativi. Ci\u00f2 pu\u00f2 condurre ad una distorsione delle evidenze, ed \u00e8 per questo, che di recente, si spingono gli istituti \u00a0di ricerca e le aziende farmaceutiche a pubblicare \u00a0tutti i risultati degli studi \u2013 positivi e negativi che siano \u2013 in modo da consentire una valutazione globale delle evidenze.<\/p>\n<p>Quando si presentano degli studi positivi importanti ai critici dell\u2019omeopatia, spesso essi affermano che si tratta di \u201ccherry picking\u201d o uso selettivo, perch\u00e9 esistono altri studi negativi sull\u2019omeopatia. Ciononostante, questi studi negativi sono rilevanti solo se hanno testato lo stesso trattamento omeopatico per la medesima \u00a0patologia considerata. Nel caso degli studi sopra \u00a0riportati, non esistono, a nostra conoscenza, altre repliche di questi stessi studi che abbiano fornito risultati negativi, pertanto la prova \u00e8 inconfutabile.<\/p>\n<h3><span class=\"accent\">La necessit\u00e0 di replicare gli studi esistenti<\/span><span class=\"accent\"><strong><br \/>\n<\/strong><\/span><\/h3>\n<p>Tenuto conto che la ricerca in omeopatia \u00e8 un campo relativamente nuovo e che i fondi disponibili per nuovi studi sono molto limitati, sono stati svolti pochi studi di elevata qualit\u00e0, con poche repliche \u2013 cosa che HRI si augura di \u00a0potere cambiare.<\/p>\n<p>Quando vi saranno altri studi condotti su questi stessi trattamenti omeopatici, nuove evidenze verranno fornite che potranno confermare o confutare i dati gi\u00e0 disponibili.<\/p>\n<p><a href=\"#\" class=\"expand-content button accent-bg\" id=\"69d30ba8a9b3c\"><span class=\"expand-content-more\">Referenze<\/span><span class=\"expand-content-less\">Meno<\/span><\/a><\/p><div class=\"collapse-content\" id=\"panel-69d30ba8a9b3c\">\n<ol>\n<li>Jacobs J, Jonas WB, Jim\u00e9nez-P\u00e9rez M &amp; Crothers D. Homeopathy for childhood diarrhea: combined results and metaanalysis from three randomized, controlled clinical trials. <em>Pediatr. Infect. Dis. J.,<\/em>\u00a02003;<strong>22:<\/strong>229\u2013234 |\u00a0<a href=\"http:\/\/www.ncbi.nlm.nih.gov\/pubmed\/12634583\" target=\"_blank\" rel=\"noopener noreferrer\">PubMed<\/a><\/li>\n<li>Jacobs J, Springer DA, Crothers D. Homeopathic treatment of acute otitis media in children: a preliminary randomized placebo-controlled trial. <em>Pediatr Infect Dis J<\/em>., 2001; <strong>20<\/strong>(2): 177-83 | <a href=\"http:\/\/www.ncbi.nlm.nih.gov\/pubmed\/11224838\" target=\"_blank\" rel=\"noopener noreferrer\">PubMed<\/a><\/li>\n<li>Sinha MN,\u00a0<em>et al.<\/em> Randomized controlled pilot study to compare Homeopathy and Conventional therapy in Acute Otitis Media. <em>Homeopat. J. Fac. Homeopat., <\/em>2012; <strong>101:<\/strong>\u00a05\u201312 | <a href=\"http:\/\/www.ncbi.nlm.nih.gov\/pubmed\/22226309\" target=\"_blank\" rel=\"noopener noreferrer\">PubMed<\/a><\/li>\n<li>Wiesenauer M &amp; L\u00fcdtke R. A meta analysis of the homeopathic treatment of pollinosis with Galphimia glauca. <em>Forsch. Komplement\u00e4rmed.,<\/em> 1996; <strong>3<\/strong>: 230-234 | <a href=\"https:\/\/www.karger.com\/Article\/Pdf\/210233\" target=\"_blank\" rel=\"noopener noreferrer\">Link<\/a><\/li>\n<li>Reilly DT, Taylor MA, et al. Is homoeopathy a placebo response? Controlled trial of homoeopathic potency, with pollen in hayfever as model. <em>Lancet, <\/em>1986; <strong>2<\/strong>(8512): 881-886 | <a href=\"http:\/\/www.ncbi.nlm.nih.gov\/pubmed\/2876326\" target=\"_blank\" rel=\"noopener noreferrer\">PubMed<\/a><\/li>\n<li>Schneider B, et al. Treatment of vertigo with a homeopathic complex remedy compared with usual treatments \u2013 a meta-analysis of clinical trials, <em>Arzneim.-Forschung<\/em>, 2005;\u00a0<strong>55<\/strong>(1): 23-29 |\u00a0<a href=\"http:\/\/www.biopathica.co.uk\/Articles\/Dizziness\/19%20-%20Vertigo%20Treatment%20with%20a%20Homeopathic%20Complex%20Remedy.pdf\" target=\"_blank\" rel=\"noopener noreferrer\">PubMed<br \/>\n<\/a><\/div><!-- it --><\/li>\n<\/ol>\n<p><a href=\"https:\/\/www.hri-research.org\/it\/resources\/homeopathy-faqs\/\">Ritorna alle FAQs sull\u2019Omeopatia<\/a><\/p>\n","protected":false},"excerpt":{"rendered":"<p>Molti credono che tutti gli studi di elevata qualit\u00e0, \u00a0randomizzati e controllati (RCT) che abbiano testato l\u2019omeopatia abbiano fornito risultati negativi. Ci\u00f2 non \u00e8 vero. Di seguito, riportiamo esempi di studi controllati randomizzati () di elevata qualit\u00e0 con risultati positivi e che hanno testato vari tipi di omeopatia: Trattamento omeopatico individualizzato per la diarreanel bambino. [&hellip;]<\/p>\n","protected":false},"author":1,"featured_media":0,"parent":5406,"menu_order":2,"comment_status":"closed","ping_status":"closed","template":"page-translated-faq.php","meta":{"footnotes":""},"class_list":["post-5422","page","type-page","status-publish","hentry"],"jetpack_sharing_enabled":true,"_links":{"self":[{"href":"https:\/\/www.hri-research.org\/it\/wp-json\/wp\/v2\/pages\/5422","targetHints":{"allow":["GET"]}}],"collection":[{"href":"https:\/\/www.hri-research.org\/it\/wp-json\/wp\/v2\/pages"}],"about":[{"href":"https:\/\/www.hri-research.org\/it\/wp-json\/wp\/v2\/types\/page"}],"author":[{"embeddable":true,"href":"https:\/\/www.hri-research.org\/it\/wp-json\/wp\/v2\/users\/1"}],"replies":[{"embeddable":true,"href":"https:\/\/www.hri-research.org\/it\/wp-json\/wp\/v2\/comments?post=5422"}],"version-history":[{"count":0,"href":"https:\/\/www.hri-research.org\/it\/wp-json\/wp\/v2\/pages\/5422\/revisions"}],"up":[{"embeddable":true,"href":"https:\/\/www.hri-research.org\/it\/wp-json\/wp\/v2\/pages\/5406"}],"wp:attachment":[{"href":"https:\/\/www.hri-research.org\/it\/wp-json\/wp\/v2\/media?parent=5422"}],"curies":[{"name":"wp","href":"https:\/\/api.w.org\/{rel}","templated":true}]}}