{"id":31869,"date":"2024-05-01T10:11:11","date_gmt":"2024-05-01T10:11:11","guid":{"rendered":"https:\/\/www.hri-research.org\/?page_id=31869"},"modified":"2024-05-01T10:11:55","modified_gmt":"2024-05-01T10:11:55","slug":"i-trattamenti-omeopatici-sono-economicamente-vantaggiosi","status":"publish","type":"page","link":"https:\/\/www.hri-research.org\/it\/homeopathy-faqs\/i-trattamenti-omeopatici-sono-economicamente-vantaggiosi\/","title":{"rendered":"I trattamenti omeopatici sono economicamente vantaggiosi?"},"content":{"rendered":"<p>Nel campo dell&#8217;economia della salute la ricerca punta a stabilire le basi scientifiche per una distribuzione efficiente delle limitate risorse sanitarie e finanziarie, garantendo al contempo la conseguente fornitura di cure di alta qualit\u00e0 per i pazienti. La metodologia dell&#8217;economia della salute utilizzata per valutare il rapporto costo-efficacia dei trattamenti medici convenzionali pu\u00f2 essere applicata anche all&#8217;omeopatia.<\/p>\n<p>Nel 2024 \u00e8 stata pubblicata una <a href=\"#\" class=\"definition\" title=\"studi che analizzano i risultati aggregati di vari studisimilial fine di ottenere delle conclusioni pi\u00f9 robuste in merito all\u00b4efficacia del trattamento stesso\">revisione sistematica<\/a> che fornisce una panoramica degli studi sul rapporto costo-efficacia in omeopatia<sup><a href=\"https:\/\/www.tandfonline.com\/doi\/full\/10.1080\/14737167.2023.2266136\" target=\"_blank\" rel=\"noopener\">1<\/a><\/sup>. In tutti i 21 studi compresi nella revisione,<strong> l&#8217;omeopatia ha dimostrato di avere un\u2019efficacia clinica simile o migliore a quella degli altri gruppi di controllo, con una netta tendenza positiva del rapporto costo-efficacia e un aumento statisticamente significativo della qualit\u00e0 degli studi nel corso degli anni.<\/strong><\/p>\n<p><a href=\"#\" class=\"expand-content\" id=\"69f08e4501867\"><span class=\"expand-content-more\">Di pi\u00f9<\/span><span class=\"expand-content-less\">Meno<\/span><\/a><\/p><div class=\"collapse-content\" id=\"panel-69f08e4501867\">\n<p>Questa revisione<sup><a href=\"https:\/\/www.tandfonline.com\/doi\/full\/10.1080\/14737167.2023.2266136\" target=\"_blank\" rel=\"noopener\">1<\/a><\/sup> realizzata dal Prof. Thomas Ostermann (Witten\/Herdecke University, Germania) comprende 15 studi analizzati in una revisione precedente del 2014<sup><a href=\"https:\/\/pubmed.ncbi.nlm.nih.gov\/23397477\/\" target=\"_blank\" rel=\"noopener\">2<\/a><\/sup>, pi\u00f9 6 studi aggiuntivi. I risultati di questi 21 studi hanno dimostrato una netta tendenza positiva, come riassunto di seguito:<\/p>\n<p><img loading=\"lazy\" decoding=\"async\" class=\"alignnone wp-image-31882 size-large\" src=\"https:\/\/www.hri-research.org\/wp-content\/uploads\/2024\/05\/Cost-effectiveness-ITA-1-1024x214.png\" alt=\"\" width=\"520\" height=\"109\" srcset=\"https:\/\/www.hri-research.org\/wp-content\/uploads\/2024\/05\/Cost-effectiveness-ITA-1-1024x214.png 1024w, https:\/\/www.hri-research.org\/wp-content\/uploads\/2024\/05\/Cost-effectiveness-ITA-1-300x63.png 300w, https:\/\/www.hri-research.org\/wp-content\/uploads\/2024\/05\/Cost-effectiveness-ITA-1-768x161.png 768w, https:\/\/www.hri-research.org\/wp-content\/uploads\/2024\/05\/Cost-effectiveness-ITA-1-98x21.png 98w, https:\/\/www.hri-research.org\/wp-content\/uploads\/2024\/05\/Cost-effectiveness-ITA-1-198x41.png 198w, https:\/\/www.hri-research.org\/wp-content\/uploads\/2024\/05\/Cost-effectiveness-ITA-1-158x33.png 158w, https:\/\/www.hri-research.org\/wp-content\/uploads\/2024\/05\/Cost-effectiveness-ITA-1-160x34.png 160w, https:\/\/www.hri-research.org\/wp-content\/uploads\/2024\/05\/Cost-effectiveness-ITA-1-520x109.png 520w, https:\/\/www.hri-research.org\/wp-content\/uploads\/2024\/05\/Cost-effectiveness-ITA-1.png 1318w\" sizes=\"auto, (max-width: 520px) 100vw, 520px\" \/><sup>*nell\u2019analisi incrementale del rapporto costo-efficacia \u00e8 stato dimostrato che 2 di questi studi sono economicamente vantaggiosi.<\/sup><\/p>\n<p>Due ricercatori indipendenti hanno valutato la <strong>qualit\u00e0 degli studi utilizzando l\u2019elenco<\/strong> <strong>CHEC<\/strong>, progettato specificatamente per essere utilizzato nelle valutazioni economiche. I punteggi CHEC <strong>oscillano tra 2 e 16 <\/strong>(su un punteggio massimo di 19): gli studi pubblicati prima del 2009 hanno un punteggio medio pi\u00f9 basso (6,7 \u00b1 3,4) rispetto a quelli pubblicati a partire dal 2009 (9,4 \u00b1 4,3).<\/p>\n<p>Vale la pena sottolineare che <strong>gli ultimi due studi pubblicati che sono stati inclusi nella revisione<\/strong><sup><a href=\"https:\/\/bmchealthservres.biomedcentral.com\/articles\/10.1186\/s12913-020-05706-4\" target=\"_blank\" rel=\"noopener\">3<\/a>,<a href=\"https:\/\/resource-allocation.biomedcentral.com\/articles\/10.1186\/s12962-021-00313-4\" target=\"_blank\" rel=\"noopener\">4<\/a><\/sup><strong>\u00a0sono tra quelli con un punteggio migliore per la qualit\u00e0<\/strong>. Oltre a vantare un design dello studio accuratamente selezionato, in entrambi sono state utilizzate delle valutazioni economiche all&#8217;avanguardia. Gli autori della revisione aggiornata sottolineano l&#8217;importanza di mantenere questo livello di eccellenza nelle valutazioni economiche future per l&#8217;omeopatia.<\/p>\n<\/div><!-- it -->\n<p>Lo studio sul rapporto costo-efficacia individuale di <a href=\"#\" class=\"definition\" title=\"elenco CHEC: 89%\">migliore qualit\u00e0<\/a><sup><a href=\"https:\/\/resource-allocation.biomedcentral.com\/articles\/10.1186\/s12962-021-00313-4\" target=\"_blank\" rel=\"noopener\">4<\/a><\/sup>\u00a0ha valutato l&#8217;impatto di un prodotto medicinale omeopatico \u201cda banco\u201d, il <em>SilAtro-5-90<\/em> . In uno studio clinico del 2017 si \u00e8 scoperto che<strong> l\u2019uso congiunto di <em>SilAtro-5-90<\/em> e di farmaci convenzionali riduce la ricorrenza della tonsillite acuta<sup><a href=\"https:\/\/pubmed.ncbi.nlm.nih.gov\/28779928\/\" target=\"_blank\" rel=\"noopener\">5<\/a><\/sup><\/strong>; una valutazione economica successiva ha scoperto che <strong><em>SilAtro-5-90<\/em> riduce anche i costi <\/strong>(soprattutto quando si evita la chirurgia) rispetto ai trattamenti realizzati esclusivamente con farmaci convenzionali.<sup><a href=\"https:\/\/resource-allocation.biomedcentral.com\/articles\/10.1186\/s12962-021-00313-4\" target=\"_blank\" rel=\"noopener\">4<\/a><\/sup><\/p>\n<p><a href=\"#\" class=\"expand-content\" id=\"69f08e45018af\"><span class=\"expand-content-more\">Di pi\u00f9<\/span><span class=\"expand-content-less\">Meno<\/span><\/a><\/p><div class=\"collapse-content\" id=\"panel-69f08e45018af\">\n<p>Uno studio clinico pragmatico randomizzato ha seguito 256 adulti e bambini (di et\u00e0 compresa tra i 6 e i 60 anni) diagnosticati con tonsillite moderata ricorrente nel corso di due anni. \u00c8 stato scoperto che \u201cl&#8217;aggiunta\u201d di <em>SilAtro-5-90 <\/em>risulta clinicamente efficace dato che, rispetto all\u2019utilizzo di trattamenti esclusivamente convenzionali, riduce il numero di infezioni acute alla gola, dei sintomi specifici della tonsillite e la necessit\u00e0 di assumere antibiotici. Una successiva valutazione economica basata su modelli che ha analizzato i <a href=\"#\" class=\"definition\" title=\"Il \u201crapporto incrementale costo-efficacia\u201d si ottiene dividendo la differenza dei costi per la differenza dei risultati clinici, con l\u2019obiettivo di stabilire un raffronto complessivo tra i due trattamenti.\">costi incrementali<\/a> per le infezioni acute alla gola ha messo in luce che:<\/p>\n<ul>\n<li><strong>nei bambini al di sotto dei 12 anni, un trattamento ulteriore con <em>SilAtro-5-90 \u00e8 <\/em>sempre economicamente vantaggioso<\/strong> (indipendentemente dalla gravit\u00e0 della tonsillite ricorrente), dato che riduce il numero di infezioni acute alla gola a costi inferiori rispetto al solo utilizzo di trattamenti convenzionali<\/li>\n<li><strong>negli adulti e nei bambini a partire dai 12 anni con tonsillite ricorrente \u201cgrave\u201d<\/strong> (pi\u00f9 di tre infezioni acute alla gola all&#8217;anno), <strong><em>SilAtro-5-90<\/em> ha aiutato ad evitare costosi interventi chirurgici di tonsillectomia.<\/strong><\/div><!-- it --><\/li>\n<\/ul>\n<p>Chiaramente, si legittima la realizzazione di ulteriori studi di alta qualit\u00e0 su questo argomento: a partire da questi risultati incoraggianti si determiner\u00e0 in modo pi\u00f9 decisivo se in futuro l&#8217;omeopatia potr\u00e0 avere un ruolo nella gestione dei costi sanitari, mantenendo livelli di efficacia clinica comparabili a quelli dei trattamenti esistenti.<\/p>\n<p><a href=\"#\" class=\"expand-content button accent-bg\" id=\"69f08e4501998\"><span class=\"expand-content-more\">Referenze<\/span><span class=\"expand-content-less\">Meno<\/span><\/a><\/p><div class=\"collapse-content\" id=\"panel-69f08e4501998\">\n<ol>\n<li>Ostermann T, Burkart J, De Jaegere S, et al. Overview and quality assessment of health economic evaluations for homeopathic therapy: an updated systematic review. <em>Expert Rev Pharmacoecon Outcomes Res<\/em>, 2024;<strong>24<\/strong>:117-142 [<a href=\"https:\/\/pubmed.ncbi.nlm.nih.gov\/37795998\/\">PubMed<\/a>] [<a href=\"https:\/\/www.tandfonline.com\/doi\/full\/10.1080\/14737167.2023.2266136\">FullText<\/a>]<\/li>\n<li>Viksveen P, Dymitr Z, Simoens S. Economic evaluations of homeopathy: a review. <em>Eur J Health Econ<\/em>, 2014;<strong>15<\/strong>:157-74 [<a href=\"https:\/\/pubmed.ncbi.nlm.nih.gov\/23397477\/\">PubMed<\/a>]<\/li>\n<li>Kass B, Icke K, Witt CM, Reinhold T. Effectiveness and cost-effectiveness of treatment with additional enrolment to a homeopathic integrated care contract in Germany. <em>BMC Health Serv Res,<\/em> 2020;<strong>20<\/strong>:872 [<a href=\"https:\/\/pubmed.ncbi.nlm.nih.gov\/32933511\/\" target=\"_blank\" rel=\"noopener\">PubMed<\/a>] [<a href=\"https:\/\/bmchealthservres.biomedcentral.com\/articles\/10.1186\/s12913-020-05706-4\" target=\"_blank\" rel=\"noopener\">FullText<\/a>]<\/li>\n<li>Ostermann T, Park A-L, De Jaegere S, Fetz K, Klement P, Raak C, McDaid D. Cost-effectiveness analysis for SilAtro-5-90 adjuvant treatment in the management of recurrent tonsilitis, compared with usual care only. <em>Cost Eff Resour Alloc, <\/em>2021;<strong>19<\/strong>:60 [<a href=\"https:\/\/resource-allocation.biomedcentral.com\/articles\/10.1186\/s12962-021-00313-4\">FullText<\/a>]<\/li>\n<li>Palm J, Kishchuk VV, Ulied A, Perotti Fern\u00e1ndez J, De Jaegere S et al. Effectiveness of an add-on treatment with the homeopathic medication SilAtro-5-90 in recurrent tonsillitis: An international, pragmatic, randomized, controlled clinical trial. <em>Complement Ther Clin Pract<\/em>, 2017; <strong>28<\/strong>:181-191 [<a href=\"https:\/\/pubmed.ncbi.nlm.nih.gov\/28779928\/\">PubMed<\/a>]<\/div><!-- it --><\/li>\n<\/ol>\n","protected":false},"excerpt":{"rendered":"<p>Nel campo dell&#8217;economia della salute la ricerca punta a stabilire le basi scientifiche per una distribuzione efficiente delle limitate risorse sanitarie e finanziarie, garantendo al contempo la conseguente fornitura di cure di alta qualit\u00e0 per i pazienti. La metodologia dell&#8217;economia della salute utilizzata per valutare il rapporto costo-efficacia dei trattamenti medici convenzionali pu\u00f2 essere applicata [&hellip;]<\/p>\n","protected":false},"author":835,"featured_media":0,"parent":5406,"menu_order":0,"comment_status":"closed","ping_status":"closed","template":"","meta":{"footnotes":""},"class_list":["post-31869","page","type-page","status-publish","hentry"],"jetpack_sharing_enabled":true,"_links":{"self":[{"href":"https:\/\/www.hri-research.org\/it\/wp-json\/wp\/v2\/pages\/31869","targetHints":{"allow":["GET"]}}],"collection":[{"href":"https:\/\/www.hri-research.org\/it\/wp-json\/wp\/v2\/pages"}],"about":[{"href":"https:\/\/www.hri-research.org\/it\/wp-json\/wp\/v2\/types\/page"}],"author":[{"embeddable":true,"href":"https:\/\/www.hri-research.org\/it\/wp-json\/wp\/v2\/users\/835"}],"replies":[{"embeddable":true,"href":"https:\/\/www.hri-research.org\/it\/wp-json\/wp\/v2\/comments?post=31869"}],"version-history":[{"count":0,"href":"https:\/\/www.hri-research.org\/it\/wp-json\/wp\/v2\/pages\/31869\/revisions"}],"up":[{"embeddable":true,"href":"https:\/\/www.hri-research.org\/it\/wp-json\/wp\/v2\/pages\/5406"}],"wp:attachment":[{"href":"https:\/\/www.hri-research.org\/it\/wp-json\/wp\/v2\/media?parent=31869"}],"curies":[{"name":"wp","href":"https:\/\/api.w.org\/{rel}","templated":true}]}}