{"id":5180,"date":"2014-08-11T16:26:48","date_gmt":"2014-08-11T16:26:48","guid":{"rendered":"https:\/\/www.hri-research.org\/fr\/homeopathy-faqs\/homeopathy-is-not-science\/"},"modified":"2024-12-05T14:58:00","modified_gmt":"2024-12-05T14:58:00","slug":"lhomeopathie-est-une-vraie-science","status":"publish","type":"page","link":"https:\/\/www.hri-research.org\/fr\/ressources\/homeopathy-faqs\/lhomeopathie-est-une-vraie-science\/","title":{"rendered":"L&rsquo;hom\u00e9opathie est une \u00ab\u00a0vraie science\u00a0\u00bb"},"content":{"rendered":"<p>Certains critiques pr\u00e9tendent que l&rsquo;hom\u00e9opathie est une \u00ab\u00a0pseudoscience\u00a0\u00bb et qu&rsquo;elle n&rsquo;int\u00e9resse que les personnes non scientifiques.<\/p>\n<p>En fait, aux quatre coins de la plan\u00e8te, des scientifiques appartenant \u00e0 des universit\u00e9s, des instituts de recherche et des h\u00f4pitaux de renom, font de la recherche en hom\u00e9opathie en utilisant les m\u00eames techniques que celles utilis\u00e9es dans la recherche de traitements m\u00e9dicaux conventionnels.<\/p>\n<p>La recherche en hom\u00e9opathie est un domaine relativement nouveau mais le nombre d&rsquo;articles publi\u00e9s dans des revues \u00e0 comit\u00e9 de lecture a augment\u00e9 de fa\u00e7on significative au courant des 40 derni\u00e8res ann\u00e9es.<\/p>\n<p><span style=\"line-height: 1.5em;\">Ce retard par rapport \u00e0 la m\u00e9decine conventionnelle n&rsquo;est pas surprenant si l&rsquo;on consid\u00e8re le manque de fonds disponibles. Pour ne citer qu\u2019un exemple, au Royaume-Uni, moins de 0,0085% du budget destin\u00e9 \u00e0 la recherche m\u00e9dicale est destin\u00e9 \u00e0 la recherche en m\u00e9decine compl\u00e9mentaire et alternative.<\/span><sup style=\"line-height: 1.5em;\"><a title=\"Lewith G, BMJ 2007\" href=\"http:\/\/www.ncbi.nlm.nih.gov\/pmc\/articles\/PMC2071985\/pdf\/bmj-335-7627-ltr-00951.pdf\">1<\/a><\/sup><\/p>\n<div class=\"highlight-box accent-border\"><img loading=\"lazy\" decoding=\"async\" class=\"alignnone wp-image-5870\" src=\"https:\/\/www.hri-research.org\/wp-content\/uploads\/2014\/08\/frch5-520x321.png\" width=\"466\" height=\"287\" srcset=\"https:\/\/www.hri-research.org\/wp-content\/uploads\/2014\/08\/frch5-520x321.png 520w, https:\/\/www.hri-research.org\/wp-content\/uploads\/2014\/08\/frch5-300x185.png 300w, https:\/\/www.hri-research.org\/wp-content\/uploads\/2014\/08\/frch5-768x473.png 768w, https:\/\/www.hri-research.org\/wp-content\/uploads\/2014\/08\/frch5-98x60.png 98w, https:\/\/www.hri-research.org\/wp-content\/uploads\/2014\/08\/frch5-198x122.png 198w, https:\/\/www.hri-research.org\/wp-content\/uploads\/2014\/08\/frch5-158x97.png 158w, https:\/\/www.hri-research.org\/wp-content\/uploads\/2014\/08\/frch5-160x99.png 160w, https:\/\/www.hri-research.org\/wp-content\/uploads\/2014\/08\/frch5.png 970w\" sizes=\"auto, (max-width: 466px) 100vw, 466px\" \/><\/div>\n<h3>Conf\u00e9rences internationales sur la recherche<\/h3>\n<p><span class=\"embed-youtube\" style=\"text-align:center; display: block;\"><iframe loading=\"lazy\" class=\"youtube-player\" width=\"520\" height=\"293\" src=\"https:\/\/www.youtube.com\/embed\/w0K7aO4woEs?version=3&#038;rel=1&#038;showsearch=0&#038;showinfo=1&#038;iv_load_policy=1&#038;fs=1&#038;hl=fr-FR&#038;autohide=2&#038;wmode=transparent\" allowfullscreen=\"true\" style=\"border:0;\" sandbox=\"allow-scripts allow-same-origin allow-popups allow-presentation allow-popups-to-escape-sandbox\"><\/iframe><\/span><\/p>\n<h4><span class=\"no-underline\"><a href=\"http:\/\/www.hribarcelona2013.org\" target=\"_blank\" rel=\"noopener noreferrer\">HRI Barcelone 2013 \u2013 Recherche de pointe en hom\u00e9opathie<\/a><\/span><\/h4>\n<div class=\"icon-text-listing\">\n<div class=\"icon-text-listing-image\">\n<p><a href=\"http:\/\/www.hribarcelona2013.org\"><img loading=\"lazy\" decoding=\"async\" class=\"alignnone wp-image-745\" src=\"https:\/\/www.hri-research.org\/wp-content\/uploads\/2013\/05\/logo_med.jpg\" alt=\"\" width=\"150\" height=\"135\" srcset=\"https:\/\/www.hri-research.org\/wp-content\/uploads\/2013\/05\/logo_med.jpg 300w, https:\/\/www.hri-research.org\/wp-content\/uploads\/2013\/05\/logo_med-98x88.jpg 98w, https:\/\/www.hri-research.org\/wp-content\/uploads\/2013\/05\/logo_med-198x178.jpg 198w, https:\/\/www.hri-research.org\/wp-content\/uploads\/2013\/05\/logo_med-158x142.jpg 158w\" sizes=\"auto, (max-width: 150px) 100vw, 150px\" \/><\/a><\/p>\n<\/div>\n<div class=\"icon-text-listing-text\">\n<p>La conf\u00e9rence inaugurale du HRI sur la recherche internationale en hom\u00e9opathie s\u2019est tenue \u00e0 Barcelone en juin 2013. Au programme, il y avait des pr\u00e9sentations sur la recherche clinique, exp\u00e9rimentale et v\u00e9t\u00e9rinaire tenues par <strong>5 professeurs et 40 docteurs (titulaires d&rsquo;un doctorat ou m\u00e9decins) <\/strong>en provenance de plus de 20 pays. Les r\u00e9sum\u00e9s, les pr\u00e9sentations film\u00e9es et le rapport de la conf\u00e9rence sont disponibles sur le site\u00a0<a href=\"http:\/\/www.hribarcelona2013.org\" target=\"_blank\" rel=\"noopener noreferrer\">www.HRIBarcelona2013.org<\/a><a href=\"http:\/\/www.hribarcelona2013.org\" target=\"_blank\" rel=\"noopener noreferrer\">.<\/a><\/p>\n<\/div>\n<div class=\"clear\"><\/div><\/div>\n<h4><span class=\"no-underline\"><a href=\"http:\/\/www.HRIRome2015.org\" target=\"_blank\" rel=\"noopener noreferrer\">HRI Rome 2015 \u2013 Recherche de pointe en hom\u00e9opathie<\/a><\/span><\/h4>\n<div class=\"icon-text-listing\">\n<div class=\"icon-text-listing-image\">\n<p><a href=\"http:\/\/www.HRIRome2015.org\"><img loading=\"lazy\" decoding=\"async\" class=\"alignnone wp-image-1108\" src=\"https:\/\/www.hri-research.org\/wp-content\/uploads\/2014\/07\/rome_Logo_White.jpg\" alt=\"\" width=\"150\" height=\"209\" srcset=\"https:\/\/www.hri-research.org\/wp-content\/uploads\/2014\/07\/rome_Logo_White.jpg 160w, https:\/\/www.hri-research.org\/wp-content\/uploads\/2014\/07\/rome_Logo_White-98x136.jpg 98w, https:\/\/www.hri-research.org\/wp-content\/uploads\/2014\/07\/rome_Logo_White-158x220.jpg 158w\" sizes=\"auto, (max-width: 150px) 100vw, 150px\" \/><\/a><\/p>\n<\/div>\n<div class=\"icon-text-listing-text\">\nLa\u00a02<sup>\u00e8me<\/sup> conf\u00e9rence internationale du HRI, tenue \u00e0 Rome du 5 au 7 juin 2015, a continu\u00e9 sur le sujet d\u2019actualit\u00e9 concernant la recherche de pointe. Au programme, il y avait des pr\u00e9sentations sur la recherche clinique et fondamentale tenues par <strong>6 professeurs et 28 docteurs <\/strong>(titulaires d&rsquo;un doctorat ou m\u00e9decins) en provenance de 17 pays. Les r\u00e9sum\u00e9s, les pr\u00e9sentations film\u00e9es et le rapport de la conf\u00e9rence sont disponibles sur le site <a href=\"http:\/\/www.hrirome2015.org\" target=\"_blank\" rel=\"noopener noreferrer\">www.HRIRome2015.org<\/a>.<\/p>\n<\/div>\n<div class=\"clear\"><\/div><\/div><br \/>\n<div class=\"icon-text-listing\">\n<div class=\"icon-text-listing-image\">\n<p><a href=\"https:\/\/www.hri-research.org\/wp-content\/uploads\/2016\/12\/HRI-Malta-Secondary-Logo.jpg\"><img loading=\"lazy\" decoding=\"async\" class=\"size-medium wp-image-7776 alignleft\" src=\"https:\/\/www.hri-research.org\/wp-content\/uploads\/2016\/12\/HRI-Malta-Secondary-Logo-221x300.jpg\" alt=\"\" width=\"150\" height=\"209\" \/><\/a><\/p>\n<\/div><div class=\"icon-text-listing-text\">\nLa 3<sup>\u00e8me<\/sup> conf\u00e9rence internationale du HRI, tenue \u00e0 Malte du 9 au 11 juin 2017, a continu\u00e9 sur le sujet d\u2019actualit\u00e9 concernant la recherche de pointe. Au programme, il y avait des pr\u00e9sentations sur la recherche clinique et fondamentale tenues par 4 <strong>professeurs et 28 docteurs <\/strong>(titulaires d&rsquo;un doctorat ou m\u00e9decins) en provenance de 18 pays. Les r\u00e9sum\u00e9s, les pr\u00e9sentations film\u00e9es et le rapport de la conf\u00e9rence sont disponibles sur le site . <a href=\"https:\/\/hrimalta2017.org\" target=\"_blank\" rel=\"noopener noreferrer\">www.HRIMalta2017.org<\/a><\/div><div class=\"clear\"><\/div><\/div><\/p>\n<h4><span class=\"no-underline\"><a href=\"https:\/\/hrilondon2019.org\"><strong>HRI London 2019 &#8211; Cutting Edge Research in Homeopathy<\/strong><\/a><\/span><\/h4>\n<p><div class=\"icon-text-listing\"><div class=\"clear\"><\/div><\/div><div class=\"icon-text-listing-image\">\n<p><img loading=\"lazy\" decoding=\"async\" class=\"alignnone size-right_sidebar_thumb wp-image-9632\" src=\"https:\/\/www.hri-research.org\/wp-content\/uploads\/2018\/04\/HRI_LONDON_LOGO-160x204.jpg\" alt=\"\" width=\"160\" height=\"204\" srcset=\"https:\/\/www.hri-research.org\/wp-content\/uploads\/2018\/04\/HRI_LONDON_LOGO-160x204.jpg 160w, https:\/\/www.hri-research.org\/wp-content\/uploads\/2018\/04\/HRI_LONDON_LOGO-235x300.jpg 235w, https:\/\/www.hri-research.org\/wp-content\/uploads\/2018\/04\/HRI_LONDON_LOGO-98x125.jpg 98w, https:\/\/www.hri-research.org\/wp-content\/uploads\/2018\/04\/HRI_LONDON_LOGO-198x253.jpg 198w, https:\/\/www.hri-research.org\/wp-content\/uploads\/2018\/04\/HRI_LONDON_LOGO-158x202.jpg 158w, https:\/\/www.hri-research.org\/wp-content\/uploads\/2018\/04\/HRI_LONDON_LOGO.jpg 500w\" sizes=\"auto, (max-width: 160px) 100vw, 160px\" \/><\/p>\n<\/div><br \/>\n<div class=\"icon-text-listing-text\"><\/div>La 4<sup>\u00e8me<\/sup> conf\u00e9rence internationale du HRI, tenue \u00e0 Londres du 14 au 16 juin 2019, a continu\u00e9 sur le sujet d\u2019actualit\u00e9 concernant la recherche de pointe. Les r\u00e9sum\u00e9s, les pr\u00e9sentations film\u00e9es et le rapport de la conf\u00e9rence sont disponibles sur le site <a href=\"https:\/\/hrilondon2019.org\" target=\"_blank\" rel=\"noopener noreferrer\">www.HRILondon2019.org<\/a><\/p>\n<p>&nbsp;<\/p>\n<p>&nbsp;<\/p>\n<h3>Alors, en quoi l&rsquo;hom\u00e9opathie n&rsquo;est-elle pas \u00ab\u00a0scientifique\u00a0\u00bb ?<\/h3>\n<p>Des scientifiques tr\u00e8s qualifi\u00e9s, qui appartiennent \u00e0 des institutions respect\u00e9es continuent \u00e0 mener de la recherche fondamentale, clinique et v\u00e9t\u00e9rinaire de grande qualit\u00e9 en hom\u00e9opathie etet pr\u00e9sentent leurs r\u00e9sultats dans dans des revues scientifiques \u00e0 comit\u00e9 de lecture. Par cons\u00e9quent, l&rsquo;unique \u00e9l\u00e9ment sur lequel se base l&rsquo;argument que l&rsquo;hom\u00e9opathie est une \u00ab pseudoscience \u00bb est que nous ne savons pas <em>comment <\/em>l&rsquo;hom\u00e9opathie fonctionne.<\/p>\n<p>Normalement, quand un ph\u00e9nom\u00e8ne observ\u00e9 ne peut pas \u00eatre expliqu\u00e9 par ce que \u00ab\u00a0la science\u00a0\u00bb conna\u00eet d\u00e9j\u00e0, cela d\u00e9clenche des nouvelles recherches scientifiques \u00a0\u2013 le ph\u00e9nom\u00e8ne n&rsquo;est pas \u00e9cart\u00e9 comme \u00ab\u00a0non-scientifique\u00a0\u00bb juste parce qu&rsquo;il n&rsquo;a pas \u00e9t\u00e9 encore compris.<\/p>\n<p><a href=\"#\" class=\"expand-content button accent-bg\" id=\"6a04fba617d19\"><span class=\"expand-content-more\">R\u00e9f\u00e9rences<\/span><span class=\"expand-content-less\">Moins<\/span><\/a><\/p><div class=\"collapse-content\" id=\"panel-6a04fba617d19\">\n<ol>\n<li>Lewith GT.Funding for CAM. <em>BMJ<\/em>., 2007;\u00a0<strong>335<\/strong>(7627):951. | <a title=\"Lewith G. BMJ 2007\" href=\"https:\/\/www.ncbi.nlm.nih.gov\/pmc\/articles\/PMC2071985\/pdf\/bmj-335-7627-ltr-00951.pdf\">Link<\/a><\/li>\n<\/ol>\n<\/div><!-- fr -->\n<p><a href=\"https:\/\/www.hri-research.org\/fr\/resources\/homeopathy-faqs\/\">Retour \u00e0 la section FAQs<\/a><\/p>\n","protected":false},"excerpt":{"rendered":"<p>Certains critiques pr\u00e9tendent que l&rsquo;hom\u00e9opathie est une \u00ab\u00a0pseudoscience\u00a0\u00bb et qu&rsquo;elle n&rsquo;int\u00e9resse que les personnes non scientifiques. En fait, aux quatre coins de la plan\u00e8te, des scientifiques appartenant \u00e0 des universit\u00e9s, des instituts de recherche et des h\u00f4pitaux de renom, font de la recherche en hom\u00e9opathie en utilisant les m\u00eames techniques que celles utilis\u00e9es dans la [&hellip;]<\/p>\n","protected":false},"author":1,"featured_media":0,"parent":5008,"menu_order":14,"comment_status":"closed","ping_status":"closed","template":"page-translated-faq.php","meta":{"footnotes":""},"class_list":["post-5180","page","type-page","status-publish","hentry"],"jetpack_sharing_enabled":true,"_links":{"self":[{"href":"https:\/\/www.hri-research.org\/fr\/wp-json\/wp\/v2\/pages\/5180","targetHints":{"allow":["GET"]}}],"collection":[{"href":"https:\/\/www.hri-research.org\/fr\/wp-json\/wp\/v2\/pages"}],"about":[{"href":"https:\/\/www.hri-research.org\/fr\/wp-json\/wp\/v2\/types\/page"}],"author":[{"embeddable":true,"href":"https:\/\/www.hri-research.org\/fr\/wp-json\/wp\/v2\/users\/1"}],"replies":[{"embeddable":true,"href":"https:\/\/www.hri-research.org\/fr\/wp-json\/wp\/v2\/comments?post=5180"}],"version-history":[{"count":0,"href":"https:\/\/www.hri-research.org\/fr\/wp-json\/wp\/v2\/pages\/5180\/revisions"}],"up":[{"embeddable":true,"href":"https:\/\/www.hri-research.org\/fr\/wp-json\/wp\/v2\/pages\/5008"}],"wp:attachment":[{"href":"https:\/\/www.hri-research.org\/fr\/wp-json\/wp\/v2\/media?parent=5180"}],"curies":[{"name":"wp","href":"https:\/\/api.w.org\/{rel}","templated":true}]}}