{"id":5168,"date":"2014-09-25T14:18:39","date_gmt":"2014-09-25T14:18:39","guid":{"rendered":"https:\/\/www.hri-research.org\/fr\/homeopathy-faqs\/homeopathy-shouldnt-be-used-because-you-cant-explain-how-it-works\/"},"modified":"2022-02-16T12:17:06","modified_gmt":"2022-02-16T12:17:06","slug":"comprendre-comment-ca-fonctionne","status":"publish","type":"page","link":"https:\/\/www.hri-research.org\/fr\/ressources\/homeopathy-faqs\/comprendre-comment-ca-fonctionne\/","title":{"rendered":"Peut-on utiliser des m\u00e9dicaments hom\u00e9opathiques sans savoir comment ils fonctionnent?"},"content":{"rendered":"<p><strong>Le fait de savoir comment fonctionne un m\u00e9dicament n&rsquo;a jamais \u00e9t\u00e9 une condition indispensable \u00e0 son utilisation. L&rsquo;aspirine (acide ac\u00e9tylsalicylique) est un des m\u00e9dicaments les plus utilis\u00e9s au monde,<\/strong><sup><a title=\"Norn S. et al. [From willow bark to acetylsalicylic acid].[Article in Danish]. Dan Medicinhist Arbog. 2009;37:79-98\" href=\"http:\/\/www.ncbi.nlm.nih.gov\/pubmed\/20509453\" target=\"_blank\" rel=\"noopener noreferrer\">1<\/a><\/sup> <strong>n\u00e9anmoins, il a \u00e9t\u00e9 utilis\u00e9 pendant plus de 70 ans avant que son m\u00e9canisme d&rsquo;action ne soit d\u00e9couvert en 1971<\/strong>.<sup><a title=\"Bottling RM. Vane's discovery of the mechanism of action of aspirin changed our understanding of its clinical pharmacology. Pharmacol Rep. 2010; 62(3):518-25\" href=\"http:\/\/www.ncbi.nlm.nih.gov\/pubmed\/20631416\" target=\"_blank\" rel=\"noopener noreferrer\">2<\/a><\/sup><br \/>\nCe m\u00e9dicament fait encore toujours l\u2019objet de recherches car il poss\u00e8de de nombreux effets biologiques qu&rsquo;on n&rsquo;arrive pas encore \u00e0 cerner compl\u00e8tement.<\/p>\n<p><a href=\"https:\/\/www.hri-research.org\/wp-content\/uploads\/2015\/12\/Aspirin_shutterstock_244918909-e1450361898894.jpg\"><img loading=\"lazy\" decoding=\"async\" class=\"aligncenter size-page_width_image wp-image-4864\" src=\"https:\/\/www.hri-research.org\/wp-content\/uploads\/2015\/12\/Aspirin_shutterstock_244918909-520x347.jpg\" alt=\"Aspirin_shutterstock_244918909\" width=\"520\" height=\"347\" \/><\/a><a href=\"https:\/\/www.hri-research.org\/wp-content\/uploads\/2015\/12\/stock-photo-aspirin-pill-in-a-pure-blue-water-surrounded-with-air-bubbles-241436584.jpg\"><br \/>\n<\/a>Des variations de l&rsquo;acide ac\u00e9tylsalicylique ont \u00e9t\u00e9 utilis\u00e9es dans le traitement de la douleur et de la fi\u00e8vre depuis l\u2019Antiquit\u00e9, en commen\u00e7ant par les pr\u00e9parations bas\u00e9es sur ses formes naturelles &#8211; les feuilles et l&rsquo;\u00e9corce de saule ou de peuplier.<sup><a title=\"Norn S. et al. [From willow bark to acetylsalicylic acid].[Article in Danish]. Dan Medicinhist Arbog. 2009;37:79-98\" href=\"http:\/\/www.ncbi.nlm.nih.gov\/pubmed\/20509453\" target=\"_blank\" rel=\"noopener noreferrer\">1<\/a><\/sup><\/p>\n<p>En 1899, une forme artificiellement synth\u00e9tis\u00e9e de l&rsquo;ingr\u00e9dient actif a \u00e9t\u00e9 soumise \u00e0 des essais cliniques et \u00ab\u00a0l&rsquo;aspirine\u00a0\u00bb que nous connaissons aujourd&rsquo;hui a \u00e9t\u00e9 lanc\u00e9e.<\/p>\n<p>De m\u00eame, l&rsquo;hom\u00e9opathie poss\u00e8de une longue histoire d&rsquo;usages traditionnels. De ce fait notre compr\u00e9hension clinique de <em>ce dont <\/em>les m\u00e9dicaments hom\u00e9opathiques sont capables devance notre compr\u00e9hension th\u00e9orique de <em>comment<\/em> ces m\u00e9dicaments induisent un effet biologique.<\/p>\n<p>Ce sera fascinant de trouver le m\u00e9canisme d&rsquo;action des m\u00e9dicaments hom\u00e9opathiques et plusieurs \u00e9quipes, \u00e0 travers le monde, font de la<a href=\"https:\/\/www.hri-research.org\/fr\/resources\/homeopathy-the-debate\/essentialevidence\/experimental-research\/\"> recherche fondamentale<\/a> pour \u00e9tudier cette question importante.<\/p>\n<p><span style=\"line-height: 1.5em;\"><p><a href=\"#\" class=\"expand-content button accent-bg\" id=\"69d5056215456\"><span class=\"expand-content-more\">R\u00e9f\u00e9rences<\/span><span class=\"expand-content-less\">Moins<\/span><\/a><\/p><div class=\"collapse-content\" id=\"panel-69d5056215456\"><\/span><\/p>\n<p><span style=\"line-height: 1.5em;\">1. Norn S. et al. [From willow bark to acetylsalicylic acid].[Article in Danish]. <em>Dan Medicinhist Arbog<\/em>., 2009;<strong>37<\/strong>:79-98 |\u00a0<\/span><a href=\"http:\/\/www.ncbi.nlm.nih.gov\/pubmed\/20509453\" target=\"_blank\" rel=\"noopener noreferrer\">Abstract<\/a><\/p>\n<p>2. Bottling RM. Vane&rsquo;s discovery of the mechanism of action of aspirin changed our understanding of its clinical pharmacology. <em>Pharmacol Rep.,<\/em> 2010; <strong>62<\/strong>(3):518-25 | <a href=\"http:\/\/www.ncbi.nlm.nih.gov\/pubmed\/20631416\" target=\"_blank\" rel=\"noopener noreferrer\">Abstract<\/a>\u00a0|\u00a0<a href=\"http:\/\/www.if-pan.krakow.pl\/pjp\/pdf\/2010\/3_518.pdf\" target=\"_blank\" rel=\"noopener noreferrer\">Full text<\/a><\/p>\n<\/div><!-- fr --><\/p>\n<p><a href=\"https:\/\/www.hri-research.org\/fr\/resources\/homeopathy-faqs\/\">Retour \u00e0 la section FAQs<\/a><\/p>\n","protected":false},"excerpt":{"rendered":"<p>Le fait de savoir comment fonctionne un m\u00e9dicament n&rsquo;a jamais \u00e9t\u00e9 une condition indispensable \u00e0 son utilisation. L&rsquo;aspirine (acide ac\u00e9tylsalicylique) est un des m\u00e9dicaments les plus utilis\u00e9s au monde,1 n\u00e9anmoins, il a \u00e9t\u00e9 utilis\u00e9 pendant plus de 70 ans avant que son m\u00e9canisme d&rsquo;action ne soit d\u00e9couvert en 1971.2 Ce m\u00e9dicament fait encore toujours l\u2019objet [&hellip;]<\/p>\n","protected":false},"author":2,"featured_media":0,"parent":5008,"menu_order":12,"comment_status":"closed","ping_status":"closed","template":"page-translated-faq.php","meta":{"footnotes":""},"class_list":["post-5168","page","type-page","status-publish","hentry"],"jetpack_sharing_enabled":true,"_links":{"self":[{"href":"https:\/\/www.hri-research.org\/fr\/wp-json\/wp\/v2\/pages\/5168","targetHints":{"allow":["GET"]}}],"collection":[{"href":"https:\/\/www.hri-research.org\/fr\/wp-json\/wp\/v2\/pages"}],"about":[{"href":"https:\/\/www.hri-research.org\/fr\/wp-json\/wp\/v2\/types\/page"}],"author":[{"embeddable":true,"href":"https:\/\/www.hri-research.org\/fr\/wp-json\/wp\/v2\/users\/2"}],"replies":[{"embeddable":true,"href":"https:\/\/www.hri-research.org\/fr\/wp-json\/wp\/v2\/comments?post=5168"}],"version-history":[{"count":0,"href":"https:\/\/www.hri-research.org\/fr\/wp-json\/wp\/v2\/pages\/5168\/revisions"}],"up":[{"embeddable":true,"href":"https:\/\/www.hri-research.org\/fr\/wp-json\/wp\/v2\/pages\/5008"}],"wp:attachment":[{"href":"https:\/\/www.hri-research.org\/fr\/wp-json\/wp\/v2\/media?parent=5168"}],"curies":[{"name":"wp","href":"https:\/\/api.w.org\/{rel}","templated":true}]}}