{"id":5163,"date":"2014-08-11T16:17:10","date_gmt":"2014-08-11T16:17:10","guid":{"rendered":"https:\/\/www.hri-research.org\/fr\/homeopathy-faqs\/the-idea-of-like-cures-like-makes-no-sense\/"},"modified":"2022-02-16T12:16:39","modified_gmt":"2022-02-16T12:16:39","slug":"le-semblable-guerit-le-semblable","status":"publish","type":"page","link":"https:\/\/www.hri-research.org\/fr\/ressources\/homeopathy-faqs\/le-semblable-guerit-le-semblable\/","title":{"rendered":"Comme comprendre le concept hom\u00e9opathique \u00ab\u00a0le semblable gu\u00e9rit le semblable\u00a0\u00bb ?"},"content":{"rendered":"<p>L&rsquo;hom\u00e9opathie repose sur le principe fondamental que \u00ab\u00a0les semblables gu\u00e9rissent les semblables\u00a0\u00bb\u00a0: ceci qui veut dire qu\u2019une substance, qui prise \u00e0 grandes doses peut produire des sympt\u00f4mes, peut \u00eatre utilis\u00e9e \u00e0 dose minimale pour traiter ces m\u00eames sympt\u00f4mes.<\/p>\n<p>L&rsquo;id\u00e9e qu&rsquo;une substance puisse \u00eatre nocive en grandes quantit\u00e9s mais bienfaisante en petites quantit\u00e9s n&rsquo;est pas une nouveaut\u00e9 en science. En effet, ce concept (<a title=\"http:\/\/en.wikipedia.org\/wiki\/Hormesis\" href=\"http:\/\/en.wikipedia.org\/wiki\/Hormesis\">\u00ab l&rsquo;horm\u00e8se \u00bb<\/a>)\u00a0existe depuis des d\u00e9cennies et est de mieux en mieux document\u00e9 dans des domaines comme la biologie et la toxicologie.<\/p>\n<p>Il existe m\u00eame des exemples du principe \u00ab\u00a0les semblables gu\u00e9rissent les semblables\u00bb en m\u00e9dicine conventionnelle comme p.e:<\/p>\n<ul>\n<li>La <span class=\"accent\"><strong>digitale<\/strong><\/span> prise \u00e0 fortes doses cause des <a href=\"#\" class=\"definition\" title=\"arythmie: le rythme cardiaque est irr\u00e9gulier ou anormal\">arythmies<\/a>, mais ce m\u00e9dicament est utilis\u00e9 couramment \u00e0 faibles doses pour le traitement de cette pathologie<\/li>\n<li><span class=\"accent\"><strong>La Ritaline<\/strong><\/span>, un m\u00e9dicament stimulant \u00e0 base d&rsquo;amph\u00e9tamine, est utilis\u00e9 dans le traitement du trouble de d\u00e9ficit de l&rsquo;attention avec hyperactivit\u00e9 (TDAH)<\/li>\n<li>De faibles doses d&rsquo;allerg\u00e8nes comme le pollen sont utilis\u00e9es pour d\u00e9sensibiliser les patients allergiques<\/li>\n<\/ul>\n<p>Cependant, la grande diff\u00e9rence en hom\u00e9opathie r\u00e9side dans le fait que les doses m\u00e9dicales administr\u00e9es sont tellement faibles que les effets secondaires toxiques sont \u00e9vit\u00e9s.<\/p>\n<p>Les m\u00e9dicaments hom\u00e9opathiques \u00e0 faible dilution (jusqu&rsquo;\u00e0 12CH ou 24DH) contiennent encore des mol\u00e9cules de la substance originale \u00e0 partir de laquelle ils ont \u00e9t\u00e9 produits. C&rsquo;est pour cela que dans la plupart des pays, les rem\u00e8des faits \u00e0 partir de substances toxiques ne sont disponibles qu&rsquo;\u00e0 de hautes dilutions, c.\u00e0.d. \u00e0 partir de la \u00ab\u00a0premi\u00e8re dilution s\u00fbre\u00a0\u00bb (first safe dilution) et au-del\u00e0.<\/p>\n<p>Ce sont ces hautes dilutions, qui ne contiennent pas de mol\u00e9cules, qui cr\u00e9ent le plus de <a href=\"https:\/\/www.hri-research.org\/fr\/resources\/homeopathy-faqs\/theres-nothing-in-it-its-just-sugar-pills\/\">pol\u00e9mique<\/a>, car on ne comprend pas encore leur m\u00e9canisme d&rsquo;action.<\/p>\n<p><a href=\"https:\/\/www.hri-research.org\/fr\/resources\/homeopathy-faqs\/\">Retour \u00e0 la section FAQs<\/a><\/p>\n","protected":false},"excerpt":{"rendered":"<p>L&rsquo;hom\u00e9opathie repose sur le principe fondamental que \u00ab\u00a0les semblables gu\u00e9rissent les semblables\u00a0\u00bb\u00a0: ceci qui veut dire qu\u2019une substance, qui prise \u00e0 grandes doses peut produire des sympt\u00f4mes, peut \u00eatre utilis\u00e9e \u00e0 dose minimale pour traiter ces m\u00eames sympt\u00f4mes. L&rsquo;id\u00e9e qu&rsquo;une substance puisse \u00eatre nocive en grandes quantit\u00e9s mais bienfaisante en petites quantit\u00e9s n&rsquo;est pas une [&hellip;]<\/p>\n","protected":false},"author":1,"featured_media":0,"parent":5008,"menu_order":11,"comment_status":"closed","ping_status":"closed","template":"page-translated-faq.php","meta":{"footnotes":""},"class_list":["post-5163","page","type-page","status-publish","hentry"],"jetpack_sharing_enabled":true,"_links":{"self":[{"href":"https:\/\/www.hri-research.org\/fr\/wp-json\/wp\/v2\/pages\/5163","targetHints":{"allow":["GET"]}}],"collection":[{"href":"https:\/\/www.hri-research.org\/fr\/wp-json\/wp\/v2\/pages"}],"about":[{"href":"https:\/\/www.hri-research.org\/fr\/wp-json\/wp\/v2\/types\/page"}],"author":[{"embeddable":true,"href":"https:\/\/www.hri-research.org\/fr\/wp-json\/wp\/v2\/users\/1"}],"replies":[{"embeddable":true,"href":"https:\/\/www.hri-research.org\/fr\/wp-json\/wp\/v2\/comments?post=5163"}],"version-history":[{"count":0,"href":"https:\/\/www.hri-research.org\/fr\/wp-json\/wp\/v2\/pages\/5163\/revisions"}],"up":[{"embeddable":true,"href":"https:\/\/www.hri-research.org\/fr\/wp-json\/wp\/v2\/pages\/5008"}],"wp:attachment":[{"href":"https:\/\/www.hri-research.org\/fr\/wp-json\/wp\/v2\/media?parent=5163"}],"curies":[{"name":"wp","href":"https:\/\/api.w.org\/{rel}","templated":true}]}}