{"id":5148,"date":"2014-11-07T17:37:25","date_gmt":"2014-11-07T17:37:25","guid":{"rendered":"https:\/\/www.hri-research.org\/fr\/homeopathy-faqs\/the-best-studies-have-shown-homeopathy-doesnt-work\/"},"modified":"2025-08-19T09:29:03","modified_gmt":"2025-08-19T09:29:03","slug":"ne-considerant-que-les-meilleurs-etudes","status":"publish","type":"page","link":"https:\/\/www.hri-research.org\/fr\/ressources\/homeopathy-faqs\/ne-considerant-que-les-meilleurs-etudes\/","title":{"rendered":"Que montrent les \u00e9tudes de qualit\u00e9 sup\u00e9rieure en hom\u00e9opathie ?"},"content":{"rendered":"<p>\u00ab Les meilleures \u00e9tudes \u00bb signifie g\u00e9n\u00e9ralement des revues exhaustives et syst\u00e9matiques qui analysent les r\u00e9sultats obtenus dans tous les essais randomis\u00e9s contr\u00f4l\u00e9s (ERCs) disponibles sur un sujet donn\u00e9.<\/p>\n<p>Les donn\u00e9es les plus fiables sur l\u2019efficacit\u00e9 de l\u2019hom\u00e9opathie proviennent d\u2019une m\u00e9ta-analyse d\u2019essais cliniques randomis\u00e9s double aveugle contr\u00f4l\u00e9s contre placebo qui a d\u00e9montr\u00e9 <strong>que les m\u00e9dicaments hom\u00e9opathiques, quand ils sont prescrits pour des traitements individualis\u00e9s, ont 1,5 \u00e0 2 fois plus de possibilit\u00e9 d\u2019avoir un effet b\u00e9n\u00e9fique que le placebo<\/strong>.<sup><a href=\"http:\/\/www.systematicreviewsjournal.com\/content\/3\/1\/142\" target=\"_blank\" rel=\"noopener noreferrer\">1<\/a>\u00a0 <\/sup><\/p>\n<p><a href=\"https:\/\/www.hri-research.org\/wp-content\/uploads\/2018\/02\/HRI_ResearchArticle_29_RobertsTournier_IndividualisedHomeopathyReview.pdf\" target=\"_blank\" rel=\"noopener noreferrer\">Cette \u00e9tude<\/a> est un des quatre bilans syst\u00e9matiques complets les plus r\u00e9cents men\u00e9s par le Dr Robert Mathie de 2014 \u00e0 2019. Selon les propos du Dr Mathie, <strong>quand il est consid\u00e9r\u00e9 collectivement, ce programme de travail m\u00e8ne \u00e0 un \u00ab\u00a0r\u00e9sultat positif sans \u00e9quivoque\u00a0\u00bb pour l\u2019hom\u00e9opathie.<\/strong><\/p>\n<p><strong>Un suppl\u00e9ment de recherche est n\u00e9cessaire<\/strong> pour consolider et \u00e9largir la base de preuves des essais cliniques actuels en hom\u00e9opathie. N\u00e9anmoins, ces bilans syst\u00e9matiques et ces m\u00e9ta-analyses ont aid\u00e9 \u00e0 identifier les domaines les plus prometteurs en aidant les chercheurs \u00e0 savoir vers o\u00f9 diriger leurs efforts pour informer les preneurs de d\u00e9cision et les patients sur le potentiel des traitements hom\u00e9opathiques.<\/p>\n<p>Pour de plus amples d\u00e9tails sur ces derniers bilans syst\u00e9matiques et sur les bilans syst\u00e9matiques historiques sur l\u2019hom\u00e9opathie (1991 \u2013 2005) voir les <a href=\"https:\/\/www.hri-research.org\/resources\/essentialevidence\/clinical-trials-overview\/\" target=\"_blank\" rel=\"noopener noreferrer\">R\u00e9sum\u00e9s d\u00e9taill\u00e9s cliniques<\/a>.<\/p>\n<h3><span class=\"accent\">S\u2019il existe des \u00e9tudes positives, pourquoi certaines personnes continuent de refuser d&rsquo;accepter ce que disent les preuves ?<\/span><\/h3>\n<p>Le probl\u00e8me semble \u00eatre celui d&rsquo;une \u00ab <a href=\"https:\/\/www.hri-research.org\/wp-content\/uploads\/2018\/02\/HRI_RIF_PLAUSIBILITY-BIAS.pdf\" target=\"_blank\" rel=\"noopener noreferrer\">partialit\u00e9 li\u00e9e \u00e0 la plausibilit\u00e9<\/a> \u00bb ce qui veut dire que ceux qui croient d\u00e9j\u00e0 que l&rsquo;hom\u00e9opathie est impossible vont avoir un regard diff\u00e9rent sur les r\u00e9sultats de recherche de ceux qui croient que l&rsquo;hom\u00e9opathie agit ou pourrait agir.<\/p>\n<p><span style=\"line-height: 1.5em;\">D\u00e9j\u00e0 en 1991, les auteurs de la premi\u00e8re de ces \u00e9tudes importantes ont clairement exprim\u00e9 ceci dans leur article :<sup><a title=\"Kleijnen, J., Knipschild, P. &amp; ter Riet, G. Clinical trials of homeopathy. BMJ 1991; 302: 960\" href=\"http:\/\/www.ncbi.nlm.nih.gov\/pubmed\/1825800\" target=\"_blank\" rel=\"noopener noreferrer\">2<\/a><\/sup><\/span><\/p>\n<blockquote><p><span style=\"line-height: 1.5em;\"><em>\u00ab La quantit\u00e9 de preuves positives, m\u00eame dans les meilleures \u00e9tudes, nous a surpris. Sur base de ces preuves, nous serions pr\u00eats \u00e0 accepter que l&rsquo;hom\u00e9opathie puisse \u00eatre efficace, si seulement son m\u00e9canisme d\u2019action \u00e9tait plus plausible. \u00bb<\/em><\/span><\/p><\/blockquote>\n<p><a href=\"#\" class=\"expand-content button accent-bg\" id=\"69e6536edc9de\"><span class=\"expand-content-more\">R\u00e9f\u00e9rences<\/span><span class=\"expand-content-less\">Moins<\/span><\/a><\/p><div class=\"collapse-content\" id=\"panel-69e6536edc9de\">\n<p>1. Mathie RT et al. Randomised placebo-controlled trials of individualised homeopathic treatment: systematic review and meta-analysis.\u00a0<em>Systematic Reviews<\/em>, 2014;\u00a0<strong>3<\/strong>: 142\u2028 |\u00a0<a href=\"http:\/\/www.systematicreviewsjournal.com\/content\/3\/1\/142\" target=\"_blank\" rel=\"noopener noreferrer\">Full text<\/a><\/p>\n<p>2. Kleijnen J, Knipschild P, ter Riet G. Clinical trials of homeopathy. <em>BMJ, <\/em>1991<em>;\u00a0<\/em><strong>302:\u00a0<\/strong>960 | <a href=\"http:\/\/www.ncbi.nlm.nih.gov\/pubmed\/1825800\" target=\"_blank\" rel=\"noopener noreferrer\">PubMed<\/a><\/p>\n<\/div><!-- fr -->\n<p><a href=\"https:\/\/www.hri-research.org\/fr\/resources\/homeopathy-faqs\/\" target=\"_blank\" rel=\"noopener noreferrer\">Retour \u00e0 la section FAQs<\/a><\/p>\n","protected":false},"excerpt":{"rendered":"<p>\u00ab Les meilleures \u00e9tudes \u00bb signifie g\u00e9n\u00e9ralement des revues exhaustives et syst\u00e9matiques qui analysent les r\u00e9sultats obtenus dans tous les essais randomis\u00e9s contr\u00f4l\u00e9s (ERCs) disponibles sur un sujet donn\u00e9. Les donn\u00e9es les plus fiables sur l\u2019efficacit\u00e9 de l\u2019hom\u00e9opathie proviennent d\u2019une m\u00e9ta-analyse d\u2019essais cliniques randomis\u00e9s double aveugle contr\u00f4l\u00e9s contre placebo qui a d\u00e9montr\u00e9 que les m\u00e9dicaments [&hellip;]<\/p>\n","protected":false},"author":2,"featured_media":0,"parent":5008,"menu_order":9,"comment_status":"closed","ping_status":"closed","template":"page-translated-faq.php","meta":{"footnotes":""},"class_list":["post-5148","page","type-page","status-publish","hentry"],"jetpack_sharing_enabled":true,"_links":{"self":[{"href":"https:\/\/www.hri-research.org\/fr\/wp-json\/wp\/v2\/pages\/5148","targetHints":{"allow":["GET"]}}],"collection":[{"href":"https:\/\/www.hri-research.org\/fr\/wp-json\/wp\/v2\/pages"}],"about":[{"href":"https:\/\/www.hri-research.org\/fr\/wp-json\/wp\/v2\/types\/page"}],"author":[{"embeddable":true,"href":"https:\/\/www.hri-research.org\/fr\/wp-json\/wp\/v2\/users\/2"}],"replies":[{"embeddable":true,"href":"https:\/\/www.hri-research.org\/fr\/wp-json\/wp\/v2\/comments?post=5148"}],"version-history":[{"count":0,"href":"https:\/\/www.hri-research.org\/fr\/wp-json\/wp\/v2\/pages\/5148\/revisions"}],"up":[{"embeddable":true,"href":"https:\/\/www.hri-research.org\/fr\/wp-json\/wp\/v2\/pages\/5008"}],"wp:attachment":[{"href":"https:\/\/www.hri-research.org\/fr\/wp-json\/wp\/v2\/media?parent=5148"}],"curies":[{"name":"wp","href":"https:\/\/api.w.org\/{rel}","templated":true}]}}