{"id":5108,"date":"2014-07-25T16:15:35","date_gmt":"2014-07-25T16:15:35","guid":{"rendered":"https:\/\/www.hri-research.org\/fr\/homeopathy-faqs\/if-you-tested-homeopathy-against-conventional-medicine-youd-see-it-doesnt-work\/"},"modified":"2023-09-21T11:12:03","modified_gmt":"2023-09-21T11:12:03","slug":"homeopathie-et-medecine-conventionnelle","status":"publish","type":"page","link":"https:\/\/www.hri-research.org\/fr\/ressources\/homeopathy-faqs\/homeopathie-et-medecine-conventionnelle\/","title":{"rendered":"Comment l&rsquo;hom\u00e9opathie se compare-t-elle \u00e0 la m\u00e9decine conventionnelle ?"},"content":{"rendered":"<p><strong>Les \u00e9tudes comparant l&rsquo;efficacit\u00e9 de l&rsquo;hom\u00e9opathie avec celle de la m\u00e9decine conventionnelle ont montr\u00e9 que l&rsquo;hom\u00e9opathie est capable de produire d\u2019aussi bons r\u00e9sultats, voire meilleurs, que la m\u00e9decine conventionnelle.<\/strong><\/p>\n<h3><span class=\"accent\">Traitement de conditions m\u00e9dicales sp\u00e9cifiques<\/span><\/h3>\n<p><strong><a href=\"http:\/\/www.biomedcentral.com\/1472-6882\/7\/7\" target=\"_blank\" rel=\"noopener noreferrer\">Les infections des voies respiratoires sup\u00e9rieures<br \/>\n<\/a><\/strong>Une \u00e9tude internationale multicentrique a montr\u00e9 que dans les soins primaires le traitement hom\u00e9opathique des troubles aigus respiratoires et de l&rsquo;oreille n&rsquo;\u00e9tait pas inf\u00e9rieur au traitement conventionnel.<span class=\"no-underline\"><sup><a href=\"http:\/\/www.biomedcentral.com\/1472-6882\/7\/7\" target=\"_blank\" rel=\"noopener\">1<\/a><\/sup><\/span> L&rsquo;\u00e9tude a \u00e9valu\u00e9 1577 patients sous traitement hom\u00e9opathique ou conventionnel dans un total de 57 centres de soins primaires situ\u00e9s dans 8 pays (Autriche, Allemagne, Pays-Bas, Russie, Espagne, Ukraine, Royaume-Uni et Etats-Unis).<\/p>\n<p><strong><a href=\"http:\/\/www.biopathica.co.uk\/Articles\/Dizziness\/19%20-%20Vertigo%20Treatment%20with%20a%20Homeopathic%20Complex%20Remedy.pdf\" target=\"_blank\" rel=\"noopener noreferrer\">Vertige<br \/>\n<\/a><\/strong><\/p>\n<p>Quatre essais cliniques (2 essais randomis\u00e9s contr\u00f4l\u00e9s et 2 \u00e9tudes observationnelles) ont compar\u00e9 le produit m\u00e9dical hom\u00e9opathique \u00ab\u00a0Vertigoheel\u00a0\u00bb \u00e0 d&rsquo;autres traitements existants pour le vertige.<br \/>\nUne m\u00e9ta-analyse des quatre essais cliniques, bas\u00e9e sur un suivi du nombre d\u2019\u00e9pisodes de vertige, de leur dur\u00e9e et de leur intensit\u00e9, a montr\u00e9 que Vertigoheel n&rsquo;\u00e9tait pas inf\u00e9rieur \u00e0 la betahistine ou au dimenhydrinate.<span class=\"no-underline\"><sup><a href=\"http:\/\/www.biopathica.co.uk\/Articles\/Dizziness\/19%20-%20Vertigo%20Treatment%20with%20a%20Homeopathic%20Complex%20Remedy.pdf\" target=\"_blank\" rel=\"noopener noreferrer\">2<\/a><\/sup><\/span><\/p>\n<h3 class=\"no-margin\"><span class=\"accent\">Observation des r\u00e9sultats des patients pour des affections multiples<\/span><\/h3>\n<p><strong><a href=\"http:\/\/www.ncbi.nlm.nih.gov\/pmc\/articles\/PMC3960096\/\" target=\"_blank\" rel=\"noopener noreferrer\">Les maladies chroniques en m\u00e9decine g\u00e9n\u00e9rale (France)<\/a><br \/>\n<\/strong>L\u2019hom\u00e9opathie est couramment utilis\u00e9e en France. L\u2019efficacit\u00e9 des traitements hom\u00e9opathiques a \u00e9t\u00e9 \u00e9valu\u00e9e dans le cadre d\u2019une vaste \u00e9tude portant sur 8 559 patients suivis par des m\u00e9decins g\u00e9n\u00e9ralistes, connue comme \u00ab l\u2019\u00e9tude EPI3 \u00bb. Cette \u00e9tude a conclu que les patients trait\u00e9s par des m\u00e9decins g\u00e9n\u00e9ralistes form\u00e9s en hom\u00e9opathie avaient des r\u00e9sultats cliniques similaires \u00e0 ceux trait\u00e9s par la m\u00e9decine conventionnelle, mais utilisaient moins de m\u00e9dicaments conventionnels. Les affections trait\u00e9es \u00e9taient des infections des voies respiratoires sup\u00e9rieures<sup><span class=\"no-underline\"><a href=\"http:\/\/www.ncbi.nlm.nih.gov\/pmc\/articles\/PMC3960096\/\" target=\"_blank\" rel=\"noopener\">3<\/a><\/span><\/sup>; troubles musculo-squelettiques<span class=\"no-underline\"><sup><a href=\"http:\/\/www.ncbi.nlm.nih.gov\/pmc\/articles\/PMC3960096\/\" target=\"_blank\" rel=\"noopener\">4<\/a><\/sup><\/span>; et troubles du sommeil, anxieux et d\u00e9pressifs.<span class=\"no-underline\"><sup><a href=\"http:\/\/bmjopen.bmj.com\/content\/2\/6\/e001498.full\" target=\"_blank\" rel=\"noopener\">5<\/a><\/sup><\/span><\/p>\n<p><strong><a href=\"http:\/\/www.ncbi.nlm.nih.gov\/pubmed\/16036164\" target=\"_blank\" rel=\"noopener noreferrer\">Les maladies chroniques en m\u00e9decine g\u00e9n\u00e9rale (Allemagne)<\/a><br \/>\n<\/strong>Une \u00e9tude en Allemagne, men\u00e9e sur 493 patients trait\u00e9s par des m\u00e9decins g\u00e9n\u00e9ralistes pour des maladies chroniques, a montr\u00e9 que l&rsquo;hom\u00e9opathie obtenait de meilleurs r\u00e9sultats cliniques que la m\u00e9decine conventionnelle, et ce avec des co\u00fbts similaires.<sup><span class=\"no-underline\">6<\/span><\/sup><p><a href=\"#\" class=\"expand-content\" id=\"69d4fe00a6f67\"><span class=\"expand-content-more\">Plus<\/span><span class=\"expand-content-less\">Moins<\/span><\/a><\/p><div class=\"collapse-content\" id=\"panel-69d4fe00a6f67\">Une compagnie d&rsquo;assurances allemande a mandat\u00e9 une \u00e9tude pour d\u00e9terminer la valeur de l&rsquo;hom\u00e9opathie dans le traitement des maladies chroniques courantes en m\u00e9decine g\u00e9n\u00e9rale, en vue de d\u00e9terminer si elle continuerait \u00e0 couvrir les traitements hom\u00e9opathiques. 493 patients (315 adultes et 178 enfants), trait\u00e9s par des m\u00e9decins g\u00e9n\u00e9ralistes, \u00e9taient soumis \u00e0 un traitement de m\u00e9decine conventionnelle ou d&rsquo;hom\u00e9opathie. L&rsquo;\u00e9tude a conclu que les patients du groupe d&rsquo;hom\u00e9opathie faisaient \u00e9tat d\u2019une am\u00e9lioration plus importante que ceux du groupe de m\u00e9decine conventionnelle (p=0.002). Les \u00e9valuations des m\u00e9decins montraient aussi que les enfants qui avaient re\u00e7u un traitement hom\u00e9opathique avaient une meilleure r\u00e9ponse clinique que ceux qui avaient \u00e9t\u00e9 soumis au traitement conventionnel (p&lt;0.001). Au niveau du co\u00fbt, il n&rsquo;y avait pas de diff\u00e9rence significative entre les deux groupes.<\/p>\n<p>Parmi les maladies trait\u00e9es, il y avait les maux de t\u00eate, les douleurs dans le bas du dos, la d\u00e9pression, l&rsquo;insomnie et la sinusite chez les adultes ainsi que la dermatite atopique, la rhinite allergique et l&rsquo;asthme chez les enfants. Cette \u00e9tude a \u00e9t\u00e9 publi\u00e9e en 2005 et \u00e0 ce jour, la compagnie d&rsquo;assurances (Innungskrankenkasse Hamburg) continue de couvrir les traitements hom\u00e9opathiques.<span style=\"line-height: 1.5em;\"><\/div><!-- fr --><\/span><\/p>\n<h3 class=\"no-margin\"><span class=\"accent\">Prise de d\u00e9cision fond\u00e9e sur des donn\u00e9es probantes<\/span><\/h3>\n<p>Analysis par <em>Clinical Evidence<\/em>, du British Medical Journal (BMJ)<sup><span class=\"no-underline\"><a href=\"http:\/\/clinicalevidence.bmj.com\/x\/set\/static\/cms\/efficacy-categorisations.html\" target=\"_blank\" rel=\"noopener\">7<\/a><\/span><\/sup>, a trouv\u00e9 que seulement <strong>11% des 3000 traitements m\u00e9dicaux conventionnels couramment utilis\u00e9s dans le cadre du National Health Service (NHS) britannique sont reconnus comme \u00e9tant b\u00e9n\u00e9fiques<\/strong>. <a href=\"https:\/\/www.hri-research.org\/fr\/ressources\/homeopathy-faqs\/une-medecine-fondee-sur-la-recherche\/\">More<\/a><\/p>\n<p><a href=\"#\" class=\"expand-content button accent-bg\" id=\"69d4fe00a7010\"><span class=\"expand-content-more\">R\u00e9f\u00e9rences<\/span><span class=\"expand-content-less\">Moins<\/span><\/a><\/p><div class=\"collapse-content\" id=\"panel-69d4fe00a7010\">\n<ol>\n<li>Haidvogl M. et al. Homeopathic and conventional treatment for acute respiratory and ear complaints: A comparative study on outcome in the primary care setting.\u00a0<em>BMC Complement and Altern Med<\/em>, 2007;\u00a0<strong>7<\/strong>:7 |\u00a0<a href=\"http:\/\/www.biomedcentral.com\/1472-6882\/7\/7\" target=\"_blank\" rel=\"noopener noreferrer\">Full text<\/a><\/li>\n<li>Schneider et al. Treatment of vertigo with a homeopathic complex remedy compared with usual treatments \u2013 a meta-analysis of clinical trials.\u00a0<em>Arzneim.-Forschung<\/em>, 2005;\u00a0<strong>55<\/strong>(1): 23-29 |\u00a0<a href=\"http:\/\/www.biopathica.co.uk\/Articles\/Dizziness\/19%20-%20Vertigo%20Treatment%20with%20a%20Homeopathic%20Complex%20Remedy.pdf\" target=\"_blank\" rel=\"noopener noreferrer\">PubMed<\/a><\/li>\n<li>Grimaldi-Bensouda, L.\u00a0<em>et al.<\/em>\u00a0Management of upper respiratory tract infections by different medical practices, including homeopathy, and consumption of antibiotics in primary care: the EPI3 cohort study in France 2007-2008.\u00a0<em>PLoS One,\u00a0<\/em>2014;<em>\u00a0<\/em><strong>9:\u00a0<\/strong>e89990 |\u00a0<a href=\"http:\/\/www.ncbi.nlm.nih.gov\/pmc\/articles\/PMC3960096\/\">Full text<\/a><\/li>\n<li>Rossignol, M.\u00a0<em>et al.<\/em>\u00a0Impact of physician preferences for homeopathic or conventional medicines on patients with musculoskeletal disorders: results from the EPI3-MSD cohort.\u00a0<em>Drug Saf.,<\/em>\u00a02012;\u00a0<strong>21:\u00a0<\/strong>1093\u20131101 |\u00a0<a href=\"http:\/\/www.ncbi.nlm.nih.gov\/pubmed\/22782803\">PubMed<\/a><\/li>\n<li>Grimaldi-Bensouda, L.\u00a0<em>et al.<\/em>\u00a0Who seeks primary care for sleep, anxiety and depressive disorders from physicians prescribing homeopathic and other complementary medicine? Results from the EPI3 population survey.\u00a0<em>BMJ Open,\u00a0<\/em>2012;<em>\u00a0<\/em><strong>2 |\u00a0<\/strong><a href=\"http:\/\/bmjopen.bmj.com\/content\/2\/6\/e001498.full\" target=\"_blank\" rel=\"noopener\">Full text<\/a><\/li>\n<li>Witt C, Keil T, Selim D, et al. Outcome and costs of homeopathic and conventional treatment strategies: a comparative cohort study in patients with chronic disorders. <em>Complement Ther Med<\/em>, 2005;<strong>13<\/strong>: 79-86 | <a href=\"http:\/\/www.ncbi.nlm.nih.gov\/pubmed\/16036164\" target=\"_blank\" rel=\"noopener noreferrer\">PubMed<\/a><\/li>\n<li>BMJ Clinical Evidence, Efficacy Categorisations. 2017. Available from\u00a0<a href=\"http:\/\/clinicalevidence.bmj.com\/x\/set\/static\/cms\/efficacy-categorisations.html\" target=\"_blank\" rel=\"noopener noreferrer\" data-saferedirecturl=\"https:\/\/www.google.com\/url?hl=en&amp;q=http:\/\/clinicalevidence.bmj.com\/x\/set\/static\/cms\/efficacy-categorisations.html&amp;source=gmail&amp;ust=1506612623741000&amp;usg=AFQjCNG7S6XpN0aOt2uT6ClqTRoM2kgHHQ\">http:\/\/clinicalevidence.<wbr \/>bmj.com\/x\/set\/static\/cms\/<wbr \/>efficacy-categorisations.html<\/a>\u00a0<wbr \/>[Accessed 25 Sept 2017] <\/div><!-- fr --><\/li>\n<\/ol>\n<p><a href=\"https:\/\/www.hri-research.org\/fr\/ressources\/homeopathy-faqs\/etudes-du-monde-reel\/\">Aller \u00e0 \u00ab\u00a0r\u00e9sultats du monde r\u00e9el\u00a0\u00bb<\/a><\/p>\n<p><a href=\"https:\/\/www.hri-research.org\/fr\/resources\/homeopathy-faqs\/\">Retour \u00e0 la section FAQs<\/a><\/p>\n","protected":false},"excerpt":{"rendered":"<p>Les \u00e9tudes comparant l&rsquo;efficacit\u00e9 de l&rsquo;hom\u00e9opathie avec celle de la m\u00e9decine conventionnelle ont montr\u00e9 que l&rsquo;hom\u00e9opathie est capable de produire d\u2019aussi bons r\u00e9sultats, voire meilleurs, que la m\u00e9decine conventionnelle. Traitement de conditions m\u00e9dicales sp\u00e9cifiques Les infections des voies respiratoires sup\u00e9rieures Une \u00e9tude internationale multicentrique a montr\u00e9 que dans les soins primaires le traitement hom\u00e9opathique des [&hellip;]<\/p>\n","protected":false},"author":1,"featured_media":0,"parent":5008,"menu_order":7,"comment_status":"closed","ping_status":"closed","template":"page-translated-faq.php","meta":{"footnotes":""},"class_list":["post-5108","page","type-page","status-publish","hentry"],"jetpack_sharing_enabled":true,"_links":{"self":[{"href":"https:\/\/www.hri-research.org\/fr\/wp-json\/wp\/v2\/pages\/5108","targetHints":{"allow":["GET"]}}],"collection":[{"href":"https:\/\/www.hri-research.org\/fr\/wp-json\/wp\/v2\/pages"}],"about":[{"href":"https:\/\/www.hri-research.org\/fr\/wp-json\/wp\/v2\/types\/page"}],"author":[{"embeddable":true,"href":"https:\/\/www.hri-research.org\/fr\/wp-json\/wp\/v2\/users\/1"}],"replies":[{"embeddable":true,"href":"https:\/\/www.hri-research.org\/fr\/wp-json\/wp\/v2\/comments?post=5108"}],"version-history":[{"count":0,"href":"https:\/\/www.hri-research.org\/fr\/wp-json\/wp\/v2\/pages\/5108\/revisions"}],"up":[{"embeddable":true,"href":"https:\/\/www.hri-research.org\/fr\/wp-json\/wp\/v2\/pages\/5008"}],"wp:attachment":[{"href":"https:\/\/www.hri-research.org\/fr\/wp-json\/wp\/v2\/media?parent=5108"}],"curies":[{"name":"wp","href":"https:\/\/api.w.org\/{rel}","templated":true}]}}