{"id":5087,"date":"2014-08-11T16:25:57","date_gmt":"2014-08-11T16:25:57","guid":{"rendered":"https:\/\/www.hri-research.org\/fr\/homeopathy-faqs\/the-best-studies-have-shown-homeopathy-is-just-placebo\/"},"modified":"2022-06-03T19:50:42","modified_gmt":"2022-06-03T19:50:42","slug":"benefices-au-dela-du-placebo","status":"publish","type":"page","link":"https:\/\/www.hri-research.org\/fr\/ressources\/homeopathy-faqs\/benefices-au-dela-du-placebo\/","title":{"rendered":"Les bienfaits de l&rsquo;hom\u00e9opathie sont-ils plus que de simples effets placebo ?"},"content":{"rendered":"<p>On dit souvent que les m\u00e9dicaments hom\u00e9opathiques ne sont que <strong><a href=\"https:\/\/www.hri-research.org\/fr\/ressources\/homeopathy-faqs\/pas-seulement-des-pilules-de-sucre\/\">\u00ab des granules de sucre \u00bb<\/a><\/strong> qui ne contiennent aucun ingr\u00e9dient actif et que les b\u00e9n\u00e9fices dont les patients font \u00e9tat sont donc uniquement dus \u00e0 l&rsquo;effet placebo : c.\u00e0.d. que les gens croient que les granules vont les aider et c&rsquo;est cette croyance qui d\u00e9clenche un processus de gu\u00e9rison.<\/p>\n<p>Dans tout traitement m\u00e9dical, il y a toujours la possibilit\u00e9 d&rsquo;un \u00ab\u00a0effet placebo\u00a0\u00bb et ceci est donc vrai pour l&rsquo;hom\u00e9opathie \u00e9galement. Cependant, la th\u00e9orie qui pr\u00e9tend que les effets de l&rsquo;hom\u00e9opathie sont <em>seulement <\/em>une r\u00e9ponse placebo ne s\u2019appuie pas sur des connaissances scientifiques.<\/p>\n<p>Si l&rsquo;hom\u00e9opathie n&rsquo;est vraiment qu&rsquo;un effet placebo, comment peut-on expliquer\u00a0:<\/p>\n<ol>\n<li><strong>L&rsquo;existence <a href=\"https:\/\/www.hri-research.org\/fr\/ressources\/homeopathy-faqs\/essais-de-bonne-qualite\/\">d&rsquo;essais cliniques positifs et de haute qualit\u00e9 contr\u00f4l\u00e9s par placebo <\/a> ?<\/strong><br \/>\nCes essais cliniques sont con\u00e7us sp\u00e9cialement pour diff\u00e9rentier l&rsquo;effet placebo de l&rsquo;effet clinique r\u00e9el du traitement test\u00e9.<\/li>\n<li><strong>Le fait que les m\u00e9dicaments hom\u00e9opathiques aient des effets dans <a href=\"https:\/\/www.hri-research.org\/fr\/resources\/homeopathy-the-debate\/essentialevidence\/experimental-research\/\">les exp\u00e9riences de laboratoire<\/a>\u00a0?<\/strong><a href=\"https:\/\/www.hri-research.org\/resources\/homeopathy-the-debate\/theres-nothing-in-it-its-just-water\/\"><strong><br \/>\n<\/strong><\/a>Des effets ont \u00e9t\u00e9 not\u00e9s sur des globules blancs, des grenouilles et des plants de bl\u00e9, pour ne citer que quelques exemples.<\/li>\n<li><strong>Le fait que l&rsquo;hom\u00e9opathie puisse fonctionner sur <a href=\"https:\/\/www.hri-research.org\/fr\/resources\/homeopathy-the-debate\/hri-facts\/veterinary-research\/\">les animaux<\/a> ?<\/strong><strong><br \/>\n<\/strong>Une \u00e9tude rigoureuse a trouv\u00e9 qu\u2019un m\u00e9dicament hom\u00e9opathique pouvait pr\u00e9venir la diarrh\u00e9e provoqu\u00e9e par <em>E.coli<\/em> chez les porcelets &#8211; un probl\u00e8me de taille dans l&rsquo;\u00e9levage porcin commercial<sup><a href=\"http:\/\/www.ncbi.nlm.nih.gov\/pubmed\/20129177\" target=\"_blank\" rel=\"noopener noreferrer\">1<\/a><\/sup>.<\/li>\n<\/ol>\n<p><span class=\"embed-youtube\" style=\"text-align:center; display: block;\"><iframe loading=\"lazy\" class=\"youtube-player\" width=\"520\" height=\"293\" src=\"https:\/\/www.youtube.com\/embed\/oACBheCzE9U?version=3&#038;rel=1&#038;showsearch=0&#038;showinfo=1&#038;iv_load_policy=1&#038;fs=1&#038;hl=fr-FR&#038;autohide=2&#038;wmode=transparent\" allowfullscreen=\"true\" style=\"border:0;\" sandbox=\"allow-scripts allow-same-origin allow-popups allow-presentation allow-popups-to-escape-sandbox\"><\/iframe><\/span><\/p>\n<h4>Trouver des d\u00e9clarations similaires :<\/h4>\n<p><span class=\"no-underline\"><a href=\"https:\/\/www.hri-research.org\/fr\/resources\/homeopathy-the-debate\/the-australian-report-on-homeopathy\/\">\u00ab Un rapport australien vient de d\u00e9clarer que l&rsquo;hom\u00e9opathie ne fonctionne dans aucun domaine et qu&rsquo;elle est juste un placebo \u00bb<\/a><\/span><\/p>\n<p><span class=\"no-underline\"><a href=\"https:\/\/www.hri-research.org\/fr\/resources\/homeopathy-the-debate\/uk-select-committee-report\/\">\u00ab Un rapport parlementaire britannique a examin\u00e9 les preuves et d\u00e9clar\u00e9 que c&rsquo;\u00e9tait juste un placebo \u00bb<\/a><\/span><\/p>\n<p><a href=\"#\" class=\"expand-content button accent-bg\" id=\"69f3a7482dcdf\"><span class=\"expand-content-more\">R\u00e9f\u00e9rences<\/span><span class=\"expand-content-less\">Moins<\/span><\/a><\/p><div class=\"collapse-content\" id=\"panel-69f3a7482dcdf\">\n<ol>\n<li>Camerlink I, Ellinger L, Bakker EJ, Lantinga EA. Homeopathy as replacement to antibiotics in the case of Escherichia coli diarrhoea in neonatal piglets. <em>Homeopathy<\/em>, 2010;<strong>99:<\/strong>\u00a057\u201362 | <a href=\"http:\/\/www.ncbi.nlm.nih.gov\/pubmed\/20129177\">PubMed<\/a><\/li>\n<\/ol>\n<\/div><!-- fr -->\n<p><a href=\"https:\/\/www.hri-research.org\/fr\/resources\/homeopathy-faqs\/\">Retour \u00e0 la section FAQs<\/a><\/p>\n","protected":false},"excerpt":{"rendered":"<p>On dit souvent que les m\u00e9dicaments hom\u00e9opathiques ne sont que \u00ab des granules de sucre \u00bb qui ne contiennent aucun ingr\u00e9dient actif et que les b\u00e9n\u00e9fices dont les patients font \u00e9tat sont donc uniquement dus \u00e0 l&rsquo;effet placebo : c.\u00e0.d. que les gens croient que les granules vont les aider et c&rsquo;est cette croyance qui [&hellip;]<\/p>\n","protected":false},"author":1,"featured_media":0,"parent":5008,"menu_order":5,"comment_status":"closed","ping_status":"closed","template":"page-translated-faq.php","meta":{"footnotes":""},"class_list":["post-5087","page","type-page","status-publish","hentry"],"jetpack_sharing_enabled":true,"_links":{"self":[{"href":"https:\/\/www.hri-research.org\/fr\/wp-json\/wp\/v2\/pages\/5087","targetHints":{"allow":["GET"]}}],"collection":[{"href":"https:\/\/www.hri-research.org\/fr\/wp-json\/wp\/v2\/pages"}],"about":[{"href":"https:\/\/www.hri-research.org\/fr\/wp-json\/wp\/v2\/types\/page"}],"author":[{"embeddable":true,"href":"https:\/\/www.hri-research.org\/fr\/wp-json\/wp\/v2\/users\/1"}],"replies":[{"embeddable":true,"href":"https:\/\/www.hri-research.org\/fr\/wp-json\/wp\/v2\/comments?post=5087"}],"version-history":[{"count":0,"href":"https:\/\/www.hri-research.org\/fr\/wp-json\/wp\/v2\/pages\/5087\/revisions"}],"up":[{"embeddable":true,"href":"https:\/\/www.hri-research.org\/fr\/wp-json\/wp\/v2\/pages\/5008"}],"wp:attachment":[{"href":"https:\/\/www.hri-research.org\/fr\/wp-json\/wp\/v2\/media?parent=5087"}],"curies":[{"name":"wp","href":"https:\/\/api.w.org\/{rel}","templated":true}]}}