{"id":5008,"date":"2014-09-03T10:18:52","date_gmt":"2014-09-03T10:18:52","guid":{"rendered":"https:\/\/www.hri-research.org\/fr\/homeopathy-faqs\/"},"modified":"2024-06-06T15:02:40","modified_gmt":"2024-06-06T15:02:40","slug":"homeopathy-faqs","status":"publish","type":"page","link":"https:\/\/www.hri-research.org\/fr\/ressources\/homeopathy-faqs\/","title":{"rendered":"Hom\u00e9opathie &#8211; FAQs"},"content":{"rendered":"<p>L&rsquo;hom\u00e9opathie est controvers\u00e9e.<\/p>\n<p>Des personnes connues, allant de personnalit\u00e9s politiques \u00e0 des acteurs, se manifestent souvent \u00e9nergiquement contre l&rsquo;hom\u00e9opathie, mais tr\u00e8s peu de gens ont vraiment eu l&rsquo;occasion de lire eux-m\u00eames les faits en recherche hom\u00e9opathique.<\/p>\n<p>Nous r\u00e9pondons ici aux questions les plus fr\u00e9quemment pos\u00e9es sur l&rsquo;hom\u00e9opathie, sur la base des meilleures preuves scientifiques disponibles.<\/p>\n<div class=\"icon-text-listing\">\n<div class=\"icon-text-listing-image\">\n<p><a href=\"https:\/\/www.hri-research.org\/fr\/ressources\/homeopathy-faqs\/preuves-scientifiques-de-lhomeopathie\/\"><img loading=\"lazy\" decoding=\"async\" class=\"alignnone wp-image-1894\" src=\"https:\/\/www.hri-research.org\/wp-content\/uploads\/2014\/09\/1-Theres-no-evidence_shutterstock_157506920-cropped.jpg\" alt=\"1-There's no evidence_shutterstock_157506920 cropped\" width=\"150\" height=\"114\" srcset=\"https:\/\/www.hri-research.org\/wp-content\/uploads\/2014\/09\/1-Theres-no-evidence_shutterstock_157506920-cropped.jpg 236w, https:\/\/www.hri-research.org\/wp-content\/uploads\/2014\/09\/1-Theres-no-evidence_shutterstock_157506920-cropped-98x74.jpg 98w, https:\/\/www.hri-research.org\/wp-content\/uploads\/2014\/09\/1-Theres-no-evidence_shutterstock_157506920-cropped-198x151.jpg 198w, https:\/\/www.hri-research.org\/wp-content\/uploads\/2014\/09\/1-Theres-no-evidence_shutterstock_157506920-cropped-158x120.jpg 158w, https:\/\/www.hri-research.org\/wp-content\/uploads\/2014\/09\/1-Theres-no-evidence_shutterstock_157506920-cropped-160x122.jpg 160w\" sizes=\"auto, (max-width: 150px) 100vw, 150px\" \/><\/a><\/p>\n<\/div>\n<div class=\"icon-text-listing-text\">\n<p>&nbsp;<\/p>\n<p><a style=\"text-decoration: none; font-size: medium; line-height: normal;\" href=\"https:\/\/www.hri-research.org\/fr\/ressources\/homeopathy-faqs\/preuves-scientifiques-de-lhomeopathie\/\">Quelles sont les preuves scientifiques de l\u2019efficacit\u00e9 de l\u2019hom\u00e9opathie ?<\/a><\/p>\n<\/div>\n<div class=\"clear\"><\/div><\/div>\n<div class=\"icon-text-listing\">\n<div class=\"icon-text-listing-image\">\n<p><a href=\"https:\/\/www.hri-research.org\/fr\/ressources\/homeopathy-faqs\/ne-considerant-que-les-meilleurs-etudes\/\"><img loading=\"lazy\" decoding=\"async\" class=\"alignnone wp-image-3432\" src=\"https:\/\/www.hri-research.org\/wp-content\/uploads\/2014\/09\/Best-studies-show-it-doesnt-work_213243274-300x199.jpg\" alt=\"\" width=\"150\" height=\"100\" srcset=\"https:\/\/www.hri-research.org\/wp-content\/uploads\/2014\/09\/Best-studies-show-it-doesnt-work_213243274-300x199.jpg 300w, https:\/\/www.hri-research.org\/wp-content\/uploads\/2014\/09\/Best-studies-show-it-doesnt-work_213243274-98x65.jpg 98w, https:\/\/www.hri-research.org\/wp-content\/uploads\/2014\/09\/Best-studies-show-it-doesnt-work_213243274-198x131.jpg 198w, https:\/\/www.hri-research.org\/wp-content\/uploads\/2014\/09\/Best-studies-show-it-doesnt-work_213243274-158x104.jpg 158w, https:\/\/www.hri-research.org\/wp-content\/uploads\/2014\/09\/Best-studies-show-it-doesnt-work_213243274-160x106.jpg 160w, https:\/\/www.hri-research.org\/wp-content\/uploads\/2014\/09\/Best-studies-show-it-doesnt-work_213243274.jpg 500w\" sizes=\"auto, (max-width: 150px) 100vw, 150px\" \/><\/a><\/p>\n<\/div>\n<div class=\"icon-text-listing-text\">\n<p>&nbsp;<\/p>\n<p><a style=\"text-decoration: none; font-size: medium; line-height: normal;\" href=\"https:\/\/www.hri-research.org\/fr\/ressources\/homeopathy-faqs\/ne-considerant-que-les-meilleurs-etudes\/\">Que montrent les \u00e9tudes de qualit\u00e9 sup\u00e9rieure en hom\u00e9opathie ?<\/a><\/p>\n<\/div>\n<div class=\"clear\"><\/div><\/div>\n<div class=\"icon-text-listing\">\n<div class=\"icon-text-listing-image\">\n<p><a href=\"https:\/\/www.hri-research.org\/fr\/ressources\/homeopathy-faqs\/etudes-du-monde-reel\/\" target=\"_blank\" rel=\"noopener\"><img loading=\"lazy\" decoding=\"async\" class=\"alignnone wp-image-28801\" src=\"https:\/\/www.hri-research.org\/wp-content\/uploads\/2023\/08\/Observational_shutterstock_326027870-small-300x200-1.jpeg\" alt=\"\" width=\"150\" height=\"100\" srcset=\"https:\/\/www.hri-research.org\/wp-content\/uploads\/2023\/08\/Observational_shutterstock_326027870-small-300x200-1.jpeg 300w, https:\/\/www.hri-research.org\/wp-content\/uploads\/2023\/08\/Observational_shutterstock_326027870-small-300x200-1-98x65.jpeg 98w, https:\/\/www.hri-research.org\/wp-content\/uploads\/2023\/08\/Observational_shutterstock_326027870-small-300x200-1-198x132.jpeg 198w, https:\/\/www.hri-research.org\/wp-content\/uploads\/2023\/08\/Observational_shutterstock_326027870-small-300x200-1-158x105.jpeg 158w, https:\/\/www.hri-research.org\/wp-content\/uploads\/2023\/08\/Observational_shutterstock_326027870-small-300x200-1-160x107.jpeg 160w\" sizes=\"auto, (max-width: 150px) 100vw, 150px\" \/><\/a><\/p>\n<\/div>\n<div class=\"icon-text-listing-text\">\n<p>&nbsp;<\/p>\n<p><a style=\"text-decoration: none; font-size: medium; line-height: normal;\" href=\"https:\/\/www.hri-research.org\/fr\/ressources\/homeopathy-faqs\/etudes-du-monde-reel\/\" target=\"_blank\" rel=\"noopener\">Que pouvons-nous apprendre des r\u00e9sultats du \u00ab monde r\u00e9el \u00bb ?<\/a><\/p>\n<\/div>\n<div class=\"clear\"><\/div><\/div>\n<div class=\"icon-text-listing\">\n<div class=\"icon-text-listing-image\">\n<p><a href=\"https:\/\/www.hri-research.org\/fr\/ressources\/homeopathy-faqs\/le-traitement-homeopathique-est-il-sur\/\"><img loading=\"lazy\" decoding=\"async\" class=\"alignnone wp-image-31162\" src=\"https:\/\/www.hri-research.org\/wp-content\/uploads\/2024\/03\/safety-e1709657826953.jpg\" alt=\"\" width=\"150\" height=\"100\" srcset=\"https:\/\/www.hri-research.org\/wp-content\/uploads\/2024\/03\/safety-e1709657826953.jpg 640w, https:\/\/www.hri-research.org\/wp-content\/uploads\/2024\/03\/safety-e1709657826953-300x200.jpg 300w, https:\/\/www.hri-research.org\/wp-content\/uploads\/2024\/03\/safety-e1709657826953-98x65.jpg 98w, https:\/\/www.hri-research.org\/wp-content\/uploads\/2024\/03\/safety-e1709657826953-198x132.jpg 198w, https:\/\/www.hri-research.org\/wp-content\/uploads\/2024\/03\/safety-e1709657826953-158x105.jpg 158w, https:\/\/www.hri-research.org\/wp-content\/uploads\/2024\/03\/safety-e1709657826953-160x107.jpg 160w, https:\/\/www.hri-research.org\/wp-content\/uploads\/2024\/03\/safety-e1709657826953-520x346.jpg 520w\" sizes=\"auto, (max-width: 150px) 100vw, 150px\" \/><\/a><\/p>\n<\/div>\n<div class=\"icon-text-listing-text\">\n<p>&nbsp;<\/p>\n<p><a style=\"text-decoration: none; font-size: medium; line-height: normal;\" href=\"https:\/\/www.hri-research.org\/fr\/ressources\/homeopathy-faqs\/le-traitement-homeopathique-est-il-sur\/\">L&rsquo;hom\u00e9opathie est-elle s\u00fbre ?<\/a><\/p>\n<\/div>\n<div class=\"clear\"><\/div><\/div>\n<div class=\"icon-text-listing\">\n<div class=\"icon-text-listing-image\">\n<p><a href=\"https:\/\/www.hri-research.org\/fr\/ressources\/homeopathy-faqs\/rentabilite-des-traitements-homeopathiques\/\" target=\"_blank\" rel=\"noopener\"><img loading=\"lazy\" decoding=\"async\" class=\"alignnone wp-image-4351\" src=\"https:\/\/www.hri-research.org\/wp-content\/uploads\/2015\/11\/Funding_shutterstock_261057710-small.jpg\" alt=\"\" width=\"150\" height=\"100\" srcset=\"https:\/\/www.hri-research.org\/wp-content\/uploads\/2015\/11\/Funding_shutterstock_261057710-small.jpg 2401w, https:\/\/www.hri-research.org\/wp-content\/uploads\/2015\/11\/Funding_shutterstock_261057710-small-300x200.jpg 300w, https:\/\/www.hri-research.org\/wp-content\/uploads\/2015\/11\/Funding_shutterstock_261057710-small-1024x683.jpg 1024w, https:\/\/www.hri-research.org\/wp-content\/uploads\/2015\/11\/Funding_shutterstock_261057710-small-98x65.jpg 98w, https:\/\/www.hri-research.org\/wp-content\/uploads\/2015\/11\/Funding_shutterstock_261057710-small-198x132.jpg 198w, https:\/\/www.hri-research.org\/wp-content\/uploads\/2015\/11\/Funding_shutterstock_261057710-small-158x105.jpg 158w, https:\/\/www.hri-research.org\/wp-content\/uploads\/2015\/11\/Funding_shutterstock_261057710-small-160x107.jpg 160w, https:\/\/www.hri-research.org\/wp-content\/uploads\/2015\/11\/Funding_shutterstock_261057710-small-520x347.jpg 520w\" sizes=\"auto, (max-width: 150px) 100vw, 150px\" \/><\/a><\/p>\n<\/div>\n<div class=\"icon-text-listing-text\">\n<p>&nbsp;<\/p>\n<p><a style=\"text-decoration: none; font-size: medium; line-height: normal;\" href=\"https:\/\/www.hri-research.org\/fr\/ressources\/homeopathy-faqs\/rentabilite-des-traitements-homeopathiques\/\">L&rsquo;hom\u00e9opathie est-elle rentable?<\/a><\/p>\n<\/div>\n<div class=\"clear\"><\/div><\/div>\n<div class=\"icon-text-listing\">\n<div class=\"icon-text-listing-image\">\n<p><a href=\"https:\/\/www.hri-research.org\/fr\/ressources\/homeopathy-faqs\/homeopathie-et-medecine-conventionnelle\/\"><img loading=\"lazy\" decoding=\"async\" class=\"alignnone wp-image-3258\" src=\"https:\/\/www.hri-research.org\/wp-content\/uploads\/2014\/09\/Pills_184787189-300x300.jpg\" alt=\"\" width=\"150\" height=\"150\" srcset=\"https:\/\/www.hri-research.org\/wp-content\/uploads\/2014\/09\/Pills_184787189-300x300.jpg 300w, https:\/\/www.hri-research.org\/wp-content\/uploads\/2014\/09\/Pills_184787189-150x150.jpg 150w, https:\/\/www.hri-research.org\/wp-content\/uploads\/2014\/09\/Pills_184787189-98x98.jpg 98w, https:\/\/www.hri-research.org\/wp-content\/uploads\/2014\/09\/Pills_184787189-198x198.jpg 198w, https:\/\/www.hri-research.org\/wp-content\/uploads\/2014\/09\/Pills_184787189-158x158.jpg 158w, https:\/\/www.hri-research.org\/wp-content\/uploads\/2014\/09\/Pills_184787189-160x160.jpg 160w, https:\/\/www.hri-research.org\/wp-content\/uploads\/2014\/09\/Pills_184787189.jpg 500w\" sizes=\"auto, (max-width: 150px) 100vw, 150px\" \/><\/a><\/p>\n<\/div>\n<div class=\"icon-text-listing-text\">\n<p>&nbsp;<\/p>\n<p><a style=\"text-decoration: none; font-size: medium; line-height: normal;\" href=\"https:\/\/www.hri-research.org\/fr\/ressources\/homeopathy-faqs\/homeopathie-et-medecine-conventionnelle\/\">Comment l\u2019hom\u00e9opathie se compare-t-elle \u00e0 la m\u00e9decine conventionnelle ?<\/a><\/p>\n<\/div>\n<div class=\"clear\"><\/div><\/div>\n<div class=\"icon-text-listing\">\n<div class=\"icon-text-listing-image\">\n<p><a href=\"https:\/\/www.hri-research.org\/fr\/ressources\/homeopathy-faqs\/une-medecine-fondee-sur-la-recherche\/\"><img loading=\"lazy\" decoding=\"async\" class=\"alignnone wp-image-3260\" src=\"https:\/\/www.hri-research.org\/wp-content\/uploads\/2014\/09\/shutterstock_110154518-300x293.jpg\" alt=\"\" width=\"150\" height=\"147\" srcset=\"https:\/\/www.hri-research.org\/wp-content\/uploads\/2014\/09\/shutterstock_110154518-300x293.jpg 300w, https:\/\/www.hri-research.org\/wp-content\/uploads\/2014\/09\/shutterstock_110154518-98x95.jpg 98w, https:\/\/www.hri-research.org\/wp-content\/uploads\/2014\/09\/shutterstock_110154518-198x193.jpg 198w, https:\/\/www.hri-research.org\/wp-content\/uploads\/2014\/09\/shutterstock_110154518-158x154.jpg 158w, https:\/\/www.hri-research.org\/wp-content\/uploads\/2014\/09\/shutterstock_110154518-160x156.jpg 160w, https:\/\/www.hri-research.org\/wp-content\/uploads\/2014\/09\/shutterstock_110154518.jpg 500w\" sizes=\"auto, (max-width: 150px) 100vw, 150px\" \/><\/a><\/p>\n<\/div>\n<div class=\"icon-text-listing-text\">\n<p>&nbsp;<\/p>\n<p><a style=\"text-decoration: none; font-size: medium; line-height: normal;\" href=\"https:\/\/www.hri-research.org\/fr\/ressources\/homeopathy-faqs\/une-medecine-fondee-sur-la-recherche\/\">La m\u00e9decine conventionnelle et l\u2019hom\u00e9opathie sont-elles toutes deux fond\u00e9es sur des preuves scientifiques?<\/a><\/p>\n<\/div>\n<div class=\"clear\"><\/div><\/div>\n<div class=\"icon-text-listing\">\n<div class=\"icon-text-listing-image\">\n<p><a href=\"https:\/\/www.hri-research.org\/fr\/ressources\/homeopathy-faqs\/pas-seulement-des-pilules-de-sucre\/\"><img loading=\"lazy\" decoding=\"async\" class=\"alignnone wp-image-1677 size-thumbnail\" src=\"https:\/\/www.hri-research.org\/wp-content\/uploads\/2014\/09\/10-Homeopathy-not-science-150x150.jpg\" alt=\"\" width=\"150\" height=\"150\" \/><\/a><\/p>\n<\/div>\n<div class=\"icon-text-listing-text\">\n<p>&nbsp;<\/p>\n<p><a style=\"text-decoration: none; font-size: medium; line-height: normal;\" href=\"https:\/\/www.hri-research.org\/fr\/ressources\/homeopathy-faqs\/pas-seulement-des-pilules-de-sucre\/\">Comment savons-nous que les m\u00e9dicaments hom\u00e9opathiques ne sont pas \u00ab de simples pilules de sucre \u00bb ?<\/a><\/p>\n<\/div>\n<div class=\"clear\"><\/div><\/div>\n<div class=\"icon-text-listing\">\n<div class=\"icon-text-listing-image\">\n<p><a href=\"https:\/\/www.hri-research.org\/fr\/ressources\/homeopathy-faqs\/benefices-au-dela-du-placebo\/\"><img loading=\"lazy\" decoding=\"async\" class=\"alignnone wp-image-2494 size-thumbnail\" src=\"https:\/\/www.hri-research.org\/wp-content\/uploads\/2014\/10\/5-Placebo-resized-150x150.jpg\" alt=\"\" width=\"150\" height=\"150\" \/><\/a><\/p>\n<\/div>\n<div class=\"icon-text-listing-text\">\n<p>&nbsp;<\/p>\n<p><a style=\"text-decoration: none; font-size: medium; line-height: normal;\" href=\"https:\/\/www.hri-research.org\/fr\/ressources\/homeopathy-faqs\/benefices-au-dela-du-placebo\/\">Les bienfaits de l\u2019hom\u00e9opathie sont-ils plus que de simples effets placebo ?<\/a><\/p>\n<\/div>\n<div class=\"clear\"><\/div><\/div>\n<div class=\"icon-text-listing\">\n<div class=\"icon-text-listing-image\">\n<p><a href=\"https:\/\/www.hri-research.org\/fr\/ressources\/homeopathy-faqs\/pourquoi-les-experts-pensent-que-cest-possible\/\"><img loading=\"lazy\" decoding=\"async\" class=\"alignnone wp-image-3270\" src=\"https:\/\/www.hri-research.org\/wp-content\/uploads\/2014\/09\/Dont-know-how-it-works-300x300.jpg\" alt=\"\" width=\"150\" height=\"150\" srcset=\"https:\/\/www.hri-research.org\/wp-content\/uploads\/2014\/09\/Dont-know-how-it-works-300x300.jpg 300w, https:\/\/www.hri-research.org\/wp-content\/uploads\/2014\/09\/Dont-know-how-it-works-150x150.jpg 150w, https:\/\/www.hri-research.org\/wp-content\/uploads\/2014\/09\/Dont-know-how-it-works-98x98.jpg 98w, https:\/\/www.hri-research.org\/wp-content\/uploads\/2014\/09\/Dont-know-how-it-works-198x198.jpg 198w, https:\/\/www.hri-research.org\/wp-content\/uploads\/2014\/09\/Dont-know-how-it-works-158x158.jpg 158w, https:\/\/www.hri-research.org\/wp-content\/uploads\/2014\/09\/Dont-know-how-it-works-160x160.jpg 160w, https:\/\/www.hri-research.org\/wp-content\/uploads\/2014\/09\/Dont-know-how-it-works.jpg 500w\" sizes=\"auto, (max-width: 150px) 100vw, 150px\" \/><\/a><\/p>\n<\/div>\n<div class=\"icon-text-listing-text\">\n<p>&nbsp;<\/p>\n<p><a style=\"text-decoration: none; font-size: medium; line-height: normal;\" href=\"https:\/\/www.hri-research.org\/fr\/ressources\/homeopathy-faqs\/pourquoi-les-experts-pensent-que-cest-possible\/\">Pourquoi les experts scientifiques pensent-ils que l\u2019hom\u00e9opathie est possible ?<\/a><\/p>\n<\/div>\n<div class=\"clear\"><\/div><\/div>\n<div class=\"icon-text-listing\">\n<div class=\"icon-text-listing-image\">\n<p><a href=\"https:\/\/www.hri-research.org\/fr\/ressources\/homeopathy-faqs\/on-peut-avoir-confiance-en-la-recherche-en-homeopathie\/\"><img loading=\"lazy\" decoding=\"async\" class=\"alignnone wp-image-3263\" src=\"https:\/\/www.hri-research.org\/wp-content\/uploads\/2014\/09\/Bad-research_88836238-300x270.jpg\" alt=\"\" width=\"150\" height=\"135\" srcset=\"https:\/\/www.hri-research.org\/wp-content\/uploads\/2014\/09\/Bad-research_88836238-300x270.jpg 300w, https:\/\/www.hri-research.org\/wp-content\/uploads\/2014\/09\/Bad-research_88836238-98x88.jpg 98w, https:\/\/www.hri-research.org\/wp-content\/uploads\/2014\/09\/Bad-research_88836238-198x178.jpg 198w, https:\/\/www.hri-research.org\/wp-content\/uploads\/2014\/09\/Bad-research_88836238-158x142.jpg 158w, https:\/\/www.hri-research.org\/wp-content\/uploads\/2014\/09\/Bad-research_88836238-160x144.jpg 160w, https:\/\/www.hri-research.org\/wp-content\/uploads\/2014\/09\/Bad-research_88836238.jpg 500w\" sizes=\"auto, (max-width: 150px) 100vw, 150px\" \/><\/a><\/p>\n<\/div>\n<div class=\"icon-text-listing-text\">\n<p>&nbsp;<\/p>\n<p><a style=\"text-decoration: none; font-size: medium; line-height: normal;\" href=\"https:\/\/www.hri-research.org\/fr\/ressources\/homeopathy-faqs\/on-peut-avoir-confiance-en-la-recherche-en-homeopathie\/\">La recherche en hom\u00e9opathie est-elle de qualit\u00e9 suffisante pour \u00eatre fiable ?<\/a><\/p>\n<\/div>\n<div class=\"clear\"><\/div><\/div>\n<div class=\"icon-text-listing\">\n<div class=\"icon-text-listing-image\">\n<p><a href=\"https:\/\/www.hri-research.org\/fr\/ressources\/homeopathy-faqs\/essais-de-bonne-qualite\/\"><img loading=\"lazy\" decoding=\"async\" class=\"alignnone wp-image-3256\" src=\"https:\/\/www.hri-research.org\/wp-content\/uploads\/2014\/09\/Clinical-trials_112772884-300x225.jpg\" alt=\"\" width=\"150\" height=\"113\" srcset=\"https:\/\/www.hri-research.org\/wp-content\/uploads\/2014\/09\/Clinical-trials_112772884-300x225.jpg 300w, https:\/\/www.hri-research.org\/wp-content\/uploads\/2014\/09\/Clinical-trials_112772884-98x73.jpg 98w, https:\/\/www.hri-research.org\/wp-content\/uploads\/2014\/09\/Clinical-trials_112772884-198x148.jpg 198w, https:\/\/www.hri-research.org\/wp-content\/uploads\/2014\/09\/Clinical-trials_112772884-158x118.jpg 158w, https:\/\/www.hri-research.org\/wp-content\/uploads\/2014\/09\/Clinical-trials_112772884-160x120.jpg 160w, https:\/\/www.hri-research.org\/wp-content\/uploads\/2014\/09\/Clinical-trials_112772884.jpg 500w\" sizes=\"auto, (max-width: 150px) 100vw, 150px\" \/><\/a><\/p>\n<\/div>\n<div class=\"icon-text-listing-text\">\n<p>&nbsp;<\/p>\n<p><a style=\"text-decoration: none; font-size: medium; line-height: normal;\" href=\"https:\/\/www.hri-research.org\/fr\/ressources\/homeopathy-faqs\/essais-de-bonne-qualite\/\">Existe-t-il des essais cliniques de bonne qualit\u00e9 montrant que l\u2019hom\u00e9opathie fonctionne ?<\/a><\/p>\n<\/div>\n<div class=\"clear\"><\/div><\/div>\n<p>&nbsp;<\/p>\n<div class=\"icon-text-listing\">\n<div class=\"icon-text-listing-image\">\n<p><a href=\"https:\/\/www.hri-research.org\/fr\/ressources\/homeopathy-faqs\/le-semblable-guerit-le-semblable\/\"><img loading=\"lazy\" decoding=\"async\" class=\"alignnone wp-image-1901\" src=\"https:\/\/www.hri-research.org\/wp-content\/uploads\/2014\/09\/9-Like-cures-like_shutterstock_197767424-300x200.jpg\" alt=\"9-Like cures like_shutterstock_197767424\" width=\"150\" height=\"100\" srcset=\"https:\/\/www.hri-research.org\/wp-content\/uploads\/2014\/09\/9-Like-cures-like_shutterstock_197767424-300x200.jpg 300w, https:\/\/www.hri-research.org\/wp-content\/uploads\/2014\/09\/9-Like-cures-like_shutterstock_197767424-98x65.jpg 98w, https:\/\/www.hri-research.org\/wp-content\/uploads\/2014\/09\/9-Like-cures-like_shutterstock_197767424-198x132.jpg 198w, https:\/\/www.hri-research.org\/wp-content\/uploads\/2014\/09\/9-Like-cures-like_shutterstock_197767424-158x105.jpg 158w, https:\/\/www.hri-research.org\/wp-content\/uploads\/2014\/09\/9-Like-cures-like_shutterstock_197767424-160x106.jpg 160w, https:\/\/www.hri-research.org\/wp-content\/uploads\/2014\/09\/9-Like-cures-like_shutterstock_197767424-520x346.jpg 520w, https:\/\/www.hri-research.org\/wp-content\/uploads\/2014\/09\/9-Like-cures-like_shutterstock_197767424.jpg 1000w\" sizes=\"auto, (max-width: 150px) 100vw, 150px\" \/><\/a><\/p>\n<\/div>\n<div class=\"icon-text-listing-text\">\n<p><a style=\"text-decoration: none; font-size: medium; line-height: normal;\" href=\"https:\/\/www.hri-research.org\/fr\/ressources\/homeopathy-faqs\/le-semblable-guerit-le-semblable\/\">Comme comprendre le concept hom\u00e9opathique \u00ab le semblable gu\u00e9rit le semblable \u00bb ?<\/a><\/p>\n<\/div>\n<div class=\"clear\"><\/div><\/div>\n<div class=\"icon-text-listing\">\n<div class=\"icon-text-listing-image\">\n<p><a href=\"https:\/\/www.hri-research.org\/fr\/ressources\/homeopathy-faqs\/comprendre-comment-ca-fonctionne\/\"><img loading=\"lazy\" decoding=\"async\" class=\"alignnone wp-image-3261\" src=\"https:\/\/www.hri-research.org\/wp-content\/uploads\/2014\/09\/Gears_102272059-smaller-300x200.jpeg\" alt=\"\" width=\"150\" height=\"100\" srcset=\"https:\/\/www.hri-research.org\/wp-content\/uploads\/2014\/09\/Gears_102272059-smaller-300x200.jpeg 300w, https:\/\/www.hri-research.org\/wp-content\/uploads\/2014\/09\/Gears_102272059-smaller-98x65.jpeg 98w, https:\/\/www.hri-research.org\/wp-content\/uploads\/2014\/09\/Gears_102272059-smaller-198x132.jpeg 198w, https:\/\/www.hri-research.org\/wp-content\/uploads\/2014\/09\/Gears_102272059-smaller-158x105.jpeg 158w, https:\/\/www.hri-research.org\/wp-content\/uploads\/2014\/09\/Gears_102272059-smaller-160x106.jpeg 160w, https:\/\/www.hri-research.org\/wp-content\/uploads\/2014\/09\/Gears_102272059-smaller-520x346.jpeg 520w, https:\/\/www.hri-research.org\/wp-content\/uploads\/2014\/09\/Gears_102272059-smaller.jpeg 591w\" sizes=\"auto, (max-width: 150px) 100vw, 150px\" \/><\/a><\/p>\n<\/div>\n<div class=\"icon-text-listing-text\">\n<p><a style=\"text-decoration: none; font-size: medium; line-height: normal;\" href=\"https:\/\/www.hri-research.org\/fr\/ressources\/homeopathy-faqs\/comprendre-comment-ca-fonctionne\/\">Peut-on utiliser des m\u00e9dicaments hom\u00e9opathiques sans savoir comment ils fonctionnent?<\/a><\/p>\n<\/div>\n<div class=\"clear\"><\/div><\/div>\n<div class=\"icon-text-listing\">\n<div class=\"icon-text-listing-image\">\n<p><a href=\"https:\/\/www.hri-research.org\/fr\/ressources\/homeopathy-faqs\/lhomeopathie-est-une-vraie-science\/\"><img loading=\"lazy\" decoding=\"async\" class=\"alignnone wp-image-1900 size-thumbnail\" src=\"https:\/\/www.hri-research.org\/wp-content\/uploads\/2014\/09\/8-Homeopathy-research-is-poor-quality-resized-150x150.jpeg\" alt=\"\" width=\"150\" height=\"150\" \/><\/a><\/p>\n<\/div>\n<div class=\"icon-text-listing-text\">\n<p>&nbsp;<\/p>\n<p><a style=\"text-decoration: none; font-size: medium; line-height: normal;\" href=\"https:\/\/www.hri-research.org\/fr\/ressources\/homeopathy-faqs\/lhomeopathie-est-une-vraie-science\/\">L\u2019hom\u00e9opathie est une \u00ab vraie science \u00bb<\/a><\/p>\n<\/div>\n<div class=\"clear\"><\/div><\/div>\n","protected":false},"excerpt":{"rendered":"<p>L&rsquo;hom\u00e9opathie est controvers\u00e9e. Des personnes connues, allant de personnalit\u00e9s politiques \u00e0 des acteurs, se manifestent souvent \u00e9nergiquement contre l&rsquo;hom\u00e9opathie, mais tr\u00e8s peu de gens ont vraiment eu l&rsquo;occasion de lire eux-m\u00eames les faits en recherche hom\u00e9opathique. Nous r\u00e9pondons ici aux questions les plus fr\u00e9quemment pos\u00e9es sur l&rsquo;hom\u00e9opathie, sur la base des meilleures preuves scientifiques disponibles. [&hellip;]<\/p>\n","protected":false},"author":4,"featured_media":16651,"parent":16206,"menu_order":0,"comment_status":"closed","ping_status":"closed","template":"page-translated-faq.php","meta":{"footnotes":""},"class_list":["post-5008","page","type-page","status-publish","has-post-thumbnail","hentry"],"jetpack_sharing_enabled":true,"_links":{"self":[{"href":"https:\/\/www.hri-research.org\/fr\/wp-json\/wp\/v2\/pages\/5008","targetHints":{"allow":["GET"]}}],"collection":[{"href":"https:\/\/www.hri-research.org\/fr\/wp-json\/wp\/v2\/pages"}],"about":[{"href":"https:\/\/www.hri-research.org\/fr\/wp-json\/wp\/v2\/types\/page"}],"author":[{"embeddable":true,"href":"https:\/\/www.hri-research.org\/fr\/wp-json\/wp\/v2\/users\/4"}],"replies":[{"embeddable":true,"href":"https:\/\/www.hri-research.org\/fr\/wp-json\/wp\/v2\/comments?post=5008"}],"version-history":[{"count":0,"href":"https:\/\/www.hri-research.org\/fr\/wp-json\/wp\/v2\/pages\/5008\/revisions"}],"up":[{"embeddable":true,"href":"https:\/\/www.hri-research.org\/fr\/wp-json\/wp\/v2\/pages\/16206"}],"wp:featuredmedia":[{"embeddable":true,"href":"https:\/\/www.hri-research.org\/fr\/wp-json\/wp\/v2\/media\/16651"}],"wp:attachment":[{"href":"https:\/\/www.hri-research.org\/fr\/wp-json\/wp\/v2\/media?parent=5008"}],"curies":[{"name":"wp","href":"https:\/\/api.w.org\/{rel}","templated":true}]}}