{"id":40555,"date":"2026-02-19T13:58:08","date_gmt":"2026-02-19T13:58:08","guid":{"rendered":"https:\/\/www.hri-research.org\/?page_id=40555"},"modified":"2026-02-19T13:58:08","modified_gmt":"2026-02-19T13:58:08","slug":"enquete-sur-lutilisation-de-lhomeopathie-au-royaume-uni","status":"publish","type":"page","link":"https:\/\/www.hri-research.org\/fr\/recherche-hri\/la-pratique-comme-source-apprentissage\/enquete-sur-lutilisation-de-lhomeopathie-au-royaume-uni\/","title":{"rendered":"Enqu\u00eate sur l\u2019utilisation de l\u2019hom\u00e9opathie au Royaume-Uni"},"content":{"rendered":"<h3><span class=\"accent\">Description du projet<\/span><\/h3>\n<p style=\"font-weight: 400;\">Cette enqu\u00eate transversale, men\u00e9e en ligne aupr\u00e8s de la population britannique, a pour objectif 1) de recueillir de nouvelles donn\u00e9es sur la pr\u00e9valence et les caract\u00e9ristiques de la pratique hom\u00e9opathique et l&rsquo;utilisation de produits hom\u00e9opathiques au sein de la population britannique et 2) de d\u00e9terminer les facteurs pr\u00e9dictifs de l&rsquo;utilisation de l&rsquo;hom\u00e9opathie. L\u2019\u00e9tude repose sur des instruments et une m\u00e9thodologie fiables et reproductibles.<\/p>\n<p style=\"font-weight: 400;\">Les participants (n=1500) devront apporter des informations sur leur recours aux services et aux produits de sant\u00e9 au cours des 12 derniers mois, relevant aussi bien de la m\u00e9decine conventionnelle que de l\u2019hom\u00e9opathie. Un questionnaire sera mis en place pour \u00e9valuer les donn\u00e9es concernant les traitements pharmaceutiques (prescription et non prescription) et non pharmaceutiques.<\/p>\n<h3><span class=\"accent\">Groupe de recherche<\/span><\/h3>\n<ul>\n<li>Dr Esther van der Werf, chef de projet, Homeopathy Research Institute, Londres, Royaume-Uni<\/li>\n<li>Dr Amy Steel, professeure associ\u00e9e et co-directrice de l&rsquo;ARCCIM, Sant\u00e9 publique, Universit\u00e9 de technologie de Sydney, Australie<\/li>\n<li>Dr Hope Foley, chercheur \u00e0 l\u2019ARCCIM, Sant\u00e9 publique, Universit\u00e9 de technologie de Sydney, Australie)<\/li>\n<li>Jon Adams, professeur et co-directeur de l&rsquo;ARCCIM, Sant\u00e9 publique, Universit\u00e9 de technologie de Sydney, Australie<\/li>\n<\/ul>\n<h3><span class=\"accent\">Chercheur principal<\/span><\/h3>\n<p><img loading=\"lazy\" decoding=\"async\" class=\"alignleft wp-image-25503 size-people_listing_headshot\" src=\"https:\/\/www.hri-research.org\/wp-content\/uploads\/2023\/01\/EvdW-1-98x157.jpg\" alt=\"\" width=\"98\" height=\"157\" srcset=\"https:\/\/www.hri-research.org\/wp-content\/uploads\/2023\/01\/EvdW-1-98x157.jpg 98w, https:\/\/www.hri-research.org\/wp-content\/uploads\/2023\/01\/EvdW-1-188x300.jpg 188w, https:\/\/www.hri-research.org\/wp-content\/uploads\/2023\/01\/EvdW-1-198x317.jpg 198w, https:\/\/www.hri-research.org\/wp-content\/uploads\/2023\/01\/EvdW-1-158x253.jpg 158w, https:\/\/www.hri-research.org\/wp-content\/uploads\/2023\/01\/EvdW-1-160x256.jpg 160w, https:\/\/www.hri-research.org\/wp-content\/uploads\/2023\/01\/EvdW-1.jpg 500w\" sizes=\"auto, (max-width: 98px) 100vw, 98px\" \/><\/p>\n<p><strong>Dr Esther van der Werf<\/strong> MSc PhD\u00a0<span lang=\"EN-US\">Dip IACH (Hom)<br \/>\n<\/span><span lang=\"FR\">Responsable de recherche clinique<br \/>\nHomeopathy Research Institute<\/span><\/p>\n<p style=\"font-weight: 400;\">Esther est titulaire d\u2019un Master en \u00e9pid\u00e9miologie et d&rsquo;un master en politique et gestion de la sant\u00e9 de l&rsquo;Universit\u00e9 Erasmus de Rotterdam, aux Pays-Bas. En 2006, elle a obtenu son doctorat sur l&rsquo;\u00e9pid\u00e9miologie et les voies urinaires \u00e0 l&rsquo;Universit\u00e9 Erasmus de Rotterdam. Hom\u00e9opathe classique qualifi\u00e9e, Esther s\u2019est form\u00e9e \u00e0 l&rsquo;Acad\u00e9mie internationale d\u2019hom\u00e9opathie classique (Professeur George Vithoulkas, Gr\u00e8ce).<\/p>\n<p style=\"font-weight: 400;\">Apr\u00e8s plus de 20 ans d&rsquo;exp\u00e9rience dans la recherche clinique et la gestion de projets, elle a travaill\u00e9 comme \u00e9pid\u00e9miologiste \u00e0 l&rsquo;universit\u00e9 du centre m\u00e9dical d&rsquo;Utrecht et \u00e0 l&rsquo;universit\u00e9 des sciences appliqu\u00e9es de Leiden, aux Pays-Bas. En 2015, elle rejoint le Centre de soins primaires acad\u00e9miques de l&rsquo;Universit\u00e9 de Bristol, au Royaume-Uni, pour poursuivre ses recherches sur la m\u00e9decine int\u00e9grative et les maladies infectieuses. En ao\u00fbt 2018, elle lance le groupe de recherche sur la m\u00e9decine int\u00e9grative \u00e0 l&rsquo;\u00e9cole de m\u00e9decine de l&rsquo;universit\u00e9 Taylor, \u00e0 Kuala Lumpur, en Malaisie, qu\u2019elle dirige jusqu\u2019au ao\u00fbt 2018. Elle passe ensuite 2 ans \u00e0 la t\u00eate du d\u00e9partement de recherche sur la m\u00e9decine int\u00e9grative \u00e0 l&rsquo;institut Louis Bolk, aux Pays-Bas.<\/p>\n<h3><span class=\"accent\">La port\u00e9e du projet<\/span><\/h3>\n<p>Cette recherche a pour but de d\u00e9terminer les sch\u00e9mas d&rsquo;utilisation de l&rsquo;hom\u00e9opathie au sein de la population britannique. Il vise \u00e9galement \u00e0 mieux conna\u00eetre l&rsquo;exp\u00e9rience des patients et la communication autour de l&rsquo;utilisation de l&rsquo;hom\u00e9opathie au Royaume-Uni.<\/p>\n","protected":false},"excerpt":{"rendered":"<p>Description du projet Cette enqu\u00eate transversale, men\u00e9e en ligne aupr\u00e8s de la population britannique, a pour objectif 1) de recueillir de nouvelles donn\u00e9es sur la pr\u00e9valence et les caract\u00e9ristiques de la pratique hom\u00e9opathique et l&rsquo;utilisation de produits hom\u00e9opathiques au sein de la population britannique et 2) de d\u00e9terminer les facteurs pr\u00e9dictifs de l&rsquo;utilisation de l&rsquo;hom\u00e9opathie. [&hellip;]<\/p>\n","protected":false},"author":3894,"featured_media":0,"parent":16716,"menu_order":0,"comment_status":"closed","ping_status":"closed","template":"","meta":{"footnotes":""},"class_list":["post-40555","page","type-page","status-publish","hentry"],"jetpack_sharing_enabled":true,"_links":{"self":[{"href":"https:\/\/www.hri-research.org\/fr\/wp-json\/wp\/v2\/pages\/40555","targetHints":{"allow":["GET"]}}],"collection":[{"href":"https:\/\/www.hri-research.org\/fr\/wp-json\/wp\/v2\/pages"}],"about":[{"href":"https:\/\/www.hri-research.org\/fr\/wp-json\/wp\/v2\/types\/page"}],"author":[{"embeddable":true,"href":"https:\/\/www.hri-research.org\/fr\/wp-json\/wp\/v2\/users\/3894"}],"replies":[{"embeddable":true,"href":"https:\/\/www.hri-research.org\/fr\/wp-json\/wp\/v2\/comments?post=40555"}],"version-history":[{"count":0,"href":"https:\/\/www.hri-research.org\/fr\/wp-json\/wp\/v2\/pages\/40555\/revisions"}],"up":[{"embeddable":true,"href":"https:\/\/www.hri-research.org\/fr\/wp-json\/wp\/v2\/pages\/16716"}],"wp:attachment":[{"href":"https:\/\/www.hri-research.org\/fr\/wp-json\/wp\/v2\/media?parent=40555"}],"curies":[{"name":"wp","href":"https:\/\/api.w.org\/{rel}","templated":true}]}}