{"id":40549,"date":"2026-02-19T13:14:39","date_gmt":"2026-02-19T13:14:39","guid":{"rendered":"https:\/\/www.hri-research.org\/?page_id=40549"},"modified":"2026-02-19T13:14:39","modified_gmt":"2026-02-19T13:14:39","slug":"mathie-plus-revue-systematique-des-essais-controles-randomises-sur-lhomeopathie-individualisee","status":"publish","type":"page","link":"https:\/\/www.hri-research.org\/fr\/recherche-hri\/tirer-parti-des-donnees-existantes\/mathie-plus-revue-systematique-des-essais-controles-randomises-sur-lhomeopathie-individualisee\/","title":{"rendered":"Mathie Plus\u202f: revue syst\u00e9matique des essais contr\u00f4l\u00e9s randomis\u00e9s sur l\u2019hom\u00e9opathie individualis\u00e9e"},"content":{"rendered":"<h3><span class=\"accent\">Description du projet<\/span><\/h3>\n<p style=\"font-weight: 400;\">La derni\u00e8re revue syst\u00e9matique des essais contr\u00f4l\u00e9s randomis\u00e9s (ECR) portant sur l\u2019hom\u00e9opathie individualis\u00e9e compar\u00e9e au placebo remonte \u00e0 Mathie <em>et al<\/em>., en 2014. Cette \u00e9tude avait montr\u00e9 que les m\u00e9dicaments hom\u00e9opathiques prescrits de mani\u00e8re individualis\u00e9e avaient 1,5 \u00e0 2 fois plus de chances de produire un effet b\u00e9n\u00e9fique qu\u2019un placebo. Dix ans apr\u00e8s la publication de cette recherche majeure, il \u00e9tait n\u00e9cessaire de mettre \u00e0 jour la revue syst\u00e9matique pour rendre compte du grand nombre d\u2019ECR comparant l\u2019hom\u00e9opathie au placebo men\u00e9s pendant cette p\u00e9riode. C\u2019est l\u2019objectif du projet Mathie Plus, qui vise \u00e0 fournir une \u00e9valuation actualis\u00e9e de l\u2019efficacit\u00e9 de l\u2019hom\u00e9opathie individualis\u00e9e, tant pour le traitement que pour la pr\u00e9vention de toutes les conditions de sant\u00e9.<\/p>\n<h3><span class=\"accent\">Groupe de recherche<\/span><\/h3>\n<ul style=\"font-weight: 400;\">\n<li>Professeur associ\u00e9 Jennifer Hunter, Health Research Group Pty. Limited ; et University of Sydney, Australie.<\/li>\n<li>Professeur L Susan Wieland. Georgetown University School of Medicine ; et Cochrane Complementary Medicine Field, \u00c9tats-Unis<\/li>\n<li>Dr Kate Templeman. Health Research Group Pty Limited ; et Western Sydney University, Australie.<\/li>\n<li>Dr Esther van der Werf. Homeopathy Research Institute, Londres, Royaume-Uni).<\/li>\n<\/ul>\n<h3><span class=\"accent\">La port\u00e9e du projet<\/span><\/h3>\n<p style=\"font-weight: 400;\">L\u2019hom\u00e9opathie est une forme de m\u00e9decine compl\u00e9mentaire et int\u00e9grative largement r\u00e9pandue. Dans sa forme individualis\u00e9e, elle repose sur la prescription d\u2019un traitement personnalis\u00e9, adapt\u00e9 aux sympt\u00f4mes propres \u00e0 chaque patient, g\u00e9n\u00e9ralement apr\u00e8s une consultation avec un praticien qualifi\u00e9. Cette modalit\u00e9 de traitement hom\u00e9opathique \u00e9tant la plus courante en pratique clinique, l\u2019\u00e9valuation des preuves actuelles de son efficacit\u00e9 constitue une priorit\u00e9.<\/p>\n<p><a href=\"https:\/\/www.crd.york.ac.uk\/PROSPERO\/view\/CRD420251026370\" target=\"_blank\" rel=\"noopener\">Prospero<\/a><\/p>\n","protected":false},"excerpt":{"rendered":"<p>Description du projet La derni\u00e8re revue syst\u00e9matique des essais contr\u00f4l\u00e9s randomis\u00e9s (ECR) portant sur l\u2019hom\u00e9opathie individualis\u00e9e compar\u00e9e au placebo remonte \u00e0 Mathie et al., en 2014. Cette \u00e9tude avait montr\u00e9 que les m\u00e9dicaments hom\u00e9opathiques prescrits de mani\u00e8re individualis\u00e9e avaient 1,5 \u00e0 2 fois plus de chances de produire un effet b\u00e9n\u00e9fique qu\u2019un placebo. Dix ans [&hellip;]<\/p>\n","protected":false},"author":3894,"featured_media":0,"parent":16712,"menu_order":0,"comment_status":"closed","ping_status":"closed","template":"","meta":{"footnotes":""},"class_list":["post-40549","page","type-page","status-publish","hentry"],"jetpack_sharing_enabled":true,"_links":{"self":[{"href":"https:\/\/www.hri-research.org\/fr\/wp-json\/wp\/v2\/pages\/40549","targetHints":{"allow":["GET"]}}],"collection":[{"href":"https:\/\/www.hri-research.org\/fr\/wp-json\/wp\/v2\/pages"}],"about":[{"href":"https:\/\/www.hri-research.org\/fr\/wp-json\/wp\/v2\/types\/page"}],"author":[{"embeddable":true,"href":"https:\/\/www.hri-research.org\/fr\/wp-json\/wp\/v2\/users\/3894"}],"replies":[{"embeddable":true,"href":"https:\/\/www.hri-research.org\/fr\/wp-json\/wp\/v2\/comments?post=40549"}],"version-history":[{"count":0,"href":"https:\/\/www.hri-research.org\/fr\/wp-json\/wp\/v2\/pages\/40549\/revisions"}],"up":[{"embeddable":true,"href":"https:\/\/www.hri-research.org\/fr\/wp-json\/wp\/v2\/pages\/16712"}],"wp:attachment":[{"href":"https:\/\/www.hri-research.org\/fr\/wp-json\/wp\/v2\/media?parent=40549"}],"curies":[{"name":"wp","href":"https:\/\/api.w.org\/{rel}","templated":true}]}}