{"id":33203,"date":"2024-08-21T22:43:08","date_gmt":"2024-08-21T22:43:08","guid":{"rendered":"https:\/\/www.hri-research.org\/?page_id=33203"},"modified":"2024-08-21T22:43:08","modified_gmt":"2024-08-21T22:43:08","slug":"securite-du-traitement-homeopathique","status":"publish","type":"page","link":"https:\/\/www.hri-research.org\/fr\/ressources\/des-preuves-essentielles\/securite-du-traitement-homeopathique\/","title":{"rendered":"S\u00e9curit\u00e9 du traitement hom\u00e9opathique"},"content":{"rendered":"<p>Parmi les <strong><a href=\"https:\/\/www.hri-research.org\/wp-content\/uploads\/2024\/03\/HRI_Summary_studies-assessing-safety-of-homeopathic-medicine-FR.pdf\" target=\"_blank\" rel=\"noopener\">12\u00a0grandes \u00e9tudes<\/a> men\u00e9es sur la s\u00e9curit\u00e9 des m\u00e9dicaments hom\u00e9opathiques, 11 ont d\u00e9montr\u00e9 le faible niveau de risque de l\u2019hom\u00e9opathie\u00a0: <\/strong>un \u00e9ditorial<sup><a href=\"https:\/\/www.ncbi.nlm.nih.gov\/pmc\/articles\/PMC1279671\/\" target=\"_blank\" rel=\"noopener\">2<\/a><\/sup>, un audit<sup><a href=\"https:\/\/pubmed.ncbi.nlm.nih.gov\/15532700\/\" target=\"_blank\" rel=\"noopener\">3<\/a><\/sup>, une \u00e9tude prospective<sup><a href=\"https:\/\/pubmed.ncbi.nlm.nih.gov\/16226201\/\" target=\"_blank\" rel=\"noopener\">4<\/a><\/sup>, une \u00e9tude transversale<sup><a href=\"https:\/\/pubmed.ncbi.nlm.nih.gov\/18801188\/\" target=\"_blank\" rel=\"noopener\">5<\/a><\/sup>, un rapport d\u2019organisation\u00a0<sup><a href=\"https:\/\/www.omeopatia.org\/upload\/Image\/my_news\/safety%20homeo.pdf\" target=\"_blank\" rel=\"noopener\">6<\/a><\/sup>, et une analyse bibliographique.<sup><a href=\"https:\/\/pubmed.ncbi.nlm.nih.gov\/32610325\/\" target=\"_blank\" rel=\"noopener\">11<\/a><\/sup> Leur conclusion est que l\u2019hom\u00e9opathie est \u00ab\u2009s\u00fbre\u2009\u00bb. Par ailleurs, parmi six\u00a0<strong><a href=\"#\" class=\"definition\" title=\"qui fournissent une analyse rigoureuse de plusieurs \u00e9tudes\"><\/strong><strong>revues syst\u00e9matiques<\/strong><strong><\/a><\/strong><strong> ), cinq reconnaissent la s\u00e9curit\u00e9 relative du traitement hom\u00e9opathique et consid\u00e8rent que ses effets ind\u00e9sirables sont faibles \u00e0 mod\u00e9r\u00e9s, et de nature transitoire<\/strong><sup><a href=\"https:\/\/pubmed.ncbi.nlm.nih.gov\/10939781\/\" target=\"_blank\" rel=\"noopener\">1<\/a>,<a href=\"https:\/\/link.springer.com\/book\/10.1007\/978-3-642-20638-2\" target=\"_blank\" rel=\"noopener\">7<\/a>,<a href=\"https:\/\/pubmed.ncbi.nlm.nih.gov\/22692862\/\" target=\"_blank\" rel=\"noopener\">9<\/a>,<a href=\"https:\/\/pubmed.ncbi.nlm.nih.gov\/27261996\/\" target=\"_blank\" rel=\"noopener\">10<\/a>,<a href=\"https:\/\/www.sciencedirect.com\/science\/article\/abs\/pii\/S1550830720303797?via%3Dihub\" target=\"_blank\" rel=\"noopener\">12<\/a><\/sup>. Quant \u00e0 la sixi\u00e8me revue syst\u00e9matique<sup><a href=\"https:\/\/pubmed.ncbi.nlm.nih.gov\/23163497\/\" target=\"_blank\" rel=\"noopener\">8<\/a><\/sup>, qui est la seule publication n\u00e9gative, ses conclusions sont si diff\u00e9rentes des autres revues qu\u2019on attribue en g\u00e9n\u00e9ral cet \u00e9cart \u00e0 une m\u00e9thodologie d\u00e9fectueuse.<sup><a href=\"https:\/\/pubmed.ncbi.nlm.nih.gov\/23521335\/\" target=\"_blank\" rel=\"noopener\">13<\/a>,<a href=\"https:\/\/pubmed.ncbi.nlm.nih.gov\/23521332\/\" target=\"_blank\" rel=\"noopener\">14<\/a>,<a href=\"https:\/\/www.ncbi.nlm.nih.gov\/pmc\/articles\/PMC3644864\/\" target=\"_blank\" rel=\"noopener\">15<\/a>,<a href=\"https:\/\/onlinelibrary.wiley.com\/doi\/full\/10.1111\/ijcp.12109\" target=\"_blank\" rel=\"noopener\">16<\/a><\/sup><\/p>\n<p>La revue syst\u00e9matique et m\u00e9ta-analyse la plus r\u00e9cente, \u00e9valuant la s\u00e9curit\u00e9 des m\u00e9dicaments hom\u00e9opathiques<sup><a href=\"https:\/\/www.sciencedirect.com\/science\/article\/abs\/pii\/S1550830720303797?via%3Dihub\" target=\"_blank\" rel=\"noopener\">12<\/a><\/sup>, a conclu :<\/p>\n<blockquote><p>\u201c&#8230;<em>Le taux de pr\u00e9valence d\u2019effets ind\u00e9sirables est significativement plus \u00e9lev\u00e9 chez les patients trait\u00e9s avec des m\u00e9dicaments et des substances v\u00e9g\u00e9tales conventionnelles, que chez les patients trait\u00e9s \u00e0 l\u2019hom\u00e9opathie.<\/em>\u201d<\/p><\/blockquote>\n<p><a href=\"#\" class=\"expand-content button accent-bg\" id=\"69ff405b3af39\"><span class=\"expand-content-more\">R\u00e9f\u00e9rences<\/span><span class=\"expand-content-less\">Moins<\/span><\/a><\/p><div class=\"collapse-content\" id=\"panel-69ff405b3af39\">\n<ol>\n<li>Dantas F, Rampes H. Do homeopathic medicines provoke adverse effects? A systematic review.\u00a0<em>Br Homeopath J,<\/em>\u00a02000;\u00a0<strong>89\u00a0<\/strong>(Suppl 1): S35-8<\/li>\n<li>Kirby BJ. Safety of homeopathic products. <em>J R Soc Med<\/em>, 2002; <strong>95<\/strong>:221-2<\/li>\n<li>Thompson E et al. A preliminary audit investigating remedy reactions including adverse events in routine homeopathic practice. <em>Homeopathy,<\/em> 2004; <strong>93<\/strong>:203-9<\/li>\n<li>Endrizzi C et al Harm in homeopathy: aggravations, adverse drug events or medication errors? <em>Homeopathy<\/em>, 2005; <strong>94<\/strong>:233-40<\/li>\n<li>Marian F et al. Patient satisfaction and side effects in primary care: an observational study comparing homeopathy and conventional medicine<em>. BMC Complement Altern Med<\/em>, 2008; <strong>18<\/strong>:52<\/li>\n<li>The Safety of Homeopathy. Report prepared by the European Council for Classical Homeopathy (ECCH). Jan 2009<\/li>\n<li>Homeopathy in Healthcare: Effectiveness, Appropriateness, Safety, Costs. Gudrun Bornh\u00f6fft &amp; Peter F. Mathiessen (Editors), 2011<\/li>\n<li>Posadzki P et al. Adverse effects of homeopathy: A systematic review of published case reports and case series.\u2019 <em>Int J Clin Pract<\/em>, 2012; <strong>66<\/strong> :1178\u20131188<\/li>\n<li>Jong MC et al. Adverse drug reactions to anthroposophic and homeopathic solutions for injection: a systematic evaluation of German pharmacovigilance databases. <em>Pharmacoepidemiology and Drug Safety<\/em>, 2012; <strong>21<\/strong>:1295-301<\/li>\n<li>Stub T et al. Adverse effects of homeopathy, what do we know? A systematic review and meta-analysis of randomized controlled trials. <em>Complement Ther Med<\/em>, 2016; <strong>26<\/strong>: 146-63<\/li>\n<li>Habs M and Koller M. Material risks of homeopathic medicinal products: a regulatory frameworks, results of preclinical toxicology, and clinical meta-analyses and their implications. <em>Complementary Medicine Research<\/em>, 2021; <strong>28<\/strong>:64-84<\/li>\n<li>Stub T et al. Adverse effects in homeopathy. A systematic review and meta-analysis of observational studies. <em>Explore (NY)<\/em>, 2022; <strong>18<\/strong> :114-128<\/li>\n<li>Tournier A, Roberts ER, Viksveen P. Adverse effects of homeopathy: a systematic review of published case reports and case series &#8211; comment by Tournier et al. <em>Int J Clin Pract<\/em>, 2013; <strong>67<\/strong>: 388-9<\/li>\n<li>Walach H, Lewith G, Jonas W. Can you kill your enemy by giving homeopathy? Lack of rigour and lack of logic in the systematic review by Edzard Ernst and colleagues on adverse effects of homeopathy. <em>Int J Clin Pract<\/em>, 2013; <strong>67<\/strong>: 385-6<\/li>\n<li>Posadzki P, Ernst E. Adverse effects of homeopathy: a systematic review of published case reports and case series &#8211; response by Posadzki and Ernst. <em>Int J Clin Pract,<\/em> 2013; <strong>67<\/strong>: 389<\/li>\n<li>Grimes DR. Can you kill your enemy by giving homeopathy? Response by D. R. Grimes. <em>Int J Clin Pract<\/em>, 2013; <strong>67<\/strong>: 387<\/div><!-- fr --><\/li>\n<\/ol>\n","protected":false},"excerpt":{"rendered":"<p>Parmi les 12\u00a0grandes \u00e9tudes men\u00e9es sur la s\u00e9curit\u00e9 des m\u00e9dicaments hom\u00e9opathiques, 11 ont d\u00e9montr\u00e9 le faible niveau de risque de l\u2019hom\u00e9opathie\u00a0: un \u00e9ditorial2, un audit3, une \u00e9tude prospective4, une \u00e9tude transversale5, un rapport d\u2019organisation\u00a06, et une analyse bibliographique.11 Leur conclusion est que l\u2019hom\u00e9opathie est \u00ab\u2009s\u00fbre\u2009\u00bb. Par ailleurs, parmi six\u00a0 ), cinq reconnaissent la s\u00e9curit\u00e9 relative [&hellip;]<\/p>\n","protected":false},"author":835,"featured_media":0,"parent":17414,"menu_order":0,"comment_status":"closed","ping_status":"closed","template":"","meta":{"footnotes":""},"class_list":["post-33203","page","type-page","status-publish","hentry"],"jetpack_sharing_enabled":true,"_links":{"self":[{"href":"https:\/\/www.hri-research.org\/fr\/wp-json\/wp\/v2\/pages\/33203","targetHints":{"allow":["GET"]}}],"collection":[{"href":"https:\/\/www.hri-research.org\/fr\/wp-json\/wp\/v2\/pages"}],"about":[{"href":"https:\/\/www.hri-research.org\/fr\/wp-json\/wp\/v2\/types\/page"}],"author":[{"embeddable":true,"href":"https:\/\/www.hri-research.org\/fr\/wp-json\/wp\/v2\/users\/835"}],"replies":[{"embeddable":true,"href":"https:\/\/www.hri-research.org\/fr\/wp-json\/wp\/v2\/comments?post=33203"}],"version-history":[{"count":0,"href":"https:\/\/www.hri-research.org\/fr\/wp-json\/wp\/v2\/pages\/33203\/revisions"}],"up":[{"embeddable":true,"href":"https:\/\/www.hri-research.org\/fr\/wp-json\/wp\/v2\/pages\/17414"}],"wp:attachment":[{"href":"https:\/\/www.hri-research.org\/fr\/wp-json\/wp\/v2\/media?parent=33203"}],"curies":[{"name":"wp","href":"https:\/\/api.w.org\/{rel}","templated":true}]}}