{"id":17259,"date":"2020-12-03T15:31:52","date_gmt":"2020-12-03T15:31:52","guid":{"rendered":"https:\/\/www.hri-research.org\/?page_id=17259"},"modified":"2021-10-21T08:55:15","modified_gmt":"2021-10-21T08:55:15","slug":"cartes-de-voeux-collecte-de-fonds","status":"publish","type":"page","link":"https:\/\/www.hri-research.org\/fr\/vos-dons-sont-une-aide-precieuse\/cartes-de-voeux-collecte-de-fonds\/","title":{"rendered":"Cartes de voeux collecte de fonds"},"content":{"rendered":"<h3><span class=\"accent\">Soutenez le travail du HRI avec nos e-Cartes de No\u00ebl et de Nouvel An!<\/span><\/h3>\n<p>Adieu les cartes imprim\u00e9es, les enveloppes et les timbres, bonjour les cartes virtuelles! Nous avons choisi <a href=\"https:\/\/www.dontsendmeacard.com\/charities\/F5dm\">Don\u2019t Send Me A Card<\/a> pour cr\u00e9er une nouvelle initiative qui vous permettra d\u2019envoyer vos v\u0153ux tout en nous permettant de collecter des fonds pour la recherche scientifique dans le domaine de l\u2019hom\u00e9opathie.<\/p>\n<p>Contrairement aux cartes imprim\u00e9es destin\u00e9es \u00e0 b\u00e9n\u00e9ficier les \u0153uvres de bienfaisance, 100% de l&rsquo;argent collect\u00e9 parviendra directement au HRI (Homeopathy Research Institute), et nous pourrons tous, par la m\u00eame occasion, r\u00e9duire le gaspillage environnemental.<\/p>\n<p>Nous esp\u00e9rons que vous trouverez des cartes qui vous plaisent et vous remercions d\u2019avance pour vos dons.<\/p>\n<p><a href=\"https:\/\/www.dontsendmeacard.com\/charities\/F5dm\" target=\"_blank\" rel=\"noopener\"><img loading=\"lazy\" decoding=\"async\" class=\"alignnone size-page_width_image wp-image-20063\" src=\"https:\/\/www.hri-research.org\/wp-content\/uploads\/2021\/10\/HRI-Christmas-2022-520x111.jpg\" alt=\"\" width=\"520\" height=\"111\" srcset=\"https:\/\/www.hri-research.org\/wp-content\/uploads\/2021\/10\/HRI-Christmas-2022-520x111.jpg 520w, https:\/\/www.hri-research.org\/wp-content\/uploads\/2021\/10\/HRI-Christmas-2022-300x64.jpg 300w, https:\/\/www.hri-research.org\/wp-content\/uploads\/2021\/10\/HRI-Christmas-2022-98x21.jpg 98w, https:\/\/www.hri-research.org\/wp-content\/uploads\/2021\/10\/HRI-Christmas-2022-198x42.jpg 198w, https:\/\/www.hri-research.org\/wp-content\/uploads\/2021\/10\/HRI-Christmas-2022-158x34.jpg 158w, https:\/\/www.hri-research.org\/wp-content\/uploads\/2021\/10\/HRI-Christmas-2022-160x34.jpg 160w, https:\/\/www.hri-research.org\/wp-content\/uploads\/2021\/10\/HRI-Christmas-2022.jpg 560w\" sizes=\"auto, (max-width: 520px) 100vw, 520px\" \/><\/a><\/p>\n<p><a href=\"https:\/\/www.dontsendmeacard.com\/charities\/F5dm\" target=\"_blank\" rel=\"noopener noreferrer\">Envoyez vos cartes virtuelles ici!<\/a><\/p>\n<p>Si vous \u00eates un contribuable britannique, n&rsquo;oubliez pas de cocher l&rsquo;option \u2018Gift Aid\u2019 qui vous sera signal\u00e9e lors de votre achat.<\/p>\n<p>Suivez cette page ou <a href=\"https:\/\/us5.list-manage.com\/subscribe?u=bffbb0f5c7e4b6f9db2a53abe&amp;id=fc00bd6337\" target=\"_blank\" rel=\"noopener noreferrer\">inscrivez-vous \u00e0 notre liste de diffusion \u00e9lectronique<\/a> pour rester au courant de toutes les initiatives.<\/p>\n","protected":false},"excerpt":{"rendered":"<p>Soutenez le travail du HRI avec nos e-Cartes de No\u00ebl et de Nouvel An! Adieu les cartes imprim\u00e9es, les enveloppes et les timbres, bonjour les cartes virtuelles! Nous avons choisi Don\u2019t Send Me A Card pour cr\u00e9er une nouvelle initiative qui vous permettra d\u2019envoyer vos v\u0153ux tout en nous permettant de collecter des fonds pour [&hellip;]<\/p>\n","protected":false},"author":835,"featured_media":0,"parent":16744,"menu_order":0,"comment_status":"closed","ping_status":"closed","template":"","meta":{"footnotes":""},"class_list":["post-17259","page","type-page","status-publish","hentry"],"jetpack_sharing_enabled":true,"_links":{"self":[{"href":"https:\/\/www.hri-research.org\/fr\/wp-json\/wp\/v2\/pages\/17259","targetHints":{"allow":["GET"]}}],"collection":[{"href":"https:\/\/www.hri-research.org\/fr\/wp-json\/wp\/v2\/pages"}],"about":[{"href":"https:\/\/www.hri-research.org\/fr\/wp-json\/wp\/v2\/types\/page"}],"author":[{"embeddable":true,"href":"https:\/\/www.hri-research.org\/fr\/wp-json\/wp\/v2\/users\/835"}],"replies":[{"embeddable":true,"href":"https:\/\/www.hri-research.org\/fr\/wp-json\/wp\/v2\/comments?post=17259"}],"version-history":[{"count":0,"href":"https:\/\/www.hri-research.org\/fr\/wp-json\/wp\/v2\/pages\/17259\/revisions"}],"up":[{"embeddable":true,"href":"https:\/\/www.hri-research.org\/fr\/wp-json\/wp\/v2\/pages\/16744"}],"wp:attachment":[{"href":"https:\/\/www.hri-research.org\/fr\/wp-json\/wp\/v2\/media?parent=17259"}],"curies":[{"name":"wp","href":"https:\/\/api.w.org\/{rel}","templated":true}]}}