{"id":16756,"date":"2020-12-03T15:17:05","date_gmt":"2020-12-03T15:17:05","guid":{"rendered":"https:\/\/www.hri-research.org\/?page_id=16756"},"modified":"2020-12-03T15:18:08","modified_gmt":"2020-12-03T15:18:08","slug":"ils-nous-soutiennent","status":"publish","type":"page","link":"https:\/\/www.hri-research.org\/fr\/vos-dons-sont-une-aide-precieuse\/ils-nous-soutiennent\/","title":{"rendered":"Ils nous soutiennent"},"content":{"rendered":"<p>Nous tenons \u00e0 remercier les organisations et les entreprises suivantes, qui ont ajout\u00e9 leur soutien financer \u00e0 celui de notre principal bailleur de fonds, M.\u00a0Charles Wansbrough\u00a0:<\/p>\n<div class=\"icon-text-listing\">\n<div class=\"icon-text-listing-image\">\n<p><img loading=\"lazy\" decoding=\"async\" class=\"alignnone size-right_sidebar_thumb wp-image-14283\" src=\"https:\/\/www.hri-research.org\/wp-content\/uploads\/2020\/05\/blackieft_logo-160x96.jpg\" alt=\"\" width=\"160\" height=\"96\" srcset=\"https:\/\/www.hri-research.org\/wp-content\/uploads\/2020\/05\/blackieft_logo-160x96.jpg 160w, https:\/\/www.hri-research.org\/wp-content\/uploads\/2020\/05\/blackieft_logo-300x180.jpg 300w, https:\/\/www.hri-research.org\/wp-content\/uploads\/2020\/05\/blackieft_logo-98x59.jpg 98w, https:\/\/www.hri-research.org\/wp-content\/uploads\/2020\/05\/blackieft_logo-198x119.jpg 198w, https:\/\/www.hri-research.org\/wp-content\/uploads\/2020\/05\/blackieft_logo-158x95.jpg 158w, https:\/\/www.hri-research.org\/wp-content\/uploads\/2020\/05\/blackieft_logo.jpg 500w\" sizes=\"auto, (max-width: 160px) 100vw, 160px\" \/><\/p>\n<\/div>\n<div class=\"icon-text-listing-text\">\n<p><strong>Le Blackie Foundation Trust<\/strong>\u00a0a \u00e9t\u00e9 fond\u00e9 par le D<sup>r<\/sup> Margery Blackie en 1971, alors qu&rsquo;elle \u00e9tait m\u00e9decin hom\u00e9opathe de la Reine Elizabeth II. Cette fondation soutient les essais de recherche clinique et scientifique sur le mode d&rsquo;action de l&rsquo;hom\u00e9opathie.<\/div>\n<div class=\"clear\"><\/div><\/div>\n<hr class=\"accent-border\" \/>\n<div class=\"icon-text-listing\">\n<div class=\"icon-text-listing-image\">\n<p><a href=\"http:\/\/www.helios.co.uk\/\" target=\"_blank\" rel=\"noopener noreferrer\"><img loading=\"lazy\" decoding=\"async\" class=\"alignnone wp-image-11935\" src=\"https:\/\/www.hri-research.org\/wp-content\/uploads\/2019\/06\/helios_logo_cmyk-160x55.jpg\" alt=\"\" width=\"150\" height=\"52\" srcset=\"https:\/\/www.hri-research.org\/wp-content\/uploads\/2019\/06\/helios_logo_cmyk-160x55.jpg 160w, https:\/\/www.hri-research.org\/wp-content\/uploads\/2019\/06\/helios_logo_cmyk-300x104.jpg 300w, https:\/\/www.hri-research.org\/wp-content\/uploads\/2019\/06\/helios_logo_cmyk-768x265.jpg 768w, https:\/\/www.hri-research.org\/wp-content\/uploads\/2019\/06\/helios_logo_cmyk-1024x354.jpg 1024w, https:\/\/www.hri-research.org\/wp-content\/uploads\/2019\/06\/helios_logo_cmyk-98x34.jpg 98w, https:\/\/www.hri-research.org\/wp-content\/uploads\/2019\/06\/helios_logo_cmyk-198x68.jpg 198w, https:\/\/www.hri-research.org\/wp-content\/uploads\/2019\/06\/helios_logo_cmyk-158x55.jpg 158w, https:\/\/www.hri-research.org\/wp-content\/uploads\/2019\/06\/helios_logo_cmyk-520x180.jpg 520w\" sizes=\"auto, (max-width: 150px) 100vw, 150px\" \/><\/a><\/p>\n<\/div>\n<div class=\"icon-text-listing-text\">\n<p><a href=\"http:\/\/www.helios.co.uk\/\" target=\"_blank\" rel=\"noopener noreferrer\"><b>La pharmacie Helios<\/b><\/a>, cr\u00e9\u00e9e en 1987, est l&rsquo;une des principales pharmacies hom\u00e9opathiques du Royaume-Uni. Elle fournit des rem\u00e8des hom\u00e9opathiques \u00e0 des m\u00e9decins et \u00e0 leurs patients, \u00e0 d&rsquo;autres pharmacies et au grand public du monde entier. Leurs rem\u00e8des sont pr\u00e9par\u00e9s \u00e0 la main selon des principes traditionnels hahnemaniens et la pharmacie recrute des hom\u00e9opathes qualifi\u00e9s dans tout le pays, afin d&rsquo;offrir un environnement de travail unique avec un haut niveau d&rsquo;expertise.<\/p>\n<\/div>\n<div class=\"clear\"><\/div><\/div>\n<hr class=\"accent-border\" \/>\n<div class=\"icon-text-listing\">\n<div class=\"icon-text-listing-image\">\n<p><img loading=\"lazy\" decoding=\"async\" class=\"alignnone size-right_sidebar_thumb wp-image-14342\" src=\"https:\/\/www.hri-research.org\/wp-content\/uploads\/2020\/06\/Homeopathy-UK-logo-stacked-160x113.png\" alt=\"\" width=\"160\" height=\"113\" srcset=\"https:\/\/www.hri-research.org\/wp-content\/uploads\/2020\/06\/Homeopathy-UK-logo-stacked-160x113.png 160w, https:\/\/www.hri-research.org\/wp-content\/uploads\/2020\/06\/Homeopathy-UK-logo-stacked-300x212.png 300w, https:\/\/www.hri-research.org\/wp-content\/uploads\/2020\/06\/Homeopathy-UK-logo-stacked-98x69.png 98w, https:\/\/www.hri-research.org\/wp-content\/uploads\/2020\/06\/Homeopathy-UK-logo-stacked-198x140.png 198w, https:\/\/www.hri-research.org\/wp-content\/uploads\/2020\/06\/Homeopathy-UK-logo-stacked-158x112.png 158w, https:\/\/www.hri-research.org\/wp-content\/uploads\/2020\/06\/Homeopathy-UK-logo-stacked-520x368.png 520w, https:\/\/www.hri-research.org\/wp-content\/uploads\/2020\/06\/Homeopathy-UK-logo-stacked.png 640w\" sizes=\"auto, (max-width: 160px) 100vw, 160px\" \/><\/p>\n<\/div>\n<div class=\"icon-text-listing-text\">\n<p><b><a href=\"http:\/\/homeopathy-uk.org\" target=\"_blank\" rel=\"noopener noreferrer\">Homeopathy UK<\/a><\/b>a pour mission de promouvoir l&rsquo;exercice de l&rsquo;hom\u00e9opathie par les m\u00e9decins et les autres professionnels de la sant\u00e9. Cet organisme croit fermement que l&rsquo;hom\u00e9opathie doit \u00eatre pleinement int\u00e9gr\u00e9e au syst\u00e8me de sant\u00e9 public et accessible \u00e0 tous.\u00a0Fond\u00e9e en 1902, cette organisation caritative est connue pour fournir des informations fiables et soutenir la recherche et la formation en hom\u00e9opathie.<\/p>\n<\/div>\n<div class=\"clear\"><\/div><\/div>\n<hr class=\"accent-border\" \/>\n<div class=\"icon-text-listing\">\n<div class=\"icon-text-listing-image\">\n<p><a href=\"http:\/\/www.homeopathyhongkong.org\/\" target=\"_blank\" rel=\"noopener noreferrer\"><img loading=\"lazy\" decoding=\"async\" class=\"alignnone wp-image-12292\" src=\"https:\/\/www.hri-research.org\/wp-content\/uploads\/2019\/07\/HKAH-logo-2017-160x55.jpg\" alt=\"\" width=\"150\" height=\"52\" srcset=\"https:\/\/www.hri-research.org\/wp-content\/uploads\/2019\/07\/HKAH-logo-2017-160x55.jpg 160w, https:\/\/www.hri-research.org\/wp-content\/uploads\/2019\/07\/HKAH-logo-2017-300x104.jpg 300w, https:\/\/www.hri-research.org\/wp-content\/uploads\/2019\/07\/HKAH-logo-2017-768x265.jpg 768w, https:\/\/www.hri-research.org\/wp-content\/uploads\/2019\/07\/HKAH-logo-2017-1024x354.jpg 1024w, https:\/\/www.hri-research.org\/wp-content\/uploads\/2019\/07\/HKAH-logo-2017-98x34.jpg 98w, https:\/\/www.hri-research.org\/wp-content\/uploads\/2019\/07\/HKAH-logo-2017-198x68.jpg 198w, https:\/\/www.hri-research.org\/wp-content\/uploads\/2019\/07\/HKAH-logo-2017-158x55.jpg 158w, https:\/\/www.hri-research.org\/wp-content\/uploads\/2019\/07\/HKAH-logo-2017-520x180.jpg 520w\" sizes=\"auto, (max-width: 150px) 100vw, 150px\" \/><\/a><\/p>\n<\/div>\n<div class=\"icon-text-listing-text\">\n<p><strong><a href=\"http:\/\/www.homeopathyhongkong.org\/\" target=\"_blank\" rel=\"noopener noreferrer\">L&rsquo;Association d&rsquo;hom\u00e9opathie de Hong Kong <\/a> <\/strong>a \u00e9t\u00e9 cr\u00e9\u00e9e en 2005. Ses engagements\u00a0: promouvoir le concept d&rsquo;hom\u00e9opathie classique, r\u00e9pandre la formation et l&rsquo;\u00e9thique professionnelle, d\u00e9fendre l&rsquo;\u00e9tablissement d&rsquo;un syst\u00e8me solide d&rsquo;enregistrement et de r\u00e9glementation de l&rsquo;hom\u00e9opathie, soutenir la Grande Chine, assurer la qualit\u00e9 g\u00e9n\u00e9rale de l&rsquo;hom\u00e9opathie \u00e0 Hong Kong et accro\u00eetre la conscience sociale et l&rsquo;image de l&rsquo;hom\u00e9opathie, dans le cadre de la mission\u00a0<strong>\u00ab\u00a0l&rsquo;hom\u00e9opathie pour tous\u00a0\u00bb<\/strong>.<\/p>\n<\/div>\n<div class=\"clear\"><\/div><\/div>\n<hr class=\"accent-border\" \/>\n<div class=\"icon-text-listing\">\n<div class=\"icon-text-listing-image\">\n<p><a href=\"http:\/\/www.living-homeopathy.com\/eng\/home.html\" target=\"_blank\" rel=\"noopener noreferrer\"><img loading=\"lazy\" decoding=\"async\" class=\"alignnone wp-image-2885\" src=\"https:\/\/www.hri-research.org\/wp-content\/uploads\/2014\/04\/logo-160x91.png\" alt=\"\" width=\"150\" height=\"86\" srcset=\"https:\/\/www.hri-research.org\/wp-content\/uploads\/2014\/04\/logo-160x91.png 160w, https:\/\/www.hri-research.org\/wp-content\/uploads\/2014\/04\/logo-300x172.png 300w, https:\/\/www.hri-research.org\/wp-content\/uploads\/2014\/04\/logo-98x56.png 98w, https:\/\/www.hri-research.org\/wp-content\/uploads\/2014\/04\/logo-198x113.png 198w, https:\/\/www.hri-research.org\/wp-content\/uploads\/2014\/04\/logo-158x90.png 158w, https:\/\/www.hri-research.org\/wp-content\/uploads\/2014\/04\/logo-520x298.png 520w, https:\/\/www.hri-research.org\/wp-content\/uploads\/2014\/04\/logo.png 780w\" sizes=\"auto, (max-width: 150px) 100vw, 150px\" \/><\/a><\/p>\n<\/div>\n<div class=\"icon-text-listing-text\">\n<p><a href=\"http:\/\/www.living-homeopathy.com\/eng\/home.html\" target=\"_blank\" rel=\"noopener noreferrer\"><strong>Living Homeopathy<\/strong><\/a> a \u00e9t\u00e9 fond\u00e9e en 1994 par le professeur Aaron To Ka Lun. Sa mission : promouvoir l&rsquo;exercice de l&rsquo;hom\u00e9opathie classique, expliciter les concepts de la m\u00e9decine holistique et r\u00e9orienter les patients vers la voie de la sant\u00e9 physique, \u00e9motionnelle et spirituelle.<\/div>\n<div class=\"clear\"><\/div><\/div>\n<hr class=\"accent-border\" \/>\n<div class=\"icon-text-listing\">\n<div class=\"icon-text-listing-image\">\n<p><img loading=\"lazy\" decoding=\"async\" class=\"alignnone wp-image-589\" src=\"https:\/\/www.hri-research.org\/wp-content\/uploads\/2014\/04\/SchoolofHomeopathy_logo-e1586341441140.png\" alt=\"\" width=\"150\" height=\"62\" \/><\/p>\n<\/div>\n<div class=\"icon-text-listing-text\">\n<p><a href=\"http:\/\/www.homeopathyschool.com\/\" target=\"_blank\" rel=\"noopener noreferrer\"><b>The School of Homeopathy<\/b><\/a>, cr\u00e9\u00e9e en 1981, rassemble des \u00e9tudiants de plus de 50\u00a0pays autour d&rsquo;un programme d&rsquo;\u00e9tudes complet et qui a fait ses preuves. Engag\u00e9e en faveur de la progression de l&rsquo;hom\u00e9opathie et de sa diffusion au plus haut niveau, l&rsquo;\u00e9cole s&rsquo;est \u00e9rig\u00e9e en r\u00e9f\u00e9rence internationale gr\u00e2ce \u00e0 la formation de pointe qu&rsquo;elle offre. L&rsquo;\u00e9cole est pleinement reconnue par la <em>Society of Homeopaths<\/em>.<\/p>\n<\/div>\n<div class=\"clear\"><\/div><\/div>\n<hr class=\"accent-border\" \/>\n<p>&nbsp;<\/p>\n<p>&nbsp;<\/p>\n","protected":false},"excerpt":{"rendered":"<p>Nous tenons \u00e0 remercier les organisations et les entreprises suivantes, qui ont ajout\u00e9 leur soutien financer \u00e0 celui de notre principal bailleur de fonds, M.\u00a0Charles Wansbrough\u00a0: &nbsp; &nbsp;<\/p>\n","protected":false},"author":835,"featured_media":0,"parent":16744,"menu_order":0,"comment_status":"closed","ping_status":"closed","template":"","meta":{"footnotes":""},"class_list":["post-16756","page","type-page","status-publish","hentry"],"jetpack_sharing_enabled":true,"_links":{"self":[{"href":"https:\/\/www.hri-research.org\/fr\/wp-json\/wp\/v2\/pages\/16756","targetHints":{"allow":["GET"]}}],"collection":[{"href":"https:\/\/www.hri-research.org\/fr\/wp-json\/wp\/v2\/pages"}],"about":[{"href":"https:\/\/www.hri-research.org\/fr\/wp-json\/wp\/v2\/types\/page"}],"author":[{"embeddable":true,"href":"https:\/\/www.hri-research.org\/fr\/wp-json\/wp\/v2\/users\/835"}],"replies":[{"embeddable":true,"href":"https:\/\/www.hri-research.org\/fr\/wp-json\/wp\/v2\/comments?post=16756"}],"version-history":[{"count":0,"href":"https:\/\/www.hri-research.org\/fr\/wp-json\/wp\/v2\/pages\/16756\/revisions"}],"up":[{"embeddable":true,"href":"https:\/\/www.hri-research.org\/fr\/wp-json\/wp\/v2\/pages\/16744"}],"wp:attachment":[{"href":"https:\/\/www.hri-research.org\/fr\/wp-json\/wp\/v2\/media?parent=16756"}],"curies":[{"name":"wp","href":"https:\/\/api.w.org\/{rel}","templated":true}]}}