{"id":16753,"date":"2020-12-03T15:08:38","date_gmt":"2020-12-03T15:08:38","guid":{"rendered":"https:\/\/www.hri-research.org\/?page_id=16753"},"modified":"2020-12-07T16:29:49","modified_gmt":"2020-12-07T16:29:49","slug":"collecte-de-fonds-pour-hri","status":"publish","type":"page","link":"https:\/\/www.hri-research.org\/fr\/vos-dons-sont-une-aide-precieuse\/collecte-de-fonds-pour-hri\/","title":{"rendered":"Collecte de fonds pour HRI"},"content":{"rendered":"<p>Vous avez plusieurs fa\u00e7ons de soutenir le travail du HRI\u00a0: en faisant des achats en ligne, en participant \u00e0 une collecte de fonds ou en rejoignant notre banque de volontaires.<\/p>\n<table>\n<tbody>\n<tr>\n<td><a href=\"https:\/\/www.hri-research.org\/fr\/vos-dons-sont-une-aide-precieuse\/collecte-de-fonds-pour-hri\/shop-and-donate\/\" target=\"_blank\" rel=\"noopener noreferrer\"><img loading=\"lazy\" decoding=\"async\" class=\"alignnone wp-image-16405 size-thumbnail\" src=\"https:\/\/www.hri-research.org\/wp-content\/uploads\/2020\/10\/Shop_donate-e1603281621708-150x150.jpg\" alt=\"\" width=\"150\" height=\"150\" srcset=\"https:\/\/www.hri-research.org\/wp-content\/uploads\/2020\/10\/Shop_donate-e1603281621708-150x150.jpg 150w, https:\/\/www.hri-research.org\/wp-content\/uploads\/2020\/10\/Shop_donate-e1603281621708-300x300.jpg 300w, https:\/\/www.hri-research.org\/wp-content\/uploads\/2020\/10\/Shop_donate-e1603281621708-1024x1024.jpg 1024w, https:\/\/www.hri-research.org\/wp-content\/uploads\/2020\/10\/Shop_donate-e1603281621708-768x768.jpg 768w, https:\/\/www.hri-research.org\/wp-content\/uploads\/2020\/10\/Shop_donate-e1603281621708-98x98.jpg 98w, https:\/\/www.hri-research.org\/wp-content\/uploads\/2020\/10\/Shop_donate-e1603281621708-198x198.jpg 198w, https:\/\/www.hri-research.org\/wp-content\/uploads\/2020\/10\/Shop_donate-e1603281621708-158x158.jpg 158w, https:\/\/www.hri-research.org\/wp-content\/uploads\/2020\/10\/Shop_donate-e1603281621708-160x160.jpg 160w, https:\/\/www.hri-research.org\/wp-content\/uploads\/2020\/10\/Shop_donate-e1603281621708-520x520.jpg 520w, https:\/\/www.hri-research.org\/wp-content\/uploads\/2020\/10\/Shop_donate-e1603281621708.jpg 1080w\" sizes=\"auto, (max-width: 150px) 100vw, 150px\" \/><\/a><\/td>\n<td>\n<h3><span class=\"no-underline\"><a href=\"https:\/\/www.hri-research.org\/fr\/vos-dons-sont-une-aide-precieuse\/collecte-de-fonds-pour-hri\/shop-and-donate\/\" target=\"_blank\" rel=\"noopener noreferrer\">Acheter et faire un don<\/a> (Anglais)<\/span><\/h3>\n<p><em>Collectez des fonds pour HRI lorsque vous magasinez en ligne<\/em><\/td>\n<\/tr>\n<tr>\n<td><a href=\"https:\/\/www.hri-research.org\/fr\/activites-de-collecte-de-fonds\/\" target=\"_blank\" rel=\"noopener noreferrer\"><img loading=\"lazy\" decoding=\"async\" class=\"alignnone wp-image-16418 size-thumbnail\" src=\"https:\/\/www.hri-research.org\/wp-content\/uploads\/2020\/10\/dreamstime_m_36184395-150x150.jpg\" alt=\"\" width=\"150\" height=\"150\" srcset=\"https:\/\/www.hri-research.org\/wp-content\/uploads\/2020\/10\/dreamstime_m_36184395-150x150.jpg 150w, https:\/\/www.hri-research.org\/wp-content\/uploads\/2020\/10\/dreamstime_m_36184395-300x300.jpg 300w, https:\/\/www.hri-research.org\/wp-content\/uploads\/2020\/10\/dreamstime_m_36184395-1024x1024.jpg 1024w, https:\/\/www.hri-research.org\/wp-content\/uploads\/2020\/10\/dreamstime_m_36184395-768x768.jpg 768w, https:\/\/www.hri-research.org\/wp-content\/uploads\/2020\/10\/dreamstime_m_36184395-1536x1536.jpg 1536w, https:\/\/www.hri-research.org\/wp-content\/uploads\/2020\/10\/dreamstime_m_36184395-98x98.jpg 98w, https:\/\/www.hri-research.org\/wp-content\/uploads\/2020\/10\/dreamstime_m_36184395-198x198.jpg 198w, https:\/\/www.hri-research.org\/wp-content\/uploads\/2020\/10\/dreamstime_m_36184395-158x158.jpg 158w, https:\/\/www.hri-research.org\/wp-content\/uploads\/2020\/10\/dreamstime_m_36184395-160x160.jpg 160w, https:\/\/www.hri-research.org\/wp-content\/uploads\/2020\/10\/dreamstime_m_36184395-520x520.jpg 520w, https:\/\/www.hri-research.org\/wp-content\/uploads\/2020\/10\/dreamstime_m_36184395.jpg 1732w\" sizes=\"auto, (max-width: 150px) 100vw, 150px\" \/><\/a><\/td>\n<td>\n<h3><span class=\"no-underline\"><a href=\"https:\/\/www.hri-research.org\/fr\/activites-de-collecte-de-fonds\/\" target=\"_blank\" rel=\"noopener noreferrer\">Id\u00e9es pour la lev\u00e9e de fonds<\/a><\/span><\/h3>\n<p><em>Vous avez plusieurs fa\u00e7ons de soutenir le travail du HRI<\/em><\/td>\n<\/tr>\n<tr>\n<td><a href=\"https:\/\/www.hri-research.org\/fr\/vos-dons-sont-une-aide-precieuse\/collecte-de-fonds-precedente\/\" target=\"_blank\" rel=\"noopener noreferrer\"><img loading=\"lazy\" decoding=\"async\" class=\"alignnone wp-image-16430 size-thumbnail\" src=\"https:\/\/www.hri-research.org\/wp-content\/uploads\/2020\/10\/people-bank-150x150.jpg\" alt=\"\" width=\"150\" height=\"150\" \/><\/a><\/td>\n<td>\n<h3><span class=\"no-underline\"><a href=\"https:\/\/www.hri-research.org\/fr\/vos-dons-sont-une-aide-precieuse\/collecte-de-fonds-precedente\/\" target=\"_blank\" rel=\"noopener noreferrer\">Collecte de fonds pr\u00e9c\u00e9dente<\/a><\/span><\/h3>\n<p><em>\u00c9v\u00e9nements d\u00e9j\u00e0 organis\u00e9s pour lever des fonds<\/em><\/td>\n<\/tr>\n<\/tbody>\n<\/table>\n<p>&nbsp;<\/p>\n","protected":false},"excerpt":{"rendered":"<p>Vous avez plusieurs fa\u00e7ons de soutenir le travail du HRI\u00a0: en faisant des achats en ligne, en participant \u00e0 une collecte de fonds ou en rejoignant notre banque de volontaires. Acheter et faire un don (Anglais) Collectez des fonds pour HRI lorsque vous magasinez en ligne Id\u00e9es pour la lev\u00e9e de fonds Vous avez plusieurs [&hellip;]<\/p>\n","protected":false},"author":835,"featured_media":0,"parent":16744,"menu_order":0,"comment_status":"closed","ping_status":"closed","template":"","meta":{"footnotes":""},"class_list":["post-16753","page","type-page","status-publish","hentry"],"jetpack_sharing_enabled":true,"_links":{"self":[{"href":"https:\/\/www.hri-research.org\/fr\/wp-json\/wp\/v2\/pages\/16753","targetHints":{"allow":["GET"]}}],"collection":[{"href":"https:\/\/www.hri-research.org\/fr\/wp-json\/wp\/v2\/pages"}],"about":[{"href":"https:\/\/www.hri-research.org\/fr\/wp-json\/wp\/v2\/types\/page"}],"author":[{"embeddable":true,"href":"https:\/\/www.hri-research.org\/fr\/wp-json\/wp\/v2\/users\/835"}],"replies":[{"embeddable":true,"href":"https:\/\/www.hri-research.org\/fr\/wp-json\/wp\/v2\/comments?post=16753"}],"version-history":[{"count":0,"href":"https:\/\/www.hri-research.org\/fr\/wp-json\/wp\/v2\/pages\/16753\/revisions"}],"up":[{"embeddable":true,"href":"https:\/\/www.hri-research.org\/fr\/wp-json\/wp\/v2\/pages\/16744"}],"wp:attachment":[{"href":"https:\/\/www.hri-research.org\/fr\/wp-json\/wp\/v2\/media?parent=16753"}],"curies":[{"name":"wp","href":"https:\/\/api.w.org\/{rel}","templated":true}]}}