{"id":16741,"date":"2020-12-04T14:30:31","date_gmt":"2020-12-04T14:30:31","guid":{"rendered":"https:\/\/www.hri-research.org\/?page_id=16741"},"modified":"2020-12-04T14:30:51","modified_gmt":"2020-12-04T14:30:51","slug":"etude-pilote-sii","status":"publish","type":"page","link":"https:\/\/www.hri-research.org\/fr\/recherche-hri\/projets-acheves\/etude-pilote-sii\/","title":{"rendered":"\u00c9tude pilote SII"},"content":{"rendered":"<h3><a title=\"Peckham E. J., et al., Interim results of a randomised controlled trial of homeopathic treatment for irritable bowel syndrome, Homeopathy (2014)\" href=\"http:\/\/www.ncbi.nlm.nih.gov\/pubmed\/24931748\" target=\"_blank\" rel=\"noopener noreferrer\">L&rsquo;\u00e9tude HIBS<\/a> &#8211; une \u00e9tude pilote sur le traitement hom\u00e9opathique du syndrome de l&rsquo;intestin irritable<\/h3>\n<p>Responsable de la recherche \u2013 Dr K Kapil<br \/>\nLa collecte des donn\u00e9es s&rsquo;est achev\u00e9e en d\u00e9cembre 2013<\/p>\n<p>On entend souvent dire que l&rsquo;am\u00e9lioration constat\u00e9e par les patients sous traitement hom\u00e9opathique est due au temps et \u00e0 l&rsquo;attention qu&rsquo;ils re\u00e7oivent lors de la consultation avec l&rsquo;hom\u00e9opathe. D&rsquo;autres affirment qu&rsquo;elle est due \u00e0 l&rsquo;effet th\u00e9rapeutique des m\u00e9dicaments hom\u00e9opathiques. Pour tenter de trancher la question, des chercheurs des universit\u00e9s de Leeds et de Sheffield ont travaill\u00e9 avec des m\u00e9decins et des patients de l&rsquo;h\u00f4pital Barnsley, au Royaume-Uni.<\/p>\n<p>Cet essai novateur, qui a r\u00e9uni plus de 100\u00a0participants, a compar\u00e9 trois groupes de patients\u00a0: le premier recevant les soins habituels, le deuxi\u00e8me les soins habituels plus une s\u00e9ance \u00ab\u00a0d&rsquo;\u00e9coute et d&rsquo;accompagnement\u00a0\u00bb, et le troisi\u00e8me les soins habituels plus un traitement d&rsquo;hom\u00e9opathie. L&rsquo;objectif \u00e9tait d&rsquo;\u00e9valuer s\u00e9par\u00e9ment l&rsquo;influence de la consultation hom\u00e9opathique et du m\u00e9dicament hom\u00e9opathique.<\/p>\n<p><span style=\"line-height: 1.5em;\"><div class=\"highlight-box accent-border\"><\/span><\/p>\n<p><b>Voici les observations initiales:<\/b><\/p>\n<ul>\n<li>Les patients du groupe soins conventionnels + hom\u00e9opathie se sont davantage am\u00e9lior\u00e9s que les patients recevant uniquement des soins conventionnels<\/li>\n<li>Les patients du groupe soins conventionnels + hom\u00e9opathie se sont am\u00e9lior\u00e9s davantage que les patients recevant une s\u00e9ance \u00ab\u00a0d&rsquo;\u00e9coute et d&rsquo;accompagnement\u00a0\u00bb, ce qui sugg\u00e8re que les am\u00e9liorations constat\u00e9es dans le groupe hom\u00e9opathie ne peuvent pas \u00eatre uniquement attribu\u00e9es aux effets th\u00e9rapeutiques du temps et de l&rsquo;attention accord\u00e9s au patient pendant la consultation<\/li>\n<li>Bien que cette \u00e9tude pilote sugg\u00e8re un b\u00e9n\u00e9fice clinique du traitement hom\u00e9opathique individualis\u00e9, attribuable au moins en partie aux m\u00e9dicaments hom\u00e9opathiques prescrits, le nombre de patients impliqu\u00e9s \u00e9tait trop faible pour obtenir un r\u00e9sultat statistiquement significatif. Il n&rsquo;est donc pas possible de tirer des conclusions fermes<\/li>\n<\/ul>\n<\/div><\/p>\n<p><strong>Au vu des <\/strong><a href=\"https:\/\/www.ncbi.nlm.nih.gov\/pubmed\/24931748\" target=\"_blank\" rel=\"noopener noreferrer\"><strong>r\u00e9sultats positifs de cette \u00e9tude pilote<\/strong><\/a><strong>, une recherche plus approfondie, bas\u00e9e sur un essai \u00e0 plus grande \u00e9chelle avec un nombre de participants suffisant pour obtenir des conclusions fermes, semble justifi\u00e9e.<\/strong><\/p>\n<p>Peter Whorwell, professeur de m\u00e9decine et de gastroent\u00e9rologie \u00e0 l&rsquo;universit\u00e9 de Manchester, qui a particip\u00e9 \u00e0 la conception de cette \u00e9tude, explique sa pertinence clinique\u00a0:<\/p>\n<blockquote><p>\u00ab<em>\u00a0Le<\/em> <em>SII reste une maladie extr\u00eamement difficile \u00e0 traiter et comme les m\u00e9dicaments actuels ne sont pas toujours efficaces, de nombreux patients se tournent vers des approches alternatives. Il est donc important de savoir si l&rsquo;une de ces approches pr\u00e9sente un int\u00e9r\u00eat, en mettant de c\u00f4t\u00e9 les pr\u00e9jug\u00e9s et en encourageant la conduite d&rsquo;essais de qualit\u00e9 sur ces options de traitement.\u00a0\u00bb<\/em><\/p><\/blockquote>\n<p>Le HRI est fier d&rsquo;avoir contribu\u00e9 au financement de ce projet. Alors que l&rsquo;hom\u00e9opathie continue d&rsquo;\u00eatre critiqu\u00e9e en raison du manque de qualit\u00e9 des donn\u00e9es probantes, c&rsquo;est pr\u00e9cis\u00e9ment le type de recherche dont on a besoin\u00a0: une \u00e9quipe d&rsquo;experts rassemblant des hom\u00e9opathes professionnels, des gastroent\u00e9rologues et des chercheurs pour mener des recherches scientifiques rigoureuses au sein du syst\u00e8me de sant\u00e9 publique.<\/p>\n<p>Suite au succ\u00e8s de l&rsquo;essai HIBS, son responsable, Jackie Raw, d\u00e9veloppe actuellement un projet d&rsquo;\u00e9valuation du service SII au sein du m\u00eame h\u00f4pital, avec le soutien du HRI.<\/p>\n<p><a href=\"#\" class=\"expand-content\" id=\"69ded538500c8\"><span class=\"expand-content-more\">Plus<\/span><span class=\"expand-content-less\">Moins<\/span><\/a><\/p><div class=\"collapse-content\" id=\"panel-69ded538500c8\">\n<p>Les r\u00e9sultats ont \u00e9t\u00e9 mesur\u00e9s avec l&rsquo;outil IBS SSS (score de gravit\u00e9 des sympt\u00f4mes du SII). Les r\u00e9sultats sont les suivants\u00a0: hom\u00e9opathie (baisse de 50 points\u00a0: 62,5\u00a0%, hausse de 50 points\u00a0: 18,8\u00a0%)\u00a0; s\u00e9ance d&rsquo;accompagnement (baisse de 50 points\u00a0: 38,9\u00a0%, hausse de 50 points\u00a0: 16,7\u00a0%)\u00a0; soins habituels (baisse de 50 points\u00a0: 25\u00a0%, hausse de 50 points\u00a0: 18,3\u00a0%).<\/p>\n<p><strong>Responsable de la recherche<br \/>\n<\/strong><b><\/b>Dr K Kapur \u2013 gastro-ent\u00e9rologue \u00e0 l&rsquo;h\u00f4pital Barnsley<\/p>\n<p><strong>\u00c9quipe de recherche<br \/>\n<\/strong><b><\/b>Dr E Said \u2013 Registrar Gastroenterology<br \/>\nMrs J Raw \u2013 Registered Homeopath<br \/>\nMrs C Walters \u2013 Registered Homeopath<br \/>\nDr C Relton \u2013 Research Fellow, School of Healthcare, University of Sheffield, Registered Homeopath<br \/>\nMs Emily Peckham \u2013 PhD student, School of Healthcare, University of Leeds<br \/>\nProfessor K Thomas \u2013 School of Healthcare, University of Leeds<br \/>\nDr CM Smith \u2013 Research Fellow in Acute Care, Barnsley Hospital NHS Foundation Trust<br \/>\nMiss E Goodwin \u2013 Acting Research Fellow, Barnsley Hospital NHS Foundation Trust<br \/>\nMrs Bowen \u2013 Patient Representative<\/p>\n<\/div><!-- fr -->\n<h3>Publications sur ce projet<\/h3>\n<p>Les r\u00e9sultats pr\u00e9liminaires du projet ont \u00e9t\u00e9 pr\u00e9sent\u00e9s lors de la premi\u00e8re conf\u00e9rence internationale de recherche en hom\u00e9opathie du HRI \u00e0 Barcelone en 2013 | <a href=\"https:\/\/www.hri-research.org\/wp-content\/uploads\/2014\/03\/Peckham-et.-al._Exploring-the-effectiveness-of-homeopathic-treatment-for-IBSabstract.pdf\" target=\"_blank\" rel=\"noopener noreferrer\">R\u00e9sum\u00e9<\/a><\/p>\n<p><span style=\"line-height: 1.5em;\"><strong><span class=\"no-underline\"><a href=\"http:\/\/www.ncbi.nlm.nih.gov\/pubmed\/24931748\" target=\"_blank\" rel=\"noopener noreferrer\">Interim results of a randomised controlled trial of homeopathic treatment for irritable bowel syndrome<\/a><\/span><\/strong><br \/>\nPeckham EJ, Relton C, Raw J, Walters C, Thomas K, Smith C, Kapur K, Said E.<br \/>\n<em>Homeopathy 2014, Jul;103(3):172-7<\/em><\/span><\/p>\n<p><span style=\"line-height: 1.5em;\"><span class=\"open-access\">Open Access<\/span>\u00a0<\/span><span class=\"no-underline\"><b style=\"line-height: 1.5em;\"><a href=\"http:\/\/www.biomedcentral.com\/1472-6882\/12\/212\" target=\"_blank\" rel=\"noopener noreferrer\">A protocol for a trial of homeopathic treatment for irritable bowel syndrome<br \/>\n<\/a><\/b><\/span>Peckham EJ, Relton C, Raw J, Walters C, Thomas K, Smith C.<br \/>\n<em>BMC Complement Altern Med.<span style=\"line-height: 1.5em;\"> 2012 Nov 6;12:212<\/span><\/em><\/p>\n","protected":false},"excerpt":{"rendered":"<p>L&rsquo;\u00e9tude HIBS &#8211; une \u00e9tude pilote sur le traitement hom\u00e9opathique du syndrome de l&rsquo;intestin irritable Responsable de la recherche \u2013 Dr K Kapil La collecte des donn\u00e9es s&rsquo;est achev\u00e9e en d\u00e9cembre 2013 On entend souvent dire que l&rsquo;am\u00e9lioration constat\u00e9e par les patients sous traitement hom\u00e9opathique est due au temps et \u00e0 l&rsquo;attention qu&rsquo;ils re\u00e7oivent lors [&hellip;]<\/p>\n","protected":false},"author":835,"featured_media":0,"parent":16737,"menu_order":0,"comment_status":"closed","ping_status":"closed","template":"","meta":{"footnotes":""},"class_list":["post-16741","page","type-page","status-publish","hentry"],"jetpack_sharing_enabled":true,"_links":{"self":[{"href":"https:\/\/www.hri-research.org\/fr\/wp-json\/wp\/v2\/pages\/16741","targetHints":{"allow":["GET"]}}],"collection":[{"href":"https:\/\/www.hri-research.org\/fr\/wp-json\/wp\/v2\/pages"}],"about":[{"href":"https:\/\/www.hri-research.org\/fr\/wp-json\/wp\/v2\/types\/page"}],"author":[{"embeddable":true,"href":"https:\/\/www.hri-research.org\/fr\/wp-json\/wp\/v2\/users\/835"}],"replies":[{"embeddable":true,"href":"https:\/\/www.hri-research.org\/fr\/wp-json\/wp\/v2\/comments?post=16741"}],"version-history":[{"count":0,"href":"https:\/\/www.hri-research.org\/fr\/wp-json\/wp\/v2\/pages\/16741\/revisions"}],"up":[{"embeddable":true,"href":"https:\/\/www.hri-research.org\/fr\/wp-json\/wp\/v2\/pages\/16737"}],"wp:attachment":[{"href":"https:\/\/www.hri-research.org\/fr\/wp-json\/wp\/v2\/media?parent=16741"}],"curies":[{"name":"wp","href":"https:\/\/api.w.org\/{rel}","templated":true}]}}