{"id":16740,"date":"2020-12-04T13:43:26","date_gmt":"2020-12-04T13:43:26","guid":{"rendered":"https:\/\/www.hri-research.org\/?page_id=16740"},"modified":"2020-12-09T11:31:47","modified_gmt":"2020-12-09T11:31:47","slug":"series-de-cas-tdah","status":"publish","type":"page","link":"https:\/\/www.hri-research.org\/fr\/recherche-hri\/projets-acheves\/series-de-cas-tdah\/","title":{"rendered":"S\u00e9ries de cas TDAH"},"content":{"rendered":"<h3>Suivi de 20 enfants atteints d&rsquo;un trouble d\u00e9ficitaire de l&rsquo;attention\/hyperactivit\u00e9 recevant un traitement hom\u00e9opathique pendant un an<\/h3>\n<p>Chercheur &#8211; D<sup>r<\/sup> Philippa Fibert<br \/>\nAchev\u00e9 en 2012<\/p>\n<div class=\"highlight-box accent-border\">\n<p><b>R\u00e9sultats<\/b><\/p>\n<ul>\n<li>Les enfants atteints de TDAH qui ont re\u00e7u un traitement hom\u00e9opathique pendant un an en plus des soins conventionnels se sont davantage am\u00e9lior\u00e9s que les enfants qui n&rsquo;ont re\u00e7u que des soins conventionnels<\/li>\n<li>Les enfants qui ont b\u00e9n\u00e9fici\u00e9 de l&rsquo;hom\u00e9opathie ont continu\u00e9 \u00e0 s&rsquo;am\u00e9liorer pendant au moins un an apr\u00e8s le traitement<\/div><\/li>\n<\/ul>\n<p><span class=\"embed-youtube\" style=\"text-align:center; display: block;\"><iframe loading=\"lazy\" class=\"youtube-player\" width=\"520\" height=\"293\" src=\"https:\/\/www.youtube.com\/embed\/qIFdMbz_Nu4?version=3&#038;rel=1&#038;showsearch=0&#038;showinfo=1&#038;iv_load_policy=1&#038;fs=1&#038;hl=fr-FR&#038;autohide=2&#038;wmode=transparent\" allowfullscreen=\"true\" style=\"border:0;\" sandbox=\"allow-scripts allow-same-origin allow-popups allow-presentation allow-popups-to-escape-sandbox\"><\/iframe><\/span><\/p>\n<p>Le HRI a apport\u00e9 un financement \u00e9quivalent \u00e0 celui du Turner&rsquo;s Court Youth Trust (une association de bienfaisance favorisant la pr\u00e9vention de la d\u00e9linquance juv\u00e9nile), afin de d\u00e9terminer, au moyen d&rsquo;une s\u00e9rie de cas cons\u00e9cutifs, si le traitement hom\u00e9opathique est efficace pour les enfants souffrant de troubles d\u00e9ficitaires de l&rsquo;attention\/hyperactivit\u00e9 (TDAH).<\/p>\n<p>Vingt enfants recevant un traitement hom\u00e9opathique compl\u00e9mentaire ont \u00e9t\u00e9 compar\u00e9s \u00e0 dix enfants ne recevant pas de traitement hom\u00e9opathique, au d\u00e9part et au bout de 24 semaines de traitement, \u00e0 partir des caract\u00e9ristiques du syst\u00e8me de classification des maladies mentales DSM-IV (\u00e9chelle CPRS) et d&rsquo;un outil de mesure des r\u00e9sultats d\u00e9clar\u00e9s par le patient (MYMOP). L&rsquo;analyse de la variance (ANOVA) a r\u00e9v\u00e9l\u00e9 une interaction significative entre le temps et le traitement re\u00e7u.<\/p>\n<p>Une analyse \u00e0 long terme a r\u00e9v\u00e9l\u00e9 que les enfants recevant un traitement continuaient \u00e0 s&rsquo;am\u00e9liorer au bout d&rsquo;un an. La moiti\u00e9 des participants pr\u00e9sentaient une am\u00e9lioration de leurs scores DSM-IV de plus de 10 centiles, un quart des participants une am\u00e9lioration de plus de 20 centiles, et un quart de moins de 10 centiles.<\/p>\n<p>Les travaux de D<sup>r<\/sup> Fibert se poursuivent \u00e0 pr\u00e9sent sous la forme d&rsquo;un <a href=\"https:\/\/www.hri-research.org\/hri-research\/what-can-homeopathy-treat\/adhd\/\" target=\"_blank\" rel=\"noopener noreferrer\">essai clinique contr\u00f4l\u00e9 randomis\u00e9 pragmatique<\/a>, financ\u00e9 par le HRI.<\/p>\n<p><a href=\"#\" class=\"expand-content\" id=\"6a05313ca4024\"><span class=\"expand-content-more\">Plus<\/span><span class=\"expand-content-less\">Moins<\/span><\/a><\/p><div class=\"collapse-content\" id=\"panel-6a05313ca4024\">\n<p>Parmi les diff\u00e9rentes m\u00e9thodologies envisag\u00e9es pour d\u00e9terminer les protocoles de traitement optimaux, la m\u00e9thodologie CEASE s&rsquo;est av\u00e9r\u00e9e particuli\u00e8rement efficace pour ces enfants. On a constat\u00e9 que pour conserver leur efficacit\u00e9, les rem\u00e8des devaient souvent \u00eatre r\u00e9p\u00e9t\u00e9s, ce qui sugg\u00e8re des obstacles \u00e0 la gu\u00e9rison. La m\u00e9thodologie CEASE est une approche isopathique mise au point par le D<sup>r\u00a0<\/sup>Tinus Smits, qui a permis de supprimer ces obstacles. En effet, son utilisation a permis de r\u00e9p\u00e9ter moins souvent les rem\u00e8des et de renforcer leur efficacit\u00e9. Malgr\u00e9 la petite taille de l&rsquo;\u00e9chantillon, cette \u00e9tude sugg\u00e8re que le traitement hom\u00e9opathique est une intervention efficace pour les enfants atteints de TDAH. Toutefois, l&rsquo;absence de randomisation et d&rsquo;aveuglement et l&rsquo;in\u00e9galit\u00e9 des tailles d&rsquo;\u00e9chantillon limitent la g\u00e9n\u00e9ralisation de ces r\u00e9sultats.<\/p>\n<p>Les r\u00e9sultats de cette s\u00e9rie de cas ont \u00e9t\u00e9 diffus\u00e9s dans des conf\u00e9rences, des s\u00e9minaires, des magazines et des revues. Ils ont \u00e9galement fait l&rsquo;objet d&rsquo;une <a href=\"http:\/\/www.homeopathyjournal.net\/article\/S1475-4916(15)00076-4\/fulltext\" target=\"_blank\" rel=\"noopener noreferrer\">publication dans une revue scientifique \u00e9valu\u00e9e par des pairs<\/a>.<\/p>\n<ul>\n<li>Congr\u00e8s international pour la recherche en m\u00e9decine compl\u00e9mentaire (ICCMR), Londres. Pr\u00e9sentation sur affiche<\/li>\n<li>Centre d&rsquo;\u00e9tudes pour l&rsquo;enfance et la jeunesse (CSCY &#8211; <em>Centre for Studies of Childhood and Youth<\/em>), Universit\u00e9 de Sheffield. Pr\u00e9sentation sur affiche<\/li>\n<li>Soci\u00e9t\u00e9 scientifique d&rsquo;hom\u00e9opathie (WissHom), K\u00f6then, Allemagne. Pr\u00e9sentation sur affiche<\/li>\n<li>Institut de recherche hom\u00e9opathique (HRI), Barcelone. Expos\u00e9 oral<\/li>\n<li>R\u00e9seau des th\u00e9rapies compl\u00e9mentaires pour l&rsquo;enfance (CCTN &#8211; <em>Children\u2019s Complementary Therapies network<\/em>), Birmingham. Expos\u00e9 oral<\/li>\n<li>Pr\u00e9sentation lors du s\u00e9minaire du d\u00e9partement de recherche des p\u00e9diatres d&rsquo;Oxford<\/li>\n<li>Pr\u00e9sentation Masterclass au d\u00e9partement acad\u00e9mique de l&rsquo;h\u00f4pital hom\u00e9opathique de Bristol<\/li>\n<li>Chapitre d&rsquo;un ouvrage \u00e0 para\u00eetre sur le traitement de l&rsquo;autisme par l&rsquo;hom\u00e9opathie. R\u00e9dacteur en chef Mike Andrews.<\/li>\n<li>Article dans la revue <em>The Homeopath<\/em><\/li>\n<li>Article dans la revue <em>Autism Now <\/em>(auteur, Fiona McNeil)<\/li>\n<li>Article dans la revue <em>Green Parent <\/em>(auteur, Fiona McNeil <\/div><!-- fr --><\/li>\n<\/ul>\n","protected":false},"excerpt":{"rendered":"<p>Suivi de 20 enfants atteints d&rsquo;un trouble d\u00e9ficitaire de l&rsquo;attention\/hyperactivit\u00e9 recevant un traitement hom\u00e9opathique pendant un an Chercheur &#8211; Dr Philippa Fibert Achev\u00e9 en 2012 Le HRI a apport\u00e9 un financement \u00e9quivalent \u00e0 celui du Turner&rsquo;s Court Youth Trust (une association de bienfaisance favorisant la pr\u00e9vention de la d\u00e9linquance juv\u00e9nile), afin de d\u00e9terminer, au moyen [&hellip;]<\/p>\n","protected":false},"author":835,"featured_media":0,"parent":16737,"menu_order":0,"comment_status":"closed","ping_status":"closed","template":"","meta":{"footnotes":""},"class_list":["post-16740","page","type-page","status-publish","hentry"],"jetpack_sharing_enabled":true,"_links":{"self":[{"href":"https:\/\/www.hri-research.org\/fr\/wp-json\/wp\/v2\/pages\/16740","targetHints":{"allow":["GET"]}}],"collection":[{"href":"https:\/\/www.hri-research.org\/fr\/wp-json\/wp\/v2\/pages"}],"about":[{"href":"https:\/\/www.hri-research.org\/fr\/wp-json\/wp\/v2\/types\/page"}],"author":[{"embeddable":true,"href":"https:\/\/www.hri-research.org\/fr\/wp-json\/wp\/v2\/users\/835"}],"replies":[{"embeddable":true,"href":"https:\/\/www.hri-research.org\/fr\/wp-json\/wp\/v2\/comments?post=16740"}],"version-history":[{"count":0,"href":"https:\/\/www.hri-research.org\/fr\/wp-json\/wp\/v2\/pages\/16740\/revisions"}],"up":[{"embeddable":true,"href":"https:\/\/www.hri-research.org\/fr\/wp-json\/wp\/v2\/pages\/16737"}],"wp:attachment":[{"href":"https:\/\/www.hri-research.org\/fr\/wp-json\/wp\/v2\/media?parent=16740"}],"curies":[{"name":"wp","href":"https:\/\/api.w.org\/{rel}","templated":true}]}}