{"id":16736,"date":"2020-12-04T13:01:55","date_gmt":"2020-12-04T13:01:55","guid":{"rendered":"https:\/\/www.hri-research.org\/?page_id=16736"},"modified":"2020-12-04T14:26:32","modified_gmt":"2020-12-04T14:26:32","slug":"strategie-de-recherche","status":"publish","type":"page","link":"https:\/\/www.hri-research.org\/fr\/recherche-hri\/strategie-de-recherche\/","title":{"rendered":"Strat\u00e9gie de recherche"},"content":{"rendered":"<h3>Promouvoir une recherche scientifique de haute qualit\u00e9 en hom\u00e9opathie<\/h3>\n<p>Les recherches de mauvaise qualit\u00e9 constituent une perte de temps et d&rsquo;argent.<\/p>\n<p>Pour b\u00e9n\u00e9ficier du soutien du HRI, les projets doivent donc se soumettre \u00e0 un examen pr\u00e9alable par des pairs, men\u00e9 par notre <a href=\"https:\/\/www.hri-research.org\/fr\/a-propos-du-hri\/comite-scientifique-consultatif\/\" target=\"_blank\" rel=\"noopener noreferrer\">Comit\u00e9 scientifique consultatif<\/a>. Ce syst\u00e8me de contr\u00f4le qualit\u00e9 nous permet de canaliser en toute confiance nos dons et notre expertise vers les projets les plus prometteurs.<\/p>\n<h3><\/h3>\n<p>Dans le cadre de sa strat\u00e9gie de recherche, le HRI identifie des projets qui r\u00e9pondent \u00e0 l&rsquo;ensemble des crit\u00e8res suivants\u00a0:<\/p>\n<ul>\n<li><span class=\"accent\"><strong>L&rsquo;\u00e9tude porte sur un domaine o\u00f9 il y a un important besoin clinique<\/strong><\/span>, c&rsquo;est-\u00e0-dire des probl\u00e8mes de sant\u00e9 pour lesquels m\u00eame les meilleurs traitements existants ne sont pas satisfaisants ou pour lesquels il n&rsquo;existe aucun traitement (les maladies pr\u00e9sentant un \u00ab \u00e9cart d&rsquo;efficacit\u00e9 \u00bb).<\/li>\n<li><span class=\"accent\"><strong>Les donn\u00e9es existantes sugg\u00e8rent que l&rsquo;hom\u00e9opathie pourrait \u00eatre efficace<\/strong><\/span><\/li>\n<li><span class=\"accent\"><strong>Il est possible de concevoir et de conduire une exp\u00e9rience ou un essai pertinent<\/strong><\/span>, qui soit \u00e0 la fois \u00e9thique et susceptible de produire des r\u00e9sultats utiles.<\/li>\n<\/ul>\n<p>Gr\u00e2ce \u00e0 l&rsquo;exp\u00e9rience et aux r\u00e9seaux du Comit\u00e9 scientifique consultatif du HRI, nous pouvons r\u00e9viser en permanence l&rsquo;\u00e9tat de la recherche en hom\u00e9opathie au niveau mondial. L&rsquo;hom\u00e9opathie est un domaine en rapide \u00e9volution. Les questions de recherche et les m\u00e9thodes adopt\u00e9es pour mener \u00e0 bien les \u00e9tudes doivent donc \u00eatre revues \u00e0 l&rsquo;aune des nouvelles d\u00e9couvertes effectu\u00e9es dans le monde entier.<\/p>\n<p><span class=\"embed-youtube\" style=\"text-align:center; display: block;\"><iframe loading=\"lazy\" class=\"youtube-player\" width=\"520\" height=\"293\" src=\"https:\/\/www.youtube.com\/embed\/YNWCTA8XwD4?version=3&#038;rel=1&#038;showsearch=0&#038;showinfo=1&#038;iv_load_policy=1&#038;fs=1&#038;hl=fr-FR&#038;autohide=2&#038;wmode=transparent\" allowfullscreen=\"true\" style=\"border:0;\" sandbox=\"allow-scripts allow-same-origin allow-popups allow-presentation allow-popups-to-escape-sandbox\"><\/iframe><\/span><\/p>\n<blockquote><p><em>\u00ab\u00a0Nous retenons des projets qui sont en ligne avec la strat\u00e9gie et les priorit\u00e9s de recherche de HRI, afin de concentrer nos efforts sur les domaines o\u00f9 les besoins cliniques sont les plus importants et o\u00f9 l&rsquo;hom\u00e9opathie est susceptible de pr\u00e9senter le plus d&rsquo;avantages.\u00a0\u00bb<\/em><\/p><\/blockquote>\n<p style=\"text-align: right;\"><b>Rachel Roberts,<\/b> directrice ex\u00e9cutive du HRI<\/p>\n","protected":false},"excerpt":{"rendered":"<p>Promouvoir une recherche scientifique de haute qualit\u00e9 en hom\u00e9opathie Les recherches de mauvaise qualit\u00e9 constituent une perte de temps et d&rsquo;argent. Pour b\u00e9n\u00e9ficier du soutien du HRI, les projets doivent donc se soumettre \u00e0 un examen pr\u00e9alable par des pairs, men\u00e9 par notre Comit\u00e9 scientifique consultatif. Ce syst\u00e8me de contr\u00f4le qualit\u00e9 nous permet de canaliser [&hellip;]<\/p>\n","protected":false},"author":835,"featured_media":0,"parent":16694,"menu_order":0,"comment_status":"closed","ping_status":"closed","template":"","meta":{"footnotes":""},"class_list":["post-16736","page","type-page","status-publish","hentry"],"jetpack_sharing_enabled":true,"_links":{"self":[{"href":"https:\/\/www.hri-research.org\/fr\/wp-json\/wp\/v2\/pages\/16736","targetHints":{"allow":["GET"]}}],"collection":[{"href":"https:\/\/www.hri-research.org\/fr\/wp-json\/wp\/v2\/pages"}],"about":[{"href":"https:\/\/www.hri-research.org\/fr\/wp-json\/wp\/v2\/types\/page"}],"author":[{"embeddable":true,"href":"https:\/\/www.hri-research.org\/fr\/wp-json\/wp\/v2\/users\/835"}],"replies":[{"embeddable":true,"href":"https:\/\/www.hri-research.org\/fr\/wp-json\/wp\/v2\/comments?post=16736"}],"version-history":[{"count":0,"href":"https:\/\/www.hri-research.org\/fr\/wp-json\/wp\/v2\/pages\/16736\/revisions"}],"up":[{"embeddable":true,"href":"https:\/\/www.hri-research.org\/fr\/wp-json\/wp\/v2\/pages\/16694"}],"wp:attachment":[{"href":"https:\/\/www.hri-research.org\/fr\/wp-json\/wp\/v2\/media?parent=16736"}],"curies":[{"name":"wp","href":"https:\/\/api.w.org\/{rel}","templated":true}]}}