{"id":16716,"date":"2020-12-04T12:53:24","date_gmt":"2020-12-04T12:53:24","guid":{"rendered":"https:\/\/www.hri-research.org\/?page_id=16716"},"modified":"2020-12-04T14:25:10","modified_gmt":"2020-12-04T14:25:10","slug":"la-pratique-comme-source-apprentissage","status":"publish","type":"page","link":"https:\/\/www.hri-research.org\/fr\/recherche-hri\/la-pratique-comme-source-apprentissage\/","title":{"rendered":"La pratique comme source d&rsquo;apprentissage"},"content":{"rendered":"<p><strong>Pour consolider la base de donn\u00e9es probantes sur l&rsquo;hom\u00e9opathie, la conduite d&rsquo;essais de haute qualit\u00e9 et la recherche fondamentale sont essentiels. Mais les patients et les hom\u00e9opathes en exercice ont \u00e9galement beaucoup \u00e0 nous apprendre.<\/strong><\/p>\n<p>Pour d\u00e9terminer les affections que l&rsquo;hom\u00e9opathie est en mesure de traiter, il faut multiplier les efforts d&rsquo;\u00e9valuation des r\u00e9sultats des soins cliniques de routine. \u00c0 cet \u00e9gard, le HRI soutient activement les projets de collecte de donn\u00e9es qui permettent de saisir et d&rsquo;\u00e9valuer, avec un \u0153il critique et la plus grande rigueur scientifique, les r\u00e9sultats obtenus par les patients.<\/p>\n<div class=\"icon-text-listing\">\n<div class=\"icon-text-listing-image\">\n<p><a href=\"https:\/\/www.hri-research.org\/hri-research\/learning-from-day-to-day-practice\/clificol\/\" target=\"_blank\" rel=\"noopener noreferrer\"><img loading=\"lazy\" decoding=\"async\" class=\"alignnone wp-image-14745 size-right_sidebar_thumb\" src=\"https:\/\/www.hri-research.org\/wp-content\/uploads\/2020\/07\/clificol-1-160x54.jpg\" alt=\"\" width=\"160\" height=\"54\" srcset=\"https:\/\/www.hri-research.org\/wp-content\/uploads\/2020\/07\/clificol-1-160x54.jpg 160w, https:\/\/www.hri-research.org\/wp-content\/uploads\/2020\/07\/clificol-1-300x101.jpg 300w, https:\/\/www.hri-research.org\/wp-content\/uploads\/2020\/07\/clificol-1-768x257.jpg 768w, https:\/\/www.hri-research.org\/wp-content\/uploads\/2020\/07\/clificol-1-98x33.jpg 98w, https:\/\/www.hri-research.org\/wp-content\/uploads\/2020\/07\/clificol-1-198x66.jpg 198w, https:\/\/www.hri-research.org\/wp-content\/uploads\/2020\/07\/clificol-1-158x53.jpg 158w, https:\/\/www.hri-research.org\/wp-content\/uploads\/2020\/07\/clificol-1-520x174.jpg 520w, https:\/\/www.hri-research.org\/wp-content\/uploads\/2020\/07\/clificol-1.jpg 868w\" sizes=\"auto, (max-width: 160px) 100vw, 160px\" \/><\/a><\/p>\n<\/div>\n<div class=\"icon-text-listing-text\">\n<p><strong><a href=\"https:\/\/www.hri-research.org\/fr\/projets-en-cours\/la-pratique-comme-source-apprentissage\/clificol\/\" target=\"_blank\" rel=\"noopener noreferrer\"><span class=\"no-underline\">Clificol<\/span><\/a><br \/>\n<\/strong>L&rsquo;objectif de ce projet est de fournir une plate-forme centralis\u00e9e pour stocker les cas cliniques et am\u00e9liorer la pratique quotidienne de l&rsquo;hom\u00e9opathie.<\/p>\n<\/div>\n<p class=\"no-margin\"><div class=\"clear\"><\/div><\/div>\n<p>&nbsp;<\/p>\n","protected":false},"excerpt":{"rendered":"<p>Pour consolider la base de donn\u00e9es probantes sur l&rsquo;hom\u00e9opathie, la conduite d&rsquo;essais de haute qualit\u00e9 et la recherche fondamentale sont essentiels. Mais les patients et les hom\u00e9opathes en exercice ont \u00e9galement beaucoup \u00e0 nous apprendre. Pour d\u00e9terminer les affections que l&rsquo;hom\u00e9opathie est en mesure de traiter, il faut multiplier les efforts d&rsquo;\u00e9valuation des r\u00e9sultats des [&hellip;]<\/p>\n","protected":false},"author":835,"featured_media":0,"parent":16694,"menu_order":0,"comment_status":"closed","ping_status":"closed","template":"","meta":{"footnotes":""},"class_list":["post-16716","page","type-page","status-publish","hentry"],"jetpack_sharing_enabled":true,"_links":{"self":[{"href":"https:\/\/www.hri-research.org\/fr\/wp-json\/wp\/v2\/pages\/16716","targetHints":{"allow":["GET"]}}],"collection":[{"href":"https:\/\/www.hri-research.org\/fr\/wp-json\/wp\/v2\/pages"}],"about":[{"href":"https:\/\/www.hri-research.org\/fr\/wp-json\/wp\/v2\/types\/page"}],"author":[{"embeddable":true,"href":"https:\/\/www.hri-research.org\/fr\/wp-json\/wp\/v2\/users\/835"}],"replies":[{"embeddable":true,"href":"https:\/\/www.hri-research.org\/fr\/wp-json\/wp\/v2\/comments?post=16716"}],"version-history":[{"count":0,"href":"https:\/\/www.hri-research.org\/fr\/wp-json\/wp\/v2\/pages\/16716\/revisions"}],"up":[{"embeddable":true,"href":"https:\/\/www.hri-research.org\/fr\/wp-json\/wp\/v2\/pages\/16694"}],"wp:attachment":[{"href":"https:\/\/www.hri-research.org\/fr\/wp-json\/wp\/v2\/media?parent=16716"}],"curies":[{"name":"wp","href":"https:\/\/api.w.org\/{rel}","templated":true}]}}