{"id":16715,"date":"2020-12-04T12:43:57","date_gmt":"2020-12-04T12:43:57","guid":{"rendered":"https:\/\/www.hri-research.org\/?page_id=16715"},"modified":"2020-12-04T12:52:52","modified_gmt":"2020-12-04T12:52:52","slug":"core-hom-une-base-de-donnees-en-ligne-de-premier-ordre","status":"publish","type":"page","link":"https:\/\/www.hri-research.org\/fr\/recherche-hri\/tirer-parti-des-donnees-existantes\/core-hom-une-base-de-donnees-en-ligne-de-premier-ordre\/","title":{"rendered":"CORE-Hom : une base de donn\u00e9es en ligne de premier ordre"},"content":{"rendered":"<h3><span class=\"accent\">Nature du projet<\/span><\/h3>\n<p>Pour alimenter l&rsquo;exercice de la m\u00e9decine et la prise de d\u00e9cision en mati\u00e8re de sant\u00e9, les donn\u00e9es issues de la recherche scientifique doivent \u00eatre facilement accessibles. Avant CORE-Hom, les quelques bases de donn\u00e9es disponibles sur la recherche clinique en hom\u00e9opathie laissaient \u00e0 d\u00e9sirer. Elles ne contenaient souvent qu&rsquo;une portion des \u00e9tudes pertinentes, sans informer correctement de leur contenu.<\/p>\n<p>La base de donn\u00e9es CORE-Hom a \u00e9t\u00e9 con\u00e7ue avec la plus grande rigueur scientifique. Elle offre aux chercheurs et au grand public une base solide pour mener une \u00e9valuation quantitative et qualitative des donn\u00e9es disponibles sur l&rsquo;utilisation de l&rsquo;hom\u00e9opathie pour diff\u00e9rents probl\u00e8mes de sant\u00e9. Cette base de donn\u00e9es de recherche clinique en hom\u00e9opathie couvre un large \u00e9ventail de recherche, des essais contr\u00f4l\u00e9s randomis\u00e9s aux \u00e9tudes d&rsquo;observation.<\/p>\n<p>Cette excellente ressource est le r\u00e9sultat d&rsquo;un intense partenariat entre le HRI et la prestigieuse Fondation\u00a0<a href=\"https:\/\/www.carstens-stiftung.de\/\" target=\"_blank\" rel=\"noopener noreferrer\">Karl und Veronica Carstens,<\/a> situ\u00e9e en Allemagne. Contenant aujourd&rsquo;hui plus de\u00a0<strong>1\u00a0200 \u00e9tudes cliniques en hom\u00e9opathie<\/strong>, la base de donn\u00e9es sera r\u00e9guli\u00e8rement enrichie et mise \u00e0 jour.<\/p>\n<p><a href=\"https:\/\/www.hri-research.org\/de\/quellen\/forschungsdatenbanken\/core-hom\/\" target=\"_blank\" rel=\"noopener noreferrer\">L&rsquo;inscription \u00e0 CORE-Hom et son utilisation sont gratuites.<\/a><\/p>\n<h3><span class=\"accent\">Situation actuelle<\/span><\/h3>\n<p>Il s&rsquo;agit d&rsquo;une base de donn\u00e9es dynamique, qui sera r\u00e9guli\u00e8rement mise \u00e0 jour \u00e0 mesure que de nouveaux essais seront publi\u00e9s.<\/p>\n<h3><a href=\"https:\/\/www.hri-research.org\/wp-content\/uploads\/2014\/03\/SianMoss-e1417435904633.jpg\"><img loading=\"lazy\" decoding=\"async\" class=\"alignleft wp-image-8998 size-full\" src=\"https:\/\/www.hri-research.org\/wp-content\/uploads\/2017\/09\/atournier-1.jpg\" alt=\"Dr Alexander Tournier\" width=\"160\" height=\"188\" srcset=\"https:\/\/www.hri-research.org\/wp-content\/uploads\/2017\/09\/atournier-1.jpg 160w, https:\/\/www.hri-research.org\/wp-content\/uploads\/2017\/09\/atournier-1-98x115.jpg 98w, https:\/\/www.hri-research.org\/wp-content\/uploads\/2017\/09\/atournier-1-158x186.jpg 158w\" sizes=\"auto, (max-width: 160px) 100vw, 160px\" \/><\/a><span class=\"accent\">Port\u00e9e du projet<\/span><\/h3>\n<p><em>\u00ab\u00a0\u00c0 notre \u00e9poque marqu\u00e9e par la m\u00e9decine factuelle, il est essentiel de localiser en quelques clics les \u00e9tudes cliniques pertinentes sur l&rsquo;hom\u00e9opathie. CORE-Hom constitue \u00e0 cet \u00e9gard la ressource la plus fiable et la plus compl\u00e8te \u00e0 l&rsquo;\u00e9chelle mondiale\u00a0\u00bb. <\/em><\/p>\n<p class=\"no-margin\" style=\"text-align: right;\"><i> \u00a0<\/i><strong>Dr Alexander Tournier, Directeur ex\u00e9cutif du HRI<\/strong><\/p>\n<p>&nbsp;<\/p>\n<p><span class=\"accent\"><strong>Publications relatives \u00e0 ce projet<\/strong><\/span><br \/>\n<span class=\"accent\"><span class=\"no-underline accent\"><a href=\"https:\/\/www.hri-research.org\/wp-content\/uploads\/2015\/01\/CORE-Hom-article-Clausen-at-al.-2014-full-text.pdf\" target=\"_blank\" rel=\"noopener noreferrer\">CORE-Hom: A powerful and exhaustive database of clinical trials in homeopathy<\/a><\/span><span class=\"no-underline\"><br \/>\n<\/span><\/span>Clausen J, Moss S, Tournier A, Ludtke K, Albrecht H.<br \/>\n<em>Homeopathy 2014; 103: 219-223<\/em><\/p>\n","protected":false},"excerpt":{"rendered":"<p>Nature du projet Pour alimenter l&rsquo;exercice de la m\u00e9decine et la prise de d\u00e9cision en mati\u00e8re de sant\u00e9, les donn\u00e9es issues de la recherche scientifique doivent \u00eatre facilement accessibles. Avant CORE-Hom, les quelques bases de donn\u00e9es disponibles sur la recherche clinique en hom\u00e9opathie laissaient \u00e0 d\u00e9sirer. Elles ne contenaient souvent qu&rsquo;une portion des \u00e9tudes pertinentes, [&hellip;]<\/p>\n","protected":false},"author":835,"featured_media":0,"parent":16712,"menu_order":0,"comment_status":"closed","ping_status":"closed","template":"","meta":{"footnotes":""},"class_list":["post-16715","page","type-page","status-publish","hentry"],"jetpack_sharing_enabled":true,"_links":{"self":[{"href":"https:\/\/www.hri-research.org\/fr\/wp-json\/wp\/v2\/pages\/16715","targetHints":{"allow":["GET"]}}],"collection":[{"href":"https:\/\/www.hri-research.org\/fr\/wp-json\/wp\/v2\/pages"}],"about":[{"href":"https:\/\/www.hri-research.org\/fr\/wp-json\/wp\/v2\/types\/page"}],"author":[{"embeddable":true,"href":"https:\/\/www.hri-research.org\/fr\/wp-json\/wp\/v2\/users\/835"}],"replies":[{"embeddable":true,"href":"https:\/\/www.hri-research.org\/fr\/wp-json\/wp\/v2\/comments?post=16715"}],"version-history":[{"count":0,"href":"https:\/\/www.hri-research.org\/fr\/wp-json\/wp\/v2\/pages\/16715\/revisions"}],"up":[{"embeddable":true,"href":"https:\/\/www.hri-research.org\/fr\/wp-json\/wp\/v2\/pages\/16712"}],"wp:attachment":[{"href":"https:\/\/www.hri-research.org\/fr\/wp-json\/wp\/v2\/media?parent=16715"}],"curies":[{"name":"wp","href":"https:\/\/api.w.org\/{rel}","templated":true}]}}