{"id":16711,"date":"2020-12-04T13:20:36","date_gmt":"2020-12-04T13:20:36","guid":{"rendered":"https:\/\/www.hri-research.org\/?page_id=16711"},"modified":"2020-12-04T14:56:52","modified_gmt":"2020-12-04T14:56:52","slug":"quel-est-le-role-de-homeopathie-dans-le-traitement-de-la-depression","status":"publish","type":"page","link":"https:\/\/www.hri-research.org\/fr\/recherche-hri\/projets-acheves\/quel-est-le-role-de-homeopathie-dans-le-traitement-de-la-depression\/","title":{"rendered":"Quel est le r\u00f4le de l&rsquo;hom\u00e9opathie dans le traitement de la d\u00e9pression?"},"content":{"rendered":"<p>Chercheur \u2013 D<sup>r<\/sup> Petter Viksveen<br \/>\nAchev\u00e9 en septembre 2018<\/p>\n<h3><span class=\"accent\">Nature de projet<\/span><\/h3>\n<p>Ce projet, men\u00e9 dans le cadre d&rsquo;un programme de doctorat \u00e0 l&rsquo;universit\u00e9 de Sheffield, vise \u00e0 \u00e9valuer l&rsquo;impact de la prescription d&rsquo;un traitement hom\u00e9opathique en plus des soins habituels, pour les patients souffrant de d\u00e9pression auto-d\u00e9clar\u00e9e. Plusieurs m\u00e9thodes de recherche sont combin\u00e9es pour \u00e9valuer la recevabilit\u00e9 de cette approche, son efficacit\u00e9 clinique et sa rentabilit\u00e9.<\/p>\n<p><a href=\"#\" class=\"expand-content\" id=\"69d2d6981bdc7\"><span class=\"expand-content-more\">Plus<\/span><span class=\"expand-content-less\">Moins<\/span><\/a><\/p><div class=\"collapse-content\" id=\"panel-69d2d6981bdc7\">\n<h3><span class=\"accent\">Status actuelle<\/span><\/h3>\n<p>Le projet s&rsquo;est d\u00e9ploy\u00e9 entre novembre 2013 et janvier 2015. L&rsquo;analyse compl\u00e8te des donn\u00e9es est actuellement en phase finale et une s\u00e9rie d&rsquo;articles est en cours de pr\u00e9paration pour \u00eatre soumis \u00e0 des revues \u00e0 comit\u00e9 de lecture.<\/p>\n<p>Le projet de recherche figure au <a href=\"http:\/\/www.isrctn.com\/ISRCTN02484593?q=homeopathy%20in%20depression&amp;filters=&amp;sort=&amp;offset=1&amp;totalResults=3&amp;page=1&amp;pageSize=10&amp;searchType=basic-search\" target=\"_blank\" rel=\"noopener noreferrer\">registre ISRCTN des essais contr\u00f4l\u00e9s en cours<\/a>, ce qui garantit que tous ses r\u00e9sultats seront rendus publics. Le projet a \u00e9galement \u00e9t\u00e9 approuv\u00e9 par le comit\u00e9 d&rsquo;\u00e9thique de la recherche du syst\u00e8me de la sant\u00e9 publique du Royaume-Uni. Les patients ont \u00e9t\u00e9 recrut\u00e9s dans le cadre de l&rsquo;\u00e9tude <a href=\"http:\/\/www.yorkshirehealthstudy.org\/\" target=\"_blank\" rel=\"noopener noreferrer\">Yorkshire Health Study,<\/a> financ\u00e9e par le partenariat NIHR CLAHRC.<\/p>\n<h3><span class=\"accent\">\u00c9quipe de recherche<\/span><\/h3>\n<p><a href=\"http:\/\/www.viksveen.com\/\" target=\"_blank\" rel=\"noopener noreferrer\">D<sup>r<\/sup> Petter Viksveen<\/a>\u00a0: il a men\u00e9 ce projet dans le cadre d&rsquo;une bourse de doctorat en sant\u00e9 et recherche connexe, achev\u00e9e en 2016. Titulaire d&rsquo;un doctorat (Universit\u00e9 de Sheffield), d&rsquo;une ma\u00eetrise en hom\u00e9opathie (Universit\u00e9 de Central Lancashire) et d&rsquo;une licence en p\u00e9dagogie (Universit\u00e9 d&rsquo;Oslo), il est hom\u00e9opathe agr\u00e9\u00e9 en Norv\u00e8ge.<\/p>\n<p>Supervision\u00a0:<br \/>\n<a href=\"http:\/\/www.shef.ac.uk\/scharr\/sections\/ph\/staff\/profiles\/clare.html\" target=\"_blank\" rel=\"noopener noreferrer\">D<sup>r<\/sup> Clare Relton<\/a>\u00a0: Chercheuse \u00e0 l&rsquo;\u00c9cole de la sant\u00e9 et de la recherche connexe (Universit\u00e9 de Sheffield) et hom\u00e9opathe agr\u00e9\u00e9e.<br \/>\n<a href=\"https:\/\/www.sheffield.ac.uk\/scharr\/sections\/hsr\/cure\/staff\/jonnicholl\" target=\"_blank\" rel=\"noopener noreferrer\">Jon Nicholl<\/a>\u00a0: Professeur de recherche sur les services de sant\u00e9 et doyen de l&rsquo;\u00c9cole de la sant\u00e9 et de la recherche connexe (Universit\u00e9 de Sheffield)<\/p>\n<p>Conseiller\u00a0:<br \/>\n<a href=\"http:\/\/www.shef.ac.uk\/scharr\/sections\/ph\/staff\/profiles\/p_bissell.html\" target=\"_blank\" rel=\"noopener noreferrer\">Paul Bissell<\/a>\u00a0: Professeur de sant\u00e9 publique et Directeur de la section de sant\u00e9 publique \u00e0 l&rsquo;\u00c9cole de sant\u00e9 et de recherche connexe (Universit\u00e9 de Sheffield)<\/p>\n<\/div><!-- fr -->\n<p><span class=\"embed-youtube\" style=\"text-align:center; display: block;\"><iframe loading=\"lazy\" class=\"youtube-player\" width=\"520\" height=\"293\" src=\"https:\/\/www.youtube.com\/embed\/zncOju0M30w?version=3&#038;rel=1&#038;showsearch=0&#038;showinfo=1&#038;iv_load_policy=1&#038;fs=1&#038;hl=fr-FR&#038;autohide=2&#038;wmode=transparent\" allowfullscreen=\"true\" style=\"border:0;\" sandbox=\"allow-scripts allow-same-origin allow-popups allow-presentation allow-popups-to-escape-sandbox\"><\/iframe><\/span><\/p>\n<h3><span class=\"accent\">Lead researcher<\/span><\/h3>\n<p><strong>D<sup>r<\/sup> Petter Viksveen<\/strong>\u00a0BA MSc PhD<\/p>\n<p>Le D<sup>r<\/sup> Viksveen exerce l&rsquo;hom\u00e9opathie depuis 1990, ann\u00e9e o\u00f9 il a obtenu son dipl\u00f4me de l&rsquo;Acad\u00e9mie norv\u00e9gienne de m\u00e9decine naturelle \u00e0 Oslo. Il a \u00e9t\u00e9 coordinateur de recherche au Conseil central europ\u00e9en des hom\u00e9opathes (ECCH- <em>European Central Council of Homeopaths<\/em>), dont il a occup\u00e9 la pr\u00e9sidence pendant 13\u00a0ans. Il est fondateur et coordinateur du R\u00e9seau europ\u00e9en pour la recherche en hom\u00e9opathie (ENHR). Il a occup\u00e9 le poste de conseiller en recherche pour le Centre national d&rsquo;information pour la m\u00e9decine alternative, en Norv\u00e8ge, de 2009 \u00e0 2011. Il est titulaire d&rsquo;une ma\u00eetrise en hom\u00e9opathie de l&rsquo;Universit\u00e9 du Central Lancashire et a obtenu son doctorat de philosophie de l&rsquo;Universit\u00e9 de Sheffield gr\u00e2ce \u00e0 ce projet.<\/p>\n<h3><span class=\"accent\">Port\u00e9e du projet<\/span><\/h3>\n<blockquote><p><em>\u00ab\u00a0En am\u00e9liorant les connaissances \u00e0 ce sujet, ce projet aidera \u00e0 d\u00e9terminer s&rsquo;il est pertinent de proposer l&rsquo;hom\u00e9opathie en tant que traitement compl\u00e9mentaire pour les patients souffrant de d\u00e9pression\u00a0\u00bb. <\/em> <strong> Petter Viksveen<\/strong><\/p><\/blockquote>\n<h3><span class=\"accent\">Publications relatives \u00e0 ce project<\/span><\/h3>\n<p><span class=\"accent no-underline\"><a href=\"https:\/\/www.sciencedirect.com\/science\/article\/pii\/S1876382018304451\" target=\"_blank\" rel=\"noopener noreferrer\">Homeopathy in the treatment of depression: a systematic review<\/a><br \/>\n<\/span>Viksveen P. Fibert P. Relton C.<br \/>\n<em>European Journal of Integrative Medicine,<\/em> 2018;\u00a0<strong>22<\/strong>:22-36<br \/>\n<a href=\"https:\/\/www.sciencedirect.com\/science\/article\/pii\/S1876382018304451\" target=\"_blank\" rel=\"noopener noreferrer\">Full text<\/a><\/p>\n<p><span class=\"no-underline accent\"><a href=\"https:\/\/www.hri-research.org\/wp-content\/uploads\/2017\/07\/Viksveen-Relton-Nicholl-Depressed-patients-treated-by-homeopaths-2017.pdf\" target=\"_blank\" rel=\"noopener noreferrer\">Depressed patients treated by homeopaths: a randomised controlled trial using the \u00ab\u00a0cohort multiple randomised controlled trial\u00a0\u00bb (cMRCT) design<\/a><\/span><br \/>\nViksveen P. Relton C. Nicholl J.<br \/>\n<em>Trials<\/em>, 2017;<strong> 18<\/strong>:299<br \/>\n<a href=\"https:\/\/www.hri-research.org\/wp-content\/uploads\/2017\/07\/Viksveen-Relton-Nicholl-Depressed-patients-treated-by-homeopaths-2017.pdf\" target=\"_blank\" rel=\"noopener noreferrer\">Full text<\/a><\/p>\n<p><span class=\"no-underline accent\"><a href=\"https:\/\/www.sciencedirect.com\/science\/article\/pii\/S1876382017301737\" target=\"_blank\" rel=\"noopener noreferrer\">Depressed patients\u2019 experiences with and perspectives on treatment provided by homeopaths. A qualitative interview study embedded in a trial for depression<\/a><\/span><br \/>\nViksveen P. Relton C.<br \/>\n<em>Eur J Integr Med<\/em>, 2017;<strong> 15<\/strong>:73-80<br \/>\n<a href=\"https:\/\/www.sciencedirect.com\/science\/article\/pii\/S1876382017301737\" target=\"_blank\" rel=\"noopener noreferrer\">Full text<\/a><\/p>\n<p><span class=\"no-underline accent\"><a href=\"https:\/\/trialsjournal.biomedcentral.com\/articles\/10.1186\/s13063-017-2059-4\" target=\"_blank\" rel=\"noopener noreferrer\">Benefits and challenges of using the cohort multiple randomised controlled trial design for testing an intervention for depression.<\/a><\/span><br \/>\nViksveen P. Relton C. Nicholl J.<br \/>\n<em>Trials<\/em>, 2017;<strong> 18<\/strong>:308<br \/>\n<a href=\"https:\/\/trialsjournal.biomedcentral.com\/articles\/10.1186\/s13063-017-2059-4\" target=\"_blank\" rel=\"noopener noreferrer\">Full text<\/a><\/p>\n<p><span class=\"accent no-underline\"><a href=\"http:\/\/www.ncbi.nlm.nih.gov\/pubmed\/24685421\" target=\"_blank\" rel=\"noopener noreferrer\">Depression treated by homeopaths:\u00a0A study protocol for a pragmatic cohort multiple randomised controlled trial<\/a><br \/>\n<\/span>Viksveen P. Relton C.<br \/>\n<em>Homeopathy,<\/em> 2014;<strong>103<\/strong>(2):147-52<br \/>\n<a href=\"http:\/\/www.ncbi.nlm.nih.gov\/pubmed\/24685421\" target=\"_blank\" rel=\"noopener noreferrer\">Abstract<\/a><\/p>\n<p><span class=\"accent no-underline\"><a href=\"https:\/\/www.hri-research.org\/wp-content\/uploads\/2014\/03\/Viksveen_Abstractposter_Barcelona2013_Homeopathy_Jan2014.pdf\" target=\"_blank\" rel=\"noopener noreferrer\">Depressed patients treated by homeopaths: A protocol for a pragmatic randomized controlled trial and qualitative study applying the cmRCT design<\/a><\/span>\u00a0&#8211; poster presentation, 1<sup>st<\/sup> HRI International Homeopathy Research Conference, Barcelona, May-June 2013<\/p>\n<p><a href=\"#\" class=\"expand-content button accent-bg\" id=\"69d2d6981bdeb\"><span class=\"expand-content-more\">Author publications<\/span><span class=\"expand-content-less\">Moins<\/span><\/a><\/p><div class=\"collapse-content\" id=\"panel-69d2d6981bdeb\"><br \/>\n<span class=\"no-underline\"><a href=\"http:\/\/www.hribarcelona2013.org\/films\" target=\"_blank\" rel=\"noopener noreferrer\">Economic evaluations of homeopathy: A review<\/a><\/span><b> <\/b>\u2013 oral presentation at the 1<sup>st<\/sup> HRI International Homeopathy Research Conference held, Barcelona, May-June 2013.\u00a0<a href=\"https:\/\/www.hri-research.org\/wp-content\/uploads\/2014\/03\/Viksveen_Abstractoral_Barcelona2013_Homeopathy_Jan2014.pdf\" target=\"_blank\" rel=\"noopener noreferrer\">Read the abstract<\/a> published in <i>Homeopathy.\u00a0<\/i>View a film of this presentation given at HRI Barcelona 2013\u00a0<a href=\"http:\/\/www.hribarcelona2013.org\/films\" target=\"_blank\" rel=\"noopener noreferrer\">here<\/a>.<i><br \/>\n<\/i><\/p>\n<p><span class=\"no-underline\"><a href=\"http:\/\/www.ncbi.nlm.nih.gov\/pubmed\/23397477\" target=\"_blank\" rel=\"noopener noreferrer\">Economic evaluations of homeopathy: a review<\/a><\/span><br \/>\nViksveen P, Dymitr Z, Simoens S<br \/>\n<em>Eur J Health Econ<\/em>., 2014;<strong>15<\/strong>(2):157-74<\/p>\n<p><a href=\"http:\/\/www.ncbi.nlm.nih.gov\/pubmed\/23823637\" target=\"_blank\" rel=\"noopener noreferrer\"><span class=\"no-underline\">What is a competent homeopath and what is needed to educate them?\u00a0 A qualitative study of educators&rsquo; views<\/span><\/a><a href=\"http:\/\/www.ncbi.nlm.nih.gov\/pubmed\/23823637\" target=\"_blank\" rel=\"noopener noreferrer\"><span class=\"no-underline\">.<\/span><\/a><strong><br \/>\n<\/strong>Viksveen P, Steinsbekk A, Rise MB.<br \/>\n<em>Education for Health,<\/em> 2012; <strong>25<\/strong>(3): 172-179<\/p>\n<p><span class=\"no-underline\"><a href=\"http:\/\/www.ncbi.nlm.nih.gov\/pubmed\/2196220\" target=\"_blank\" rel=\"noopener noreferrer\">Undergraduate homeopathy education in Europe and the influence of accreditation<\/a>.<\/span><strong><span style=\"text-decoration: underline;\"><br \/>\n<\/span><\/strong>Viksveen P, Steinsbekk A.<br \/>\n<em>Homeopathy,<\/em> 2011; <strong>100<\/strong>: 253-258<\/p>\n<p><span class=\"no-underline\"><a href=\"http:\/\/www.ncbi.nlm.nih.gov\/pubmed\/16226199\" target=\"_blank\" rel=\"noopener noreferrer\">Changes in patients visiting a homeopathic clinic in Norway from 1994 to 2004<\/a>.<\/span><strong><span style=\"text-decoration: underline;\"><br \/>\n<\/span><\/strong>Viksveen P, Steinsbekk A.<br \/>\n<em>Homeopathy,<\/em> 2005; <strong>94<\/strong>: 222-228<\/p>\n<p><span class=\"no-underline\"><a href=\"http:\/\/www.ncbi.nlm.nih.gov\/pubmed\/12725252\" target=\"_blank\" rel=\"noopener noreferrer\">Antibiotics and the development of resistant microorganisms.\u00a0 Can homeopathy be an alternative?<\/a><\/span><strong><br \/>\n<\/strong>Viksveen P.<br \/>\n<em>Homeopathy,<\/em> 2003; <strong>92:<\/strong>99-107 \u00a0<\/div><!-- fr -->\n","protected":false},"excerpt":{"rendered":"<p>Chercheur \u2013 Dr Petter Viksveen Achev\u00e9 en septembre 2018 Nature de projet Ce projet, men\u00e9 dans le cadre d&rsquo;un programme de doctorat \u00e0 l&rsquo;universit\u00e9 de Sheffield, vise \u00e0 \u00e9valuer l&rsquo;impact de la prescription d&rsquo;un traitement hom\u00e9opathique en plus des soins habituels, pour les patients souffrant de d\u00e9pression auto-d\u00e9clar\u00e9e. Plusieurs m\u00e9thodes de recherche sont combin\u00e9es pour [&hellip;]<\/p>\n","protected":false},"author":835,"featured_media":0,"parent":16737,"menu_order":0,"comment_status":"closed","ping_status":"closed","template":"","meta":{"footnotes":""},"class_list":["post-16711","page","type-page","status-publish","hentry"],"jetpack_sharing_enabled":true,"_links":{"self":[{"href":"https:\/\/www.hri-research.org\/fr\/wp-json\/wp\/v2\/pages\/16711","targetHints":{"allow":["GET"]}}],"collection":[{"href":"https:\/\/www.hri-research.org\/fr\/wp-json\/wp\/v2\/pages"}],"about":[{"href":"https:\/\/www.hri-research.org\/fr\/wp-json\/wp\/v2\/types\/page"}],"author":[{"embeddable":true,"href":"https:\/\/www.hri-research.org\/fr\/wp-json\/wp\/v2\/users\/835"}],"replies":[{"embeddable":true,"href":"https:\/\/www.hri-research.org\/fr\/wp-json\/wp\/v2\/comments?post=16711"}],"version-history":[{"count":0,"href":"https:\/\/www.hri-research.org\/fr\/wp-json\/wp\/v2\/pages\/16711\/revisions"}],"up":[{"embeddable":true,"href":"https:\/\/www.hri-research.org\/fr\/wp-json\/wp\/v2\/pages\/16737"}],"wp:attachment":[{"href":"https:\/\/www.hri-research.org\/fr\/wp-json\/wp\/v2\/media?parent=16711"}],"curies":[{"name":"wp","href":"https:\/\/api.w.org\/{rel}","templated":true}]}}