{"id":16708,"date":"2020-12-04T11:08:23","date_gmt":"2020-12-04T11:08:23","guid":{"rendered":"https:\/\/www.hri-research.org\/?page_id=16708"},"modified":"2023-05-05T12:14:20","modified_gmt":"2023-05-05T12:14:20","slug":"que-peut-traiter-homeopathie","status":"publish","type":"page","link":"https:\/\/www.hri-research.org\/fr\/recherche-hri\/que-peut-traiter-homeopathie\/","title":{"rendered":"Que peut traiter l&rsquo;hom\u00e9opathie ?"},"content":{"rendered":"<p>Si certains s&rsquo;interrogent sur le fonctionnement th\u00e9orique des m\u00e9dicaments hom\u00e9opathiques, pour d&rsquo;autres, la priorit\u00e9 est de savoir quelles affections peuvent \u00eatre trait\u00e9es par hom\u00e9opathie.<\/p>\n<p>Pour prendre des d\u00e9cisions \u00e9clair\u00e9es en mati\u00e8re de soins de sant\u00e9, les patients et les prestataires de soins de sant\u00e9 doivent savoir si l&rsquo;hom\u00e9opathie peut contribuer \u00e0 traiter certains probl\u00e8mes de sant\u00e9.<\/p>\n<p>HRI soutient des projets qui se concentrent sur des domaines cliniques o\u00f9 l&rsquo;hom\u00e9opathie pourrait \u00eatre particuli\u00e8rement utile.<\/p>\n<p>Il n&rsquo;y a pas de projets de recherche clinique HRI en cours \u00e0 l&rsquo;heure actuelle.<\/p>\n<p>Pour voir nos projets de recherche clinique termin\u00e9s, cliquez <a href=\"https:\/\/www.hri-research.org\/fr\/recherche-hri\/projets-acheves\/\">ici<\/a>.<\/p>\n","protected":false},"excerpt":{"rendered":"<p>Si certains s&rsquo;interrogent sur le fonctionnement th\u00e9orique des m\u00e9dicaments hom\u00e9opathiques, pour d&rsquo;autres, la priorit\u00e9 est de savoir quelles affections peuvent \u00eatre trait\u00e9es par hom\u00e9opathie. Pour prendre des d\u00e9cisions \u00e9clair\u00e9es en mati\u00e8re de soins de sant\u00e9, les patients et les prestataires de soins de sant\u00e9 doivent savoir si l&rsquo;hom\u00e9opathie peut contribuer \u00e0 traiter certains probl\u00e8mes de [&hellip;]<\/p>\n","protected":false},"author":835,"featured_media":0,"parent":16694,"menu_order":0,"comment_status":"closed","ping_status":"closed","template":"","meta":{"footnotes":""},"class_list":["post-16708","page","type-page","status-publish","hentry"],"jetpack_sharing_enabled":true,"_links":{"self":[{"href":"https:\/\/www.hri-research.org\/fr\/wp-json\/wp\/v2\/pages\/16708","targetHints":{"allow":["GET"]}}],"collection":[{"href":"https:\/\/www.hri-research.org\/fr\/wp-json\/wp\/v2\/pages"}],"about":[{"href":"https:\/\/www.hri-research.org\/fr\/wp-json\/wp\/v2\/types\/page"}],"author":[{"embeddable":true,"href":"https:\/\/www.hri-research.org\/fr\/wp-json\/wp\/v2\/users\/835"}],"replies":[{"embeddable":true,"href":"https:\/\/www.hri-research.org\/fr\/wp-json\/wp\/v2\/comments?post=16708"}],"version-history":[{"count":0,"href":"https:\/\/www.hri-research.org\/fr\/wp-json\/wp\/v2\/pages\/16708\/revisions"}],"up":[{"embeddable":true,"href":"https:\/\/www.hri-research.org\/fr\/wp-json\/wp\/v2\/pages\/16694"}],"wp:attachment":[{"href":"https:\/\/www.hri-research.org\/fr\/wp-json\/wp\/v2\/media?parent=16708"}],"curies":[{"name":"wp","href":"https:\/\/api.w.org\/{rel}","templated":true}]}}