{"id":16694,"date":"2020-12-04T10:55:41","date_gmt":"2020-12-04T10:55:41","guid":{"rendered":"https:\/\/www.hri-research.org\/?page_id=16694"},"modified":"2021-09-16T14:57:06","modified_gmt":"2021-09-16T14:57:06","slug":"recherche-hri","status":"publish","type":"page","link":"https:\/\/www.hri-research.org\/fr\/recherche-hri\/","title":{"rendered":"Projets en cours"},"content":{"rendered":"<p>Nous apportons notre soutien (acad\u00e9mique ou financier) \u00e0 une s\u00e9rie de projets au Royaume-Uni et dans d&rsquo;autres pays. Ces projets sont en ligne avec notre <a href=\"https:\/\/www.hri-research.org\/fr\/projets-en-cours\/strategie-de-recherche\/\" target=\"_blank\" rel=\"noopener noreferrer\">strat\u00e9gie de recherche<\/a> g\u00e9n\u00e9ral et couvre trois principaux domaines\u00a0:<\/p>\n<table>\n<tbody>\n<tr>\n<td><a href=\"https:\/\/www.hri-research.org\/fr\/projets-en-cours\/comment-fonctionnent-les-medicaments-homeopathiques\/\" target=\"_blank\" rel=\"noopener noreferrer\"><img loading=\"lazy\" decoding=\"async\" class=\"alignnone wp-image-1869\" src=\"https:\/\/www.hri-research.org\/wp-content\/uploads\/2013\/11\/How-do-hom-med-work_shutterstock_124722004-300x200.jpg\" alt=\"How do hom med work_shutterstock_124722004\" width=\"149\" height=\"100\" srcset=\"https:\/\/www.hri-research.org\/wp-content\/uploads\/2013\/11\/How-do-hom-med-work_shutterstock_124722004-300x200.jpg 300w, https:\/\/www.hri-research.org\/wp-content\/uploads\/2013\/11\/How-do-hom-med-work_shutterstock_124722004-1024x685.jpg 1024w, https:\/\/www.hri-research.org\/wp-content\/uploads\/2013\/11\/How-do-hom-med-work_shutterstock_124722004-98x65.jpg 98w, https:\/\/www.hri-research.org\/wp-content\/uploads\/2013\/11\/How-do-hom-med-work_shutterstock_124722004-198x132.jpg 198w, https:\/\/www.hri-research.org\/wp-content\/uploads\/2013\/11\/How-do-hom-med-work_shutterstock_124722004-158x105.jpg 158w, https:\/\/www.hri-research.org\/wp-content\/uploads\/2013\/11\/How-do-hom-med-work_shutterstock_124722004-160x107.jpg 160w, https:\/\/www.hri-research.org\/wp-content\/uploads\/2013\/11\/How-do-hom-med-work_shutterstock_124722004-520x348.jpg 520w\" sizes=\"auto, (max-width: 149px) 100vw, 149px\" \/><\/a><\/td>\n<td>\n<h3><span class=\"no-underline\"><a href=\"https:\/\/www.hri-research.org\/fr\/projets-en-cours\/comment-fonctionnent-les-medicaments-homeopathiques\/\" target=\"_blank\" rel=\"noopener noreferrer\">Comment fonctionnent les m\u00e9dicaments hom\u00e9opathiques ?<\/a><\/span><\/h3>\n<p><em>Recherche fondamentale<\/em><\/td>\n<\/tr>\n<tr>\n<td><a href=\"https:\/\/www.hri-research.org\/fr\/projets-en-cours\/que-peut-traiter-homeopathie\/\" target=\"_blank\" rel=\"noopener noreferrer\"><img loading=\"lazy\" decoding=\"async\" class=\"alignnone wp-image-1904\" src=\"https:\/\/www.hri-research.org\/wp-content\/uploads\/2013\/11\/Clinical-research_shutterstock_177908072-scaled-300x200.jpg\" alt=\"Clinical research_shutterstock_177908072 scaled\" width=\"150\" height=\"100\" srcset=\"https:\/\/www.hri-research.org\/wp-content\/uploads\/2013\/11\/Clinical-research_shutterstock_177908072-scaled-300x200.jpg 300w, https:\/\/www.hri-research.org\/wp-content\/uploads\/2013\/11\/Clinical-research_shutterstock_177908072-scaled-98x65.jpg 98w, https:\/\/www.hri-research.org\/wp-content\/uploads\/2013\/11\/Clinical-research_shutterstock_177908072-scaled-198x132.jpg 198w, https:\/\/www.hri-research.org\/wp-content\/uploads\/2013\/11\/Clinical-research_shutterstock_177908072-scaled-158x105.jpg 158w, https:\/\/www.hri-research.org\/wp-content\/uploads\/2013\/11\/Clinical-research_shutterstock_177908072-scaled-160x106.jpg 160w, https:\/\/www.hri-research.org\/wp-content\/uploads\/2013\/11\/Clinical-research_shutterstock_177908072-scaled-520x346.jpg 520w, https:\/\/www.hri-research.org\/wp-content\/uploads\/2013\/11\/Clinical-research_shutterstock_177908072-scaled.jpg 591w\" sizes=\"auto, (max-width: 150px) 100vw, 150px\" \/><\/a><\/td>\n<td>\n<h3><span class=\"no-underline\"><a href=\"https:\/\/www.hri-research.org\/fr\/projets-en-cours\/que-peut-traiter-homeopathie\/\" target=\"_blank\" rel=\"noopener noreferrer\">Que peut traiter l&rsquo;hom\u00e9opathie ?<\/a><\/span><\/h3>\n<p><em>Recherche clinique<\/em><\/td>\n<\/tr>\n<tr>\n<td><a href=\"https:\/\/www.hri-research.org\/fr\/projets-en-cours\/tirer-parti-des-donnees-existantes\/\" target=\"_blank\" rel=\"noopener noreferrer\"><img loading=\"lazy\" decoding=\"async\" class=\"alignnone wp-image-2614\" src=\"https:\/\/www.hri-research.org\/wp-content\/uploads\/2014\/10\/Learning-more_134114783-150x150.jpg\" alt=\"\" width=\"150\" height=\"100\" srcset=\"https:\/\/www.hri-research.org\/wp-content\/uploads\/2014\/10\/Learning-more_134114783-300x200.jpg 300w, https:\/\/www.hri-research.org\/wp-content\/uploads\/2014\/10\/Learning-more_134114783-98x65.jpg 98w, https:\/\/www.hri-research.org\/wp-content\/uploads\/2014\/10\/Learning-more_134114783-198x132.jpg 198w, https:\/\/www.hri-research.org\/wp-content\/uploads\/2014\/10\/Learning-more_134114783-158x105.jpg 158w, https:\/\/www.hri-research.org\/wp-content\/uploads\/2014\/10\/Learning-more_134114783-160x106.jpg 160w, https:\/\/www.hri-research.org\/wp-content\/uploads\/2014\/10\/Learning-more_134114783-520x346.jpg 520w, https:\/\/www.hri-research.org\/wp-content\/uploads\/2014\/10\/Learning-more_134114783.jpg 1000w\" sizes=\"auto, (max-width: 150px) 100vw, 150px\" \/><\/a><\/td>\n<td>\n<h3><span class=\"no-underline\"><a href=\"https:\/\/www.hri-research.org\/fr\/projets-en-cours\/tirer-parti-des-donnees-existantes\/\">Tirer parti des donn\u00e9es existantes<\/a><\/span><\/h3>\n<p><em>Revues et bases de donn\u00e9es<\/em><\/td>\n<\/tr>\n<tr>\n<td><a href=\"https:\/\/www.hri-research.org\/fr\/projets-en-cours\/la-pratique-comme-source-apprentissage\/\" target=\"_blank\" rel=\"noopener noreferrer\"><img loading=\"lazy\" decoding=\"async\" class=\"alignnone wp-image-14710\" src=\"https:\/\/www.hri-research.org\/wp-content\/uploads\/2020\/07\/Data-Collection.jpg\" alt=\"\" width=\"150\" height=\"100\" srcset=\"https:\/\/www.hri-research.org\/wp-content\/uploads\/2020\/07\/Data-Collection.jpg 300w, https:\/\/www.hri-research.org\/wp-content\/uploads\/2020\/07\/Data-Collection-98x65.jpg 98w, https:\/\/www.hri-research.org\/wp-content\/uploads\/2020\/07\/Data-Collection-198x132.jpg 198w, https:\/\/www.hri-research.org\/wp-content\/uploads\/2020\/07\/Data-Collection-158x105.jpg 158w, https:\/\/www.hri-research.org\/wp-content\/uploads\/2020\/07\/Data-Collection-160x107.jpg 160w\" sizes=\"auto, (max-width: 150px) 100vw, 150px\" \/><\/a><\/td>\n<td>\n<h3><span class=\"no-underline\"><a href=\"https:\/\/www.hri-research.org\/fr\/projets-en-cours\/la-pratique-comme-source-apprentissage\/\" target=\"_blank\" rel=\"noopener noreferrer\">La pratique comme source d&rsquo;apprentissage<\/a><\/span><\/h3>\n<p><em>Collecte des donn\u00e9es<\/em><\/td>\n<\/tr>\n<tr>\n<td><a href=\"https:\/\/www.hri-research.org\/fr\/projets-en-cours\/travailler-pour-la-recherche-de-demain\/\" target=\"_blank\" rel=\"noopener noreferrer\"><img loading=\"lazy\" decoding=\"async\" class=\"alignnone wp-image-14756\" src=\"https:\/\/www.hri-research.org\/wp-content\/uploads\/2020\/07\/Expert-Meetings.png\" alt=\"\" width=\"150\" height=\"100\" srcset=\"https:\/\/www.hri-research.org\/wp-content\/uploads\/2020\/07\/Expert-Meetings.png 300w, https:\/\/www.hri-research.org\/wp-content\/uploads\/2020\/07\/Expert-Meetings-98x65.png 98w, https:\/\/www.hri-research.org\/wp-content\/uploads\/2020\/07\/Expert-Meetings-198x132.png 198w, https:\/\/www.hri-research.org\/wp-content\/uploads\/2020\/07\/Expert-Meetings-158x105.png 158w, https:\/\/www.hri-research.org\/wp-content\/uploads\/2020\/07\/Expert-Meetings-160x107.png 160w\" sizes=\"auto, (max-width: 150px) 100vw, 150px\" \/><\/a><\/td>\n<td>\n<h3><span class=\"no-underline\"><a href=\"https:\/\/www.hri-research.org\/fr\/projets-en-cours\/travailler-pour-la-recherche-de-demain\/\" target=\"_blank\" rel=\"noopener noreferrer\">Travailler pour la recherche de demain<\/a><\/span><\/h3>\n<p><em>R\u00e9unions d&rsquo;experts<\/em><\/td>\n<\/tr>\n<\/tbody>\n<\/table>\n<p>&nbsp;<\/p>\n<h3>D<sup>r<\/sup> Steven Cartwright | Recherche en hom\u00e9opathie et HRI<\/h3>\n<p><span class=\"embed-youtube\" style=\"text-align:center; display: block;\"><iframe loading=\"lazy\" class=\"youtube-player\" width=\"520\" height=\"293\" src=\"https:\/\/www.youtube.com\/embed\/85oT1Y-lnbA?version=3&#038;rel=1&#038;showsearch=0&#038;showinfo=1&#038;iv_load_policy=1&#038;fs=1&#038;hl=fr-FR&#038;autohide=2&#038;wmode=transparent\" allowfullscreen=\"true\" style=\"border:0;\" sandbox=\"allow-scripts allow-same-origin allow-popups allow-presentation allow-popups-to-escape-sandbox\"><\/iframe><\/span><\/p>\n","protected":false},"excerpt":{"rendered":"<p>Nous apportons notre soutien (acad\u00e9mique ou financier) \u00e0 une s\u00e9rie de projets au Royaume-Uni et dans d&rsquo;autres pays. Ces projets sont en ligne avec notre strat\u00e9gie de recherche g\u00e9n\u00e9ral et couvre trois principaux domaines\u00a0: Comment fonctionnent les m\u00e9dicaments hom\u00e9opathiques ? Recherche fondamentale Que peut traiter l&rsquo;hom\u00e9opathie ? Recherche clinique Tirer parti des donn\u00e9es existantes Revues [&hellip;]<\/p>\n","protected":false},"author":835,"featured_media":17315,"parent":0,"menu_order":300,"comment_status":"closed","ping_status":"closed","template":"","meta":{"footnotes":""},"class_list":["post-16694","page","type-page","status-publish","has-post-thumbnail","hentry"],"jetpack_sharing_enabled":true,"_links":{"self":[{"href":"https:\/\/www.hri-research.org\/fr\/wp-json\/wp\/v2\/pages\/16694","targetHints":{"allow":["GET"]}}],"collection":[{"href":"https:\/\/www.hri-research.org\/fr\/wp-json\/wp\/v2\/pages"}],"about":[{"href":"https:\/\/www.hri-research.org\/fr\/wp-json\/wp\/v2\/types\/page"}],"author":[{"embeddable":true,"href":"https:\/\/www.hri-research.org\/fr\/wp-json\/wp\/v2\/users\/835"}],"replies":[{"embeddable":true,"href":"https:\/\/www.hri-research.org\/fr\/wp-json\/wp\/v2\/comments?post=16694"}],"version-history":[{"count":0,"href":"https:\/\/www.hri-research.org\/fr\/wp-json\/wp\/v2\/pages\/16694\/revisions"}],"wp:featuredmedia":[{"embeddable":true,"href":"https:\/\/www.hri-research.org\/fr\/wp-json\/wp\/v2\/media\/17315"}],"wp:attachment":[{"href":"https:\/\/www.hri-research.org\/fr\/wp-json\/wp\/v2\/media?parent=16694"}],"curies":[{"name":"wp","href":"https:\/\/api.w.org\/{rel}","templated":true}]}}