{"id":16691,"date":"2020-12-03T10:37:35","date_gmt":"2020-12-03T10:37:35","guid":{"rendered":"https:\/\/www.hri-research.org\/?page_id=16691"},"modified":"2020-12-07T16:39:55","modified_gmt":"2020-12-07T16:39:55","slug":"notre-histoire","status":"publish","type":"page","link":"https:\/\/www.hri-research.org\/fr\/a-propos-du-hri\/notre-histoire\/","title":{"rendered":"Notre histoire"},"content":{"rendered":"<p>\u00c0 la fin des ann\u00e9es 1990, le D<sup>r\u00a0<\/sup>Alexander Tournier, alors \u00e9tudiant en physique th\u00e9orique \u00e0 l&rsquo;Universit\u00e9 de Cambridge, se prend de passion pour la recherche en hom\u00e9opathie, notamment les exp\u00e9riences de science fondamentale qui utilisent des doses infinit\u00e9simales et \u00e9tudient des propri\u00e9t\u00e9s de l&rsquo;eau jusque-l\u00e0 inconnues. \u00c0 l&rsquo;\u00e9poque, la recherche obtient des r\u00e9sultats surprenants, comme l&rsquo;effet \u00ab\u00a0m\u00e9moire de l&rsquo;eau\u00a0\u00bb mis en lumi\u00e8re par le professeur Jacques Benveniste dans les ann\u00e9es 1980.<\/p>\n<p>Malgr\u00e9 le grand potentiel de la recherche dans cette discipline relativement nouvelle, les \u00e9tudes men\u00e9es \u00e0 l&rsquo;\u00e9poque manquent de qualit\u00e9. Conscient de cela, le D<sup>r\u00a0<\/sup>Tournier d\u00e9cide de cr\u00e9er un organisme visant \u00e0 promouvoir une recherche de haute qualit\u00e9 en hom\u00e9opathie.<\/p>\n<p>Soutenu d\u00e8s le d\u00e9part par plusieurs \u00e9minences de la recherche en hom\u00e9opathie, comme Peter Fisher, Elizabeth Thompson, Clare Relton et Kate Thomas, et gr\u00e2ce \u00e0 l&rsquo;aide pr\u00e9cieuse de nombreuses autres personnes, le HRI a r\u00e9ussi \u00e0 se consolider.<\/p>\n<p>En 2010, Rachel Roberts rejoint le HRI. Forte de dix ans d&rsquo;exercice pratique et th\u00e9orique de l&rsquo;hom\u00e9opathie, elle a \u00e9galement une longue exp\u00e9rience dans la communication des donn\u00e9es de recherche et dans la repr\u00e9sentation du m\u00e9tier d&rsquo;hom\u00e9opathe au Royaume-Uni, apr\u00e8s avoir travaill\u00e9 comme consultante en recherche pour la Soci\u00e9t\u00e9 des hom\u00e9opathes (<em>Society of Homeopaths<\/em>).<\/p>\n<p>\u00c0 eux deux, Alex Tournier et Rachel Roberts forment l&rsquo;\u00e9quipe de direction de HRI. Ils sont charg\u00e9s de superviser les activit\u00e9s de <a href=\"https:\/\/www.hri-research.org\/about-hri\/management-staff\/\">l&rsquo;\u00e9quipe de gestion<\/a> et du <a href=\"https:\/\/www.hri-research.org\/about-hri\/scientific-advisory-committee\/\">Comit\u00e9 scientifique consultatif<\/a>, qui ont fait du HRI une association de bienfaisance en plein essor.<\/p>\n<h3>\u00c9volution de notre association<\/h3>\n<table class=\"content-table\">\n<tbody>\n<tr>\n<td>\n<h4 class=\"accent\" style=\"white-space: nowrap;\">2007-9<\/h4>\n<\/td>\n<td>\n<h4 class=\"accent\">L&rsquo;origine | Cr\u00e9ation du HRI<\/h4>\n<\/td>\n<\/tr>\n<tr>\n<td><\/td>\n<td>Fond\u00e9 en 2007, l&rsquo;Institut de recherche sur l&rsquo;hom\u00e9opathie (HRI) a obtenu en 2009 le statut d&rsquo;organisme de bienfaisance. D\u00e8s le d\u00e9part, l&rsquo;Institut s&rsquo;est d\u00e9velopp\u00e9 sur le plan humain et en termes d&rsquo;impact. Le recrutement op\u00e9r\u00e9 dans les derni\u00e8res ann\u00e9es a permis de consolider notre organisation en \u00e9largissant l&rsquo;\u00e9ventail d&rsquo;expertises au sein de tous nos d\u00e9partements, y compris le Conseil d&rsquo;administration, le Comit\u00e9 scientifique consultatif et le personnel.<\/td>\n<\/tr>\n<tr>\n<td>\n<h4 class=\"accent\">2010<\/h4>\n<\/td>\n<td>\n<h4 class=\"accent\">Les premiers pas | Le HRI commence \u00e0 financer la recherche<\/h4>\n<\/td>\n<\/tr>\n<tr>\n<td><\/td>\n<td>Gr\u00e2ce au g\u00e9n\u00e9reux soutien de ses <a style=\"font-family: inherit; font-size: inherit;\" href=\"https:\/\/www.hri-research.org\/fr\/a-propos-du-hri\/financement\/\" target=\"_blank\" rel=\"noopener noreferrer\">m\u00e9c\u00e8nes<\/a><span style=\"font-family: inherit; font-size: inherit;\">, l&rsquo;Institut a pu commencer \u00e0 financer son premier projet de recherche, <\/span><a style=\"font-family: inherit; font-size: inherit;\" href=\"https:\/\/www.hri-research.org\/fr\/recherche-hri\/projets-acheves\/etude-des-proprietes-physiques-et-chimiques-des-hautes-dilutions\/\" target=\"_blank\" rel=\"noopener noreferrer\"><em>Physico-chemical properties of ultra-high dilutions<\/em><\/a><span style=\"font-family: inherit; font-size: inherit;\"> (\u00ab\u00a0Propri\u00e9t\u00e9s physico-chimiques des tr\u00e8s hautes dilutions\u00a0\u00bb) du D<\/span><sup style=\"font-family: inherit;\">r<\/sup><span style=\"font-family: inherit; font-size: inherit;\"> Steven Cartwright.<\/span><\/td>\n<\/tr>\n<tr>\n<td>\n<h4 class=\"accent\">2011<\/h4>\n<\/td>\n<td>\n<h4 class=\"accent\">L&rsquo;heure de la visibilit\u00e9 | Lancement de HRI \u00e0 la Chambre des communes<\/h4>\n<\/td>\n<\/tr>\n<tr>\n<td><\/td>\n<td>Le 17 mai 2011, le HRI organise une <a style=\"font-family: inherit; font-size: inherit;\" href=\"https:\/\/www.hri-research.org\/wp-content\/uploads\/2013\/11\/HOC-report.pdf\" target=\"_blank\" rel=\"noopener noreferrer\">r\u00e9ception \u00e0 la Chambre des Communes<\/a><span style=\"font-family: inherit; font-size: inherit;\"> de Londres. Parmi les 150\u00a0invit\u00e9s, des universitaires, des scientifiques, des confr\u00e8res et des membres du Parlement du Royaume-Uni, ainsi que des repr\u00e9sentants de l&rsquo;industrie hom\u00e9opathique et du secteur de la sant\u00e9 publique. <\/span><a style=\"font-family: inherit; font-size: inherit;\" href=\"https:\/\/www.hri-research.org\/2013\/05\/hri-house-of-commons-reception-press-kit\/\" target=\"_blank\" rel=\"noopener noreferrer\">Cet \u00e9v\u00e9nement sans pr\u00e9c\u00e9dent<\/a><span style=\"font-family: inherit; font-size: inherit;\">, qui a attir\u00e9 des chercheurs chevronn\u00e9s de toute l&rsquo;Europe et des \u00c9tats-Unis, avait pour principal objectif de d\u00e9montrer que l&rsquo;hom\u00e9opathie est un domaine de recherche scientifique l\u00e9gitime et n\u00e9cessaire, qui doit \u00eatre pris en compte dans les politiques.<\/span><\/td>\n<\/tr>\n<tr>\n<td>\n<h4 class=\"accent\">2012<\/h4>\n<\/td>\n<td>\n<h4 class=\"accent\">La formation de futurs chercheurs | Premi\u00e8re bourse de doctorat HRI<\/h4>\n<\/td>\n<\/tr>\n<tr>\n<td><\/td>\n<td>Conform\u00e9ment \u00e0 <a style=\"font-family: inherit; font-size: inherit;\" href=\"https:\/\/www.hri-research.org\/fr\/recherche-hri\/strategie-de-recherche\/\" target=\"_blank\" rel=\"noopener noreferrer\">la strat\u00e9gie et aux priorit\u00e9s de recherche du HRI<\/a><span style=\"font-family: inherit; font-size: inherit;\">, notre premi\u00e8re bourse de doctorat a \u00e9t\u00e9 attribu\u00e9e \u00e0 une recherche sur le r\u00f4le potentiel de l&rsquo;hom\u00e9opathie pour traiter des affections pour lesquelles il existe un \u00ab\u00a0\u00e9cart d&rsquo;efficacit\u00e9\u00a0\u00bb, c&rsquo;est-\u00e0-dire pour lesquelles les traitements classiques n&rsquo;apportent pas de r\u00e9sultats satisfaisants pour les patients. Cette bourse a \u00e9t\u00e9 attribu\u00e9e \u00e0 Philippa Fibert, chercheuse \u00e0 l&rsquo;Universit\u00e9 de Sheffield (Royaume-Uni), pour financer un <\/span><a style=\"font-family: inherit; font-size: inherit;\" href=\"https:\/\/www.hri-research.org\/fr\/recherche-hri\/que-peut-traiter-homeopathie\/homeopathie-peut-elle-aider-les-enfants-atteints-de-tdah\/\" target=\"_blank\" rel=\"noopener noreferrer\">essai contr\u00f4l\u00e9 randomis\u00e9 sur l&rsquo;efficacit\u00e9 de l&rsquo;hom\u00e9opathie pour traiter les troubles d\u00e9ficitaires de l&rsquo;attention\/hyperactivit\u00e9 (TDAH<\/a><u style=\"font-family: inherit; font-size: inherit;\">) chez l&rsquo;enfant<\/u><span style=\"font-family: inherit; font-size: inherit;\">, qui devait s&rsquo;achever en 2016.<\/span><\/td>\n<\/tr>\n<tr>\n<td>\n<h4 class=\"accent\">2013<\/h4>\n<\/td>\n<td>\n<h4 class=\"accent\">La consolidation de la communaut\u00e9 scientifique | Conf\u00e9rence inaugurale de HRI<\/h4>\n<\/td>\n<\/tr>\n<tr>\n<td><\/td>\n<td>La premi\u00e8re conf\u00e9rence internationale de recherche du HRI, <a style=\"font-family: inherit; font-size: inherit;\" href=\"https:\/\/www.hribarcelona2013.org\/\" target=\"_blank\" rel=\"noopener noreferrer\"><em>Cutting Edge Research in Homeopathy<\/em><\/a><span style=\"font-family: inherit; font-size: inherit;\">, a eu lieu \u00e0 Barcelone en mai-juin 2013. Avec un programme enti\u00e8rement consacr\u00e9 \u00e0 la recherche scientifique fiable et de haut niveau, <\/span><a style=\"font-family: inherit; font-size: inherit;\" href=\"https:\/\/www.hribarcelona2013.org\/\" target=\"_blank\" rel=\"noopener noreferrer\">Barcelone 2013<\/a><span style=\"font-family: inherit; font-size: inherit;\"> \u00e9tait le premier rassemblement de ce type depuis une d\u00e9cennie. L&rsquo;\u00e9v\u00e8nement a rassembl\u00e9 les meilleurs chercheurs en hom\u00e9opathie du monde entier, qui ont pu partager leurs derni\u00e8res d\u00e9couvertes et tisser de nouveaux partenariats internationaux.<\/span><\/td>\n<\/tr>\n<tr>\n<td>\n<h4 class=\"accent\">2014<\/h4>\n<\/td>\n<td>\n<h4 class=\"accent\">L&rsquo;apport d&rsquo;une ressource d&rsquo;excellence | Lancement du nouveau site web du HRI<\/h4>\n<\/td>\n<\/tr>\n<tr>\n<td><\/td>\n<td>\n<p class=\"p1\">Apr\u00e8s des ann\u00e9es de travail, l&rsquo;Institut a lanc\u00e9 son nouveau site Internet en 2014. L&rsquo;objectif \u00e9tait de faciliter l&rsquo;acc\u00e8s aux recherches les plus pointues en hom\u00e9opathie en les centralisant sur un seul site et en ne retenant que les informations les plus fiables disponibles actuellement.<\/p>\n<p>Cette refonte du site a \u00e9t\u00e9 l&rsquo;occasion de mettre en ligne l&rsquo;excellente base de donn\u00e9es <a href=\"https:\/\/www.hri-research.org\/fr\/ressources\/bases-de-donnees-de-recherche\/core-hom\/\" target=\"_blank\" rel=\"noopener noreferrer\">CORE-Hom<\/a>, qui donne un acc\u00e8s gratuit \u00e0 la collection compl\u00e8te des recherches cliniques publi\u00e9es et \u00e9valu\u00e9es par des pairs sur l&rsquo;hom\u00e9opathie. Cet outil est le r\u00e9sultat d&rsquo;un projet de 3 ans en collaboration avec la prestigieuse <a href=\"https:\/\/www.carstens-stiftung.de\/\" target=\"_blank\" rel=\"noopener noreferrer\">Fondation Karl und Veronica Carstens<\/a> en Allemagne.<\/p>\n<h4 class=\"accent\">G\u00e9n\u00e9rer de nouvelles recherches de grande qualit\u00e9 | Publication des premiers r\u00e9sultats de projets financ\u00e9s par le HRI<\/h4>\n<p>La <a href=\"https:\/\/www.hri-research.org\/fr\/recherche-hri\/strategie-de-recherche\/\">strat\u00e9gie de recherche clinique<\/a> du HRI vise les maladies pr\u00e9sentant un \u00e9cart d&rsquo;efficacit\u00e9. Cela s&rsquo;est concr\u00e9tis\u00e9 dans <a href=\"https:\/\/www.hri-research.org\/fr\/recherche-hri\/projets-acheves\/\">une \u00e9tude pilote sur le traitement hom\u00e9opathique du syndrome de l&rsquo;intestin irritable<\/a>, premier projet de recherche financ\u00e9 par le HRI \u00e0 obtenir de nouveaux r\u00e9sultats. L&rsquo;article, intitul\u00e9 <a href=\"https:\/\/www.ncbi.nlm.nih.gov\/pubmed\/24931748\"><em>Interim results of a randomised controled trial of homeopathic treatment for irritable bowel syndrome<\/em><\/a> (\u00ab\u00a0R\u00e9sultats provisoires d&rsquo;un essai contr\u00f4l\u00e9 randomis\u00e9 sur le traitement hom\u00e9opathique du syndrome de l&rsquo;intestin irritable\u00a0\u00bb) a inaugur\u00e9 la s\u00e9rie de <a href=\"https:\/\/www.hri-research.org\/fr\/ressources\/recherche-a-la-une\/\">publications du HRI \u00e9valu\u00e9es par les pairs<\/a><u>.<\/u><\/td>\n<\/tr>\n<tr>\n<td>\n<h4 class=\"accent\">2015<\/h4>\n<\/td>\n<td>\n<h4 class=\"accent\">Recherche en hom\u00e9opathie de tr\u00e8s haut calibre | IIe conf\u00e9rence HRI \u00e0 Rome<\/h4>\n<\/td>\n<\/tr>\n<tr>\n<td><\/td>\n<td>\n<p class=\"p1\">La <a href=\"https:\/\/www.hrirome2015.org\/\">Conf\u00e9rence du HRI \u00e0 Rome<\/a> a \u00e0 nouveau r\u00e9uni les meilleurs chercheurs du monde, issus de diff\u00e9rents sous-domaines de la recherche en hom\u00e9opathie. L&rsquo;\u00e9v\u00e8nement a eu une r\u00e9elle port\u00e9e internationale, avec 250 d\u00e9l\u00e9gu\u00e9s venus de 39 pays pour assister aux pr\u00e9sentations d&rsquo;intervenants de 17 pays diff\u00e9rents.<\/p>\n<p>Les d\u00e9bats autour des derni\u00e8res d\u00e9couvertes ont fait honneur au th\u00e8me de la conf\u00e9rence, \u00e0 savoir la \u00ab\u00a0recherche de pointe\u00a0\u00bb\u00a0: des avanc\u00e9es de la recherche fondamentale sur le m\u00e9canisme d&rsquo;action des m\u00e9dicaments hom\u00e9opathiques aux sujets interdisciplinaires, comme la progression des donn\u00e9es permettant de d\u00e9montrer la capacit\u00e9 des rem\u00e8des hom\u00e9opathiques \u00e0 moduler l&rsquo;expression des g\u00e8nes et \u00e0 exercer un \u00ab\u00a0effet de champ\u00a0\u00bb.<\/p>\n<h4 class=\"accent\">G\u00e9n\u00e9rer une recherche de qualit\u00e9 | Publication des premiers r\u00e9sultats de la recherche fondamentale financ\u00e9e par le HRI<\/h4>\n<p>Le premier grand projet de recherche du HRI a \u00e9t\u00e9 publi\u00e9 en 2015. Il s&rsquo;agissait du travail du D<sup>r<\/sup> Steven Cartwright sur l&rsquo;interaction des puissances hom\u00e9opathiques avec le colorant soluble dans l&rsquo;eau bis-dimethylamino fuchsone <a href=\"https:\/\/www.hri-research.org\/wp-content\/uploads\/2017\/03\/Cartwright-pH-studies-2017.pdf\" target=\"_blank\" rel=\"noopener noreferrer\"><em>(Interaction of homeopathic potencies with the water soluble solvatochromic dye bis-dimethylaminofuchsone<\/em>)<\/a>.<\/p>\n<p>En d\u00e9montrant que les colorants solvatochromiques d\u00e9tectent la pr\u00e9sence de puissances hom\u00e9opathiques, les r\u00e9sultats de cette \u00e9tude ouvrent la voie \u00e0 des recherches qui permettront de mieux comprendre la nature des m\u00e9dicaments hom\u00e9opathiques et leur mode d&rsquo;action.<\/td>\n<\/tr>\n<tr>\n<td>\n<h4 class=\"accent\">2016<\/h4>\n<\/td>\n<td>\n<h4 class=\"accent\">En guerre contre les fausses d\u00e9clarations | Les co-auteurs du HRI remettent en cause le rapport du NHMRC<\/h4>\n<\/td>\n<\/tr>\n<tr>\n<td><\/td>\n<td>\n<p class=\"p1\">En ao\u00fbt 2016, l&rsquo;analyse scientifique approfondie du HRI a \u00e9t\u00e9 utilis\u00e9e dans le cadre d&rsquo;une plainte d\u00e9pos\u00e9e aupr\u00e8s du m\u00e9diateur f\u00e9d\u00e9ral du Commonwealth par trois entit\u00e9s australiennes : <em>Complementary Medicines Australia <\/em>(Soci\u00e9t\u00e9 des m\u00e9decines parall\u00e8les), <em>Australian Homoeopathic Association <\/em>(association australienne d&rsquo;hom\u00e9opathie) et <em>Australian Traditional Medicine Society<\/em> (Soci\u00e9t\u00e9 de m\u00e9decine traditionnelle). Cette plainte portait sur le document d&rsquo;information sur l&rsquo;hom\u00e9opathie \u00e9mis par le Conseil national australien de la sant\u00e9 et de la recherche m\u00e9dicale (NHMRC), connu sous le nom de <a href=\"https:\/\/www.hri-research.org\/fr\/ressources\/homeopathie-en-debat\/rapport-australien\/\" target=\"_blank\" rel=\"noopener noreferrer\">Rapport australien,<\/a>\u00a0qui avait conclu\u00a0: \u00ab\u00a0<em>il n&rsquo;existe aucune pathologie pour laquelle l&rsquo;efficacit\u00e9 de l&rsquo;hom\u00e9opathie repose sur des donn\u00e9es fiables\u00a0\u00bb<\/em>.<\/p>\n<p>Le Rapport australien a fait la Une des journaux du monde entier, qui ont relay\u00e9 l&rsquo;id\u00e9e que le NHMRC avait d\u00e9montr\u00e9 que l&rsquo;hom\u00e9opathie ne fonctionnait pour aucune maladie. Le HRI a r\u00e9v\u00e9l\u00e9 des <a href=\"https:\/\/www.hri-research.org\/fr\/ressources\/homeopathie-en-debat\/rapport-australien\/\" target=\"_blank\" rel=\"noopener noreferrer\">preuves de fautes proc\u00e9durales et scientifiques graves.<\/a> La plainte est \u00e0 pr\u00e9sent entre les mains du M\u00e9diateur f\u00e9d\u00e9ral.<\/p>\n<h4 class=\"accent\">Atteindre un public plus large | Traduction de la FAQ sur l&rsquo;hom\u00e9opathie de HRI<\/h4>\n<p>En 2016, suite \u00e0 des demandes re\u00e7ues du monde entier et au soutien financier de l&rsquo;ECHAMP, nous avons traduit en quatre nouvelles langues notre <a href=\"https:\/\/www.hri-research.org\/fr\/ressources\/homeopathy-faqs\/\" target=\"_blank\" rel=\"noopener noreferrer\">Foire aux questions<\/a>, qui apporte des r\u00e9ponses claires et fond\u00e9es aux affirmations les plus courantes au sujet de l&rsquo;hom\u00e9opathie.<\/p>\n<p>Le lancement de cette FAQ multilingue constitue un progr\u00e8s non n\u00e9gligeable pour l&rsquo;hom\u00e9opathie en g\u00e9n\u00e9ral, dans le sens o\u00f9 elle apporte des informations pr\u00e9cises (en d\u00e9montant la d\u00e9sinformation) \u00e0 un public beaucoup plus large.<\/td>\n<\/tr>\n<tr>\n<td>\n<h4 class=\"accent\">2017<\/h4>\n<\/td>\n<td>\n<h4 class=\"accent\">A la pointe de la recherche en hom\u00e9opathie | IIIe conf\u00e9rence HRI \u00e0 Malte<\/h4>\n<\/td>\n<\/tr>\n<tr>\n<td><\/td>\n<td>La <a href=\"http:\/\/www.hrimalta2017.org\/\" target=\"_blank\" rel=\"noopener noreferrer\">3\u00e8me conf\u00e9rence HRI \u00e0 Malte<\/a> a r\u00e9uni 200 d\u00e9l\u00e9gu\u00e9s originaires de 25 pays, qui ont assist\u00e9 aux pr\u00e9sentations de chercheurs de 19 pays diff\u00e9rents. Tri\u00e9es sur le volet, les 36 pr\u00e9sentations orales et les 37 affiches \u00e9taient d&rsquo;une excellente facture.<\/p>\n<p>Malte a offert un <a href=\"http:\/\/www.hrimalta2017.org\/gallery\/\" target=\"_blank\" rel=\"noopener noreferrer\">cadre magnifique<\/a> \u00e0 ce qui est d\u00e9sormais un \u00e9v\u00e9nement majeur du calendrier hom\u00e9opathique.<\/td>\n<\/tr>\n<tr>\n<td>\n<h4 class=\"accent\">2018<\/h4>\n<\/td>\n<td>\n<h4 class=\"accent\">Publication de la premi\u00e8re revue syst\u00e9matique de recherche fondamentale financ\u00e9e par le HRI<\/h4>\n<\/td>\n<\/tr>\n<tr>\n<td><\/td>\n<td>\n<p class=\"p1\">Les r\u00e9sultats de la <a href=\"https:\/\/www.ncbi.nlm.nih.gov\/pubmed\/29377709\" target=\"_blank\" rel=\"noopener noreferrer\">premi\u00e8re revue syst\u00e9matique de la recherche fondamentale financ\u00e9e par le HRI,<\/a> dirig\u00e9e par le directeur ex\u00e9cutif de l&rsquo;Institut, le Dr Alexander Tournier, ont r\u00e9v\u00e9l\u00e9 une hausse singuli\u00e8re du volume et de la qualit\u00e9 de la recherche physico-chimique en hom\u00e9opathie au cours des ann\u00e9es pr\u00e9c\u00e9dentes.<\/p>\n<p>\u00c9tape majeure pour la formulation d&rsquo;hypoth\u00e8ses claires et v\u00e9rifiables concernant le mode d&rsquo;action de l&rsquo;hom\u00e9opathie, cette revue constitue le premier volet d&rsquo;un projet en deux parties.<\/td>\n<\/tr>\n<tr>\n<td>\n<h4 class=\"accent\">2019<\/h4>\n<\/td>\n<td>\n<h4 class=\"accent\">10 ans de pr\u00e9cision, de qualit\u00e9 et d&rsquo;int\u00e9grit\u00e9 |<br \/>\nIVe Conf\u00e9rence du HRI \u00e0 Londres<\/h4>\n<\/td>\n<\/tr>\n<tr>\n<td><\/td>\n<td>La <a href=\"http:\/\/hrilondon2019.org\/\" target=\"_blank\" rel=\"noopener noreferrer\">IVe Conf\u00e9rence internationale de recherche du HRI<\/a> s&rsquo;est tenue \u00e0 Londres du 14 au 16 juin 2019. Cette conf\u00e9rence a eu une r\u00e9elle port\u00e9e internationale, comme en t\u00e9moignent nos 352\u00a0d\u00e9l\u00e9gu\u00e9s venus de 38\u00a0pays, et les 75\u00a0chercheurs et m\u00e9decins venus de 27\u00a0pays pour pr\u00e9senter les toutes derni\u00e8res recherches en hom\u00e9opathie.<\/p>\n<p>Pour f\u00eater les <a href=\"https:\/\/youtu.be\/TQ05fKI8kQw\" target=\"_blank\" rel=\"noopener noreferrer\">10\u00a0ans<\/a> de sa fondation, le HRI a organis\u00e9 un gala unique dans la <a href=\"https:\/\/www.hrilondon2019.org\/gallery\/tower-of-london-gala\/\" target=\"_blank\" rel=\"noopener noreferrer\">Tour de Londres<\/a>. Dans ce cadre historique privil\u00e9gi\u00e9, une collecte de fonds a \u00e9t\u00e9 organis\u00e9e pour nous permettre de poursuivre notre travail en faveur de la recherche hom\u00e9opathique.<\/td>\n<\/tr>\n<tr>\n<td>\n<h4 class=\"accent\"><\/h4>\n<\/td>\n<td>\n<h4 class=\"accent\">Initiative HM3 : les trois M de l&rsquo;hom\u00e9opathie | R\u00e9union d&rsquo;experts sur le m\u00e9canisme d&rsquo;action<\/h4>\n<\/td>\n<\/tr>\n<tr>\n<td><\/td>\n<td>En septembre 2019, le HRI et la Fondation Samueli ont organis\u00e9 \u00e0 Paris une r\u00e9union internationale intitul\u00e9e \u00ab\u00a0<a href=\"https:\/\/www.hri-research.org\/fr\/recherche-hri\/travailler-pour-la-recherche-de-demain\/initiative-hm3-reunion-experts-sur-le-mecanisme-daction\/\" target=\"_blank\" rel=\"noopener noreferrer\">M\u00e9canisme, m\u00e9thodes et mesures de l&rsquo;hom\u00e9opathie<\/a>\u00a0\u00bb, ou HM3. Cette initiative a r\u00e9uni pendant deux jours des experts de la recherche fondamentale en hom\u00e9opathie et d&rsquo;autres domaines scientifiques connexes (comme la recherche sur l&rsquo;eau et la nano-pharmacologie), qui ont pu d\u00e9battre sur le mode d&rsquo;action de l&rsquo;hom\u00e9opathie, afin de r\u00e9pondre \u00e0 une question essentielle\u00a0: comment fonctionnent les rem\u00e8des hom\u00e9opathiques\u00a0?<\/p>\n<h4 class=\"accent\">&#8230;et plus encore&#8230;<\/h4>\n<p>Depuis le d\u00e9but de l&rsquo;ann\u00e9e, l&rsquo;\u00e9quipe du HRI travaille d&rsquo;arrache-pied pour d\u00e9velopper des projets de recherche et am\u00e9liorer l&rsquo;acc\u00e8s \u00e0 des informations de haute qualit\u00e9 sur l&rsquo;hom\u00e9opathie. Consultez r\u00e9guli\u00e8rement le <a href=\"https:\/\/www.hri-research.org\/fr\/ressources\/homeopathy-faqs\/\" target=\"_blank\" rel=\"noopener noreferrer\">site Internet du HRI<\/a> pour vous tenir au courant des derni\u00e8res avanc\u00e9es et des nouveaux projets.<\/td>\n<\/tr>\n<\/tbody>\n<\/table>\n<blockquote><p><em>\u00ab\u00a0En dix ans \u00e0 peine, le HRI s&rsquo;est \u00e9rig\u00e9 en r\u00e9f\u00e9rence mondiale pour toute question relative \u00e0 la recherche hom\u00e9opathique. Un incroyable tour de force\u00a0!\u00a0\u00bb<\/em><\/p><\/blockquote>\n<p align=\"right\"><strong>Margaret Wyllie<br \/>\n<\/strong>Pr\u00e9sidente de Homeopathy UK<\/p>\n","protected":false},"excerpt":{"rendered":"<p>\u00c0 la fin des ann\u00e9es 1990, le Dr\u00a0Alexander Tournier, alors \u00e9tudiant en physique th\u00e9orique \u00e0 l&rsquo;Universit\u00e9 de Cambridge, se prend de passion pour la recherche en hom\u00e9opathie, notamment les exp\u00e9riences de science fondamentale qui utilisent des doses infinit\u00e9simales et \u00e9tudient des propri\u00e9t\u00e9s de l&rsquo;eau jusque-l\u00e0 inconnues. \u00c0 l&rsquo;\u00e9poque, la recherche obtient des r\u00e9sultats surprenants, comme [&hellip;]<\/p>\n","protected":false},"author":835,"featured_media":0,"parent":16657,"menu_order":0,"comment_status":"closed","ping_status":"closed","template":"","meta":{"footnotes":""},"class_list":["post-16691","page","type-page","status-publish","hentry"],"jetpack_sharing_enabled":true,"_links":{"self":[{"href":"https:\/\/www.hri-research.org\/fr\/wp-json\/wp\/v2\/pages\/16691","targetHints":{"allow":["GET"]}}],"collection":[{"href":"https:\/\/www.hri-research.org\/fr\/wp-json\/wp\/v2\/pages"}],"about":[{"href":"https:\/\/www.hri-research.org\/fr\/wp-json\/wp\/v2\/types\/page"}],"author":[{"embeddable":true,"href":"https:\/\/www.hri-research.org\/fr\/wp-json\/wp\/v2\/users\/835"}],"replies":[{"embeddable":true,"href":"https:\/\/www.hri-research.org\/fr\/wp-json\/wp\/v2\/comments?post=16691"}],"version-history":[{"count":0,"href":"https:\/\/www.hri-research.org\/fr\/wp-json\/wp\/v2\/pages\/16691\/revisions"}],"up":[{"embeddable":true,"href":"https:\/\/www.hri-research.org\/fr\/wp-json\/wp\/v2\/pages\/16657"}],"wp:attachment":[{"href":"https:\/\/www.hri-research.org\/fr\/wp-json\/wp\/v2\/media?parent=16691"}],"curies":[{"name":"wp","href":"https:\/\/api.w.org\/{rel}","templated":true}]}}