{"id":16689,"date":"2020-12-03T10:36:52","date_gmt":"2020-12-03T10:36:52","guid":{"rendered":"https:\/\/www.hri-research.org\/?page_id=16689"},"modified":"2020-12-03T10:36:52","modified_gmt":"2020-12-03T10:36:52","slug":"le-probleme-des-brevets","status":"publish","type":"page","link":"https:\/\/www.hri-research.org\/fr\/a-propos-du-hri\/le-probleme-des-brevets\/","title":{"rendered":"Le probl\u00e8me des brevets"},"content":{"rendered":"<p>En m\u00e9decine conventionnelle, les entreprises pharmaceutiques se chargent en g\u00e9n\u00e9ral de financer les essais cliniques. \u00c0 la mise sur le march\u00e9 du nouveau m\u00e9dicament brevet\u00e9, elles r\u00e9cup\u00e8rent les fonds qu&rsquo;elles ont allou\u00e9s \u00e0 la recherche et engrangent d&rsquo;importants b\u00e9n\u00e9fices jusqu&rsquo;\u00e0 l&rsquo;expiration des brevets.<\/p>\n<p>Ce fonctionnement est malheureusement impossible avec l&rsquo;hom\u00e9opathie.<\/p>\n<p>Les m\u00e9dicaments hom\u00e9opathiques \u00e9tant largement utilis\u00e9s depuis pr\u00e8s de 200\u00a0ans, ils ne peuvent pas \u00eatre brevet\u00e9s. Autrement dit, si une entreprise finance un essai co\u00fbteux permettant de confirmer l&rsquo;efficacit\u00e9 d&rsquo;un rem\u00e8de donn\u00e9, elle ne peut pas emp\u00eacher d&rsquo;autres entreprises de fabriquer et de vendre le m\u00eame produit. R\u00e9sultat, son retour sur investissement est r\u00e9duit.<\/p>\n<p>Sans les avantages lucratifs associ\u00e9s aux brevets, les entreprises investissent moins volontiers. La recherche en hom\u00e9opathie d\u00e9pend donc de donateurs, priv\u00e9s ou particuliers, pr\u00eats \u00e0 investir pour le bien des patients plut\u00f4t que pour des raisons lucratives. L&rsquo;objectif de HRI est d&rsquo;identifier ces donateurs et de travailler \u00e0 leurs c\u00f4t\u00e9s pour veiller \u00e0 ce que leur argent soit utilis\u00e9 \u00e0 bon escient pour g\u00e9n\u00e9rer une recherche de haute qualit\u00e9.<\/p>\n","protected":false},"excerpt":{"rendered":"<p>En m\u00e9decine conventionnelle, les entreprises pharmaceutiques se chargent en g\u00e9n\u00e9ral de financer les essais cliniques. \u00c0 la mise sur le march\u00e9 du nouveau m\u00e9dicament brevet\u00e9, elles r\u00e9cup\u00e8rent les fonds qu&rsquo;elles ont allou\u00e9s \u00e0 la recherche et engrangent d&rsquo;importants b\u00e9n\u00e9fices jusqu&rsquo;\u00e0 l&rsquo;expiration des brevets. Ce fonctionnement est malheureusement impossible avec l&rsquo;hom\u00e9opathie. Les m\u00e9dicaments hom\u00e9opathiques \u00e9tant largement [&hellip;]<\/p>\n","protected":false},"author":835,"featured_media":0,"parent":16657,"menu_order":0,"comment_status":"closed","ping_status":"closed","template":"","meta":{"footnotes":""},"class_list":["post-16689","page","type-page","status-publish","hentry"],"jetpack_sharing_enabled":true,"_links":{"self":[{"href":"https:\/\/www.hri-research.org\/fr\/wp-json\/wp\/v2\/pages\/16689","targetHints":{"allow":["GET"]}}],"collection":[{"href":"https:\/\/www.hri-research.org\/fr\/wp-json\/wp\/v2\/pages"}],"about":[{"href":"https:\/\/www.hri-research.org\/fr\/wp-json\/wp\/v2\/types\/page"}],"author":[{"embeddable":true,"href":"https:\/\/www.hri-research.org\/fr\/wp-json\/wp\/v2\/users\/835"}],"replies":[{"embeddable":true,"href":"https:\/\/www.hri-research.org\/fr\/wp-json\/wp\/v2\/comments?post=16689"}],"version-history":[{"count":0,"href":"https:\/\/www.hri-research.org\/fr\/wp-json\/wp\/v2\/pages\/16689\/revisions"}],"up":[{"embeddable":true,"href":"https:\/\/www.hri-research.org\/fr\/wp-json\/wp\/v2\/pages\/16657"}],"wp:attachment":[{"href":"https:\/\/www.hri-research.org\/fr\/wp-json\/wp\/v2\/media?parent=16689"}],"curies":[{"name":"wp","href":"https:\/\/api.w.org\/{rel}","templated":true}]}}